{"id":665,"date":"2019-01-10T17:13:06","date_gmt":"2019-01-10T16:13:06","guid":{"rendered":"http:\/\/agora.xtec.cat\/escolacampderros\/?page_id=665"},"modified":"2019-01-10T17:13:06","modified_gmt":"2019-01-10T16:13:06","slug":"pla-lector","status":"publish","type":"page","link":"https:\/\/agora.xtec.cat\/escolacampderros\/projectes-de-centre\/pla-lector\/","title":{"rendered":"PLA LECTOR"},"content":{"rendered":"<p>A l&#8217;escola potenciem la lectura, tant el seu aprenentatge com el gust per llegir.<\/p>\n<p>Les activitats que portem a terme s\u00f3n:<\/p>\n<ul>\n<li>Apadrinament lector dels alumnes de 5\u00e8 als alumnes de P5<\/li>\n<li>Biblioteca d&#8217;aula: pr\u00e8stec de llibres de lectura<\/li>\n<li>Pla lector com\u00fa: lectura de llibres comuns a l&#8217;aula ,per potenciar la lectura en veu alta i el debat.<\/li>\n<li>Biblioteca d&#8217;escola: tots els grups tenen una sessi\u00f3 de biblioteca per fomentar el gust per llegir<\/li>\n<li>Visita d&#8217;autors a l&#8217;escola: des de P5 fins a 5\u00e8, els alumnes llegeixen un llibre a l&#8217;estiu i al setembre tenen la visita de l&#8217;autor i aix\u00ed poden comentar amb ell les seves inquietuds i opinions.<\/li>\n<li>Lectura de llibres en angl\u00e8s des de 4t. A l&#8217;estiu els alumnes llegeixen un llibre per poder comentar al setembre.<\/li>\n<li>Bibliopati: dos dies a la setmana els alumnes de prim\u00e0ria poden anar a l&#8217;hora del pati a llegir.<\/li>\n<li>Poetes a l&#8217;aula: des de P3 fins a 6\u00e8 els alumnes coneixen obres d&#8217;un poeta.<\/li>\n<\/ul>\n","protected":false},"excerpt":{"rendered":"<p>A l&#8217;escola potenciem la lectura, tant el seu aprenentatge com el gust per llegir. Les activitats que portem a terme s\u00f3n: Apadrinament lector dels alumnes de 5\u00e8 als alumnes de P5 Biblioteca d&#8217;aula: pr\u00e8stec de llibres de lectura Pla lector com\u00fa: lectura de llibres comuns a l&#8217;aula ,per potenciar la lectura en veu alta i [&hellip;]<\/p>\n","protected":false},"author":3,"featured_media":0,"parent":527,"menu_order":0,"comment_status":"closed","ping_status":"closed","template":"page-templates\/side-menu.php","meta":{"_bbp_topic_count":0,"_bbp_reply_count":0,"_bbp_total_topic_count":0,"_bbp_total_reply_count":0,"_bbp_voice_count":0,"_bbp_anonymous_reply_count":0,"_bbp_topic_count_hidden":0,"_bbp_reply_count_hidden":0,"_bbp_forum_subforum_count":0,"site-sidebar-layout":"default","site-content-layout":"","ast-site-content-layout":"","site-content-style":"default","site-sidebar-style":"default","ast-global-header-display":"","ast-banner-title-visibility":"","ast-main-header-display":"","ast-hfb-above-header-display":"","ast-hfb-below-header-display":"","ast-hfb-mobile-header-display":"","site-post-title":"","ast-breadcrumbs-content":"","ast-featured-img":"","footer-sml-layout":"","theme-transparent-header-meta":"","adv-header-id-meta":"","stick-header-meta":"","header-above-stick-meta":"","header-main-stick-meta":"","header-below-stick-meta":"","astra-migrate-meta-layouts":"default","ast-page-background-enabled":"default","ast-page-background-meta":{"desktop":{"background-color":"var(--ast-global-color-4)","background-image":"","background-repeat":"repeat","background-position":"center center","background-size":"auto","background-attachment":"scroll","background-type":"","background-media":"","overlay-type":"","overlay-color":"","overlay-opacity":"","overlay-gradient":""},"tablet":{"background-color":"","background-image":"","background-repeat":"repeat","background-position":"center center","background-size":"auto","background-attachment":"scroll","background-type":"","background-media":"","overlay-type":"","overlay-color":"","overlay-opacity":"","overlay-gradient":""},"mobile":{"background-color":"","background-image":"","background-repeat":"repeat","background-position":"center center","background-size":"auto","background-attachment":"scroll","background-type":"","background-media":"","overlay-type":"","overlay-color":"","overlay-opacity":"","overlay-gradient":""}},"ast-content-background-meta":{"desktop":{"background-color":"var(--ast-global-color-5)","background-image":"","background-repeat":"repeat","background-position":"center center","background-size":"auto","background-attachment":"scroll","background-type":"","background-media":"","overlay-type":"","overlay-color":"","overlay-opacity":"","overlay-gradient":""},"tablet":{"background-color":"var(--ast-global-color-5)","background-image":"","background-repeat":"repeat","background-position":"center center","background-size":"auto","background-attachment":"scroll","background-type":"","background-media":"","overlay-type":"","overlay-color":"","overlay-opacity":"","overlay-gradient":""},"mobile":{"background-color":"var(--ast-global-color-5)","background-image":"","background-repeat":"repeat","background-position":"center center","background-size":"auto","background-attachment":"scroll","background-type":"","background-media":"","overlay-type":"","overlay-color":"","overlay-opacity":"","overlay-gradient":""}},"footnotes":""},"class_list":["post-665","page","type-page","status-publish","hentry"],"post_mailing_queue_ids":[],"_links":{"self":[{"href":"https:\/\/agora.xtec.cat\/escolacampderros\/wp-json\/wp\/v2\/pages\/665","targetHints":{"allow":["GET"]}}],"collection":[{"href":"https:\/\/agora.xtec.cat\/escolacampderros\/wp-json\/wp\/v2\/pages"}],"about":[{"href":"https:\/\/agora.xtec.cat\/escolacampderros\/wp-json\/wp\/v2\/types\/page"}],"author":[{"embeddable":true,"href":"https:\/\/agora.xtec.cat\/escolacampderros\/wp-json\/wp\/v2\/users\/3"}],"replies":[{"embeddable":true,"href":"https:\/\/agora.xtec.cat\/escolacampderros\/wp-json\/wp\/v2\/comments?post=665"}],"version-history":[{"count":1,"href":"https:\/\/agora.xtec.cat\/escolacampderros\/wp-json\/wp\/v2\/pages\/665\/revisions"}],"predecessor-version":[{"id":666,"href":"https:\/\/agora.xtec.cat\/escolacampderros\/wp-json\/wp\/v2\/pages\/665\/revisions\/666"}],"up":[{"embeddable":true,"href":"https:\/\/agora.xtec.cat\/escolacampderros\/wp-json\/wp\/v2\/pages\/527"}],"wp:attachment":[{"href":"https:\/\/agora.xtec.cat\/escolacampderros\/wp-json\/wp\/v2\/media?parent=665"}],"curies":[{"name":"wp","href":"https:\/\/api.w.org\/{rel}","templated":true}]}}