{"id":660,"date":"2019-01-10T16:55:31","date_gmt":"2019-01-10T15:55:31","guid":{"rendered":"http:\/\/agora.xtec.cat\/escolacampderros\/?page_id=660"},"modified":"2019-01-10T23:17:34","modified_gmt":"2019-01-10T22:17:34","slug":"les-families-a-lescola","status":"publish","type":"page","link":"https:\/\/agora.xtec.cat\/escolacampderros\/projectes-de-centre\/les-families-a-lescola\/","title":{"rendered":"LES FAM\u00cdLIES A L&#8217;ESCOLA"},"content":{"rendered":"<p>A l&#8217;escola realitzem diferents tipus d&#8217;activitats on participen les fam\u00edlies:<\/p>\n<ul>\n<li>Esmorzars compartits a infantil: un cop al mes, les fam\u00edlies ens ajuden a preparar l&#8217;esmorzar de fruita dels alumnes d&#8217;infantil. Comparteixen amb els alumnes aquesta activitat que fan els nens i nenes de P3, P4 i P5 al menjador.<\/li>\n<li>Les fam\u00edlies ens visiten a infantil: les fam\u00edlies fan activitats a les aules d&#8217;infantil un dia a la setmana.<\/li>\n<li>Les fam\u00edlies col\u00b7laboradores: a l&#8217;inici de curs, a les reunions de classe es demana col\u00b7laboraci\u00f3 de fam\u00edlies per fer diferents activitats al centre com decorar, ajudar a la confecci\u00f3 de disfresses,etc&#8230;<\/li>\n<li>Assist\u00e8ncia a les festes escolars com el concert de Nadal i Carnestoltes.<\/li>\n<li>Portes obertes a infantil al finalitzar el trimestre.<\/li>\n<\/ul>\n<p>&nbsp;<\/p>\n","protected":false},"excerpt":{"rendered":"<p>A l&#8217;escola realitzem diferents tipus d&#8217;activitats on participen les fam\u00edlies: Esmorzars compartits a infantil: un cop al mes, les fam\u00edlies ens ajuden a preparar l&#8217;esmorzar de fruita dels alumnes d&#8217;infantil. Comparteixen amb els alumnes aquesta activitat que fan els nens i nenes de P3, P4 i P5 al menjador. Les fam\u00edlies ens visiten a infantil: [&hellip;]<\/p>\n","protected":false},"author":3,"featured_media":0,"parent":527,"menu_order":0,"comment_status":"closed","ping_status":"closed","template":"page-templates\/side-menu.php","meta":{"_bbp_topic_count":0,"_bbp_reply_count":0,"_bbp_total_topic_count":0,"_bbp_total_reply_count":0,"_bbp_voice_count":0,"_bbp_anonymous_reply_count":0,"_bbp_topic_count_hidden":0,"_bbp_reply_count_hidden":0,"_bbp_forum_subforum_count":0,"site-sidebar-layout":"default","site-content-layout":"","ast-site-content-layout":"","site-content-style":"default","site-sidebar-style":"default","ast-global-header-display":"","ast-banner-title-visibility":"","ast-main-header-display":"","ast-hfb-above-header-display":"","ast-hfb-below-header-display":"","ast-hfb-mobile-header-display":"","site-post-title":"","ast-breadcrumbs-content":"","ast-featured-img":"","footer-sml-layout":"","theme-transparent-header-meta":"","adv-header-id-meta":"","stick-header-meta":"","header-above-stick-meta":"","header-main-stick-meta":"","header-below-stick-meta":"","astra-migrate-meta-layouts":"default","ast-page-background-enabled":"default","ast-page-background-meta":{"desktop":{"background-color":"var(--ast-global-color-4)","background-image":"","background-repeat":"repeat","background-position":"center center","background-size":"auto","background-attachment":"scroll","background-type":"","background-media":"","overlay-type":"","overlay-color":"","overlay-opacity":"","overlay-gradient":""},"tablet":{"background-color":"","background-image":"","background-repeat":"repeat","background-position":"center center","background-size":"auto","background-attachment":"scroll","background-type":"","background-media":"","overlay-type":"","overlay-color":"","overlay-opacity":"","overlay-gradient":""},"mobile":{"background-color":"","background-image":"","background-repeat":"repeat","background-position":"center center","background-size":"auto","background-attachment":"scroll","background-type":"","background-media":"","overlay-type":"","overlay-color":"","overlay-opacity":"","overlay-gradient":""}},"ast-content-background-meta":{"desktop":{"background-color":"var(--ast-global-color-5)","background-image":"","background-repeat":"repeat","background-position":"center center","background-size":"auto","background-attachment":"scroll","background-type":"","background-media":"","overlay-type":"","overlay-color":"","overlay-opacity":"","overlay-gradient":""},"tablet":{"background-color":"var(--ast-global-color-5)","background-image":"","background-repeat":"repeat","background-position":"center center","background-size":"auto","background-attachment":"scroll","background-type":"","background-media":"","overlay-type":"","overlay-color":"","overlay-opacity":"","overlay-gradient":""},"mobile":{"background-color":"var(--ast-global-color-5)","background-image":"","background-repeat":"repeat","background-position":"center center","background-size":"auto","background-attachment":"scroll","background-type":"","background-media":"","overlay-type":"","overlay-color":"","overlay-opacity":"","overlay-gradient":""}},"footnotes":""},"class_list":["post-660","page","type-page","status-publish","hentry"],"post_mailing_queue_ids":[],"_links":{"self":[{"href":"https:\/\/agora.xtec.cat\/escolacampderros\/wp-json\/wp\/v2\/pages\/660","targetHints":{"allow":["GET"]}}],"collection":[{"href":"https:\/\/agora.xtec.cat\/escolacampderros\/wp-json\/wp\/v2\/pages"}],"about":[{"href":"https:\/\/agora.xtec.cat\/escolacampderros\/wp-json\/wp\/v2\/types\/page"}],"author":[{"embeddable":true,"href":"https:\/\/agora.xtec.cat\/escolacampderros\/wp-json\/wp\/v2\/users\/3"}],"replies":[{"embeddable":true,"href":"https:\/\/agora.xtec.cat\/escolacampderros\/wp-json\/wp\/v2\/comments?post=660"}],"version-history":[{"count":2,"href":"https:\/\/agora.xtec.cat\/escolacampderros\/wp-json\/wp\/v2\/pages\/660\/revisions"}],"predecessor-version":[{"id":738,"href":"https:\/\/agora.xtec.cat\/escolacampderros\/wp-json\/wp\/v2\/pages\/660\/revisions\/738"}],"up":[{"embeddable":true,"href":"https:\/\/agora.xtec.cat\/escolacampderros\/wp-json\/wp\/v2\/pages\/527"}],"wp:attachment":[{"href":"https:\/\/agora.xtec.cat\/escolacampderros\/wp-json\/wp\/v2\/media?parent=660"}],"curies":[{"name":"wp","href":"https:\/\/api.w.org\/{rel}","templated":true}]}}