{"id":540,"date":"2018-10-29T13:47:24","date_gmt":"2018-10-29T12:47:24","guid":{"rendered":"http:\/\/agora.xtec.cat\/escolacampderros\/?page_id=540"},"modified":"2025-12-10T10:24:11","modified_gmt":"2025-12-10T09:24:11","slug":"documents","status":"publish","type":"page","link":"https:\/\/agora.xtec.cat\/escolacampderros\/projecte-educatiu\/documents\/","title":{"rendered":"NOFC"},"content":{"rendered":"<p>Les normes d&#8217;organitzaci\u00f3 i funcionament del centre estan en revisi\u00f3<a href=\"https:\/\/drive.google.com\/file\/d\/1S0k-6FMbEqBwk2guz0omQq4-uwEA-TU8\/view?usp=sharing\"><img loading=\"lazy\" decoding=\"async\" class=\"alignleft size-thumbnail wp-image-977\" src=\"https:\/\/agora.xtec.cat\/escolacampderros\/wp-content\/uploads\/usu1748\/2019\/04\/book-150x150.png\" alt=\"\" width=\"150\" height=\"150\" \/><\/a><\/p>\n<p><a href=\"https:\/\/drive.google.com\/file\/d\/1Aj1nSlQP6cD2ZI1aDatDq9NatrbrpadL\/view?usp=sharing\">Normativa col\u00f2nies<\/a><\/p>\n<p><a href=\"https:\/\/drive.google.com\/file\/d\/1A7JFQAVnYNd6kGmAO6rzU4vzwAti0pV8\/view?usp=sharing\">Protocol conductes contr\u00e0ries a les normes de conviv\u00e8ncia<\/a><\/p>\n","protected":false},"excerpt":{"rendered":"<p>Les normes d&#8217;organitzaci\u00f3 i funcionament del centre estan en revisi\u00f3 Normativa col\u00f2nies Protocol conductes contr\u00e0ries a les normes de conviv\u00e8ncia<\/p>\n","protected":false},"author":1,"featured_media":0,"parent":64,"menu_order":6,"comment_status":"closed","ping_status":"closed","template":"page-templates\/side-menu.php","meta":{"_bbp_topic_count":0,"_bbp_reply_count":0,"_bbp_total_topic_count":0,"_bbp_total_reply_count":0,"_bbp_voice_count":0,"_bbp_anonymous_reply_count":0,"_bbp_topic_count_hidden":0,"_bbp_reply_count_hidden":0,"_bbp_forum_subforum_count":0,"site-sidebar-layout":"default","site-content-layout":"","ast-site-content-layout":"","site-content-style":"default","site-sidebar-style":"default","ast-global-header-display":"","ast-banner-title-visibility":"","ast-main-header-display":"","ast-hfb-above-header-display":"","ast-hfb-below-header-display":"","ast-hfb-mobile-header-display":"","site-post-title":"","ast-breadcrumbs-content":"","ast-featured-img":"","footer-sml-layout":"","theme-transparent-header-meta":"","adv-header-id-meta":"","stick-header-meta":"","header-above-stick-meta":"","header-main-stick-meta":"","header-below-stick-meta":"","astra-migrate-meta-layouts":"default","ast-page-background-enabled":"default","ast-page-background-meta":{"desktop":{"background-color":"var(--ast-global-color-4)","background-image":"","background-repeat":"repeat","background-position":"center center","background-size":"auto","background-attachment":"scroll","background-type":"","background-media":"","overlay-type":"","overlay-color":"","overlay-opacity":"","overlay-gradient":""},"tablet":{"background-color":"","background-image":"","background-repeat":"repeat","background-position":"center center","background-size":"auto","background-attachment":"scroll","background-type":"","background-media":"","overlay-type":"","overlay-color":"","overlay-opacity":"","overlay-gradient":""},"mobile":{"background-color":"","background-image":"","background-repeat":"repeat","background-position":"center center","background-size":"auto","background-attachment":"scroll","background-type":"","background-media":"","overlay-type":"","overlay-color":"","overlay-opacity":"","overlay-gradient":""}},"ast-content-background-meta":{"desktop":{"background-color":"var(--ast-global-color-5)","background-image":"","background-repeat":"repeat","background-position":"center center","background-size":"auto","background-attachment":"scroll","background-type":"","background-media":"","overlay-type":"","overlay-color":"","overlay-opacity":"","overlay-gradient":""},"tablet":{"background-color":"var(--ast-global-color-5)","background-image":"","background-repeat":"repeat","background-position":"center center","background-size":"auto","background-attachment":"scroll","background-type":"","background-media":"","overlay-type":"","overlay-color":"","overlay-opacity":"","overlay-gradient":""},"mobile":{"background-color":"var(--ast-global-color-5)","background-image":"","background-repeat":"repeat","background-position":"center center","background-size":"auto","background-attachment":"scroll","background-type":"","background-media":"","overlay-type":"","overlay-color":"","overlay-opacity":"","overlay-gradient":""}},"footnotes":""},"class_list":["post-540","page","type-page","status-publish","hentry"],"post_mailing_queue_ids":[],"_links":{"self":[{"href":"https:\/\/agora.xtec.cat\/escolacampderros\/wp-json\/wp\/v2\/pages\/540","targetHints":{"allow":["GET"]}}],"collection":[{"href":"https:\/\/agora.xtec.cat\/escolacampderros\/wp-json\/wp\/v2\/pages"}],"about":[{"href":"https:\/\/agora.xtec.cat\/escolacampderros\/wp-json\/wp\/v2\/types\/page"}],"author":[{"embeddable":true,"href":"https:\/\/agora.xtec.cat\/escolacampderros\/wp-json\/wp\/v2\/users\/1"}],"replies":[{"embeddable":true,"href":"https:\/\/agora.xtec.cat\/escolacampderros\/wp-json\/wp\/v2\/comments?post=540"}],"version-history":[{"count":5,"href":"https:\/\/agora.xtec.cat\/escolacampderros\/wp-json\/wp\/v2\/pages\/540\/revisions"}],"predecessor-version":[{"id":2908,"href":"https:\/\/agora.xtec.cat\/escolacampderros\/wp-json\/wp\/v2\/pages\/540\/revisions\/2908"}],"up":[{"embeddable":true,"href":"https:\/\/agora.xtec.cat\/escolacampderros\/wp-json\/wp\/v2\/pages\/64"}],"wp:attachment":[{"href":"https:\/\/agora.xtec.cat\/escolacampderros\/wp-json\/wp\/v2\/media?parent=540"}],"curies":[{"name":"wp","href":"https:\/\/api.w.org\/{rel}","templated":true}]}}