{"id":30,"date":"2014-09-18T12:30:23","date_gmt":"2014-09-18T11:30:23","guid":{"rendered":"http:\/\/agora.xtec.cat\/escolacampderros\/?page_id=30"},"modified":"2021-09-24T15:47:57","modified_gmt":"2021-09-24T13:47:57","slug":"instal%c2%b7lacions","status":"publish","type":"page","link":"https:\/\/agora.xtec.cat\/escolacampderros\/lescola\/instal%c2%b7lacions\/","title":{"rendered":"Instal\u00b7lacions"},"content":{"rendered":"<p>L&#8217;escola est\u00e0 dividida en dos edificis que es comuniquen mitjan\u00e7ant un passad\u00eds.<\/p>\n<p><strong>A l&#8217;espai d&#8217;educaci\u00f3 infantil:<\/strong><\/p>\n<ul>\n<li>4 aules de grup classe<\/li>\n<li>1 aula d&#8217;experimentaci\u00f3<\/li>\n<li>1 aula ludoteca<\/li>\n<li>1 aula de psicomotricitat<\/li>\n<li>1 aula t\u00e0ctil<\/li>\n<li>1 aula d&#8217;angl\u00e8s.<\/li>\n<li>Totes les classes tenen lavabo propi i acc\u00e9s al pati.<\/li>\n<li>Pati: amb tobogan, carreteres, sorral i estructures de joc.<\/li>\n<\/ul>\n<p><strong>A l&#8217;espai de prim\u00e0ria:<\/strong><\/p>\n<p><strong>Planta baixa:<\/strong><\/p>\n<ul>\n<li>Despatxos d&#8217;administraci\u00f3<\/li>\n<li>Biblioteca<\/li>\n<li>Menjador escolar amb cuina<\/li>\n<li>Gimn\u00e0s<\/li>\n<li>2 aules de cicle inicial<\/li>\n<li>1 aula de racons<\/li>\n<li>1 aula de refor\u00e7<\/li>\n<li>1 aula de m\u00fasica<\/li>\n<li>1 aula d&#8217;EE<\/li>\n<\/ul>\n<p><strong>Primer pis:<\/strong><\/p>\n<ul>\n<li>3 aules de cicle mitj\u00e0<\/li>\n<li>3 aules de refor\u00e7<\/li>\n<li>1 aula de pl\u00e0stica<\/li>\n<li>1 tutoria<\/li>\n<\/ul>\n<p><strong>Segon pis:<\/strong><\/p>\n<ul>\n<li>4 aules de cicle superior<\/li>\n<li>1 aula d&#8217;inform\u00e0tica<\/li>\n<li>1 aula d&#8217;angl\u00e8s<\/li>\n<li>1 tutoria<\/li>\n<\/ul>\n<p><strong>Exteriors:<\/strong><\/p>\n<ul>\n<li>Pati de prim\u00e0ria: pista, sorral, plataforma de joc, taules de picnic i taules de ping pong<\/li>\n<li>Hort<\/li>\n<\/ul>\n","protected":false},"excerpt":{"rendered":"<p>L&#8217;escola est\u00e0 dividida en dos edificis que es comuniquen mitjan\u00e7ant un passad\u00eds. A l&#8217;espai d&#8217;educaci\u00f3 infantil: 4 aules de grup classe 1 aula d&#8217;experimentaci\u00f3 1 aula ludoteca 1 aula de psicomotricitat 1 aula t\u00e0ctil 1 aula d&#8217;angl\u00e8s. Totes les classes tenen lavabo propi i acc\u00e9s al pati. Pati: amb tobogan, carreteres, sorral i estructures de [&hellip;]<\/p>\n","protected":false},"author":1,"featured_media":0,"parent":22,"menu_order":40,"comment_status":"closed","ping_status":"closed","template":"page-templates\/side-menu.php","meta":{"_bbp_topic_count":0,"_bbp_reply_count":0,"_bbp_total_topic_count":0,"_bbp_total_reply_count":0,"_bbp_voice_count":0,"_bbp_anonymous_reply_count":0,"_bbp_topic_count_hidden":0,"_bbp_reply_count_hidden":0,"_bbp_forum_subforum_count":0,"site-sidebar-layout":"default","site-content-layout":"","ast-site-content-layout":"","site-content-style":"default","site-sidebar-style":"default","ast-global-header-display":"","ast-banner-title-visibility":"","ast-main-header-display":"","ast-hfb-above-header-display":"","ast-hfb-below-header-display":"","ast-hfb-mobile-header-display":"","site-post-title":"","ast-breadcrumbs-content":"","ast-featured-img":"","footer-sml-layout":"","theme-transparent-header-meta":"","adv-header-id-meta":"","stick-header-meta":"","header-above-stick-meta":"","header-main-stick-meta":"","header-below-stick-meta":"","astra-migrate-meta-layouts":"default","ast-page-background-enabled":"default","ast-page-background-meta":{"desktop":{"background-color":"var(--ast-global-color-4)","background-image":"","background-repeat":"repeat","background-position":"center center","background-size":"auto","background-attachment":"scroll","background-type":"","background-media":"","overlay-type":"","overlay-color":"","overlay-opacity":"","overlay-gradient":""},"tablet":{"background-color":"","background-image":"","background-repeat":"repeat","background-position":"center center","background-size":"auto","background-attachment":"scroll","background-type":"","background-media":"","overlay-type":"","overlay-color":"","overlay-opacity":"","overlay-gradient":""},"mobile":{"background-color":"","background-image":"","background-repeat":"repeat","background-position":"center center","background-size":"auto","background-attachment":"scroll","background-type":"","background-media":"","overlay-type":"","overlay-color":"","overlay-opacity":"","overlay-gradient":""}},"ast-content-background-meta":{"desktop":{"background-color":"var(--ast-global-color-5)","background-image":"","background-repeat":"repeat","background-position":"center center","background-size":"auto","background-attachment":"scroll","background-type":"","background-media":"","overlay-type":"","overlay-color":"","overlay-opacity":"","overlay-gradient":""},"tablet":{"background-color":"var(--ast-global-color-5)","background-image":"","background-repeat":"repeat","background-position":"center center","background-size":"auto","background-attachment":"scroll","background-type":"","background-media":"","overlay-type":"","overlay-color":"","overlay-opacity":"","overlay-gradient":""},"mobile":{"background-color":"var(--ast-global-color-5)","background-image":"","background-repeat":"repeat","background-position":"center center","background-size":"auto","background-attachment":"scroll","background-type":"","background-media":"","overlay-type":"","overlay-color":"","overlay-opacity":"","overlay-gradient":""}},"footnotes":""},"class_list":["post-30","page","type-page","status-publish","hentry"],"post_mailing_queue_ids":[],"_links":{"self":[{"href":"https:\/\/agora.xtec.cat\/escolacampderros\/wp-json\/wp\/v2\/pages\/30","targetHints":{"allow":["GET"]}}],"collection":[{"href":"https:\/\/agora.xtec.cat\/escolacampderros\/wp-json\/wp\/v2\/pages"}],"about":[{"href":"https:\/\/agora.xtec.cat\/escolacampderros\/wp-json\/wp\/v2\/types\/page"}],"author":[{"embeddable":true,"href":"https:\/\/agora.xtec.cat\/escolacampderros\/wp-json\/wp\/v2\/users\/1"}],"replies":[{"embeddable":true,"href":"https:\/\/agora.xtec.cat\/escolacampderros\/wp-json\/wp\/v2\/comments?post=30"}],"version-history":[{"count":3,"href":"https:\/\/agora.xtec.cat\/escolacampderros\/wp-json\/wp\/v2\/pages\/30\/revisions"}],"predecessor-version":[{"id":2379,"href":"https:\/\/agora.xtec.cat\/escolacampderros\/wp-json\/wp\/v2\/pages\/30\/revisions\/2379"}],"up":[{"embeddable":true,"href":"https:\/\/agora.xtec.cat\/escolacampderros\/wp-json\/wp\/v2\/pages\/22"}],"wp:attachment":[{"href":"https:\/\/agora.xtec.cat\/escolacampderros\/wp-json\/wp\/v2\/media?parent=30"}],"curies":[{"name":"wp","href":"https:\/\/api.w.org\/{rel}","templated":true}]}}