{"id":3580,"date":"2022-06-27T13:41:52","date_gmt":"2022-06-27T11:41:52","guid":{"rendered":"https:\/\/agora.xtec.cat\/escolacampclar\/?page_id=3580"},"modified":"2024-11-06T16:30:45","modified_gmt":"2024-11-06T15:30:45","slug":"comunicacions","status":"publish","type":"page","link":"https:\/\/agora.xtec.cat\/escolacampclar\/comunicacions\/","title":{"rendered":"Comunicacions"},"content":{"rendered":"<p>Ens comuniquem amb les fam\u00edlies a trav\u00e9s de l&#8217;aplicaci\u00f3 DINANTIA<\/p>\n<p><a href=\"https:\/\/agora.xtec.cat\/escolacampclar\/wp-content\/uploads\/usu687\/2024\/11\/DINANTIA.png\"><img loading=\"lazy\" decoding=\"async\" class=\"wp-image-4570 alignnone\" src=\"https:\/\/agora.xtec.cat\/escolacampclar\/wp-content\/uploads\/usu687\/2024\/11\/DINANTIA.png\" alt=\"\" width=\"307\" height=\"67\" srcset=\"https:\/\/agora.xtec.cat\/escolacampclar\/wp-content\/uploads\/usu687\/2024\/11\/DINANTIA.png 481w, https:\/\/agora.xtec.cat\/escolacampclar\/wp-content\/uploads\/usu687\/2024\/11\/DINANTIA-300x65.png 300w\" sizes=\"auto, (max-width: 307px) 100vw, 307px\" \/><\/a><\/p>\n<p>&nbsp;<\/p>\n","protected":false},"excerpt":{"rendered":"<p>Ens comuniquem amb les fam\u00edlies a trav\u00e9s de l&#8217;aplicaci\u00f3 DINANTIA<br \/>\n<a href=\"https:\/\/agora.xtec.cat\/escolacampclar\/wp-content\/uploads\/usu687\/2024\/11\/DINANTIA.png\"><\/a><br \/>\n&nbsp;<\/p>\n","protected":false},"author":14,"featured_media":0,"parent":0,"menu_order":0,"comment_status":"closed","ping_status":"closed","template":"","meta":{"_bbp_topic_count":0,"_bbp_reply_count":0,"_bbp_total_topic_count":0,"_bbp_total_reply_count":0,"_bbp_voice_count":0,"_bbp_anonymous_reply_count":0,"_bbp_topic_count_hidden":0,"_bbp_reply_count_hidden":0,"_bbp_forum_subforum_count":0,"footnotes":""},"class_list":["post-3580","page","type-page","status-publish","hentry"],"post_mailing_queue_ids":[],"_links":{"self":[{"href":"https:\/\/agora.xtec.cat\/escolacampclar\/wp-json\/wp\/v2\/pages\/3580","targetHints":{"allow":["GET"]}}],"collection":[{"href":"https:\/\/agora.xtec.cat\/escolacampclar\/wp-json\/wp\/v2\/pages"}],"about":[{"href":"https:\/\/agora.xtec.cat\/escolacampclar\/wp-json\/wp\/v2\/types\/page"}],"author":[{"embeddable":true,"href":"https:\/\/agora.xtec.cat\/escolacampclar\/wp-json\/wp\/v2\/users\/14"}],"replies":[{"embeddable":true,"href":"https:\/\/agora.xtec.cat\/escolacampclar\/wp-json\/wp\/v2\/comments?post=3580"}],"version-history":[{"count":2,"href":"https:\/\/agora.xtec.cat\/escolacampclar\/wp-json\/wp\/v2\/pages\/3580\/revisions"}],"predecessor-version":[{"id":4571,"href":"https:\/\/agora.xtec.cat\/escolacampclar\/wp-json\/wp\/v2\/pages\/3580\/revisions\/4571"}],"wp:attachment":[{"href":"https:\/\/agora.xtec.cat\/escolacampclar\/wp-json\/wp\/v2\/media?parent=3580"}],"curies":[{"name":"wp","href":"https:\/\/api.w.org\/{rel}","templated":true}]}}