{"id":3565,"date":"2022-06-27T11:47:39","date_gmt":"2022-06-27T09:47:39","guid":{"rendered":"https:\/\/agora.xtec.cat\/escolacampclar\/?page_id=3565"},"modified":"2023-12-14T00:24:40","modified_gmt":"2023-12-13T23:24:40","slug":"cultura-digital","status":"publish","type":"page","link":"https:\/\/agora.xtec.cat\/escolacampclar\/cultura-digital\/","title":{"rendered":"Cultura Digital"},"content":{"rendered":"<div style=\"width: 100%;\">\n<div>Els documents del centre que fan refer\u00e8ncia a aspectes de cultura digital s\u00f3n diversos. Aqu\u00ed en fem un recull.<\/div>\n<\/div>\n<div><\/div>\n<div><\/div>\n<div style=\"width: 100%;\">\n<div><\/div>\n<\/div>\n<div><\/div>\n<div>\n<table style=\"border-collapse: collapse; width: 74.3326%; height: 365px;\">\n<tbody>\n<tr>\n<td style=\"width: 25%;\"><a href=\"https:\/\/agora.xtec.cat\/escolacampclar\/recursos-edc\/\"><img loading=\"lazy\" decoding=\"async\" class=\"size-medium wp-image-2224 aligncenter\" src=\"https:\/\/agora.xtec.cat\/ceipdelespobles\/wp-content\/uploads\/usu1418\/2023\/03\/Profiling-bro-300x300.png\" alt=\"\" width=\"300\" height=\"300\" \/><\/a><\/td>\n<td style=\"width: 25%;\"><a href=\"https:\/\/agora.xtec.cat\/escolacampclar\/documents-de-centre\/\" rel=\"noopener\"><img loading=\"lazy\" decoding=\"async\" class=\"aligncenter wp-image-2243 size-medium\" src=\"https:\/\/agora.xtec.cat\/ceipdelespobles\/wp-content\/uploads\/usu1418\/2023\/03\/documents-centre-pic-300x300.png\" alt=\"\" width=\"300\" height=\"300\" \/><\/a><\/td>\n<\/tr>\n<tr>\n<td style=\"width: 25%; text-align: center;\">Recursos d&#8217;inter\u00e8s<\/td>\n<td style=\"width: 25%; text-align: center;\">Documents de centre<\/td>\n<\/tr>\n<\/tbody>\n<\/table>\n<p>&nbsp;<\/p>\n<p>&nbsp;<\/p>\n<\/div>\n<div style=\"width: 100%;\">\n<div><\/div>\n<div><\/div>\n<div><\/div>\n<\/div>\n","protected":false},"excerpt":{"rendered":"<p>Els documents del centre que fan refer\u00e8ncia a aspectes de cultura digital s\u00f3n diversos. Aqu\u00ed en fem un recull.<\/p>\n<p><a href=\"https:\/\/agora.xtec.cat\/escolacampclar\/recursos-edc\/\"><\/a><br \/>\n<a href=\"https:\/\/agora.xtec.cat\/escolacampclar\/documents-de-centre\/\" rel=\"noopener\"><\/a><\/p>\n<p>Recursos d&#8217;inter\u00e8s<br \/>\nDocuments de centre<\/p>\n<p>&nbsp;<br \/>\n&nbsp;<\/p>\n","protected":false},"author":30,"featured_media":0,"parent":0,"menu_order":0,"comment_status":"closed","ping_status":"closed","template":"","meta":{"_bbp_topic_count":0,"_bbp_reply_count":0,"_bbp_total_topic_count":0,"_bbp_total_reply_count":0,"_bbp_voice_count":0,"_bbp_anonymous_reply_count":0,"_bbp_topic_count_hidden":0,"_bbp_reply_count_hidden":0,"_bbp_forum_subforum_count":0,"footnotes":""},"class_list":["post-3565","page","type-page","status-publish","hentry"],"post_mailing_queue_ids":[],"_links":{"self":[{"href":"https:\/\/agora.xtec.cat\/escolacampclar\/wp-json\/wp\/v2\/pages\/3565","targetHints":{"allow":["GET"]}}],"collection":[{"href":"https:\/\/agora.xtec.cat\/escolacampclar\/wp-json\/wp\/v2\/pages"}],"about":[{"href":"https:\/\/agora.xtec.cat\/escolacampclar\/wp-json\/wp\/v2\/types\/page"}],"author":[{"embeddable":true,"href":"https:\/\/agora.xtec.cat\/escolacampclar\/wp-json\/wp\/v2\/users\/30"}],"replies":[{"embeddable":true,"href":"https:\/\/agora.xtec.cat\/escolacampclar\/wp-json\/wp\/v2\/comments?post=3565"}],"version-history":[{"count":8,"href":"https:\/\/agora.xtec.cat\/escolacampclar\/wp-json\/wp\/v2\/pages\/3565\/revisions"}],"predecessor-version":[{"id":4204,"href":"https:\/\/agora.xtec.cat\/escolacampclar\/wp-json\/wp\/v2\/pages\/3565\/revisions\/4204"}],"wp:attachment":[{"href":"https:\/\/agora.xtec.cat\/escolacampclar\/wp-json\/wp\/v2\/media?parent=3565"}],"curies":[{"name":"wp","href":"https:\/\/api.w.org\/{rel}","templated":true}]}}