{"id":592,"date":"2016-11-18T16:00:28","date_gmt":"2016-11-18T15:00:28","guid":{"rendered":"http:\/\/agora.xtec.cat\/escolacamins\/?page_id=592"},"modified":"2022-02-07T22:03:52","modified_gmt":"2022-02-07T21:03:52","slug":"hora-del-conte","status":"publish","type":"page","link":"https:\/\/agora.xtec.cat\/escolacamins\/la-vida-a-lescola\/hora-del-conte\/","title":{"rendered":"Hora del conte"},"content":{"rendered":"<p><strong>Estones de lectura<\/strong>:<\/p>\n<ul style=\"list-style-type: circle;\">\n<li style=\"text-align: justify;\">A la tarda, a primera hora, \u00e9s l\u2019Hora del Conte a INFANTIL. Durant aquests moments de grup es potencia l\u2019escolta, l\u2019atenci\u00f3 i el gust per la lectura. Compartim contes fant\u00e0stics, contes d\u2019imatges, contes tradicionals, contes que ens fan riure, contes que ens fan pensar\u2026<\/li>\n<\/ul>\n<ul>\n<li style=\"text-align: justify;\">De 1r a 6\u00e8 es destina una franja al llarg del mat\u00ed a treballar diferents estrat\u00e8gies lectores per millorar la lectura i comprensi\u00f3 i es porten a terme activitats per fomentar el gust per la lectura.<\/li>\n<\/ul>\n<p style=\"text-align: center;\"><a href=\"https:\/\/agora.xtec.cat\/escolacamins\/wp-content\/uploads\/usu1441\/2020\/11\/lectura3.png\"><img loading=\"lazy\" decoding=\"async\" class=\"wp-image-3558 aligncenter\" src=\"https:\/\/agora.xtec.cat\/escolacamins\/wp-content\/uploads\/usu1441\/2020\/11\/lectura3.png\" alt=\"\" width=\"829\" height=\"554\" srcset=\"https:\/\/agora.xtec.cat\/escolacamins\/wp-content\/uploads\/usu1441\/2020\/11\/lectura3.png 675w, https:\/\/agora.xtec.cat\/escolacamins\/wp-content\/uploads\/usu1441\/2020\/11\/lectura3-300x200.png 300w\" sizes=\"auto, (max-width: 829px) 100vw, 829px\" \/><\/a><a href=\"https:\/\/agora.xtec.cat\/escolacamins\/wp-content\/uploads\/usu1441\/2020\/11\/lectura2.png\"><img loading=\"lazy\" decoding=\"async\" class=\"wp-image-3557 alignnone\" src=\"https:\/\/agora.xtec.cat\/escolacamins\/wp-content\/uploads\/usu1441\/2020\/11\/lectura2.png\" alt=\"\" width=\"333\" height=\"278\" srcset=\"https:\/\/agora.xtec.cat\/escolacamins\/wp-content\/uploads\/usu1441\/2020\/11\/lectura2.png 570w, https:\/\/agora.xtec.cat\/escolacamins\/wp-content\/uploads\/usu1441\/2020\/11\/lectura2-300x250.png 300w\" sizes=\"auto, (max-width: 333px) 100vw, 333px\" \/><\/a> <a href=\"https:\/\/agora.xtec.cat\/escolacamins\/wp-content\/uploads\/usu1441\/2020\/11\/lectura3.png\">\u00a0<\/a><a href=\"https:\/\/agora.xtec.cat\/escolacamins\/wp-content\/uploads\/usu1441\/2020\/11\/lectura.png\"> <img loading=\"lazy\" decoding=\"async\" class=\"wp-image-3556\" src=\"https:\/\/agora.xtec.cat\/escolacamins\/wp-content\/uploads\/usu1441\/2020\/11\/lectura.png\" alt=\"\" width=\"366\" height=\"276\" srcset=\"https:\/\/agora.xtec.cat\/escolacamins\/wp-content\/uploads\/usu1441\/2020\/11\/lectura.png 624w, https:\/\/agora.xtec.cat\/escolacamins\/wp-content\/uploads\/usu1441\/2020\/11\/lectura-300x226.png 300w, https:\/\/agora.xtec.cat\/escolacamins\/wp-content\/uploads\/usu1441\/2020\/11\/lectura-200x150.png 200w\" sizes=\"auto, (max-width: 366px) 100vw, 366px\" \/><\/a><\/p>\n","protected":false},"excerpt":{"rendered":"<p>Estones de lectura: A la tarda, a primera hora, \u00e9s l\u2019Hora del Conte a INFANTIL. Durant aquests moments de grup es potencia l\u2019escolta, l\u2019atenci\u00f3 i el gust per la lectura. Compartim contes fant\u00e0stics, contes d\u2019imatges, contes tradicionals, contes que ens fan riure, contes que ens fan pensar\u2026 De 1r a 6\u00e8 es destina una franja [&hellip;]<\/p>\n","protected":false},"author":1,"featured_media":0,"parent":584,"menu_order":0,"comment_status":"closed","ping_status":"closed","template":"","meta":{"_bbp_topic_count":0,"_bbp_reply_count":0,"_bbp_total_topic_count":0,"_bbp_total_reply_count":0,"_bbp_voice_count":0,"_bbp_anonymous_reply_count":0,"_bbp_topic_count_hidden":0,"_bbp_reply_count_hidden":0,"_bbp_forum_subforum_count":0,"site-sidebar-layout":"default","site-content-layout":"","ast-site-content-layout":"","site-content-style":"default","site-sidebar-style":"default","ast-global-header-display":"","ast-banner-title-visibility":"","ast-main-header-display":"","ast-hfb-above-header-display":"","ast-hfb-below-header-display":"","ast-hfb-mobile-header-display":"","site-post-title":"","ast-breadcrumbs-content":"","ast-featured-img":"","footer-sml-layout":"","theme-transparent-header-meta":"","adv-header-id-meta":"","stick-header-meta":"","header-above-stick-meta":"","header-main-stick-meta":"","header-below-stick-meta":"","astra-migrate-meta-layouts":"default","ast-page-background-enabled":"default","ast-page-background-meta":{"desktop":{"background-color":"var(--ast-global-color-4)","background-image":"","background-repeat":"repeat","background-position":"center center","background-size":"auto","background-attachment":"scroll","background-type":"","background-media":"","overlay-type":"","overlay-color":"","overlay-opacity":"","overlay-gradient":""},"tablet":{"background-color":"","background-image":"","background-repeat":"repeat","background-position":"center center","background-size":"auto","background-attachment":"scroll","background-type":"","background-media":"","overlay-type":"","overlay-color":"","overlay-opacity":"","overlay-gradient":""},"mobile":{"background-color":"","background-image":"","background-repeat":"repeat","background-position":"center center","background-size":"auto","background-attachment":"scroll","background-type":"","background-media":"","overlay-type":"","overlay-color":"","overlay-opacity":"","overlay-gradient":""}},"ast-content-background-meta":{"desktop":{"background-color":"var(--ast-global-color-5)","background-image":"","background-repeat":"repeat","background-position":"center center","background-size":"auto","background-attachment":"scroll","background-type":"","background-media":"","overlay-type":"","overlay-color":"","overlay-opacity":"","overlay-gradient":""},"tablet":{"background-color":"var(--ast-global-color-5)","background-image":"","background-repeat":"repeat","background-position":"center center","background-size":"auto","background-attachment":"scroll","background-type":"","background-media":"","overlay-type":"","overlay-color":"","overlay-opacity":"","overlay-gradient":""},"mobile":{"background-color":"var(--ast-global-color-5)","background-image":"","background-repeat":"repeat","background-position":"center center","background-size":"auto","background-attachment":"scroll","background-type":"","background-media":"","overlay-type":"","overlay-color":"","overlay-opacity":"","overlay-gradient":""}},"footnotes":""},"class_list":["post-592","page","type-page","status-publish","hentry"],"post_mailing_queue_ids":[],"_links":{"self":[{"href":"https:\/\/agora.xtec.cat\/escolacamins\/wp-json\/wp\/v2\/pages\/592","targetHints":{"allow":["GET"]}}],"collection":[{"href":"https:\/\/agora.xtec.cat\/escolacamins\/wp-json\/wp\/v2\/pages"}],"about":[{"href":"https:\/\/agora.xtec.cat\/escolacamins\/wp-json\/wp\/v2\/types\/page"}],"author":[{"embeddable":true,"href":"https:\/\/agora.xtec.cat\/escolacamins\/wp-json\/wp\/v2\/users\/1"}],"replies":[{"embeddable":true,"href":"https:\/\/agora.xtec.cat\/escolacamins\/wp-json\/wp\/v2\/comments?post=592"}],"version-history":[{"count":4,"href":"https:\/\/agora.xtec.cat\/escolacamins\/wp-json\/wp\/v2\/pages\/592\/revisions"}],"predecessor-version":[{"id":4185,"href":"https:\/\/agora.xtec.cat\/escolacamins\/wp-json\/wp\/v2\/pages\/592\/revisions\/4185"}],"up":[{"embeddable":true,"href":"https:\/\/agora.xtec.cat\/escolacamins\/wp-json\/wp\/v2\/pages\/584"}],"wp:attachment":[{"href":"https:\/\/agora.xtec.cat\/escolacamins\/wp-json\/wp\/v2\/media?parent=592"}],"curies":[{"name":"wp","href":"https:\/\/api.w.org\/{rel}","templated":true}]}}