{"id":590,"date":"2016-11-18T16:00:11","date_gmt":"2016-11-18T15:00:11","guid":{"rendered":"http:\/\/agora.xtec.cat\/escolacamins\/?page_id=590"},"modified":"2025-07-08T18:01:09","modified_gmt":"2025-07-08T16:01:09","slug":"temps-de-grup","status":"publish","type":"page","link":"https:\/\/agora.xtec.cat\/escolacamins\/la-vida-a-lescola\/temps-de-grup\/","title":{"rendered":"Temps de grup"},"content":{"rendered":"<p style=\"text-align: justify;\">Anomenem estones de \u201ctemps de grup\u201d a aquells moments compartits amb tot el grup de refer\u00e8ncia i la seva \u00a0mestra. Donem molta import\u00e0ncia a aquests moments: <em>\u201dL\u2019\u2019infant necessita formar-ne i sentir-se\u2019n part; con\u00e8ixer els companys i descobrir-hi amics; sentir-se segur, acollit i respectat i, en definitiva, pert\u00e0nyer a un grup d\u2019iguals ben diferents&#8221;.<\/em><\/p>\n<p>&nbsp;<\/p>\n<p><a href=\"https:\/\/agora.xtec.cat\/escolacamins\/wp-content\/uploads\/usu1441\/2025\/07\/Captura-de-pantalla-2025-07-08-175752.png\"><img loading=\"lazy\" decoding=\"async\" class=\"wp-image-5439 alignleft\" src=\"https:\/\/agora.xtec.cat\/escolacamins\/wp-content\/uploads\/usu1441\/2025\/07\/Captura-de-pantalla-2025-07-08-175752.png\" alt=\"\" width=\"244\" height=\"232\" srcset=\"https:\/\/agora.xtec.cat\/escolacamins\/wp-content\/uploads\/usu1441\/2025\/07\/Captura-de-pantalla-2025-07-08-175752.png 553w, https:\/\/agora.xtec.cat\/escolacamins\/wp-content\/uploads\/usu1441\/2025\/07\/Captura-de-pantalla-2025-07-08-175752-300x285.png 300w\" sizes=\"auto, (max-width: 244px) 100vw, 244px\" \/><\/a> <a href=\"https:\/\/agora.xtec.cat\/escolacamins\/wp-content\/uploads\/usu1441\/2025\/07\/Captura-de-pantalla-2025-07-08-175721.png\"><img loading=\"lazy\" decoding=\"async\" class=\"wp-image-5440 alignleft\" src=\"https:\/\/agora.xtec.cat\/escolacamins\/wp-content\/uploads\/usu1441\/2025\/07\/Captura-de-pantalla-2025-07-08-175721.png\" alt=\"\" width=\"275\" height=\"229\" srcset=\"https:\/\/agora.xtec.cat\/escolacamins\/wp-content\/uploads\/usu1441\/2025\/07\/Captura-de-pantalla-2025-07-08-175721.png 768w, https:\/\/agora.xtec.cat\/escolacamins\/wp-content\/uploads\/usu1441\/2025\/07\/Captura-de-pantalla-2025-07-08-175721-300x250.png 300w\" sizes=\"auto, (max-width: 275px) 100vw, 275px\" \/><\/a> <a href=\"https:\/\/agora.xtec.cat\/escolacamins\/wp-content\/uploads\/usu1441\/2025\/07\/Captura-de-pantalla-2025-07-08-175514.png\"><img loading=\"lazy\" decoding=\"async\" class=\"alignnone  wp-image-5441\" src=\"https:\/\/agora.xtec.cat\/escolacamins\/wp-content\/uploads\/usu1441\/2025\/07\/Captura-de-pantalla-2025-07-08-175514.png\" alt=\"\" width=\"282\" height=\"220\" srcset=\"https:\/\/agora.xtec.cat\/escolacamins\/wp-content\/uploads\/usu1441\/2025\/07\/Captura-de-pantalla-2025-07-08-175514.png 618w, https:\/\/agora.xtec.cat\/escolacamins\/wp-content\/uploads\/usu1441\/2025\/07\/Captura-de-pantalla-2025-07-08-175514-300x234.png 300w\" sizes=\"auto, (max-width: 282px) 100vw, 282px\" \/><\/a><\/p>\n<p>&nbsp;<\/p>\n<p><a href=\"https:\/\/agora.xtec.cat\/escolacamins\/wp-content\/uploads\/usu1441\/2025\/07\/Captura-de-pantalla-2025-07-08-175448.png\"><img loading=\"lazy\" decoding=\"async\" class=\"wp-image-5442 alignleft\" src=\"https:\/\/agora.xtec.cat\/escolacamins\/wp-content\/uploads\/usu1441\/2025\/07\/Captura-de-pantalla-2025-07-08-175448.png\" alt=\"\" width=\"277\" height=\"243\" srcset=\"https:\/\/agora.xtec.cat\/escolacamins\/wp-content\/uploads\/usu1441\/2025\/07\/Captura-de-pantalla-2025-07-08-175448.png 481w, https:\/\/agora.xtec.cat\/escolacamins\/wp-content\/uploads\/usu1441\/2025\/07\/Captura-de-pantalla-2025-07-08-175448-300x263.png 300w\" sizes=\"auto, (max-width: 277px) 100vw, 277px\" \/><\/a><a href=\"https:\/\/agora.xtec.cat\/escolacamins\/wp-content\/uploads\/usu1441\/2025\/07\/Captura-de-pantalla-2025-07-08-175426.png\"><img loading=\"lazy\" decoding=\"async\" class=\"wp-image-5443 alignleft\" src=\"https:\/\/agora.xtec.cat\/escolacamins\/wp-content\/uploads\/usu1441\/2025\/07\/Captura-de-pantalla-2025-07-08-175426.png\" alt=\"\" width=\"372\" height=\"213\" srcset=\"https:\/\/agora.xtec.cat\/escolacamins\/wp-content\/uploads\/usu1441\/2025\/07\/Captura-de-pantalla-2025-07-08-175426.png 645w, https:\/\/agora.xtec.cat\/escolacamins\/wp-content\/uploads\/usu1441\/2025\/07\/Captura-de-pantalla-2025-07-08-175426-300x172.png 300w\" sizes=\"auto, (max-width: 372px) 100vw, 372px\" \/><\/a><\/p>\n<p>&nbsp;<\/p>\n<p>&nbsp;<\/p>\n<p>&nbsp;<\/p>\n<p>&nbsp;<\/p>\n<p>&nbsp;<\/p>\n<p>&nbsp;<\/p>\n<p><strong style=\"font-family: inherit; font-size: 1em;\">Durant les estones de temps de grup, es presenta un treball m\u00e9s dirigit amb propostes concretes:<\/strong><\/p>\n<p><strong><span style=\"text-decoration: underline;\">I3 &#8211; I4 &#8211; I5<\/span><\/strong><\/p>\n<p>A primera hora, despr\u00e9s del ritual del mat\u00ed, cada grup d&#8217;infants t\u00e9 assignada una capsa d&#8217;aprenentatge amb diferents propostes.<\/p>\n<p>Aquestes s\u00f3n:<\/p>\n<ul>\n<li>L\u00f2gica<\/li>\n<li>Llengua<\/li>\n<li>Numeraci\u00f3<\/li>\n<li>Filosofia<\/li>\n<\/ul>\n<p style=\"text-align: justify;\"><strong><span style=\"text-decoration: underline;\">A 1r-2n<\/span><\/strong><\/p>\n<p style=\"text-align: justify;\">Dins l&#8217;horari s&#8217;hi poden trobar diferents estones de temps de grup distribu\u00efdes en diverses franges hor\u00e0ries. Aquestes estones es dediquen a fer un treball m\u00e9s concret per aprofundir en certs continguts del curr\u00edculum i realitzar un treball sistem\u00e0tic. Totes les propostes estan relacionades amb les necessitats i inquietuds dels infants, sovint sorgides dels seus interessos, oferint un aprenentatge globalitzat amb propostes que sorgeixen de l&#8217;inter\u00e8s de l&#8217;infant o de la realitat social propera.<\/p>\n<p style=\"text-align: justify;\"><strong><span style=\"text-decoration: underline;\">De 3r a 6\u00e8<\/span><\/strong><\/p>\n<p style=\"text-align: justify;\">S\u2019aprofita aquest moment amb el grup de refer\u00e8ncia per portar a terme un treball m\u00e9s concret, enfocat a entendre i interioritzar certs continguts del curr\u00edculum. Es planteja el treball a partir de les not\u00edcies i les necessitats m\u00e9s properes que compartim. Durant les estones de<i>\u00a0temps de grup<\/i> tamb\u00e9 sorgeixen i es gestionen els projectes, aix\u00ed com tamb\u00e9 es presenten les propostes que poden realitzar durant les estones d\u2019ambients.<\/p>\n<p style=\"text-align: justify;\"><span style=\"font-size: 16px; font-style: normal; font-weight: 400;\">Des de I3 a 6\u00e8 en les estones de Temps de grup tamb\u00e9 es presenten les <strong>SITUACIONS D\u2019APRENENTATGE.<\/strong> Partim d\u2019un repte o d\u2019una situaci\u00f3 problem\u00e0tica real que ens ajudar\u00e0 i ens orientar\u00e0 per l\u2019assoliment de compet\u00e8ncies.\u00a0<\/span><\/p>\n<p><strong>\u00a0 \u00a0 \u00a0 \u00a0 \u00a0 Estones de lectura<\/strong>:<\/p>\n<ul style=\"list-style-type: circle;\">\n<li style=\"text-align: justify;\">A la tarda, a primera hora, \u00e9s l\u2019Hora del Conte (I3 &#8211; I4 &#8211; I5). Durant aquests moments de grup es potencia l\u2019escolta, l\u2019atenci\u00f3 i el gust per la lectura. Compartim contes fant\u00e0stics, contes d\u2019imatges, contes tradicionals, contes que ens fan riure, contes que ens fan pensar\u2026<\/li>\n<\/ul>\n<ul>\n<li style=\"text-align: justify;\">De 1r a 6\u00e8 es destina una franja al llarg del mat\u00ed a treballar diferents estrat\u00e8gies lectores per millorar la lectura i comprensi\u00f3 i es porten a terme activitats per fomentar el gust per la lectura.<\/li>\n<\/ul>\n","protected":false},"excerpt":{"rendered":"<p>Anomenem estones de \u201ctemps de grup\u201d a aquells moments compartits amb tot el grup de refer\u00e8ncia i la seva \u00a0mestra. Donem molta import\u00e0ncia a aquests moments: \u201dL\u2019\u2019infant necessita formar-ne i sentir-se\u2019n part; con\u00e8ixer els companys i descobrir-hi amics; sentir-se segur, acollit i respectat i, en definitiva, pert\u00e0nyer a un grup d\u2019iguals ben diferents&#8221;. &nbsp; &nbsp; [&hellip;]<\/p>\n","protected":false},"author":1,"featured_media":0,"parent":584,"menu_order":0,"comment_status":"closed","ping_status":"closed","template":"","meta":{"_bbp_topic_count":0,"_bbp_reply_count":0,"_bbp_total_topic_count":0,"_bbp_total_reply_count":0,"_bbp_voice_count":0,"_bbp_anonymous_reply_count":0,"_bbp_topic_count_hidden":0,"_bbp_reply_count_hidden":0,"_bbp_forum_subforum_count":0,"site-sidebar-layout":"default","site-content-layout":"","ast-site-content-layout":"default","site-content-style":"default","site-sidebar-style":"default","ast-global-header-display":"","ast-banner-title-visibility":"","ast-main-header-display":"","ast-hfb-above-header-display":"","ast-hfb-below-header-display":"","ast-hfb-mobile-header-display":"","site-post-title":"","ast-breadcrumbs-content":"","ast-featured-img":"","footer-sml-layout":"","theme-transparent-header-meta":"default","adv-header-id-meta":"","stick-header-meta":"","header-above-stick-meta":"","header-main-stick-meta":"","header-below-stick-meta":"","astra-migrate-meta-layouts":"set","ast-page-background-enabled":"default","ast-page-background-meta":{"desktop":{"background-color":"var(--ast-global-color-4)","background-image":"","background-repeat":"repeat","background-position":"center center","background-size":"auto","background-attachment":"scroll","background-type":"","background-media":"","overlay-type":"","overlay-color":"","overlay-opacity":"","overlay-gradient":""},"tablet":{"background-color":"","background-image":"","background-repeat":"repeat","background-position":"center center","background-size":"auto","background-attachment":"scroll","background-type":"","background-media":"","overlay-type":"","overlay-color":"","overlay-opacity":"","overlay-gradient":""},"mobile":{"background-color":"","background-image":"","background-repeat":"repeat","background-position":"center center","background-size":"auto","background-attachment":"scroll","background-type":"","background-media":"","overlay-type":"","overlay-color":"","overlay-opacity":"","overlay-gradient":""}},"ast-content-background-meta":{"desktop":{"background-color":"var(--ast-global-color-5)","background-image":"","background-repeat":"repeat","background-position":"center center","background-size":"auto","background-attachment":"scroll","background-type":"","background-media":"","overlay-type":"","overlay-color":"","overlay-opacity":"","overlay-gradient":""},"tablet":{"background-color":"var(--ast-global-color-5)","background-image":"","background-repeat":"repeat","background-position":"center center","background-size":"auto","background-attachment":"scroll","background-type":"","background-media":"","overlay-type":"","overlay-color":"","overlay-opacity":"","overlay-gradient":""},"mobile":{"background-color":"var(--ast-global-color-5)","background-image":"","background-repeat":"repeat","background-position":"center center","background-size":"auto","background-attachment":"scroll","background-type":"","background-media":"","overlay-type":"","overlay-color":"","overlay-opacity":"","overlay-gradient":""}},"footnotes":""},"class_list":["post-590","page","type-page","status-publish","hentry"],"post_mailing_queue_ids":[],"_links":{"self":[{"href":"https:\/\/agora.xtec.cat\/escolacamins\/wp-json\/wp\/v2\/pages\/590","targetHints":{"allow":["GET"]}}],"collection":[{"href":"https:\/\/agora.xtec.cat\/escolacamins\/wp-json\/wp\/v2\/pages"}],"about":[{"href":"https:\/\/agora.xtec.cat\/escolacamins\/wp-json\/wp\/v2\/types\/page"}],"author":[{"embeddable":true,"href":"https:\/\/agora.xtec.cat\/escolacamins\/wp-json\/wp\/v2\/users\/1"}],"replies":[{"embeddable":true,"href":"https:\/\/agora.xtec.cat\/escolacamins\/wp-json\/wp\/v2\/comments?post=590"}],"version-history":[{"count":7,"href":"https:\/\/agora.xtec.cat\/escolacamins\/wp-json\/wp\/v2\/pages\/590\/revisions"}],"predecessor-version":[{"id":5444,"href":"https:\/\/agora.xtec.cat\/escolacamins\/wp-json\/wp\/v2\/pages\/590\/revisions\/5444"}],"up":[{"embeddable":true,"href":"https:\/\/agora.xtec.cat\/escolacamins\/wp-json\/wp\/v2\/pages\/584"}],"wp:attachment":[{"href":"https:\/\/agora.xtec.cat\/escolacamins\/wp-json\/wp\/v2\/media?parent=590"}],"curies":[{"name":"wp","href":"https:\/\/api.w.org\/{rel}","templated":true}]}}