{"id":588,"date":"2016-11-18T15:59:53","date_gmt":"2016-11-18T14:59:53","guid":{"rendered":"http:\/\/agora.xtec.cat\/escolacamins\/?page_id=588"},"modified":"2025-07-09T18:47:26","modified_gmt":"2025-07-09T16:47:26","slug":"ambients-daprenentatge","status":"publish","type":"page","link":"https:\/\/agora.xtec.cat\/escolacamins\/la-vida-a-lescola\/ambients-daprenentatge\/","title":{"rendered":"Ambients d&#8217;aprenentatge"},"content":{"rendered":"<p style=\"text-align: center;\"><em>\u201c&#8230; \u00e9s necessari organitzar des del primer moment un espai i una cultura de l\u2019espai que afavoreixin tots els processos de comunicaci\u00f3 de l&#8217;infant: l&#8217;educaci\u00f3 \u00e9s un esdeveniment fet d\u2019interaccions complexes moltes de les quals es produeixen si l\u2019espai hi participa.&#8221;<\/em><\/p>\n<p style=\"text-align: center;\"><strong><em><span style=\"font-size: 16px; text-align: left;\">Loris Malaguzzi\u00a0 (pedagog itali\u00e0 &#8211; Reggio Emilia)<\/span><\/em><\/strong><\/p>\n<p style=\"text-align: left;\"><a style=\"font-size: 16px; background-color: #ffffff;\" href=\"https:\/\/agora.xtec.cat\/escolacamins\/wp-content\/uploads\/usu1441\/2025\/07\/Captura-de-pantalla-2025-07-09-184003.png\"><img loading=\"lazy\" decoding=\"async\" class=\"alignnone size-full wp-image-5490\" src=\"https:\/\/agora.xtec.cat\/escolacamins\/wp-content\/uploads\/usu1441\/2025\/07\/Captura-de-pantalla-2025-07-09-184003.png\" alt=\"\" width=\"748\" height=\"420\" srcset=\"https:\/\/agora.xtec.cat\/escolacamins\/wp-content\/uploads\/usu1441\/2025\/07\/Captura-de-pantalla-2025-07-09-184003.png 748w, https:\/\/agora.xtec.cat\/escolacamins\/wp-content\/uploads\/usu1441\/2025\/07\/Captura-de-pantalla-2025-07-09-184003-300x168.png 300w\" sizes=\"auto, (max-width: 748px) 100vw, 748px\" \/><\/a><span style=\"font-size: 16px; font-weight: 400;\">Els ambients s\u00f3n espais preparats per les mestres amb materials diversos tant estructurats com no estructurats. Es creen amb un entorn acollidor que permet que els infants puguin construir els seus propis aprenentatges a partir del joc, l\u2019experimentaci\u00f3, el treball cooperatiu, la construcci\u00f3 i la socioconstrucci\u00f3. S\u00f3n entorns estimulants on els infants es poden moure lliurement, escollir i desenvolupar-se d\u2019una manera natural en relaci\u00f3 als seus interessos i motivacions. Alhora, en el treball per ambients es respecta la diversitat, viscuda com una riquesa per l\u2019intercanvi i la cooperaci\u00f3, i el ritme individual de cada infant. A partir de l\u2019observaci\u00f3, es reformulen plantejaments i es valora com s\u2019acompanya cada infant. En aquestes estones el docent adquireix un gran coneixement de cada nen\/a ja que aquest plantejament facilita la interacci\u00f3 i permet la creaci\u00f3 de grans vincles.<\/span><\/p>\n<p><span style=\"font-weight: 400;\">En aquest treball el docent passa a un segon terme. Cal respectar els interessos i les activitats dels infants i l\u2019adult interv\u00e9 quan ho demanen o si s\u2019observa una situaci\u00f3 d\u2019inseguretat o de falta de respecte (f\u00edsica, verbal o emocional). Evidentment, el mestre\/a planifica, organitza i \u00e9s un est\u00edmul per a l\u2019infant; per\u00f2 els nens i les nenes s\u00f3n els veritables protagonistes quan interactuen amb els materials, circulen pels espais i duen a terme les seves activitats. Aix\u00ed doncs, la funci\u00f3 de l\u2019adult \u00e9s d\u2019acompanyant i observador. Cal tenir en compte que la <\/span><b>pres\u00e8ncia activa de l\u2019adult<\/b><span style=\"font-weight: 400;\"> \u00e9s molt important i sempre hi haur\u00e0 un mestre\/a a l\u2019ambient. Nom\u00e9s en cas d\u2019urg\u00e8ncia s\u2019avisar\u00e0 un altre adult perqu\u00e8 ens substitueixi a l\u2019ambient on estem acompanyant. Si hi ha m\u00e9s d\u2019un adult, s\u2019intentar\u00e0 no intercanviar informacions si no \u00e9s essencial; prioritzant l\u2019acompanyament dels infants.<\/span><\/p>\n<p><span style=\"font-weight: 400;\">Els adults observen, reestructuren els espais i vetllen perqu\u00e8 les normes que, lentament es van establint, es respectin. Hi ha unes normes i uns l\u00edmits que cal respectar:<\/span><\/p>\n<ul>\n<li style=\"font-weight: 400;\" aria-level=\"1\"><span style=\"font-weight: 400;\">A l\u2019estona d\u2019ambients de lliure circulaci\u00f3 es poden utilitzar els materials i els ambients de la manera que cada nen o nena desitgi o necessiti. L\u2019\u00fanica condici\u00f3 \u00e9s no trencar ni fer malb\u00e9 les coses, i en acabar, deixar-ho tot recollit.<\/span><\/li>\n<li style=\"font-weight: 400;\" aria-level=\"1\"><span style=\"font-weight: 400;\">Es tractar\u00e0 amb cura tots els materials dels ambients i\/o de les propostes. Sempre es recollir\u00e0 un cop s\u2019acabi l\u2019activitat o l\u2019estona d\u2019ambients.\u00a0<\/span><\/li>\n<li style=\"font-weight: 400;\" aria-level=\"1\"><span style=\"font-weight: 400;\">Mentre els altres infants estan treballant o jugant, no podem molestar.<\/span><\/li>\n<li style=\"font-weight: 400;\" aria-level=\"1\"><span style=\"font-weight: 400;\">Tothom col\u00b7laborar\u00e0 al final de la sessi\u00f3 per recollir l\u2019ambient.<\/span><\/li>\n<\/ul>\n<p><span style=\"font-weight: 400;\">Els ambients propicien la construcci\u00f3 del coneixement individual i compartit. Alhora, es pensen i preparen perqu\u00e8 els infants d\u2019infantil avancin en les habilitats i capacitats pr\u00f2pies del curr\u00edculum, i l\u2019alumnat de prim\u00e0ria avanci en l\u2019assoliment de les compet\u00e8ncies.\u00a0<\/span><\/p>\n<p><span style=\"font-weight: 400;\">Els criteris metodol\u00f2gics principals que se segueixen s\u00f3n els seg\u00fcents:<\/span><\/p>\n<ul>\n<li style=\"font-weight: 400;\" aria-level=\"1\"><span style=\"font-weight: 400;\">Lliure circulaci\u00f3 del pensament.<\/span><\/li>\n<li style=\"font-weight: 400;\" aria-level=\"1\"><span style=\"font-weight: 400;\">Globalitzaci\u00f3, funcionalitat i aprenentatge significatiu.<\/span><\/li>\n<li style=\"font-weight: 400;\" aria-level=\"1\"><span style=\"font-weight: 400;\">Rellev\u00e0ncia en l\u2019acci\u00f3, experimentaci\u00f3 i interacci\u00f3 amb l\u2019entorn.<\/span><\/li>\n<li style=\"font-weight: 400;\" aria-level=\"1\"><span style=\"font-weight: 400;\">Acompanyament de l\u2019adult com a mediador i impulsor de processos de construcci\u00f3.<\/span><\/li>\n<\/ul>\n<p><span style=\"font-weight: 400;\">A l\u2019escola Camins, en els diferents cicles hi trobarem ambients per treballar diversos \u00e0mbits: ART, CI\u00c8NCIA, LLENGUA, MATEM\u00c0TIQUES, JOC I MOVIMENT; amb m\u00e9s o menys pres\u00e8ncia segons les necessitats i el curr\u00edculum de cada cicle.\u00a0<\/span><\/p>\n<p><span style=\"font-weight: 400;\">El present curs els ambients amb els quals treballarem s\u00f3n els seg\u00fcents:<\/span><a href=\"https:\/\/agora.xtec.cat\/escolacamins\/wp-content\/uploads\/usu1441\/2025\/07\/Captura-de-pantalla-2025-07-09-184620.png\"><img loading=\"lazy\" decoding=\"async\" class=\"wp-image-5491 aligncenter\" src=\"https:\/\/agora.xtec.cat\/escolacamins\/wp-content\/uploads\/usu1441\/2025\/07\/Captura-de-pantalla-2025-07-09-184620.png\" alt=\"\" width=\"522\" height=\"292\" srcset=\"https:\/\/agora.xtec.cat\/escolacamins\/wp-content\/uploads\/usu1441\/2025\/07\/Captura-de-pantalla-2025-07-09-184620.png 862w, https:\/\/agora.xtec.cat\/escolacamins\/wp-content\/uploads\/usu1441\/2025\/07\/Captura-de-pantalla-2025-07-09-184620-300x167.png 300w, https:\/\/agora.xtec.cat\/escolacamins\/wp-content\/uploads\/usu1441\/2025\/07\/Captura-de-pantalla-2025-07-09-184620-768x429.png 768w\" sizes=\"auto, (max-width: 522px) 100vw, 522px\" \/><\/a><\/p>\n<p><span style=\"font-weight: 400;\">Els ambients van evolucionant i modificant-se a mesura que el curs avan\u00e7a, sempre responent als interessos i necessitats dels alumnes. Per aix\u00f2, treballar per ambients requereix molta organitzaci\u00f3 i una constant recerca de materials de qualitat. A partir de prim\u00e0ria la pres\u00e8ncia de propostes m\u00e9s pautades i espec\u00edfiques va prenent import\u00e0ncia en aquestes estones. Aix\u00ed, a partir de I5 apareixen les <strong>PROPOSTES BR\u00daIXOLA<\/strong> amb propostes concretes i s\u2019utilitza el <\/span><b>FULL DE RUTA<\/b><span style=\"font-weight: 400;\"> pel control i planificaci\u00f3 de les propostes que es plantegen.\u00a0 <\/span><\/p>\n","protected":false},"excerpt":{"rendered":"<p>\u201c&#8230; \u00e9s necessari organitzar des del primer moment un espai i una cultura de l\u2019espai que afavoreixin tots els processos de comunicaci\u00f3 de l&#8217;infant: l&#8217;educaci\u00f3 \u00e9s un esdeveniment fet d\u2019interaccions complexes moltes de les quals es produeixen si l\u2019espai hi participa.&#8221; Loris Malaguzzi\u00a0 (pedagog itali\u00e0 &#8211; Reggio Emilia) Els ambients s\u00f3n espais preparats per les [&hellip;]<\/p>\n","protected":false},"author":1,"featured_media":0,"parent":584,"menu_order":0,"comment_status":"closed","ping_status":"closed","template":"","meta":{"_bbp_topic_count":0,"_bbp_reply_count":0,"_bbp_total_topic_count":0,"_bbp_total_reply_count":0,"_bbp_voice_count":0,"_bbp_anonymous_reply_count":0,"_bbp_topic_count_hidden":0,"_bbp_reply_count_hidden":0,"_bbp_forum_subforum_count":0,"site-sidebar-layout":"default","site-content-layout":"","ast-site-content-layout":"default","site-content-style":"default","site-sidebar-style":"default","ast-global-header-display":"","ast-banner-title-visibility":"","ast-main-header-display":"","ast-hfb-above-header-display":"","ast-hfb-below-header-display":"","ast-hfb-mobile-header-display":"","site-post-title":"","ast-breadcrumbs-content":"","ast-featured-img":"","footer-sml-layout":"","theme-transparent-header-meta":"default","adv-header-id-meta":"","stick-header-meta":"","header-above-stick-meta":"","header-main-stick-meta":"","header-below-stick-meta":"","astra-migrate-meta-layouts":"set","ast-page-background-enabled":"default","ast-page-background-meta":{"desktop":{"background-color":"var(--ast-global-color-4)","background-image":"","background-repeat":"repeat","background-position":"center center","background-size":"auto","background-attachment":"scroll","background-type":"","background-media":"","overlay-type":"","overlay-color":"","overlay-opacity":"","overlay-gradient":""},"tablet":{"background-color":"","background-image":"","background-repeat":"repeat","background-position":"center center","background-size":"auto","background-attachment":"scroll","background-type":"","background-media":"","overlay-type":"","overlay-color":"","overlay-opacity":"","overlay-gradient":""},"mobile":{"background-color":"","background-image":"","background-repeat":"repeat","background-position":"center center","background-size":"auto","background-attachment":"scroll","background-type":"","background-media":"","overlay-type":"","overlay-color":"","overlay-opacity":"","overlay-gradient":""}},"ast-content-background-meta":{"desktop":{"background-color":"var(--ast-global-color-5)","background-image":"","background-repeat":"repeat","background-position":"center center","background-size":"auto","background-attachment":"scroll","background-type":"","background-media":"","overlay-type":"","overlay-color":"","overlay-opacity":"","overlay-gradient":""},"tablet":{"background-color":"var(--ast-global-color-5)","background-image":"","background-repeat":"repeat","background-position":"center center","background-size":"auto","background-attachment":"scroll","background-type":"","background-media":"","overlay-type":"","overlay-color":"","overlay-opacity":"","overlay-gradient":""},"mobile":{"background-color":"var(--ast-global-color-5)","background-image":"","background-repeat":"repeat","background-position":"center center","background-size":"auto","background-attachment":"scroll","background-type":"","background-media":"","overlay-type":"","overlay-color":"","overlay-opacity":"","overlay-gradient":""}},"footnotes":""},"class_list":["post-588","page","type-page","status-publish","hentry"],"post_mailing_queue_ids":[],"_links":{"self":[{"href":"https:\/\/agora.xtec.cat\/escolacamins\/wp-json\/wp\/v2\/pages\/588","targetHints":{"allow":["GET"]}}],"collection":[{"href":"https:\/\/agora.xtec.cat\/escolacamins\/wp-json\/wp\/v2\/pages"}],"about":[{"href":"https:\/\/agora.xtec.cat\/escolacamins\/wp-json\/wp\/v2\/types\/page"}],"author":[{"embeddable":true,"href":"https:\/\/agora.xtec.cat\/escolacamins\/wp-json\/wp\/v2\/users\/1"}],"replies":[{"embeddable":true,"href":"https:\/\/agora.xtec.cat\/escolacamins\/wp-json\/wp\/v2\/comments?post=588"}],"version-history":[{"count":7,"href":"https:\/\/agora.xtec.cat\/escolacamins\/wp-json\/wp\/v2\/pages\/588\/revisions"}],"predecessor-version":[{"id":5492,"href":"https:\/\/agora.xtec.cat\/escolacamins\/wp-json\/wp\/v2\/pages\/588\/revisions\/5492"}],"up":[{"embeddable":true,"href":"https:\/\/agora.xtec.cat\/escolacamins\/wp-json\/wp\/v2\/pages\/584"}],"wp:attachment":[{"href":"https:\/\/agora.xtec.cat\/escolacamins\/wp-json\/wp\/v2\/media?parent=588"}],"curies":[{"name":"wp","href":"https:\/\/api.w.org\/{rel}","templated":true}]}}