{"id":586,"date":"2016-11-18T15:59:31","date_gmt":"2016-11-18T14:59:31","guid":{"rendered":"http:\/\/agora.xtec.cat\/escolacamins\/?page_id=586"},"modified":"2020-11-09T21:46:17","modified_gmt":"2020-11-09T20:46:17","slug":"entrades-i-sortides-relaxades","status":"publish","type":"page","link":"https:\/\/agora.xtec.cat\/escolacamins\/la-vida-a-lescola\/entrades-i-sortides-relaxades\/","title":{"rendered":"Entrades i sortides relaxades"},"content":{"rendered":"<blockquote><p><em>&#8220;Els valors no es prediquen ni s&#8217;inculquen sin\u00f3 que s&#8217;han de viure com un estil de vida, com una manera de fer&#8221;.<\/em><\/p>\n<p style=\"text-align: right;\">Salvador Card\u00fas (Professor de Sociologia i Ci\u00e8ncies pol\u00edtiques, Terrassa)<\/p>\n<\/blockquote>\n<p style=\"text-align: justify;\">Les entrades relaxades s\u00f3n una ocasi\u00f3 per rebre de manera m\u00e9s personalitzada els infants i les seves fam\u00edlies. Una ocasi\u00f3 per permetre arribar a l\u2019escola sense presses i donar el temps necessari pel comiat, per viure els primers moments de cada dia amb tranquil\u00b7litat.<\/p>\n<p style=\"text-align: justify;\">L\u2019escola obre les portes al mat\u00ed, i fam\u00edlies i infants poden anar arribant al centre de manera pausada. En aquestes entrades relaxades es d\u00f3na un temps perqu\u00e8 les fam\u00edlies que vulguin puguin acompanyar i participar en la vida de l\u2019escola dels seus fills.<\/p>\n<p style=\"text-align: justify;\">De la mateixa manera, les sortides relaxades tamb\u00e9 s\u00f3n un moment per fer un bon comiat. Les fam\u00edlies tornen a entrar a l&#8217;escola per recollir els seus fills i filles. Les mestres poden dir ad\u00e9u de forma m\u00e9s individualitzada i personal i trobar el moment per comentar com ha anat la jornada de cada infant amb la seva fam\u00edlia.<\/p>\n","protected":false},"excerpt":{"rendered":"<p>&#8220;Els valors no es prediquen ni s&#8217;inculquen sin\u00f3 que s&#8217;han de viure com un estil de vida, com una manera de fer&#8221;. Salvador Card\u00fas (Professor de Sociologia i Ci\u00e8ncies pol\u00edtiques, Terrassa) Les entrades relaxades s\u00f3n una ocasi\u00f3 per rebre de manera m\u00e9s personalitzada els infants i les seves fam\u00edlies. Una ocasi\u00f3 per permetre arribar a [&hellip;]<\/p>\n","protected":false},"author":1,"featured_media":0,"parent":584,"menu_order":0,"comment_status":"closed","ping_status":"closed","template":"","meta":{"_bbp_topic_count":0,"_bbp_reply_count":0,"_bbp_total_topic_count":0,"_bbp_total_reply_count":0,"_bbp_voice_count":0,"_bbp_anonymous_reply_count":0,"_bbp_topic_count_hidden":0,"_bbp_reply_count_hidden":0,"_bbp_forum_subforum_count":0,"site-sidebar-layout":"default","site-content-layout":"","ast-site-content-layout":"","site-content-style":"default","site-sidebar-style":"default","ast-global-header-display":"","ast-banner-title-visibility":"","ast-main-header-display":"","ast-hfb-above-header-display":"","ast-hfb-below-header-display":"","ast-hfb-mobile-header-display":"","site-post-title":"","ast-breadcrumbs-content":"","ast-featured-img":"","footer-sml-layout":"","theme-transparent-header-meta":"","adv-header-id-meta":"","stick-header-meta":"","header-above-stick-meta":"","header-main-stick-meta":"","header-below-stick-meta":"","astra-migrate-meta-layouts":"default","ast-page-background-enabled":"default","ast-page-background-meta":{"desktop":{"background-color":"var(--ast-global-color-4)","background-image":"","background-repeat":"repeat","background-position":"center center","background-size":"auto","background-attachment":"scroll","background-type":"","background-media":"","overlay-type":"","overlay-color":"","overlay-opacity":"","overlay-gradient":""},"tablet":{"background-color":"","background-image":"","background-repeat":"repeat","background-position":"center center","background-size":"auto","background-attachment":"scroll","background-type":"","background-media":"","overlay-type":"","overlay-color":"","overlay-opacity":"","overlay-gradient":""},"mobile":{"background-color":"","background-image":"","background-repeat":"repeat","background-position":"center center","background-size":"auto","background-attachment":"scroll","background-type":"","background-media":"","overlay-type":"","overlay-color":"","overlay-opacity":"","overlay-gradient":""}},"ast-content-background-meta":{"desktop":{"background-color":"var(--ast-global-color-5)","background-image":"","background-repeat":"repeat","background-position":"center center","background-size":"auto","background-attachment":"scroll","background-type":"","background-media":"","overlay-type":"","overlay-color":"","overlay-opacity":"","overlay-gradient":""},"tablet":{"background-color":"var(--ast-global-color-5)","background-image":"","background-repeat":"repeat","background-position":"center center","background-size":"auto","background-attachment":"scroll","background-type":"","background-media":"","overlay-type":"","overlay-color":"","overlay-opacity":"","overlay-gradient":""},"mobile":{"background-color":"var(--ast-global-color-5)","background-image":"","background-repeat":"repeat","background-position":"center center","background-size":"auto","background-attachment":"scroll","background-type":"","background-media":"","overlay-type":"","overlay-color":"","overlay-opacity":"","overlay-gradient":""}},"footnotes":""},"class_list":["post-586","page","type-page","status-publish","hentry"],"post_mailing_queue_ids":[],"_links":{"self":[{"href":"https:\/\/agora.xtec.cat\/escolacamins\/wp-json\/wp\/v2\/pages\/586","targetHints":{"allow":["GET"]}}],"collection":[{"href":"https:\/\/agora.xtec.cat\/escolacamins\/wp-json\/wp\/v2\/pages"}],"about":[{"href":"https:\/\/agora.xtec.cat\/escolacamins\/wp-json\/wp\/v2\/types\/page"}],"author":[{"embeddable":true,"href":"https:\/\/agora.xtec.cat\/escolacamins\/wp-json\/wp\/v2\/users\/1"}],"replies":[{"embeddable":true,"href":"https:\/\/agora.xtec.cat\/escolacamins\/wp-json\/wp\/v2\/comments?post=586"}],"version-history":[{"count":3,"href":"https:\/\/agora.xtec.cat\/escolacamins\/wp-json\/wp\/v2\/pages\/586\/revisions"}],"predecessor-version":[{"id":1214,"href":"https:\/\/agora.xtec.cat\/escolacamins\/wp-json\/wp\/v2\/pages\/586\/revisions\/1214"}],"up":[{"embeddable":true,"href":"https:\/\/agora.xtec.cat\/escolacamins\/wp-json\/wp\/v2\/pages\/584"}],"wp:attachment":[{"href":"https:\/\/agora.xtec.cat\/escolacamins\/wp-json\/wp\/v2\/media?parent=586"}],"curies":[{"name":"wp","href":"https:\/\/api.w.org\/{rel}","templated":true}]}}