{"id":576,"date":"2016-11-18T13:43:20","date_gmt":"2016-11-18T12:43:20","guid":{"rendered":"http:\/\/agora.xtec.cat\/escolacamins\/?page_id=576"},"modified":"2025-07-08T17:03:53","modified_gmt":"2025-07-08T15:03:53","slug":"equipaments-i-serveis","status":"publish","type":"page","link":"https:\/\/agora.xtec.cat\/escolacamins\/equipaments-i-serveis\/","title":{"rendered":"Equipaments i serveis"},"content":{"rendered":"<p><span style=\"font-weight: 400;\">La nostra escola, ubicada en aularis integrats, Comptem amb:<\/span><\/p>\n<ul>\n<li style=\"font-weight: 400;\" aria-level=\"1\"><span style=\"font-weight: 400;\">16 AMBIENTS DE REFER\u00c8NCIA.<\/span><\/li>\n<li style=\"font-weight: 400;\" aria-level=\"1\"><span style=\"font-weight: 400;\">1 AMBIENT DE M\u00daSICA (LA PETITA FACTORIA).<\/span><\/li>\n<li style=\"font-weight: 400;\" aria-level=\"1\"><span style=\"font-weight: 400;\">MENJADOR ESCOLAR.<\/span><\/li>\n<li style=\"font-weight: 400;\" aria-level=\"1\"><span style=\"font-weight: 400;\">CUINA-OFFICE.<\/span><\/li>\n<li style=\"font-weight: 400;\" aria-level=\"1\"><span style=\"font-weight: 400;\">SALA DE MESTRES<\/span><\/li>\n<li style=\"font-weight: 400;\" aria-level=\"1\"><span style=\"font-weight: 400;\">SALES DE REUNIONS i DESPATXOS.<\/span><\/li>\n<li style=\"font-weight: 400;\" aria-level=\"1\"><span style=\"font-weight: 400;\">PATI EXTERIOR.<\/span><\/li>\n<li style=\"font-weight: 400;\" aria-level=\"1\"><span style=\"font-weight: 400;\">ESPAI D&#8217;HORT.<\/span><\/li>\n<li style=\"font-weight: 400;\" aria-level=\"1\"><span style=\"font-weight: 400;\">PAVELL\u00d3 DE LA FARGA (per fer l&#8217;activitat de psicomotricitat\/ educaci\u00f3 f\u00edsica).<\/span><\/li>\n<\/ul>\n<p><b>SERVEIS<\/b><span style=\"font-weight: 400;\">:<\/span><\/p>\n<p><span style=\"font-weight: 400;\">Es disposen dels seg\u00fcents serveis:<\/span><\/p>\n<ul>\n<li style=\"font-weight: 400;\" aria-level=\"1\"><span style=\"font-weight: 400;\">ACOLLIDA MATINAL: Activitats d&#8217;acollida i acompanyament de 7:50h a 8:50h del mat\u00ed.<\/span><\/li>\n<li style=\"font-weight: 400;\" aria-level=\"1\"><span style=\"font-weight: 400;\">ACTIVITATS EXTRAESCOLARS: activitats organitzades per l&#8217;AFA durant els migdies i les tardes.<\/span><a href=\"https:\/\/www.afaescolacamins.cat\/ca\/\"> <b>AFA ESCOLA CAMINS<\/b><\/a><\/li>\n<li style=\"font-weight: 400;\" aria-level=\"1\"><span style=\"font-weight: 400;\">TRANSPORT ESCOLAR per als alumnes del Pla d&#8217;Escolaritzaci\u00f3 Extensiva.<\/span><\/li>\n<li style=\"font-weight: 400;\" aria-level=\"1\"><span style=\"font-weight: 400;\">ESPAI DE MIGDIA a c\u00e0rrec de l&#8217;AFA de l&#8217;escola. El servei de menjador i espai de lleure de migdia el realitza l&#8217;entitat FUNDESPLAI.<\/span><\/li>\n<\/ul>\n<p><a href=\"https:\/\/agora.xtec.cat\/escolacamins\/wp-content\/uploads\/usu1441\/2023\/11\/IMG_2156.jpg\"><img loading=\"lazy\" decoding=\"async\" class=\"wp-image-4988 alignleft\" src=\"https:\/\/agora.xtec.cat\/escolacamins\/wp-content\/uploads\/usu1441\/2023\/11\/IMG_2156.jpg\" alt=\"\" width=\"387\" height=\"290\" srcset=\"https:\/\/agora.xtec.cat\/escolacamins\/wp-content\/uploads\/usu1441\/2023\/11\/IMG_2156.jpg 640w, https:\/\/agora.xtec.cat\/escolacamins\/wp-content\/uploads\/usu1441\/2023\/11\/IMG_2156-300x225.jpg 300w, https:\/\/agora.xtec.cat\/escolacamins\/wp-content\/uploads\/usu1441\/2023\/11\/IMG_2156-200x150.jpg 200w\" sizes=\"auto, (max-width: 387px) 100vw, 387px\" \/><\/a><a href=\"https:\/\/agora.xtec.cat\/escolacamins\/wp-content\/uploads\/usu1441\/2022\/11\/castanyada-7.jpg\"><img loading=\"lazy\" decoding=\"async\" class=\"wp-image-4615 alignright\" src=\"https:\/\/agora.xtec.cat\/escolacamins\/wp-content\/uploads\/usu1441\/2022\/11\/castanyada-7.jpg\" alt=\"\" width=\"384\" height=\"288\" srcset=\"https:\/\/agora.xtec.cat\/escolacamins\/wp-content\/uploads\/usu1441\/2022\/11\/castanyada-7.jpg 1024w, https:\/\/agora.xtec.cat\/escolacamins\/wp-content\/uploads\/usu1441\/2022\/11\/castanyada-7-300x225.jpg 300w, https:\/\/agora.xtec.cat\/escolacamins\/wp-content\/uploads\/usu1441\/2022\/11\/castanyada-7-768x576.jpg 768w, https:\/\/agora.xtec.cat\/escolacamins\/wp-content\/uploads\/usu1441\/2022\/11\/castanyada-7-200x150.jpg 200w\" sizes=\"auto, (max-width: 384px) 100vw, 384px\" \/><\/a><\/p>\n<p style=\"text-align: center;\">\n<p>&nbsp;<\/p>\n<p>&nbsp;<\/p>\n<p>&nbsp;<\/p>\n<p>&nbsp;<\/p>\n<p>&nbsp;<\/p>\n<p>&nbsp;<\/p>\n","protected":false},"excerpt":{"rendered":"<p>La nostra escola, ubicada en aularis integrats, Comptem amb: 16 AMBIENTS DE REFER\u00c8NCIA. 1 AMBIENT DE M\u00daSICA (LA PETITA FACTORIA). MENJADOR ESCOLAR. CUINA-OFFICE. SALA DE MESTRES SALES DE REUNIONS i DESPATXOS. PATI EXTERIOR. ESPAI D&#8217;HORT. PAVELL\u00d3 DE LA FARGA (per fer l&#8217;activitat de psicomotricitat\/ educaci\u00f3 f\u00edsica). SERVEIS: Es disposen dels seg\u00fcents serveis: ACOLLIDA MATINAL: Activitats [&hellip;]<\/p>\n","protected":false},"author":1,"featured_media":0,"parent":0,"menu_order":0,"comment_status":"closed","ping_status":"closed","template":"","meta":{"_bbp_topic_count":0,"_bbp_reply_count":0,"_bbp_total_topic_count":0,"_bbp_total_reply_count":0,"_bbp_voice_count":0,"_bbp_anonymous_reply_count":0,"_bbp_topic_count_hidden":0,"_bbp_reply_count_hidden":0,"_bbp_forum_subforum_count":0,"site-sidebar-layout":"default","site-content-layout":"","ast-site-content-layout":"default","site-content-style":"default","site-sidebar-style":"default","ast-global-header-display":"","ast-banner-title-visibility":"","ast-main-header-display":"","ast-hfb-above-header-display":"","ast-hfb-below-header-display":"","ast-hfb-mobile-header-display":"","site-post-title":"","ast-breadcrumbs-content":"","ast-featured-img":"","footer-sml-layout":"","theme-transparent-header-meta":"default","adv-header-id-meta":"","stick-header-meta":"","header-above-stick-meta":"","header-main-stick-meta":"","header-below-stick-meta":"","astra-migrate-meta-layouts":"set","ast-page-background-enabled":"default","ast-page-background-meta":{"desktop":{"background-color":"var(--ast-global-color-4)","background-image":"","background-repeat":"repeat","background-position":"center center","background-size":"auto","background-attachment":"scroll","background-type":"","background-media":"","overlay-type":"","overlay-color":"","overlay-opacity":"","overlay-gradient":""},"tablet":{"background-color":"","background-image":"","background-repeat":"repeat","background-position":"center center","background-size":"auto","background-attachment":"scroll","background-type":"","background-media":"","overlay-type":"","overlay-color":"","overlay-opacity":"","overlay-gradient":""},"mobile":{"background-color":"","background-image":"","background-repeat":"repeat","background-position":"center center","background-size":"auto","background-attachment":"scroll","background-type":"","background-media":"","overlay-type":"","overlay-color":"","overlay-opacity":"","overlay-gradient":""}},"ast-content-background-meta":{"desktop":{"background-color":"var(--ast-global-color-5)","background-image":"","background-repeat":"repeat","background-position":"center center","background-size":"auto","background-attachment":"scroll","background-type":"","background-media":"","overlay-type":"","overlay-color":"","overlay-opacity":"","overlay-gradient":""},"tablet":{"background-color":"var(--ast-global-color-5)","background-image":"","background-repeat":"repeat","background-position":"center center","background-size":"auto","background-attachment":"scroll","background-type":"","background-media":"","overlay-type":"","overlay-color":"","overlay-opacity":"","overlay-gradient":""},"mobile":{"background-color":"var(--ast-global-color-5)","background-image":"","background-repeat":"repeat","background-position":"center center","background-size":"auto","background-attachment":"scroll","background-type":"","background-media":"","overlay-type":"","overlay-color":"","overlay-opacity":"","overlay-gradient":""}},"footnotes":""},"class_list":["post-576","page","type-page","status-publish","hentry"],"post_mailing_queue_ids":[],"_links":{"self":[{"href":"https:\/\/agora.xtec.cat\/escolacamins\/wp-json\/wp\/v2\/pages\/576","targetHints":{"allow":["GET"]}}],"collection":[{"href":"https:\/\/agora.xtec.cat\/escolacamins\/wp-json\/wp\/v2\/pages"}],"about":[{"href":"https:\/\/agora.xtec.cat\/escolacamins\/wp-json\/wp\/v2\/types\/page"}],"author":[{"embeddable":true,"href":"https:\/\/agora.xtec.cat\/escolacamins\/wp-json\/wp\/v2\/users\/1"}],"replies":[{"embeddable":true,"href":"https:\/\/agora.xtec.cat\/escolacamins\/wp-json\/wp\/v2\/comments?post=576"}],"version-history":[{"count":5,"href":"https:\/\/agora.xtec.cat\/escolacamins\/wp-json\/wp\/v2\/pages\/576\/revisions"}],"predecessor-version":[{"id":5416,"href":"https:\/\/agora.xtec.cat\/escolacamins\/wp-json\/wp\/v2\/pages\/576\/revisions\/5416"}],"wp:attachment":[{"href":"https:\/\/agora.xtec.cat\/escolacamins\/wp-json\/wp\/v2\/media?parent=576"}],"curies":[{"name":"wp","href":"https:\/\/api.w.org\/{rel}","templated":true}]}}