{"id":574,"date":"2016-11-18T13:43:00","date_gmt":"2016-11-18T12:43:00","guid":{"rendered":"http:\/\/agora.xtec.cat\/escolacamins\/?page_id=574"},"modified":"2025-07-08T17:21:41","modified_gmt":"2025-07-08T15:21:41","slug":"lequip-huma","status":"publish","type":"page","link":"https:\/\/agora.xtec.cat\/escolacamins\/lequip-huma\/","title":{"rendered":"L&#8217;equip hum\u00e0 de l&#8217;escola Camins"},"content":{"rendered":"<p><span style=\"font-weight: 400;\">Els 220 INFANTS d&#8217;infantil i prim\u00e0ria de l&#8217;escola CAMINS compten amb el seg\u00fcent equip hum\u00e0 que acompanyen en tot el proc\u00e9s d&#8217;ensenyament &#8211; aprenentatge:<\/span><\/p>\n<p><span style=\"font-weight: 400;\">EQUIP DIRECTIU<\/span><span style=\"font-weight: 400;\">:<\/span><a style=\"color: #2795b6; font-size: 16px;\" href=\"https:\/\/agora.xtec.cat\/escolacamins\/wp-content\/uploads\/usu1441\/2020\/11\/LIDERATGE-COMPARTIT.png\"><img loading=\"lazy\" decoding=\"async\" class=\"wp-image-3469 alignright\" src=\"https:\/\/agora.xtec.cat\/escolacamins\/wp-content\/uploads\/usu1441\/2020\/11\/LIDERATGE-COMPARTIT-1024x768.png\" alt=\"\" width=\"304\" height=\"228\" srcset=\"https:\/\/agora.xtec.cat\/escolacamins\/wp-content\/uploads\/usu1441\/2020\/11\/LIDERATGE-COMPARTIT.png 1024w, https:\/\/agora.xtec.cat\/escolacamins\/wp-content\/uploads\/usu1441\/2020\/11\/LIDERATGE-COMPARTIT-300x225.png 300w, https:\/\/agora.xtec.cat\/escolacamins\/wp-content\/uploads\/usu1441\/2020\/11\/LIDERATGE-COMPARTIT-768x576.png 768w, https:\/\/agora.xtec.cat\/escolacamins\/wp-content\/uploads\/usu1441\/2020\/11\/LIDERATGE-COMPARTIT-200x150.png 200w\" sizes=\"auto, (max-width: 304px) 100vw, 304px\" \/><\/a><\/p>\n<div>\n<table style=\"width: 45.1464%;\">\n<tbody>\n<tr>\n<td style=\"width: 36.3912%;\"><span style=\"font-weight: 400;\">Directora<\/span><\/td>\n<td style=\"width: 128.376%;\"><span style=\"font-weight: 400;\">Isabel Vilagran Colprim<\/span><\/td>\n<\/tr>\n<tr>\n<td style=\"width: 36.3912%;\"><span style=\"font-weight: 400;\">Cap d\u2019estudis<\/span><\/td>\n<td style=\"width: 128.376%;\"><span style=\"font-weight: 400;\">Elisabet Parella Mir<\/span><\/td>\n<\/tr>\n<tr>\n<td style=\"width: 36.3912%;\"><span style=\"font-weight: 400;\">Secret\u00e0ria<\/span><\/td>\n<td style=\"width: 128.376%;\">S\u00edlvia Vilar Coromina<\/td>\n<\/tr>\n<\/tbody>\n<\/table>\n<\/div>\n<div><strong><span style=\"text-decoration: underline;\">EQUIP DOCENT:<\/span><\/strong><\/div>\n<div><\/div>\n<div>\n<table style=\"height: 631px; width: 94.0827%;\">\n<tbody>\n<tr style=\"height: 31px;\">\n<td style=\"height: 31px; width: 24.7546%; text-align: center;\"><b>CURS<\/b><\/td>\n<td style=\"height: 31px; width: 31.4089%; text-align: center;\"><b>AMBIENT\u00a0\u00a0\u00a0\u00a0<\/b><\/td>\n<td style=\"height: 31px; width: 84.6769%; text-align: center;\"><b>DOCENT QUE ACOMPANYA<\/b><\/td>\n<\/tr>\n<tr style=\"height: 31px;\">\n<td style=\"height: 31px; width: 24.7546%; text-align: center;\"><span style=\"font-weight: 400;\">I3-I4-I5\u00a0<\/span><\/td>\n<td style=\"height: 31px; width: 31.4089%; text-align: center;\"><span style=\"font-weight: 400;\">LA SALA<\/span><\/td>\n<td style=\"height: 31px; width: 84.6769%; text-align: center;\"><\/td>\n<\/tr>\n<tr style=\"height: 31px;\">\n<td style=\"height: 31px; width: 24.7546%; text-align: center;\"><span style=\"font-weight: 400;\">I3-I4-I5\u00a0<\/span><\/td>\n<td style=\"height: 31px; width: 31.4089%; text-align: center;\"><span style=\"font-weight: 400;\">EL LABORATORI<\/span><\/td>\n<td style=\"height: 31px; width: 84.6769%; text-align: center;\"><\/td>\n<\/tr>\n<tr style=\"height: 31px;\">\n<td style=\"height: 31px; width: 24.7546%; text-align: center;\"><span style=\"font-weight: 400;\">I3-I4-I5\u00a0<\/span><\/td>\n<td style=\"height: 31px; width: 31.4089%; text-align: center;\"><span style=\"font-weight: 400;\">EL JOC SIMB\u00d2LIC<\/span><\/td>\n<td style=\"height: 31px; width: 84.6769%; text-align: center;\"><\/td>\n<\/tr>\n<tr style=\"height: 31px;\">\n<td style=\"height: 31px; width: 24.7546%; text-align: center;\"><span style=\"font-weight: 400;\">I3-I4-I5\u00a0<\/span><\/td>\n<td style=\"height: 31px; width: 31.4089%; text-align: center;\"><span style=\"font-weight: 400;\">TALLER<\/span><\/td>\n<td style=\"height: 31px; width: 84.6769%; text-align: center;\"><\/td>\n<\/tr>\n<tr style=\"height: 31px;\">\n<td style=\"height: 31px; width: 24.7546%; text-align: center;\"><span style=\"font-weight: 400;\">1r-2n<\/span><\/td>\n<td style=\"height: 31px; width: 31.4089%; text-align: center;\"><span style=\"font-weight: 400;\">LA LLOTJA DEL TINT<\/span><\/td>\n<td style=\"height: 31px; width: 84.6769%; text-align: center;\"><\/td>\n<\/tr>\n<tr style=\"height: 31px;\">\n<td style=\"height: 31px; width: 24.7546%; text-align: center;\"><span style=\"background-color: #f9f9f9;\">1r-2n<\/span><\/td>\n<td style=\"height: 31px; width: 31.4089%; text-align: center;\"><span style=\"background-color: #f9f9f9;\">L\u2019ATENEU<\/span><\/td>\n<td style=\"height: 31px; width: 84.6769%; text-align: center;\"><\/td>\n<\/tr>\n<tr style=\"height: 31px;\">\n<td style=\"height: 31px; width: 24.7546%; text-align: center;\"><span style=\"background-color: #ffffff;\">1r-2n<\/span><\/td>\n<td style=\"height: 31px; width: 31.4089%; text-align: center;\"><span style=\"background-color: #ffffff;\">DARDER<\/span><\/td>\n<td style=\"height: 31px; width: 84.6769%; text-align: center;\"><\/td>\n<\/tr>\n<tr style=\"height: 31px;\">\n<td style=\"height: 31px; width: 24.7546%; text-align: center;\"><span style=\"background-color: #f9f9f9;\">3r-4t<\/span><\/td>\n<td style=\"height: 31px; width: 31.4089%; text-align: center;\"><span style=\"background-color: #f9f9f9;\">MIRADOR<\/span><\/td>\n<td style=\"height: 31px; width: 84.6769%; text-align: center;\"><\/td>\n<\/tr>\n<tr style=\"height: 31px;\">\n<td style=\"height: 31px; width: 24.7546%; text-align: center;\"><span style=\"background-color: #ffffff;\">3r-4t<\/span><\/td>\n<td style=\"height: 31px; width: 31.4089%; text-align: center;\"><span style=\"background-color: #ffffff;\">LA PORTA DEL TURERS<\/span><\/td>\n<td style=\"height: 31px; width: 84.6769%; text-align: center;\"><\/td>\n<\/tr>\n<tr style=\"height: 31px;\">\n<td style=\"height: 31px; width: 24.7546%; text-align: center;\">3r-4t<\/td>\n<td style=\"height: 31px; width: 31.4089%; text-align: center;\">ELS RECS<\/td>\n<td style=\"height: 31px; width: 84.6769%; text-align: center;\"><\/td>\n<\/tr>\n<tr style=\"height: 31px;\">\n<td style=\"height: 31px; width: 24.7546%; text-align: center;\">5\u00e8<\/td>\n<td style=\"height: 31px; width: 31.4089%; text-align: center;\">HORTA<\/td>\n<td style=\"height: 31px; width: 84.6769%; text-align: center;\"><\/td>\n<\/tr>\n<tr style=\"height: 31px;\">\n<td style=\"height: 31px; width: 24.7546%; text-align: center;\"><span style=\"background-color: #f9f9f9;\">5\u00e8<\/span><\/td>\n<td style=\"height: 31px; width: 31.4089%; text-align: center;\"><span style=\"background-color: #f9f9f9;\">CAL DRAC<\/span><\/td>\n<td style=\"height: 31px; width: 84.6769%; text-align: center;\"><\/td>\n<\/tr>\n<tr style=\"height: 31px;\">\n<td style=\"height: 31px; width: 24.7546%; text-align: center;\"><span style=\"font-size: 16px; font-style: normal; font-weight: 400;\">6\u00e8<\/span><\/td>\n<td style=\"height: 31px; width: 31.4089%; text-align: center;\"><span style=\"font-size: 16px; font-style: normal; font-weight: 400;\">ATELIER<\/span><\/td>\n<td style=\"height: 31px; width: 84.6769%; text-align: center;\"><\/td>\n<\/tr>\n<tr style=\"height: 31px;\">\n<td style=\"height: 31px; width: 24.7546%; text-align: center;\">6\u00e8<\/td>\n<td style=\"height: 31px; width: 31.4089%; text-align: center;\">PLA\u00c7A MAJOR<\/td>\n<td style=\"height: 31px; width: 84.6769%; text-align: center;\"><\/td>\n<\/tr>\n<tr style=\"height: 31px;\">\n<td style=\"height: 31px; width: 24.7546%; text-align: center;\">6\u00e8<\/td>\n<td style=\"height: 31px; width: 31.4089%; text-align: center;\">INSTAL\u00b7LACIONS<\/td>\n<td style=\"height: 31px; width: 84.6769%; text-align: center;\"><\/td>\n<\/tr>\n<tr style=\"height: 31px;\">\n<td style=\"height: 31px; width: 24.7546%; text-align: center;\"><span style=\"background-color: #f9f9f9;\">M\u00daSICA<\/span><\/td>\n<td style=\"height: 31px; width: 31.4089%; text-align: center;\">LA PETITA FACTORIA<\/td>\n<td style=\"height: 31px; width: 84.6769%; text-align: center;\"><\/td>\n<\/tr>\n<tr style=\"height: 52px;\">\n<td style=\"width: 24.7546%; text-align: center; height: 52px;\"><span style=\"background-color: #f9f9f9;\">ANGL\u00c8S<\/span><\/td>\n<td style=\"width: 31.4089%; text-align: center; height: 52px;\">AMBIENTS<\/td>\n<td style=\"width: 84.6769%; text-align: center; height: 52px;\"><\/td>\n<\/tr>\n<tr style=\"height: 52px;\">\n<td style=\"width: 24.7546%; text-align: center; height: 52px;\"><span style=\"background-color: #f9f9f9;\">EDUCACI\u00d3 F\u00cdSICA<\/span><\/td>\n<td style=\"width: 31.4089%; text-align: center; height: 52px;\">PAVELL\u00d3 DE LA FARGA<\/td>\n<td style=\"width: 84.6769%; text-align: center; height: 52px;\"><\/td>\n<\/tr>\n<\/tbody>\n<\/table>\n<p><strong><span style=\"text-decoration: underline;\">SERVEIS EXTERNS<\/span>:<\/strong><\/p>\n<\/div>\n<table style=\"width: 62.86%;\">\n<tbody>\n<tr>\n<td style=\"width: 55.836%; text-align: center;\"><b>PROFESSIONAL<\/b><\/td>\n<td style=\"width: 88.3281%; text-align: center;\"><b>NOM<\/b><\/td>\n<\/tr>\n<tr>\n<td style=\"width: 55.836%;\"><span style=\"font-weight: 400;\">EAP: PSICOPEDAGOGA\u00a0<\/span><\/td>\n<td style=\"width: 88.3281%;\"><span style=\"font-weight: 400;\">Elisabet Sanchez<\/span><\/td>\n<\/tr>\n<tr>\n<td style=\"width: 55.836%;\"><span style=\"font-weight: 400;\">EAP SOCIAL<\/span><\/td>\n<td style=\"width: 88.3281%;\"><span style=\"font-weight: 400;\">Marta Compte<\/span><\/td>\n<\/tr>\n<tr>\n<td style=\"width: 55.836%;\"><span style=\"font-weight: 400;\">CREDAG<\/span><\/td>\n<td style=\"width: 88.3281%;\"><span style=\"font-weight: 400;\">Fina Pons<\/span><\/td>\n<\/tr>\n<tr>\n<td style=\"width: 55.836%;\"><span style=\"font-weight: 400;\">CDIAP<\/span><\/td>\n<td style=\"width: 88.3281%;\"><span style=\"font-weight: 400;\">Equip<\/span><\/td>\n<\/tr>\n<tr>\n<td style=\"width: 55.836%;\"><span style=\"font-weight: 400;\">CENTRE OBERT<\/span><\/td>\n<td style=\"width: 88.3281%;\"><span style=\"font-weight: 400;\">Equip<\/span><\/td>\n<\/tr>\n<tr>\n<td style=\"width: 55.836%;\"><span style=\"font-weight: 400;\">ASSISTENTS SOCIALS<\/span><\/td>\n<td style=\"width: 88.3281%;\"><span style=\"font-weight: 400;\">Equip<\/span><\/td>\n<\/tr>\n<tr>\n<td style=\"width: 55.836%;\"><span style=\"font-weight: 400;\">SERVEI C\u00c0RITES<\/span><\/td>\n<td style=\"width: 88.3281%;\"><span style=\"font-weight: 400;\">Conxa Codina<\/span><\/td>\n<\/tr>\n<\/tbody>\n<\/table>\n<div><\/div>\n<div><strong><span style=\"text-decoration: underline;\">PERSONAL DEL CENTRE<\/span><\/strong><\/div>\n<div><\/div>\n<div><\/div>\n<table style=\"width: 63.2404%; height: 622px;\">\n<tbody>\n<tr style=\"height: 33px;\">\n<td style=\"width: 226px; height: 33px; text-align: center;\"><b>PROFESSIONAL<\/b><\/td>\n<td style=\"width: 230px; height: 33px; text-align: center;\"><b>NOM<\/b><\/td>\n<\/tr>\n<tr style=\"height: 33px;\">\n<td style=\"width: 226px; height: 33px;\"><span style=\"font-weight: 400;\">TEI<\/span><\/td>\n<td style=\"width: 230px; height: 33px;\"><span style=\"font-weight: 400;\">Gemma Gusi\u00f1\u00e9<\/span><\/td>\n<\/tr>\n<tr style=\"height: 33px;\">\n<td style=\"width: 226px; height: 33px;\"><span style=\"font-weight: 400;\">VETLLADORA<\/span><\/td>\n<td style=\"width: 230px; height: 33px;\"><span style=\"font-weight: 400;\">Francesca Morente<\/span><\/td>\n<\/tr>\n<tr style=\"height: 33px;\">\n<td style=\"width: 226px; height: 33px;\"><span style=\"font-weight: 400;\">ADMINISTRATIVA<\/span><\/td>\n<td style=\"width: 230px; height: 33px;\"><span style=\"font-weight: 400;\">Rosa Rubio<\/span><\/td>\n<\/tr>\n<tr style=\"height: 33px;\">\n<td style=\"width: 226px; height: 33px;\"><span style=\"font-weight: 400;\">CONSERGE<\/span><\/td>\n<td style=\"width: 230px; height: 33px;\"><span style=\"font-weight: 400;\">Josep Estarriola (Starri)<\/span><\/td>\n<\/tr>\n<tr style=\"height: 33px;\">\n<td style=\"width: 226px; height: 33px;\"><span style=\"font-weight: 400;\">ENCARREGADA MENJADOR<\/span><\/td>\n<td style=\"width: 230px; height: 33px;\">Olga Darn\u00e9s<\/td>\n<\/tr>\n<tr style=\"height: 33px;\">\n<td style=\"width: 226px; height: 33px;\"><span style=\"font-weight: 400;\">MONITORA MENJADOR<\/span><\/td>\n<td style=\"width: 230px; height: 33px;\">Mar Duran<\/td>\n<\/tr>\n<tr style=\"height: 33px;\">\n<td style=\"width: 226px; height: 33px;\"><span style=\"font-weight: 400;\">MONITOR MENJADOR<\/span><\/td>\n<td style=\"width: 230px; height: 33px;\">Josep Maria Encesa<\/td>\n<\/tr>\n<tr style=\"height: 33px;\">\n<td style=\"width: 226px; height: 33px;\"><span style=\"font-weight: 400;\">MONITORA MENJADOR<\/span><\/td>\n<td style=\"width: 230px; height: 33px;\">Raquel Ortiz<\/td>\n<\/tr>\n<tr style=\"height: 33px;\">\n<td style=\"width: 226px; height: 33px;\"><span style=\"font-weight: 400;\">MONITORA MENJADOR<\/span><\/td>\n<td style=\"width: 230px; height: 33px;\">Khaoula Etakat<\/td>\n<\/tr>\n<tr style=\"height: 33px;\">\n<td style=\"width: 226px; height: 33px;\"><span style=\"font-weight: 400;\">MONITORA MENJADOR<\/span><\/td>\n<td style=\"width: 230px; height: 33px;\">Brais Campos<\/td>\n<\/tr>\n<tr style=\"height: 33px;\">\n<td style=\"width: 226px; height: 33px;\"><span style=\"font-weight: 400;\">MONITORA MENJADOR<\/span><\/td>\n<td style=\"width: 230px; height: 33px;\">Hawa Diabira<\/td>\n<\/tr>\n<tr style=\"height: 33px;\">\n<td style=\"width: 226px; height: 33px;\"><span style=\"font-weight: 400;\">SERVEI DE CUINA<\/span><\/td>\n<td style=\"width: 230px; height: 33px;\">Teresa Torras<\/td>\n<\/tr>\n<tr style=\"height: 33px;\">\n<td style=\"width: 226px; height: 33px;\"><\/td>\n<td style=\"width: 230px; height: 33px;\"><\/td>\n<\/tr>\n<tr style=\"height: 28px;\">\n<td style=\"width: 226px; height: 28px;\"><span style=\"background-color: #f9f9f9;\">SERVEI NETEJA<\/span><\/td>\n<td style=\"width: 230px; height: 28px;\"><span style=\"background-color: #f9f9f9;\">Jainaba Dibaga<\/span><\/td>\n<\/tr>\n<tr style=\"height: 33px;\">\n<td style=\"width: 226px; height: 33px;\"><span style=\"background-color: #ffffff;\">SERVEI NETEJA<\/span><\/td>\n<td style=\"width: 230px; height: 33px;\"><span style=\"background-color: #ffffff;\">Fatoumata Dansira<\/span><\/td>\n<\/tr>\n<tr style=\"height: 33px;\">\n<td style=\"width: 226px; height: 33px;\">SERVEI NETEJA<\/td>\n<td style=\"width: 230px; height: 33px;\">Amie Kurubally<\/td>\n<\/tr>\n<tr style=\"height: 33px;\">\n<td style=\"width: 226px; height: 33px;\"><span style=\"font-weight: 400;\">MONITORA TRANSPORT<\/span><\/td>\n<td style=\"width: 230px; height: 33px;\"><span style=\"font-weight: 400;\">Pilar Planas<\/span><\/td>\n<\/tr>\n<tr style=\"height: 33px;\">\n<td style=\"width: 226px; height: 33px;\"><span style=\"font-weight: 400;\">MONITORA TRANSPORT<\/span><\/td>\n<td style=\"width: 230px; height: 33px;\"><span style=\"font-weight: 400;\">Sara Gim\u00e9nez<\/span><\/td>\n<\/tr>\n<tr>\n<td style=\"width: 226px;\"><\/td>\n<td style=\"width: 230px;\"><\/td>\n<\/tr>\n<\/tbody>\n<\/table>\n<p><strong style=\"font-family: inherit; font-size: 1em;\"><span style=\"text-decoration: underline;\">ELS INFANTS I LES FAM\u00cdLIES<\/span><\/strong><\/p>\n<p>220 Infants de Infantil i Prim\u00e0ria<\/p>\n","protected":false},"excerpt":{"rendered":"<p>Els 220 INFANTS d&#8217;infantil i prim\u00e0ria de l&#8217;escola CAMINS compten amb el seg\u00fcent equip hum\u00e0 que acompanyen en tot el proc\u00e9s d&#8217;ensenyament &#8211; aprenentatge: EQUIP DIRECTIU: Directora Isabel Vilagran Colprim Cap d\u2019estudis Elisabet Parella Mir Secret\u00e0ria S\u00edlvia Vilar Coromina EQUIP DOCENT: CURS AMBIENT\u00a0\u00a0\u00a0\u00a0 DOCENT QUE ACOMPANYA I3-I4-I5\u00a0 LA SALA I3-I4-I5\u00a0 EL LABORATORI I3-I4-I5\u00a0 EL JOC [&hellip;]<\/p>\n","protected":false},"author":1,"featured_media":0,"parent":0,"menu_order":0,"comment_status":"closed","ping_status":"closed","template":"","meta":{"_bbp_topic_count":0,"_bbp_reply_count":0,"_bbp_total_topic_count":0,"_bbp_total_reply_count":0,"_bbp_voice_count":0,"_bbp_anonymous_reply_count":0,"_bbp_topic_count_hidden":0,"_bbp_reply_count_hidden":0,"_bbp_forum_subforum_count":0,"site-sidebar-layout":"default","site-content-layout":"","ast-site-content-layout":"default","site-content-style":"default","site-sidebar-style":"default","ast-global-header-display":"","ast-banner-title-visibility":"","ast-main-header-display":"","ast-hfb-above-header-display":"","ast-hfb-below-header-display":"","ast-hfb-mobile-header-display":"","site-post-title":"","ast-breadcrumbs-content":"","ast-featured-img":"","footer-sml-layout":"","theme-transparent-header-meta":"default","adv-header-id-meta":"","stick-header-meta":"","header-above-stick-meta":"","header-main-stick-meta":"","header-below-stick-meta":"","astra-migrate-meta-layouts":"set","ast-page-background-enabled":"default","ast-page-background-meta":{"desktop":{"background-color":"var(--ast-global-color-4)","background-image":"","background-repeat":"repeat","background-position":"center center","background-size":"auto","background-attachment":"scroll","background-type":"","background-media":"","overlay-type":"","overlay-color":"","overlay-opacity":"","overlay-gradient":""},"tablet":{"background-color":"","background-image":"","background-repeat":"repeat","background-position":"center center","background-size":"auto","background-attachment":"scroll","background-type":"","background-media":"","overlay-type":"","overlay-color":"","overlay-opacity":"","overlay-gradient":""},"mobile":{"background-color":"","background-image":"","background-repeat":"repeat","background-position":"center center","background-size":"auto","background-attachment":"scroll","background-type":"","background-media":"","overlay-type":"","overlay-color":"","overlay-opacity":"","overlay-gradient":""}},"ast-content-background-meta":{"desktop":{"background-color":"var(--ast-global-color-5)","background-image":"","background-repeat":"repeat","background-position":"center center","background-size":"auto","background-attachment":"scroll","background-type":"","background-media":"","overlay-type":"","overlay-color":"","overlay-opacity":"","overlay-gradient":""},"tablet":{"background-color":"var(--ast-global-color-5)","background-image":"","background-repeat":"repeat","background-position":"center center","background-size":"auto","background-attachment":"scroll","background-type":"","background-media":"","overlay-type":"","overlay-color":"","overlay-opacity":"","overlay-gradient":""},"mobile":{"background-color":"var(--ast-global-color-5)","background-image":"","background-repeat":"repeat","background-position":"center center","background-size":"auto","background-attachment":"scroll","background-type":"","background-media":"","overlay-type":"","overlay-color":"","overlay-opacity":"","overlay-gradient":""}},"footnotes":""},"class_list":["post-574","page","type-page","status-publish","hentry"],"post_mailing_queue_ids":[],"_links":{"self":[{"href":"https:\/\/agora.xtec.cat\/escolacamins\/wp-json\/wp\/v2\/pages\/574","targetHints":{"allow":["GET"]}}],"collection":[{"href":"https:\/\/agora.xtec.cat\/escolacamins\/wp-json\/wp\/v2\/pages"}],"about":[{"href":"https:\/\/agora.xtec.cat\/escolacamins\/wp-json\/wp\/v2\/types\/page"}],"author":[{"embeddable":true,"href":"https:\/\/agora.xtec.cat\/escolacamins\/wp-json\/wp\/v2\/users\/1"}],"replies":[{"embeddable":true,"href":"https:\/\/agora.xtec.cat\/escolacamins\/wp-json\/wp\/v2\/comments?post=574"}],"version-history":[{"count":10,"href":"https:\/\/agora.xtec.cat\/escolacamins\/wp-json\/wp\/v2\/pages\/574\/revisions"}],"predecessor-version":[{"id":5421,"href":"https:\/\/agora.xtec.cat\/escolacamins\/wp-json\/wp\/v2\/pages\/574\/revisions\/5421"}],"wp:attachment":[{"href":"https:\/\/agora.xtec.cat\/escolacamins\/wp-json\/wp\/v2\/media?parent=574"}],"curies":[{"name":"wp","href":"https:\/\/api.w.org\/{rel}","templated":true}]}}