{"id":570,"date":"2016-11-18T13:42:13","date_gmt":"2016-11-18T12:42:13","guid":{"rendered":"http:\/\/agora.xtec.cat\/escolacamins\/?page_id=570"},"modified":"2025-07-08T17:14:47","modified_gmt":"2025-07-08T15:14:47","slug":"els-infants","status":"publish","type":"page","link":"https:\/\/agora.xtec.cat\/escolacamins\/els-infants\/","title":{"rendered":"La nostra petita hist\u00f2ria"},"content":{"rendered":"<div class=\"sites-embed-align-left-wrapping-on\">\n<div class=\"sites-embed-border-on sites-embed sites-embed-full-width\">\n<div class=\"sites-embed-content sites-embed-type-text\">\n<div class=\"sites-embed-content-textbox\">\n<div dir=\"ltr\">\n<p><span style=\"font-weight: 400;\">L\u2019escola Camins s\u2019inicia l\u2019any 2012 per una creixent demanda d\u2019escolaritzaci\u00f3 en el municipi i la previsi\u00f3 de creixement en el futur. En aquell moment, es proposa a un equip directiu elaborar el projecte de direcci\u00f3 que comen\u00e7a amb grans innovacions i propostes reals per adequar l\u2019escola a la societat actual i amb noves metodologies d\u2019ensenyament-aprenentatge on el protagonista principal \u00e9s L&#8217;INFANT. Tamb\u00e9 neix amb una cura especial en les relacions amb les fam\u00edlies i el context social de l\u2019entorn.\u00a0<\/span><\/p>\n<p><span style=\"font-weight: 400;\">L\u2019escola Camins s\u2019ubica a Banyoles que compta amb una poblaci\u00f3 de <\/span><span style=\"font-weight: 400;\">20.599 <\/span><span style=\"font-weight: 400;\">\u00a0habitants (2024). La ciutat compta amb cinc escoles de titularitat p\u00fablica, una de concertada i una escola bressol municipal. Tamb\u00e9 compta amb tres instituts de titularitat p\u00fablic i un de concertat. Des de fa vint-i-cinc anys, Banyoles compta amb un pla d\u2019escolaritzaci\u00f3 extensiva (PEE). \u00c9s un recurs que serveix per escolaritzar els alumnes als diferents centres de la ciutat de manera equilibrada i afavorint la cohesi\u00f3 social, tant a prim\u00e0ria com a secund\u00e0ria i al llarg de tot el curs escolar. Amb aquest projecte s\u2019aconsegueix: unes aules m\u00e9s equilibrades, major integraci\u00f3 i cohesi\u00f3 social dels alumnes i les fam\u00edlies, per tal de facilitar el proc\u00e9s d\u2019ensenyament i aprenentatge i afavorir l\u2019equitat.<\/span><\/p>\n<p><span style=\"font-weight: 400;\">L\u2019escola Camins ha anat creixent durant aquesta d\u00e8cada d\u2019una o dues l\u00ednies depenent de la necessitat d\u2019escolaritzaci\u00f3 de cada curs. Es va completar tota la l\u00ednia d&#8217;infantil i prim\u00e0ria (de I3 a 6\u00e8) el curs 2020-2021.<\/span><\/p>\n<p><span style=\"font-weight: 400;\">Actualment l\u2019escola es troba en fase de consolidaci\u00f3 d\u2019una l\u00ednea educativa en cada curs.<\/span><\/p>\n<p><span style=\"font-weight: 400;\">La l\u00ednia pedag\u00f2gica s\u2019estructura en equips intercicle I3 I4 i I5, 1r i 2n, 3r i 4t, 5\u00e8, 6\u00e8.<\/span><\/p>\n<p><span style=\"font-weight: 400;\">L\u2019equip educatiu del centre est\u00e0 format per professionals compromeses amb una educaci\u00f3 transformadora i de qualitat. El claustre treballa de manera col\u00b7laborativa, fomentant el treball en equip i la reflexi\u00f3 pedag\u00f2gica compartida. Es promou la formaci\u00f3 cont\u00ednua del professorat, tant a trav\u00e9s de formacions internes com externes, per tal d\u2019estar al dia de les noves aportacions pedag\u00f2giques i adaptar-les a la realitat del centre.<\/span><\/p>\n<p><span style=\"font-weight: 400;\">La pr\u00e0ctica docent es fonamenta en metodologies actives i participatives que posen l\u2019infant al centre del proc\u00e9s d\u2019aprenentatge. Es prioritza un ensenyament vivencial, significatiu i connectat amb l\u2019entorn, que afavoreix l\u2019autonomia, el pensament cr\u00edtic i la capacitat de treballar en equip dels alumnes. A trav\u00e9s de l\u2019observaci\u00f3, la documentaci\u00f3 i l\u2019avaluaci\u00f3 cont\u00ednua, els equips docents acompanyen el creixement personal i acad\u00e8mic de cada infant, respectant-ne els ritmes i les necessitats.<\/span><\/p>\n<p><span style=\"font-weight: 400;\">Aix\u00ed, l\u2019Escola Camins consolida un projecte educatiu viu, coherent i arrelat al seu context, amb una mirada oberta, inclusiva i compromesa amb el benestar i l\u2019aprenentatge de tots els infants.<\/span><\/p>\n<\/div>\n<table style=\"width: 99.3473%; height: 506px;\">\n<tbody>\n<tr style=\"height: 69px;\">\n<td style=\"width: 16.6929%; height: 69px; text-align: center;\"><b>CURS<\/b><\/td>\n<td style=\"width: 67.8864%; height: 69px; text-align: center;\"><b>NOMBRE DE L\u00cdNIES PER CURS<\/b><\/td>\n<td style=\"width: 2.03483%; height: 69px; text-align: center;\"><b>Nombre<\/b><\/p>\n<p><b>d&#8217;alumnes<\/b><\/td>\n<td style=\"width: 27.269%; height: 69px; text-align: center;\"><b>Nombre<\/b><\/p>\n<p><b>mestres<\/b><\/td>\n<\/tr>\n<tr style=\"height: 33px;\">\n<td style=\"width: 16.6929%; height: 33px;\"><b>Curs 2012-13<\/b><\/td>\n<td style=\"width: 67.8864%; height: 33px;\"><span style=\"font-weight: 400;\">P3 (2 l\u00ednies)<\/span><\/td>\n<td style=\"width: 2.03483%; height: 33px;\"><span style=\"font-weight: 400;\">40<\/span><\/td>\n<td style=\"width: 27.269%; height: 33px;\"><span style=\"font-weight: 400;\">4<\/span><\/td>\n<\/tr>\n<tr style=\"height: 33px;\">\n<td style=\"width: 16.6929%; height: 33px;\"><b>Curs 2013-14<\/b><\/td>\n<td style=\"width: 67.8864%; height: 33px;\"><span style=\"font-weight: 400;\">P3 (2) , P4 (2)<\/span><\/td>\n<td style=\"width: 2.03483%; height: 33px;\"><span style=\"font-weight: 400;\">88<\/span><\/td>\n<td style=\"width: 27.269%; height: 33px;\"><span style=\"font-weight: 400;\">6<\/span><\/td>\n<\/tr>\n<tr style=\"height: 33px;\">\n<td style=\"width: 16.6929%; height: 33px;\"><b>Curs 2014-15<\/b><\/td>\n<td style=\"width: 67.8864%; height: 33px;\"><span style=\"font-weight: 400;\">P3 (1), P4 (2), P5 (2)<\/span><\/td>\n<td style=\"width: 2.03483%; height: 33px;\"><span style=\"font-weight: 400;\">110<\/span><\/td>\n<td style=\"width: 27.269%; height: 33px;\"><span style=\"font-weight: 400;\">8<\/span><\/td>\n<\/tr>\n<tr style=\"height: 33px;\">\n<td style=\"width: 16.6929%; height: 33px;\"><b>Curs 2015-16<\/b><\/td>\n<td style=\"width: 67.8864%; height: 33px;\"><span style=\"font-weight: 400;\">P3 (2), P4 (1), P5 (2), 1r (2)<\/span><\/td>\n<td style=\"width: 2.03483%; height: 33px;\"><span style=\"font-weight: 400;\">159<\/span><\/td>\n<td style=\"width: 27.269%; height: 33px;\"><span style=\"font-weight: 400;\">11.5<\/span><\/td>\n<\/tr>\n<tr style=\"height: 33px;\">\n<td style=\"width: 16.6929%; height: 33px;\"><b>Curs 2016-17<\/b><\/td>\n<td style=\"width: 67.8864%; height: 33px;\"><span style=\"font-weight: 400;\">P3 (1), P4 (2), P5 (1), 1r (2) , 2n (2)<\/span><\/td>\n<td style=\"width: 2.03483%; height: 33px;\"><span style=\"font-weight: 400;\">183<\/span><\/td>\n<td style=\"width: 27.269%; height: 33px;\"><span style=\"font-weight: 400;\">13.5<\/span><\/td>\n<\/tr>\n<tr style=\"height: 33px;\">\n<td style=\"width: 16.6929%; height: 33px;\"><b>Curs 2017-18<\/b><\/td>\n<td style=\"width: 67.8864%; height: 33px;\"><span style=\"font-weight: 400;\">P3 (2), P4 (1), P5 (2), 1r (1), 2n (2), 3r (2)<\/span><\/td>\n<td style=\"width: 2.03483%; height: 33px;\"><span style=\"font-weight: 400;\">237<\/span><\/td>\n<td style=\"width: 27.269%; height: 33px;\"><span style=\"font-weight: 400;\">15.5<\/span><\/td>\n<\/tr>\n<tr style=\"height: 33px;\">\n<td style=\"width: 16.6929%; height: 33px;\"><b>Curs 2018-19<\/b><\/td>\n<td style=\"width: 67.8864%; height: 33px;\"><span style=\"font-weight: 400;\">P3 (1), P4 (2), P5 (1), 1r (2), 2n (1), 3r (2), 4t (2)<\/span><\/td>\n<td style=\"width: 2.03483%; height: 33px;\"><span style=\"font-weight: 400;\">264<\/span><\/td>\n<td style=\"width: 27.269%; height: 33px;\"><span style=\"font-weight: 400;\">17<\/span><\/td>\n<\/tr>\n<tr style=\"height: 10px;\">\n<td style=\"width: 16.6929%; height: 10px;\"><b>Curs 2019-20<\/b><\/td>\n<td style=\"width: 67.8864%; height: 10px;\"><span style=\"font-weight: 400;\">P3 (1), P4 (1), P5 (2), 1r (1), 2n (2), 3r (1), 4t (2), 5\u00e8(2)<\/span><\/td>\n<td style=\"width: 2.03483%; height: 10px;\">\n<p style=\"text-align: left;\">291<\/p>\n<\/td>\n<td style=\"width: 27.269%; height: 10px; text-align: left;\">18,5<\/td>\n<\/tr>\n<tr style=\"height: 49px;\">\n<td style=\"width: 16.6929%; height: 49px;\"><b>Curs 2020-21<\/b><\/td>\n<td style=\"width: 67.8864%; height: 49px;\"><span style=\"font-weight: 400;\">P3 (1), P4 (1), P5 (1), 1r (2), 2n (1), 3r (2), 4t (1), 5\u00e8(2), 6\u00e8 (2)<\/span><\/td>\n<td style=\"width: 2.03483%; height: 49px;\">313<\/td>\n<td style=\"width: 27.269%; height: 49px;\">20<\/td>\n<\/tr>\n<tr style=\"height: 48px;\">\n<td style=\"width: 16.6929%; height: 48px;\"><b>Curs 2021-22<\/b><\/td>\n<td style=\"width: 67.8864%; height: 48px;\"><span style=\"font-weight: 400;\">P3 (1), P4 (1), P5 (1), 1r (1), 2n (2), 3r (1), 4t (2), 5\u00e8(1), 6\u00e8 (2)<\/span><\/td>\n<td style=\"width: 2.03483%; height: 48px;\">288<\/td>\n<td style=\"width: 27.269%; height: 48px;\">18.5<\/td>\n<\/tr>\n<tr style=\"height: 33px;\">\n<td style=\"width: 16.6929%; height: 33px;\"><b>Curs 2022-23<\/b><\/td>\n<td style=\"width: 67.8864%; height: 33px;\"><span style=\"font-weight: 400;\">I3 (1), I4 (1), I5 (1), 1r (1), 2n (1), 3r (2), 4t (1), 5\u00e8(2), 6\u00e8 (1)<\/span><\/td>\n<td style=\"width: 2.03483%; height: 33px;\">258<\/td>\n<td style=\"width: 27.269%; height: 33px;\">16<\/td>\n<\/tr>\n<tr style=\"height: 33px;\">\n<td style=\"width: 16.6929%; height: 33px;\"><b>Curs 2023-24<\/b><\/td>\n<td style=\"width: 67.8864%; height: 33px;\"><span style=\"font-weight: 400;\">\u00a0I3 (1), I4 (1), I5 (1), 1r (1), 2n (1), 3r (1), 4t (2), 5\u00e8(1), 6\u00e8 (2)<\/span><\/td>\n<td style=\"width: 2.03483%; height: 33px;\">250<\/td>\n<td style=\"width: 27.269%; height: 33px;\">18.8<\/td>\n<\/tr>\n<tr style=\"height: 33px;\">\n<td style=\"width: 16.6929%; height: 33px;\"><b>Curs 2024-25<\/b><\/td>\n<td style=\"width: 67.8864%; height: 33px;\"><span style=\"font-weight: 400;\">\u00a0I3 (1), I4 (1), I5 (1), 1r (1), 2n (1), 3r (1), 4t (1), 5\u00e8(2), 6\u00e8 (1)<\/span><\/td>\n<td style=\"width: 2.03483%; height: 33px;\">220<\/td>\n<td style=\"width: 27.269%; height: 33px;\">17<\/td>\n<\/tr>\n<tr>\n<td style=\"width: 16.6929%;\"><b>Curs 2025-26<\/b><\/td>\n<td style=\"width: 67.8864%;\"><span style=\"font-weight: 400;\">\u00a0I3 (1), I4 (1), I5 (1), 1r (1), 2n (1), 3r (1), 4t (1), 5\u00e8(1), 6\u00e8 (2)<\/span><\/td>\n<td style=\"width: 2.03483%;\">220<\/td>\n<td style=\"width: 27.269%;\">17<\/td>\n<\/tr>\n<\/tbody>\n<\/table>\n<div dir=\"ltr\">\n<p><img loading=\"lazy\" decoding=\"async\" class=\"size-full wp-image-612 aligncenter\" src=\"http:\/\/agora.xtec.cat\/escolacamins\/wp-content\/uploads\/usu1441\/2016\/11\/FOTO-POEMA-MALAGUZZI.jpg\" alt=\"foto-poema-malaguzzi\" width=\"576\" height=\"756\" srcset=\"https:\/\/agora.xtec.cat\/escolacamins\/wp-content\/uploads\/usu1441\/2016\/11\/FOTO-POEMA-MALAGUZZI.jpg 576w, https:\/\/agora.xtec.cat\/escolacamins\/wp-content\/uploads\/usu1441\/2016\/11\/FOTO-POEMA-MALAGUZZI-229x300.jpg 229w\" sizes=\"auto, (max-width: 576px) 100vw, 576px\" \/><\/p>\n<\/div>\n<p style=\"text-align: center;\">\n<\/div>\n<\/div>\n<\/div>\n<\/div>\n<p>&nbsp;<\/p>\n","protected":false},"excerpt":{"rendered":"<p>L\u2019escola Camins s\u2019inicia l\u2019any 2012 per una creixent demanda d\u2019escolaritzaci\u00f3 en el municipi i la previsi\u00f3 de creixement en el futur. En aquell moment, es proposa a un equip directiu elaborar el projecte de direcci\u00f3 que comen\u00e7a amb grans innovacions i propostes reals per adequar l\u2019escola a la societat actual i amb noves metodologies d\u2019ensenyament-aprenentatge [&hellip;]<\/p>\n","protected":false},"author":1,"featured_media":0,"parent":0,"menu_order":0,"comment_status":"closed","ping_status":"closed","template":"","meta":{"_bbp_topic_count":0,"_bbp_reply_count":0,"_bbp_total_topic_count":0,"_bbp_total_reply_count":0,"_bbp_voice_count":0,"_bbp_anonymous_reply_count":0,"_bbp_topic_count_hidden":0,"_bbp_reply_count_hidden":0,"_bbp_forum_subforum_count":0,"site-sidebar-layout":"default","site-content-layout":"","ast-site-content-layout":"default","site-content-style":"default","site-sidebar-style":"default","ast-global-header-display":"","ast-banner-title-visibility":"","ast-main-header-display":"","ast-hfb-above-header-display":"","ast-hfb-below-header-display":"","ast-hfb-mobile-header-display":"","site-post-title":"","ast-breadcrumbs-content":"","ast-featured-img":"","footer-sml-layout":"","theme-transparent-header-meta":"default","adv-header-id-meta":"","stick-header-meta":"","header-above-stick-meta":"","header-main-stick-meta":"","header-below-stick-meta":"","astra-migrate-meta-layouts":"set","ast-page-background-enabled":"default","ast-page-background-meta":{"desktop":{"background-color":"var(--ast-global-color-4)","background-image":"","background-repeat":"repeat","background-position":"center center","background-size":"auto","background-attachment":"scroll","background-type":"","background-media":"","overlay-type":"","overlay-color":"","overlay-opacity":"","overlay-gradient":""},"tablet":{"background-color":"","background-image":"","background-repeat":"repeat","background-position":"center center","background-size":"auto","background-attachment":"scroll","background-type":"","background-media":"","overlay-type":"","overlay-color":"","overlay-opacity":"","overlay-gradient":""},"mobile":{"background-color":"","background-image":"","background-repeat":"repeat","background-position":"center center","background-size":"auto","background-attachment":"scroll","background-type":"","background-media":"","overlay-type":"","overlay-color":"","overlay-opacity":"","overlay-gradient":""}},"ast-content-background-meta":{"desktop":{"background-color":"var(--ast-global-color-5)","background-image":"","background-repeat":"repeat","background-position":"center center","background-size":"auto","background-attachment":"scroll","background-type":"","background-media":"","overlay-type":"","overlay-color":"","overlay-opacity":"","overlay-gradient":""},"tablet":{"background-color":"var(--ast-global-color-5)","background-image":"","background-repeat":"repeat","background-position":"center center","background-size":"auto","background-attachment":"scroll","background-type":"","background-media":"","overlay-type":"","overlay-color":"","overlay-opacity":"","overlay-gradient":""},"mobile":{"background-color":"var(--ast-global-color-5)","background-image":"","background-repeat":"repeat","background-position":"center center","background-size":"auto","background-attachment":"scroll","background-type":"","background-media":"","overlay-type":"","overlay-color":"","overlay-opacity":"","overlay-gradient":""}},"footnotes":""},"class_list":["post-570","page","type-page","status-publish","hentry"],"post_mailing_queue_ids":[],"_links":{"self":[{"href":"https:\/\/agora.xtec.cat\/escolacamins\/wp-json\/wp\/v2\/pages\/570","targetHints":{"allow":["GET"]}}],"collection":[{"href":"https:\/\/agora.xtec.cat\/escolacamins\/wp-json\/wp\/v2\/pages"}],"about":[{"href":"https:\/\/agora.xtec.cat\/escolacamins\/wp-json\/wp\/v2\/types\/page"}],"author":[{"embeddable":true,"href":"https:\/\/agora.xtec.cat\/escolacamins\/wp-json\/wp\/v2\/users\/1"}],"replies":[{"embeddable":true,"href":"https:\/\/agora.xtec.cat\/escolacamins\/wp-json\/wp\/v2\/comments?post=570"}],"version-history":[{"count":7,"href":"https:\/\/agora.xtec.cat\/escolacamins\/wp-json\/wp\/v2\/pages\/570\/revisions"}],"predecessor-version":[{"id":5418,"href":"https:\/\/agora.xtec.cat\/escolacamins\/wp-json\/wp\/v2\/pages\/570\/revisions\/5418"}],"wp:attachment":[{"href":"https:\/\/agora.xtec.cat\/escolacamins\/wp-json\/wp\/v2\/media?parent=570"}],"curies":[{"name":"wp","href":"https:\/\/api.w.org\/{rel}","templated":true}]}}