{"id":4216,"date":"2022-02-07T22:23:22","date_gmt":"2022-02-07T21:23:22","guid":{"rendered":"https:\/\/agora.xtec.cat\/escolacamins\/?page_id=4216"},"modified":"2022-02-07T22:30:12","modified_gmt":"2022-02-07T21:30:12","slug":"projecte-compartit","status":"publish","type":"page","link":"https:\/\/agora.xtec.cat\/escolacamins\/projecte-compartit\/","title":{"rendered":"Projectes compartits"},"content":{"rendered":"<p>Els projectes compartits amb la comunitat educativa ha estat un dels grans valors de CAMINS.\u00a0 Des dels inicis de l&#8217;escola es va encetar una de les <span style=\"font-weight: 400;\">din\u00e0miques i pr\u00e0ctiques que hem volgut salvaguardar al llarg dels anys: UN PROJECTE COMPARTIT amb fam\u00edlies, entorn i comunitat.<\/span><\/p>\n<p><span style=\"font-weight: 400;\"> Cada curs escolar, amb tota la comunitat del centre, somiem i portem a la pr\u00e0ctica un projecte que ens ha d\u2019ajudar a fer-nos m\u00e9s nostra l\u2019escola, a con\u00e8ixer-nos millor sempre des d\u2019una mirada de respecte i conviv\u00e8ncia.<\/span><\/p>\n<p><span style=\"font-weight: 400;\">Els projectes que hem desenvolupat fins al dia d&#8217;avui ha estat:<\/span><\/p>\n<p><a href=\"https:\/\/agora.xtec.cat\/escolacamins\/wp-content\/uploads\/usu1441\/2020\/11\/PROJECTE-COMPARTIT.png\"><img loading=\"lazy\" decoding=\"async\" class=\" wp-image-3527 aligncenter\" src=\"https:\/\/agora.xtec.cat\/escolacamins\/wp-content\/uploads\/usu1441\/2020\/11\/PROJECTE-COMPARTIT-1024x539.png\" alt=\"\" width=\"585\" height=\"308\" srcset=\"https:\/\/agora.xtec.cat\/escolacamins\/wp-content\/uploads\/usu1441\/2020\/11\/PROJECTE-COMPARTIT-1024x539.png 1024w, https:\/\/agora.xtec.cat\/escolacamins\/wp-content\/uploads\/usu1441\/2020\/11\/PROJECTE-COMPARTIT-300x158.png 300w, https:\/\/agora.xtec.cat\/escolacamins\/wp-content\/uploads\/usu1441\/2020\/11\/PROJECTE-COMPARTIT-768x404.png 768w, https:\/\/agora.xtec.cat\/escolacamins\/wp-content\/uploads\/usu1441\/2020\/11\/PROJECTE-COMPARTIT.png 1248w\" sizes=\"auto, (max-width: 585px) 100vw, 585px\" \/><\/a><\/p>\n<ul>\n<li style=\"font-weight: 400;\" aria-level=\"1\"><span style=\"font-weight: 400;\"><strong>Curs 12-13 : \u201cEl primer regal: un nom per l\u2019Escola\u201d<\/strong> Projecte on vam escollir el nom pel nostre centre: Escola Camins.<\/span><\/li>\n<li style=\"font-weight: 400;\" aria-level=\"1\"><strong>Curs 13-14: \u201cUn logotip per l\u2019Escola Camins\u201d. <\/strong>Creaci\u00f3 del logotip que actualment s&#8217;utilitza com a imatge de refer\u00e8ncia d&#8217;escola.<\/li>\n<li style=\"font-weight: 400;\" aria-level=\"1\"><span style=\"font-weight: 400;\"><strong>Curs 14-15: \u201cL\u2019escola que jo vull\u201d. <\/strong>Vam compartir i reflexionar entorn els valors del nostre centre per acabar elaborant i presentant la Carta de Comprom\u00eds.<\/span><\/li>\n<li style=\"font-weight: 400;\" aria-level=\"1\"><span style=\"font-weight: 400;\"><strong>Curs 15-16: \u201cMillorem el nostre pati\u201d.<\/strong> El resultat final del projecte va ser la construcci\u00f3 d\u2019una cabana i millora del pati amb m\u00e9s ombres i m\u00e9s verd.<\/span><\/li>\n<li style=\"font-weight: 400;\" aria-level=\"1\"><span style=\"font-weight: 400;\"><strong>Curs 16-17: \u201cLa mascota de lectura\u201d.<\/strong> El resultat final del projecte va ser la Bombolletra, la mascota de lectura del nostre centre.<\/span><\/li>\n<li style=\"font-weight: 400;\" aria-level=\"1\"><span style=\"font-weight: 400;\"><strong>Curs 17-18:\u201dUna can\u00e7\u00f3 per l\u2019escola\u201d<\/strong> El resultat final del projecte va ser una can\u00e7\u00f3 amb totes\u00a0 les lleng\u00fces que es parlen al centre.<\/span><\/li>\n<li aria-level=\"1\"><strong>Curs 18-19: &#8220;jocs d&#8217;arreu del m\u00f3n&#8221;<\/strong> El resultat final del projecte va ser un recull exhaustiu de jocs tradicionals de tot el m\u00f3n.<\/li>\n<li aria-level=\"1\"><strong>Curs 19-20: &#8220;Ens vinculem&#8221;<\/strong>. 16 ambients de l&#8217;escola es vinculen amb 16 entitats de la ciutat. Aquest projecte va quedar interromput per l&#8217;inici de la Pand\u00e8mia de COVID-19.<\/li>\n<\/ul>\n<p><span style=\"font-weight: 400;\">De cadascun dels projectes participatius i compartits n\u2019ha sorgit algun \u201cproducte\u201d: un nom, un logotip, una carta de comprom\u00eds, una cabana pel pati, una mascota de lectura, una can\u00e7\u00f3. Per\u00f2 aquest \u201cproducte\u201d \u00e9s nom\u00e9s una excusa per poder treballar tot un seguit d\u2019objectius que ens han d\u2019ajudar a millorar les relacions entre tots els membres de la comunitat educativa, a millorar la participaci\u00f3 de totes les fam\u00edlies tinguin la proced\u00e8ncia que tinguin i en definitiva a ser una escola participativa i democr\u00e0tica.<\/span><\/p>\n<p><a href=\"https:\/\/agora.xtec.cat\/escolacamins\/wp-content\/uploads\/usu1441\/2020\/11\/PROJECTE-COMPARTIT-1.png\"><img loading=\"lazy\" decoding=\"async\" class=\"alignnone size-large wp-image-3526\" src=\"https:\/\/agora.xtec.cat\/escolacamins\/wp-content\/uploads\/usu1441\/2020\/11\/PROJECTE-COMPARTIT-1-1024x567.png\" alt=\"\" width=\"1024\" height=\"567\" srcset=\"https:\/\/agora.xtec.cat\/escolacamins\/wp-content\/uploads\/usu1441\/2020\/11\/PROJECTE-COMPARTIT-1-1024x567.png 1024w, https:\/\/agora.xtec.cat\/escolacamins\/wp-content\/uploads\/usu1441\/2020\/11\/PROJECTE-COMPARTIT-1-300x166.png 300w, https:\/\/agora.xtec.cat\/escolacamins\/wp-content\/uploads\/usu1441\/2020\/11\/PROJECTE-COMPARTIT-1-768x426.png 768w, https:\/\/agora.xtec.cat\/escolacamins\/wp-content\/uploads\/usu1441\/2020\/11\/PROJECTE-COMPARTIT-1.png 1247w\" sizes=\"auto, (max-width: 1024px) 100vw, 1024px\" \/><\/a><\/p>\n<p>&nbsp;<\/p>\n","protected":false},"excerpt":{"rendered":"<p>Els projectes compartits amb la comunitat educativa ha estat un dels grans valors de CAMINS.\u00a0 Des dels inicis de l&#8217;escola es va encetar una de les din\u00e0miques i pr\u00e0ctiques que hem volgut salvaguardar al llarg dels anys: UN PROJECTE COMPARTIT amb fam\u00edlies, entorn i comunitat. Cada curs escolar, amb tota la comunitat del centre, somiem [&hellip;]<\/p>\n","protected":false},"author":16,"featured_media":0,"parent":0,"menu_order":0,"comment_status":"closed","ping_status":"closed","template":"","meta":{"_bbp_topic_count":0,"_bbp_reply_count":0,"_bbp_total_topic_count":0,"_bbp_total_reply_count":0,"_bbp_voice_count":0,"_bbp_anonymous_reply_count":0,"_bbp_topic_count_hidden":0,"_bbp_reply_count_hidden":0,"_bbp_forum_subforum_count":0,"site-sidebar-layout":"default","site-content-layout":"","ast-site-content-layout":"","site-content-style":"default","site-sidebar-style":"default","ast-global-header-display":"","ast-banner-title-visibility":"","ast-main-header-display":"","ast-hfb-above-header-display":"","ast-hfb-below-header-display":"","ast-hfb-mobile-header-display":"","site-post-title":"","ast-breadcrumbs-content":"","ast-featured-img":"","footer-sml-layout":"","theme-transparent-header-meta":"","adv-header-id-meta":"","stick-header-meta":"","header-above-stick-meta":"","header-main-stick-meta":"","header-below-stick-meta":"","astra-migrate-meta-layouts":"default","ast-page-background-enabled":"default","ast-page-background-meta":{"desktop":{"background-color":"var(--ast-global-color-4)","background-image":"","background-repeat":"repeat","background-position":"center center","background-size":"auto","background-attachment":"scroll","background-type":"","background-media":"","overlay-type":"","overlay-color":"","overlay-opacity":"","overlay-gradient":""},"tablet":{"background-color":"","background-image":"","background-repeat":"repeat","background-position":"center center","background-size":"auto","background-attachment":"scroll","background-type":"","background-media":"","overlay-type":"","overlay-color":"","overlay-opacity":"","overlay-gradient":""},"mobile":{"background-color":"","background-image":"","background-repeat":"repeat","background-position":"center center","background-size":"auto","background-attachment":"scroll","background-type":"","background-media":"","overlay-type":"","overlay-color":"","overlay-opacity":"","overlay-gradient":""}},"ast-content-background-meta":{"desktop":{"background-color":"var(--ast-global-color-5)","background-image":"","background-repeat":"repeat","background-position":"center center","background-size":"auto","background-attachment":"scroll","background-type":"","background-media":"","overlay-type":"","overlay-color":"","overlay-opacity":"","overlay-gradient":""},"tablet":{"background-color":"var(--ast-global-color-5)","background-image":"","background-repeat":"repeat","background-position":"center center","background-size":"auto","background-attachment":"scroll","background-type":"","background-media":"","overlay-type":"","overlay-color":"","overlay-opacity":"","overlay-gradient":""},"mobile":{"background-color":"var(--ast-global-color-5)","background-image":"","background-repeat":"repeat","background-position":"center center","background-size":"auto","background-attachment":"scroll","background-type":"","background-media":"","overlay-type":"","overlay-color":"","overlay-opacity":"","overlay-gradient":""}},"footnotes":""},"class_list":["post-4216","page","type-page","status-publish","hentry"],"post_mailing_queue_ids":[],"_links":{"self":[{"href":"https:\/\/agora.xtec.cat\/escolacamins\/wp-json\/wp\/v2\/pages\/4216","targetHints":{"allow":["GET"]}}],"collection":[{"href":"https:\/\/agora.xtec.cat\/escolacamins\/wp-json\/wp\/v2\/pages"}],"about":[{"href":"https:\/\/agora.xtec.cat\/escolacamins\/wp-json\/wp\/v2\/types\/page"}],"author":[{"embeddable":true,"href":"https:\/\/agora.xtec.cat\/escolacamins\/wp-json\/wp\/v2\/users\/16"}],"replies":[{"embeddable":true,"href":"https:\/\/agora.xtec.cat\/escolacamins\/wp-json\/wp\/v2\/comments?post=4216"}],"version-history":[{"count":3,"href":"https:\/\/agora.xtec.cat\/escolacamins\/wp-json\/wp\/v2\/pages\/4216\/revisions"}],"predecessor-version":[{"id":4222,"href":"https:\/\/agora.xtec.cat\/escolacamins\/wp-json\/wp\/v2\/pages\/4216\/revisions\/4222"}],"wp:attachment":[{"href":"https:\/\/agora.xtec.cat\/escolacamins\/wp-json\/wp\/v2\/media?parent=4216"}],"curies":[{"name":"wp","href":"https:\/\/api.w.org\/{rel}","templated":true}]}}