{"id":4207,"date":"2022-02-07T21:50:05","date_gmt":"2022-02-07T20:50:05","guid":{"rendered":"https:\/\/agora.xtec.cat\/escolacamins\/?page_id=4207"},"modified":"2025-07-08T17:24:57","modified_gmt":"2025-07-08T15:24:57","slug":"fent-xarxa","status":"publish","type":"page","link":"https:\/\/agora.xtec.cat\/escolacamins\/fent-xarxa\/","title":{"rendered":"Fent xarxa"},"content":{"rendered":"<p>Un dels pilars de l&#8217;escola \u00e9s<strong> FER XARXA.<\/strong> Compartir i aprendre conjuntament \u00e9s indispensable per anar avan\u00e7ant. Agra\u00efm la possibilitat d&#8217;implicar-nos en la millora de la tasca educativa, en la formaci\u00f3 del Claustre de l&#8217;escola treballant conjuntament amb diferents universitats, associacions i entitats.<\/p>\n<p><a href=\"https:\/\/agora.xtec.cat\/escolacamins\/wp-content\/uploads\/usu1441\/2025\/07\/xarxa.png\"><img loading=\"lazy\" decoding=\"async\" class=\"size-full wp-image-5423 aligncenter\" src=\"https:\/\/agora.xtec.cat\/escolacamins\/wp-content\/uploads\/usu1441\/2025\/07\/xarxa.png\" alt=\"\" width=\"732\" height=\"411\" srcset=\"https:\/\/agora.xtec.cat\/escolacamins\/wp-content\/uploads\/usu1441\/2025\/07\/xarxa.png 732w, https:\/\/agora.xtec.cat\/escolacamins\/wp-content\/uploads\/usu1441\/2025\/07\/xarxa-300x168.png 300w\" sizes=\"auto, (max-width: 732px) 100vw, 732px\" \/><\/a><\/p>\n","protected":false},"excerpt":{"rendered":"<p>Un dels pilars de l&#8217;escola \u00e9s FER XARXA. Compartir i aprendre conjuntament \u00e9s indispensable per anar avan\u00e7ant. Agra\u00efm la possibilitat d&#8217;implicar-nos en la millora de la tasca educativa, en la formaci\u00f3 del Claustre de l&#8217;escola treballant conjuntament amb diferents universitats, associacions i entitats.<\/p>\n","protected":false},"author":16,"featured_media":0,"parent":0,"menu_order":0,"comment_status":"closed","ping_status":"closed","template":"","meta":{"_bbp_topic_count":0,"_bbp_reply_count":0,"_bbp_total_topic_count":0,"_bbp_total_reply_count":0,"_bbp_voice_count":0,"_bbp_anonymous_reply_count":0,"_bbp_topic_count_hidden":0,"_bbp_reply_count_hidden":0,"_bbp_forum_subforum_count":0,"site-sidebar-layout":"default","site-content-layout":"","ast-site-content-layout":"default","site-content-style":"default","site-sidebar-style":"default","ast-global-header-display":"","ast-banner-title-visibility":"","ast-main-header-display":"","ast-hfb-above-header-display":"","ast-hfb-below-header-display":"","ast-hfb-mobile-header-display":"","site-post-title":"","ast-breadcrumbs-content":"","ast-featured-img":"","footer-sml-layout":"","theme-transparent-header-meta":"default","adv-header-id-meta":"","stick-header-meta":"","header-above-stick-meta":"","header-main-stick-meta":"","header-below-stick-meta":"","astra-migrate-meta-layouts":"set","ast-page-background-enabled":"default","ast-page-background-meta":{"desktop":{"background-color":"var(--ast-global-color-4)","background-image":"","background-repeat":"repeat","background-position":"center center","background-size":"auto","background-attachment":"scroll","background-type":"","background-media":"","overlay-type":"","overlay-color":"","overlay-opacity":"","overlay-gradient":""},"tablet":{"background-color":"","background-image":"","background-repeat":"repeat","background-position":"center center","background-size":"auto","background-attachment":"scroll","background-type":"","background-media":"","overlay-type":"","overlay-color":"","overlay-opacity":"","overlay-gradient":""},"mobile":{"background-color":"","background-image":"","background-repeat":"repeat","background-position":"center center","background-size":"auto","background-attachment":"scroll","background-type":"","background-media":"","overlay-type":"","overlay-color":"","overlay-opacity":"","overlay-gradient":""}},"ast-content-background-meta":{"desktop":{"background-color":"var(--ast-global-color-5)","background-image":"","background-repeat":"repeat","background-position":"center center","background-size":"auto","background-attachment":"scroll","background-type":"","background-media":"","overlay-type":"","overlay-color":"","overlay-opacity":"","overlay-gradient":""},"tablet":{"background-color":"var(--ast-global-color-5)","background-image":"","background-repeat":"repeat","background-position":"center center","background-size":"auto","background-attachment":"scroll","background-type":"","background-media":"","overlay-type":"","overlay-color":"","overlay-opacity":"","overlay-gradient":""},"mobile":{"background-color":"var(--ast-global-color-5)","background-image":"","background-repeat":"repeat","background-position":"center center","background-size":"auto","background-attachment":"scroll","background-type":"","background-media":"","overlay-type":"","overlay-color":"","overlay-opacity":"","overlay-gradient":""}},"footnotes":""},"class_list":["post-4207","page","type-page","status-publish","hentry"],"post_mailing_queue_ids":[],"_links":{"self":[{"href":"https:\/\/agora.xtec.cat\/escolacamins\/wp-json\/wp\/v2\/pages\/4207","targetHints":{"allow":["GET"]}}],"collection":[{"href":"https:\/\/agora.xtec.cat\/escolacamins\/wp-json\/wp\/v2\/pages"}],"about":[{"href":"https:\/\/agora.xtec.cat\/escolacamins\/wp-json\/wp\/v2\/types\/page"}],"author":[{"embeddable":true,"href":"https:\/\/agora.xtec.cat\/escolacamins\/wp-json\/wp\/v2\/users\/16"}],"replies":[{"embeddable":true,"href":"https:\/\/agora.xtec.cat\/escolacamins\/wp-json\/wp\/v2\/comments?post=4207"}],"version-history":[{"count":4,"href":"https:\/\/agora.xtec.cat\/escolacamins\/wp-json\/wp\/v2\/pages\/4207\/revisions"}],"predecessor-version":[{"id":5424,"href":"https:\/\/agora.xtec.cat\/escolacamins\/wp-json\/wp\/v2\/pages\/4207\/revisions\/5424"}],"wp:attachment":[{"href":"https:\/\/agora.xtec.cat\/escolacamins\/wp-json\/wp\/v2\/media?parent=4207"}],"curies":[{"name":"wp","href":"https:\/\/api.w.org\/{rel}","templated":true}]}}