{"id":4195,"date":"2022-02-07T21:07:35","date_gmt":"2022-02-07T20:07:35","guid":{"rendered":"https:\/\/agora.xtec.cat\/escolacamins\/?page_id=4195"},"modified":"2025-07-08T16:51:05","modified_gmt":"2025-07-08T14:51:05","slug":"camins-lescola","status":"publish","type":"page","link":"https:\/\/agora.xtec.cat\/escolacamins\/camins-lescola\/","title":{"rendered":"CAMINS, L&#8217;ESCOLA"},"content":{"rendered":"<blockquote><p><span style=\"font-size: large;\"><i><span lang=\"ES\">No podem preparar els alumnes perqu\u00e8 construeixin el m\u00f3n dels seus somnis si nosaltres no creiem en els nostres<\/span><\/i><span lang=\"ES\">&#8220;<\/span><\/span><\/p>\n<p align=\"right\"><span style=\"font-size: large;\"><span lang=\"ES\">Celestine Freinet \u00a0<\/span><\/span><span style=\"font-size: small;\">(pedagog franc\u00e9s &#8211; Provenza)<\/span><\/p>\n<\/blockquote>\n<p><span style=\"font-weight: 400;\">Es fa dif\u00edcil definir, en poques paraules, tot un projecte educatiu que engloba tantes persones; diferents maneres de sentir, de ser i de fer. L&#8217;equip pedag\u00f2gic de l&#8217;Escola Camins de Banyoles som persones il\u00b7lusionades i compromeses amb l&#8217;educaci\u00f3, que compartim una filosofia educativa comuna.<\/span><\/p>\n<p><span style=\"font-weight: 400;\">L&#8217;escola que anem construint parteix dels INFANTS com a persones capaces i aut\u00f2nomes i dels AMBIENTS com a elements educatius amb vida pr\u00f2pia. Aquests ambients s\u00f3n llocs de trobada on els infants poden compartir interessos i projectes. S\u00f3n espais acollidors, amb varietat de materials que desperten la curiositat, amb una est\u00e8tica agradable que convida a la creaci\u00f3 de situacions d&#8217;experimentaci\u00f3, d&#8217;aprenentatge i de relaci\u00f3.<\/span><\/p>\n<p><span style=\"font-weight: 400;\">Treballem per seguir construint:<\/span><\/p>\n<ul>\n<li style=\"font-weight: 400;\" aria-level=\"1\"><span style=\"font-weight: 400;\">Una escola on els INFANTS siguin els protagonistes dels seus aprenentatges.<\/span><\/li>\n<li style=\"font-weight: 400;\" aria-level=\"1\"><span style=\"font-weight: 400;\">Una escola que reconeix la important contribuci\u00f3 di\u00e0ria de les FAM\u00cdLIES i la seva participaci\u00f3 i implicaci\u00f3.<\/span><\/li>\n<li style=\"font-weight: 400;\" aria-level=\"1\"><span style=\"font-weight: 400;\">Una escola de L&#8217;APRENENTATGE, on la imaginaci\u00f3, la creativitat, la curiositat, la perseveran\u00e7a i el gaudi en siguin les principals eines.<\/span><\/li>\n<li style=\"font-weight: 400;\" aria-level=\"1\"><span style=\"font-weight: 400;\">Una escola relacionada amb l&#8217;ENTORN, per con\u00e8ixer i conviure en el m\u00f3n que ens envolta.<\/span><\/li>\n<li style=\"font-weight: 400;\" aria-level=\"1\"><span style=\"font-weight: 400;\">Una escola participativa i oberta a la COMUNITAT, que vol formar part de Banyoles com a ciutat educadora.<\/span><\/li>\n<li style=\"font-weight: 400;\" aria-level=\"1\"><span style=\"font-weight: 400;\">Una escola amb PERSONES que acompanyen els infants i que vetllen per la seva felicitat.<\/span><\/li>\n<li style=\"font-weight: 400;\" aria-level=\"1\"><span style=\"font-weight: 400;\">Una escola P\u00daBLICA, LAICA i CATALANA de qualitat.<\/span><\/li>\n<li style=\"font-weight: 400;\" aria-level=\"1\"><span style=\"font-weight: 400;\">Una escola DEMOCR\u00c0TICA\u00a0 que vetlli per la participaci\u00f3 i la transpar\u00e8ncia en les gestions i la vida del centre.<\/span><\/li>\n<li style=\"font-weight: 400;\" aria-level=\"1\"><span style=\"font-weight: 400;\">Una escola DIN\u00c0MICA i ACTIVA, capa\u00e7 d&#8217;adaptar-se als canvis.<\/span><\/li>\n<\/ul>\n<p><span style=\"font-weight: 400;\">La il\u00b7lusi\u00f3 de tota la comunitat educativa ens encoratgen a caminar junts, fam\u00edlies i mestres, tot compartint el repte d&#8217;educar.<\/span><\/p>\n","protected":false},"excerpt":{"rendered":"<p>No podem preparar els alumnes perqu\u00e8 construeixin el m\u00f3n dels seus somnis si nosaltres no creiem en els nostres&#8220; Celestine Freinet \u00a0(pedagog franc\u00e9s &#8211; Provenza) Es fa dif\u00edcil definir, en poques paraules, tot un projecte educatiu que engloba tantes persones; diferents maneres de sentir, de ser i de fer. L&#8217;equip pedag\u00f2gic de l&#8217;Escola Camins de [&hellip;]<\/p>\n","protected":false},"author":16,"featured_media":0,"parent":0,"menu_order":0,"comment_status":"closed","ping_status":"closed","template":"","meta":{"_bbp_topic_count":0,"_bbp_reply_count":0,"_bbp_total_topic_count":0,"_bbp_total_reply_count":0,"_bbp_voice_count":0,"_bbp_anonymous_reply_count":0,"_bbp_topic_count_hidden":0,"_bbp_reply_count_hidden":0,"_bbp_forum_subforum_count":0,"site-sidebar-layout":"default","site-content-layout":"","ast-site-content-layout":"default","site-content-style":"default","site-sidebar-style":"default","ast-global-header-display":"","ast-banner-title-visibility":"","ast-main-header-display":"","ast-hfb-above-header-display":"","ast-hfb-below-header-display":"","ast-hfb-mobile-header-display":"","site-post-title":"","ast-breadcrumbs-content":"","ast-featured-img":"","footer-sml-layout":"","theme-transparent-header-meta":"default","adv-header-id-meta":"","stick-header-meta":"","header-above-stick-meta":"","header-main-stick-meta":"","header-below-stick-meta":"","astra-migrate-meta-layouts":"set","ast-page-background-enabled":"default","ast-page-background-meta":{"desktop":{"background-color":"var(--ast-global-color-4)","background-image":"","background-repeat":"repeat","background-position":"center center","background-size":"auto","background-attachment":"scroll","background-type":"","background-media":"","overlay-type":"","overlay-color":"","overlay-opacity":"","overlay-gradient":""},"tablet":{"background-color":"","background-image":"","background-repeat":"repeat","background-position":"center center","background-size":"auto","background-attachment":"scroll","background-type":"","background-media":"","overlay-type":"","overlay-color":"","overlay-opacity":"","overlay-gradient":""},"mobile":{"background-color":"","background-image":"","background-repeat":"repeat","background-position":"center center","background-size":"auto","background-attachment":"scroll","background-type":"","background-media":"","overlay-type":"","overlay-color":"","overlay-opacity":"","overlay-gradient":""}},"ast-content-background-meta":{"desktop":{"background-color":"var(--ast-global-color-5)","background-image":"","background-repeat":"repeat","background-position":"center center","background-size":"auto","background-attachment":"scroll","background-type":"","background-media":"","overlay-type":"","overlay-color":"","overlay-opacity":"","overlay-gradient":""},"tablet":{"background-color":"var(--ast-global-color-5)","background-image":"","background-repeat":"repeat","background-position":"center center","background-size":"auto","background-attachment":"scroll","background-type":"","background-media":"","overlay-type":"","overlay-color":"","overlay-opacity":"","overlay-gradient":""},"mobile":{"background-color":"var(--ast-global-color-5)","background-image":"","background-repeat":"repeat","background-position":"center center","background-size":"auto","background-attachment":"scroll","background-type":"","background-media":"","overlay-type":"","overlay-color":"","overlay-opacity":"","overlay-gradient":""}},"footnotes":""},"class_list":["post-4195","page","type-page","status-publish","hentry"],"post_mailing_queue_ids":[],"_links":{"self":[{"href":"https:\/\/agora.xtec.cat\/escolacamins\/wp-json\/wp\/v2\/pages\/4195","targetHints":{"allow":["GET"]}}],"collection":[{"href":"https:\/\/agora.xtec.cat\/escolacamins\/wp-json\/wp\/v2\/pages"}],"about":[{"href":"https:\/\/agora.xtec.cat\/escolacamins\/wp-json\/wp\/v2\/types\/page"}],"author":[{"embeddable":true,"href":"https:\/\/agora.xtec.cat\/escolacamins\/wp-json\/wp\/v2\/users\/16"}],"replies":[{"embeddable":true,"href":"https:\/\/agora.xtec.cat\/escolacamins\/wp-json\/wp\/v2\/comments?post=4195"}],"version-history":[{"count":4,"href":"https:\/\/agora.xtec.cat\/escolacamins\/wp-json\/wp\/v2\/pages\/4195\/revisions"}],"predecessor-version":[{"id":5415,"href":"https:\/\/agora.xtec.cat\/escolacamins\/wp-json\/wp\/v2\/pages\/4195\/revisions\/5415"}],"wp:attachment":[{"href":"https:\/\/agora.xtec.cat\/escolacamins\/wp-json\/wp\/v2\/media?parent=4195"}],"curies":[{"name":"wp","href":"https:\/\/api.w.org\/{rel}","templated":true}]}}