{"id":4190,"date":"2022-02-07T20:42:44","date_gmt":"2022-02-07T19:42:44","guid":{"rendered":"https:\/\/agora.xtec.cat\/escolacamins\/?page_id=4190"},"modified":"2025-07-08T17:23:01","modified_gmt":"2025-07-08T15:23:01","slug":"consell-escolar","status":"publish","type":"page","link":"https:\/\/agora.xtec.cat\/escolacamins\/consell-escolar\/","title":{"rendered":"Consell Escolar"},"content":{"rendered":"<p>El consell escolar del centre \u00e9s l&#8217;\u00f2rgan col\u00b7legiat de participaci\u00f3 de la comunitat escolar en el govern del centre. En el consell escolar hi ha representats tots els col\u00b7lectius que intervenen en la comunitat educativa: equip directiu, professorat, fam\u00edlies, representaci\u00f3 AFA, personal d&#8217;administraci\u00f3 i serveis, etc.<\/p>\n<p><span style=\"font-weight: 400;\">En els centres p\u00fablics, la funci\u00f3 principal del consell escolar \u00e9s participar en la presa de decisions en relaci\u00f3 amb aquells temes importants per al funcionament i l&#8217;organitzaci\u00f3 del centre: el projecte educatiu, la programaci\u00f3 general, la gesti\u00f3 econ\u00f2mica, etc.<\/span><\/p>\n<p><span style=\"font-weight: 400;\">Els membres del consell escolar s\u00f3n elegits per un per\u00edode de quatre anys i es renoven per meitats cada dos anys. El novembre de 2023 es van celebrar les eleccions al Consell Escolar amb la seg\u00fcent composici\u00f3 final:<\/span><\/p>\n<p style=\"text-align: center;\"><strong><span style=\"text-decoration: underline;\">CONSELL ESCOLAR ESCOLA CAMINS &#8211; NOVEMBRE 2023<\/span><\/strong><\/p>\n<table style=\"height: 755px; width: 90.0266%;\">\n<tbody>\n<tr style=\"height: 40px;\">\n<td style=\"height: 40px; width: 127.649%; text-align: center;\" colspan=\"2\"><strong>CONSELL ESCOLAR\u00a0<\/strong><\/td>\n<\/tr>\n<tr style=\"height: 55px;\">\n<td style=\"height: 55px; width: 45.7557%;\"><span style=\"font-weight: 400;\">Directora\/Cap d\u2019Estudis\/Secret\u00e0ria<\/span><\/td>\n<td style=\"height: 55px; width: 81.8929%;\"><span style=\"font-weight: 400;\">Isabel Vilagran \/ Bet Parella \/S\u00edlvia Vilar<\/span><\/td>\n<\/tr>\n<tr style=\"height: 55px;\">\n<td style=\"height: 55px; width: 45.7557%;\"><span style=\"font-weight: 400;\">Representant de l\u2019Ajuntament<\/span><\/td>\n<td style=\"height: 55px; width: 81.8929%;\"><span style=\"font-weight: 400;\">Nani Comalat<\/span><\/td>\n<\/tr>\n<tr style=\"height: 55px;\">\n<td style=\"height: 55px; width: 45.7557%;\"><span style=\"font-weight: 400;\">Representant sector mestres<\/span><\/td>\n<td style=\"height: 55px; width: 81.8929%;\"><span style=\"font-weight: 400;\">Laura Puigdevall<\/span><\/td>\n<\/tr>\n<tr style=\"height: 55px;\">\n<td style=\"height: 55px; width: 45.7557%;\"><span style=\"font-weight: 400;\">Representant sector mestres<\/span><\/td>\n<td style=\"height: 55px; width: 81.8929%;\">F\u00e0tima Dalmau<\/td>\n<\/tr>\n<tr style=\"height: 55px;\">\n<td style=\"height: 55px; width: 45.7557%;\"><span style=\"font-weight: 400;\">Representant sector mestres<\/span><\/td>\n<td style=\"height: 55px; width: 81.8929%;\"><span style=\"font-weight: 400;\">Adri\u00e0 Dilm\u00e9<\/span><\/td>\n<\/tr>\n<tr>\n<td style=\"width: 45.7557%;\"><span style=\"font-weight: 400;\">Representant sector mestres<\/span><\/td>\n<td style=\"width: 81.8929%;\"><span style=\"font-weight: 400;\">Carmina Masoliver<\/span><\/td>\n<\/tr>\n<tr style=\"height: 55px;\">\n<td style=\"height: 55px; width: 45.7557%;\">Representant sector mestres<\/td>\n<td style=\"height: 55px; width: 81.8929%;\">Carme G\u00fcell<\/td>\n<\/tr>\n<tr style=\"height: 55px;\">\n<td style=\"height: 55px; width: 45.7557%;\"><span style=\"font-weight: 400;\">Representant sector PAS<\/span><\/td>\n<td style=\"height: 55px; width: 81.8929%;\">Rosa Rubio<\/td>\n<\/tr>\n<tr style=\"height: 55px;\">\n<td style=\"height: 55px; width: 45.7557%;\">Representant sector PAE<\/td>\n<td style=\"height: 55px; width: 81.8929%;\"><span style=\"background-color: #f9f9f9;\">Gemma Gusi\u00f1\u00e9<\/span><\/td>\n<\/tr>\n<tr style=\"height: 55px;\">\n<td style=\"height: 55px; width: 45.7557%;\"><span style=\"background-color: #f9f9f9;\">Representant sector fam\u00edlies<\/span><\/td>\n<td style=\"height: 55px; width: 81.8929%;\"><span style=\"background-color: #ffffff;\">Pere Ponsat\u00ed<\/span><\/td>\n<\/tr>\n<tr style=\"height: 55px;\">\n<td style=\"height: 55px; width: 45.7557%;\"><span style=\"background-color: #ffffff;\">Representant sector fam\u00edlies<\/span><\/td>\n<td style=\"height: 55px; width: 81.8929%;\"><span style=\"background-color: #f9f9f9;\">Neus Dan\u00e9s<\/span><\/td>\n<\/tr>\n<tr style=\"height: 55px;\">\n<td style=\"height: 55px; width: 45.7557%;\"><span style=\"background-color: #f9f9f9;\">Representant sector fam\u00edlies<\/span><\/td>\n<td style=\"height: 55px; width: 81.8929%;\"><span style=\"background-color: #ffffff;\">Victoria Morer<\/span><\/td>\n<\/tr>\n<tr style=\"height: 55px;\">\n<td style=\"height: 55px; width: 45.7557%;\"><span style=\"background-color: #ffffff;\">Representant sector fam\u00edlies<\/span><\/td>\n<td style=\"height: 55px; width: 81.8929%;\">Ester Ayuso<\/td>\n<\/tr>\n<tr>\n<td style=\"width: 45.7557%;\"><span style=\"background-color: #f9f9f9;\">Representant sector AFA<br \/>\n<\/span><\/td>\n<td style=\"width: 81.8929%;\">Clara Noguer<\/td>\n<\/tr>\n<\/tbody>\n<\/table>\n<p>&nbsp;<\/p>\n","protected":false},"excerpt":{"rendered":"<p>El consell escolar del centre \u00e9s l&#8217;\u00f2rgan col\u00b7legiat de participaci\u00f3 de la comunitat escolar en el govern del centre. En el consell escolar hi ha representats tots els col\u00b7lectius que intervenen en la comunitat educativa: equip directiu, professorat, fam\u00edlies, representaci\u00f3 AFA, personal d&#8217;administraci\u00f3 i serveis, etc. En els centres p\u00fablics, la funci\u00f3 principal del consell [&hellip;]<\/p>\n","protected":false},"author":16,"featured_media":0,"parent":0,"menu_order":0,"comment_status":"closed","ping_status":"closed","template":"","meta":{"_bbp_topic_count":0,"_bbp_reply_count":0,"_bbp_total_topic_count":0,"_bbp_total_reply_count":0,"_bbp_voice_count":0,"_bbp_anonymous_reply_count":0,"_bbp_topic_count_hidden":0,"_bbp_reply_count_hidden":0,"_bbp_forum_subforum_count":0,"site-sidebar-layout":"default","site-content-layout":"","ast-site-content-layout":"default","site-content-style":"default","site-sidebar-style":"default","ast-global-header-display":"","ast-banner-title-visibility":"","ast-main-header-display":"","ast-hfb-above-header-display":"","ast-hfb-below-header-display":"","ast-hfb-mobile-header-display":"","site-post-title":"","ast-breadcrumbs-content":"","ast-featured-img":"","footer-sml-layout":"","theme-transparent-header-meta":"default","adv-header-id-meta":"","stick-header-meta":"","header-above-stick-meta":"","header-main-stick-meta":"","header-below-stick-meta":"","astra-migrate-meta-layouts":"set","ast-page-background-enabled":"default","ast-page-background-meta":{"desktop":{"background-color":"var(--ast-global-color-4)","background-image":"","background-repeat":"repeat","background-position":"center center","background-size":"auto","background-attachment":"scroll","background-type":"","background-media":"","overlay-type":"","overlay-color":"","overlay-opacity":"","overlay-gradient":""},"tablet":{"background-color":"","background-image":"","background-repeat":"repeat","background-position":"center center","background-size":"auto","background-attachment":"scroll","background-type":"","background-media":"","overlay-type":"","overlay-color":"","overlay-opacity":"","overlay-gradient":""},"mobile":{"background-color":"","background-image":"","background-repeat":"repeat","background-position":"center center","background-size":"auto","background-attachment":"scroll","background-type":"","background-media":"","overlay-type":"","overlay-color":"","overlay-opacity":"","overlay-gradient":""}},"ast-content-background-meta":{"desktop":{"background-color":"var(--ast-global-color-5)","background-image":"","background-repeat":"repeat","background-position":"center center","background-size":"auto","background-attachment":"scroll","background-type":"","background-media":"","overlay-type":"","overlay-color":"","overlay-opacity":"","overlay-gradient":""},"tablet":{"background-color":"var(--ast-global-color-5)","background-image":"","background-repeat":"repeat","background-position":"center center","background-size":"auto","background-attachment":"scroll","background-type":"","background-media":"","overlay-type":"","overlay-color":"","overlay-opacity":"","overlay-gradient":""},"mobile":{"background-color":"var(--ast-global-color-5)","background-image":"","background-repeat":"repeat","background-position":"center center","background-size":"auto","background-attachment":"scroll","background-type":"","background-media":"","overlay-type":"","overlay-color":"","overlay-opacity":"","overlay-gradient":""}},"footnotes":""},"class_list":["post-4190","page","type-page","status-publish","hentry"],"post_mailing_queue_ids":[],"_links":{"self":[{"href":"https:\/\/agora.xtec.cat\/escolacamins\/wp-json\/wp\/v2\/pages\/4190","targetHints":{"allow":["GET"]}}],"collection":[{"href":"https:\/\/agora.xtec.cat\/escolacamins\/wp-json\/wp\/v2\/pages"}],"about":[{"href":"https:\/\/agora.xtec.cat\/escolacamins\/wp-json\/wp\/v2\/types\/page"}],"author":[{"embeddable":true,"href":"https:\/\/agora.xtec.cat\/escolacamins\/wp-json\/wp\/v2\/users\/16"}],"replies":[{"embeddable":true,"href":"https:\/\/agora.xtec.cat\/escolacamins\/wp-json\/wp\/v2\/comments?post=4190"}],"version-history":[{"count":6,"href":"https:\/\/agora.xtec.cat\/escolacamins\/wp-json\/wp\/v2\/pages\/4190\/revisions"}],"predecessor-version":[{"id":5422,"href":"https:\/\/agora.xtec.cat\/escolacamins\/wp-json\/wp\/v2\/pages\/4190\/revisions\/5422"}],"wp:attachment":[{"href":"https:\/\/agora.xtec.cat\/escolacamins\/wp-json\/wp\/v2\/media?parent=4190"}],"curies":[{"name":"wp","href":"https:\/\/api.w.org\/{rel}","templated":true}]}}