{"id":1465,"date":"2017-11-26T16:58:25","date_gmt":"2017-11-26T15:58:25","guid":{"rendered":"http:\/\/agora.xtec.cat\/escolacamins\/?page_id=1465"},"modified":"2020-11-09T21:45:17","modified_gmt":"2020-11-09T20:45:17","slug":"propostes-de-comunicacio","status":"publish","type":"page","link":"https:\/\/agora.xtec.cat\/escolacamins\/la-vida-a-lescola\/propostes-de-comunicacio\/","title":{"rendered":"Propostes globalitzades"},"content":{"rendered":"<p>En les estones de temps de grup es treballen activitats globalitzades. Aquestes s\u00f3n propostes que engloben diferents continguts del curr\u00edculum, principalment de l&#8217;\u00e0mbit de llengua i matem\u00e0tiques.<\/p>\n<p>A partir de propostes fetes per l&#8217;adult segons l&#8217;inter\u00e8s que genera l&#8217;entorn proper, o b\u00e9 a partir de les aportacions dels infants, es treballa un tema de manera complerta. Aquest curs, les propostes es treballen amb el grup de refer\u00e8ncia.<\/p>\n","protected":false},"excerpt":{"rendered":"<p>En les estones de temps de grup es treballen activitats globalitzades. Aquestes s\u00f3n propostes que engloben diferents continguts del curr\u00edculum, principalment de l&#8217;\u00e0mbit de llengua i matem\u00e0tiques. A partir de propostes fetes per l&#8217;adult segons l&#8217;inter\u00e8s que genera l&#8217;entorn proper, o b\u00e9 a partir de les aportacions dels infants, es treballa un tema de manera [&hellip;]<\/p>\n","protected":false},"author":1,"featured_media":0,"parent":584,"menu_order":0,"comment_status":"closed","ping_status":"closed","template":"","meta":{"_bbp_topic_count":0,"_bbp_reply_count":0,"_bbp_total_topic_count":0,"_bbp_total_reply_count":0,"_bbp_voice_count":0,"_bbp_anonymous_reply_count":0,"_bbp_topic_count_hidden":0,"_bbp_reply_count_hidden":0,"_bbp_forum_subforum_count":0,"site-sidebar-layout":"default","site-content-layout":"","ast-site-content-layout":"","site-content-style":"default","site-sidebar-style":"default","ast-global-header-display":"","ast-banner-title-visibility":"","ast-main-header-display":"","ast-hfb-above-header-display":"","ast-hfb-below-header-display":"","ast-hfb-mobile-header-display":"","site-post-title":"","ast-breadcrumbs-content":"","ast-featured-img":"","footer-sml-layout":"","theme-transparent-header-meta":"","adv-header-id-meta":"","stick-header-meta":"","header-above-stick-meta":"","header-main-stick-meta":"","header-below-stick-meta":"","astra-migrate-meta-layouts":"default","ast-page-background-enabled":"default","ast-page-background-meta":{"desktop":{"background-color":"var(--ast-global-color-4)","background-image":"","background-repeat":"repeat","background-position":"center center","background-size":"auto","background-attachment":"scroll","background-type":"","background-media":"","overlay-type":"","overlay-color":"","overlay-opacity":"","overlay-gradient":""},"tablet":{"background-color":"","background-image":"","background-repeat":"repeat","background-position":"center center","background-size":"auto","background-attachment":"scroll","background-type":"","background-media":"","overlay-type":"","overlay-color":"","overlay-opacity":"","overlay-gradient":""},"mobile":{"background-color":"","background-image":"","background-repeat":"repeat","background-position":"center center","background-size":"auto","background-attachment":"scroll","background-type":"","background-media":"","overlay-type":"","overlay-color":"","overlay-opacity":"","overlay-gradient":""}},"ast-content-background-meta":{"desktop":{"background-color":"var(--ast-global-color-5)","background-image":"","background-repeat":"repeat","background-position":"center center","background-size":"auto","background-attachment":"scroll","background-type":"","background-media":"","overlay-type":"","overlay-color":"","overlay-opacity":"","overlay-gradient":""},"tablet":{"background-color":"var(--ast-global-color-5)","background-image":"","background-repeat":"repeat","background-position":"center center","background-size":"auto","background-attachment":"scroll","background-type":"","background-media":"","overlay-type":"","overlay-color":"","overlay-opacity":"","overlay-gradient":""},"mobile":{"background-color":"var(--ast-global-color-5)","background-image":"","background-repeat":"repeat","background-position":"center center","background-size":"auto","background-attachment":"scroll","background-type":"","background-media":"","overlay-type":"","overlay-color":"","overlay-opacity":"","overlay-gradient":""}},"footnotes":""},"class_list":["post-1465","page","type-page","status-publish","hentry"],"post_mailing_queue_ids":[],"_links":{"self":[{"href":"https:\/\/agora.xtec.cat\/escolacamins\/wp-json\/wp\/v2\/pages\/1465","targetHints":{"allow":["GET"]}}],"collection":[{"href":"https:\/\/agora.xtec.cat\/escolacamins\/wp-json\/wp\/v2\/pages"}],"about":[{"href":"https:\/\/agora.xtec.cat\/escolacamins\/wp-json\/wp\/v2\/types\/page"}],"author":[{"embeddable":true,"href":"https:\/\/agora.xtec.cat\/escolacamins\/wp-json\/wp\/v2\/users\/1"}],"replies":[{"embeddable":true,"href":"https:\/\/agora.xtec.cat\/escolacamins\/wp-json\/wp\/v2\/comments?post=1465"}],"version-history":[{"count":3,"href":"https:\/\/agora.xtec.cat\/escolacamins\/wp-json\/wp\/v2\/pages\/1465\/revisions"}],"predecessor-version":[{"id":3459,"href":"https:\/\/agora.xtec.cat\/escolacamins\/wp-json\/wp\/v2\/pages\/1465\/revisions\/3459"}],"up":[{"embeddable":true,"href":"https:\/\/agora.xtec.cat\/escolacamins\/wp-json\/wp\/v2\/pages\/584"}],"wp:attachment":[{"href":"https:\/\/agora.xtec.cat\/escolacamins\/wp-json\/wp\/v2\/media?parent=1465"}],"curies":[{"name":"wp","href":"https:\/\/api.w.org\/{rel}","templated":true}]}}