{"id":8952,"date":"2023-04-13T17:35:52","date_gmt":"2023-04-13T15:35:52","guid":{"rendered":"https:\/\/agora.xtec.cat\/escolacambrils\/?page_id=8952"},"modified":"2023-05-11T12:31:44","modified_gmt":"2023-05-11T10:31:44","slug":"ambients-daprenentatge","status":"publish","type":"page","link":"https:\/\/agora.xtec.cat\/escolacambrils\/ambients-daprenentatge\/","title":{"rendered":"AMBIENTS D&#8217;APRENENTATGE"},"content":{"rendered":"<p style=\"text-align: justify;\">Els <strong>ambients d&#8217;aprenentatge<\/strong> s\u00f3n espais educatius dissenyats i programats amb l&#8217;objectiu de crear situacions d&#8217;aprenentatge integrals on els infants puguin desenvolupar diferents capacitats i compet\u00e8ncies. A la nostra escola hi participen els m\u00e9s petits, els\/les d&#8217;<strong>Educaci\u00f3 Infantil<\/strong> i ho fan de manera internivell, \u00e9s a dir, els tres cursos d&#8217;aquesta etapa interactuant tots junts.<\/p>\n<p style=\"text-align: justify;\">Aix\u00ed doncs, a partir de diferents propostes preparades per les\/els mestres, els infants poden: actuar, observar, experimentar, construir, inventar, imaginar, compartir, relacionar-se, emocionar-se i interactuar amb els altres. Amb aquest treball els infants s\u00f3n els protagonistes del seu propi aprenentatge, ells mateixos van adquirint autonomia, nous coneixements i enriquint el bagatge que ja tenen.<\/p>\n<p style=\"text-align: justify;\">Totes les propostes van canviant i s\u00f3n completament obertes i flexibles. D&#8217;aquesta manera podem donar resposta als interessos i necessitats dels infants i respectar els diferents ritmes d&#8217;aprenentatge.<\/p>\n<p style=\"text-align: justify;\">Us presentem els nostres ambients:<\/p>\n<table style=\"height: 1402px; width: 86.0419%; border-collapse: collapse; background-color: #ccefff; border-color: #ffffff; border-style: outset;\">\n<tbody>\n<tr>\n<td style=\"width: 65.8465%;\">\n<h6><span style=\"color: #003366;\"><strong>CREA<\/strong><\/span><\/h6>\n<p style=\"text-align: justify;\">En aquest ambient, mitjan\u00e7ant l&#8217;experi\u00e8ncia de l&#8217;art, els nens i les nenes experimentaran i podran expressar emocions, sensacions i pensaments de forma lliure , a trav\u00e9s de diverses t\u00e8cniques i fent \u00fas de m\u00faltiples materials.<\/p>\n<\/td>\n<td style=\"width: 65.652%;\"><iframe loading=\"lazy\" src=\"\/\/www.youtube.com\/embed\/aTUh-BMKB0k\" width=\"280\" height=\"157\" allowfullscreen=\"allowfullscreen\"><\/iframe><\/td>\n<\/tr>\n<tr style=\"background-color: #ccefff;\">\n<td style=\"width: 65.8465%;\">\n<h6><span style=\"color: #003366;\"><strong>COMUNICA<\/strong><\/span><\/h6>\n<p style=\"text-align: justify;\">En aquest ambient pretenem que els infants descobreixin el plaer de la comunicaci\u00f3 a trav\u00e9s de materials diversos dins d&#8217;un entorn de benestar que permeti viure, expressar, jugar, observar&#8230; de manera respectuosa i aut\u00f2noma.<\/p>\n<\/td>\n<td style=\"width: 65.652%;\"><iframe loading=\"lazy\" src=\"\/\/www.youtube.com\/embed\/1jBQR6t5zYk\" width=\"280\" height=\"157\" allowfullscreen=\"allowfullscreen\"><\/iframe><\/td>\n<\/tr>\n<tr>\n<td style=\"width: 65.8465%;\">\n<h6><span style=\"color: #003366;\"><strong>CONSTRUEIX<\/strong><\/span><\/h6>\n<p style=\"text-align: justify;\">Aquest \u00e9s un espai de creaci\u00f3 on els infants utilitzaran les seves habilitats manipulatives per posar en pr\u00e0ctica el seu enginy. Experimentaran amb la mida, el volum, l&#8217;al\u00e7ada, l&#8217;equilibri i la simetria.<\/p>\n<\/td>\n<td style=\"width: 65.652%;\"><iframe loading=\"lazy\" src=\"\/\/www.youtube.com\/embed\/vBqkbrzavK0\" width=\"280\" height=\"157\" allowfullscreen=\"allowfullscreen\"><\/iframe><\/td>\n<\/tr>\n<tr style=\"background-color: #ccefff;\">\n<td style=\"width: 65.8465%;\">\n<h6><span style=\"color: #003366;\"><strong>EXPLORA<\/strong><\/span><\/h6>\n<p style=\"text-align: justify;\">En aquest ambient es pret\u00e9n estimular la curiositat i creativitat de les nens i els nens, el pensament divergent, aix\u00ed com potenciar els cinc sentits.<\/p>\n<\/td>\n<td style=\"width: 65.652%;\"><iframe loading=\"lazy\" src=\"\/\/www.youtube.com\/embed\/-_oENJ4ywaQ\" width=\"280\" height=\"157\" allowfullscreen=\"allowfullscreen\"><\/iframe><\/td>\n<\/tr>\n<tr>\n<td style=\"width: 65.8465%;\">\n<h6><span style=\"color: #003366;\"><strong>IMAGINA<\/strong><\/span><\/h6>\n<p style=\"text-align: justify;\">En aquest ambient els infants interpreten i experimenten diferents rols d&#8217;una manera lliure, ajudant-los a consolidar diferents aprenentatges socials i desenvolupar-se com a persones.<\/p>\n<\/td>\n<td style=\"width: 65.652%;\"><iframe loading=\"lazy\" src=\"\/\/www.youtube.com\/embed\/Y82c5C2mAB8\" width=\"280\" height=\"157\" allowfullscreen=\"allowfullscreen\"><\/iframe><\/td>\n<\/tr>\n<tr style=\"background-color: #ccefff;\">\n<td style=\"width: 65.8465%;\">\n<h6><span style=\"color: #003366;\"><strong>MOU-TE<\/strong><\/span><\/h6>\n<p style=\"text-align: justify;\">En aquest ambient els nens i les nenes desenvolupen totes les seves potencialitats al m\u00e0xim. En els diferents espais exploraran el seu cos, milloraran la seva relaci\u00f3, transformant les situacions de conflicte i podran gaudir del grup en joc aix\u00ed com expressar-se i moure&#8217;s de manera lliure i creativa.<\/p>\n<\/td>\n<td style=\"width: 65.652%;\"><iframe loading=\"lazy\" src=\"\/\/www.youtube.com\/embed\/Nxi-AORsqhQ\" width=\"280\" height=\"157\" allowfullscreen=\"allowfullscreen\"><\/iframe><\/td>\n<\/tr>\n<tr>\n<td style=\"width: 65.8465%;\">\n<h6><span style=\"color: #003366;\"><strong>DIGITAL<\/strong><\/span><\/h6>\n<p style=\"text-align: justify;\">Fomenta l&#8217;\u00fas de les noves tecnologies, en aquest ambient es fa un \u00fas adequat d&#8217;aquestes, tot potenciant les habilitats dels infants i enriquint el seu proc\u00e9s intel\u00b7lectual i creatiu.<\/p>\n<\/td>\n<td style=\"width: 65.652%;\"><iframe loading=\"lazy\" src=\"\/\/www.youtube.com\/embed\/5pwKgPEn3yI\" width=\"280\" height=\"157\" allowfullscreen=\"allowfullscreen\"><\/iframe><\/td>\n<\/tr>\n<tr style=\"background-color: #ccefff;\">\n<td style=\"width: 65.8465%;\">\n<h6><span style=\"color: #003366;\"><strong>LLUM I FOSCOR<\/strong><\/span><\/h6>\n<p style=\"text-align: justify;\">En aquest ambient els infants trobaran un m\u00f3n m\u00e0gic que els ajudar\u00e0 a gaudir de la foscor i a no tenir-ne por.<\/p>\n<\/td>\n<td style=\"width: 65.652%;\"><iframe loading=\"lazy\" src=\"\/\/www.youtube.com\/embed\/IOlSsMPByWM\" width=\"280\" height=\"157\" allowfullscreen=\"allowfullscreen\"><\/iframe><\/td>\n<\/tr>\n<\/tbody>\n<\/table>\n<pre><\/pre>\n","protected":false},"excerpt":{"rendered":"<p>Els ambients d&#8217;aprenentatge s\u00f3n espais educatius dissenyats i programats amb l&#8217;objectiu de crear situacions d&#8217;aprenentatge integrals on els infants puguin desenvolupar diferents capacitats i compet\u00e8ncies. A la nostra escola hi participen els m\u00e9s petits, els\/les d&#8217;Educaci\u00f3 Infantil i ho fan de manera internivell, \u00e9s a&hellip;  <a href=\"https:\/\/agora.xtec.cat\/escolacambrils\/ambients-daprenentatge\/\" title=\"Read AMBIENTS D&#8217;APRENENTATGE\">Llegeix m\u00e9s\u00bb<\/a><\/p>\n","protected":false},"author":17,"featured_media":0,"parent":0,"menu_order":0,"comment_status":"closed","ping_status":"closed","template":"","meta":{"_bbp_topic_count":0,"_bbp_reply_count":0,"_bbp_total_topic_count":0,"_bbp_total_reply_count":0,"_bbp_voice_count":0,"_bbp_anonymous_reply_count":0,"_bbp_topic_count_hidden":0,"_bbp_reply_count_hidden":0,"_bbp_forum_subforum_count":0,"footnotes":""},"class_list":["post-8952","page","type-page","status-publish","hentry"],"post_mailing_queue_ids":[],"_links":{"self":[{"href":"https:\/\/agora.xtec.cat\/escolacambrils\/wp-json\/wp\/v2\/pages\/8952","targetHints":{"allow":["GET"]}}],"collection":[{"href":"https:\/\/agora.xtec.cat\/escolacambrils\/wp-json\/wp\/v2\/pages"}],"about":[{"href":"https:\/\/agora.xtec.cat\/escolacambrils\/wp-json\/wp\/v2\/types\/page"}],"author":[{"embeddable":true,"href":"https:\/\/agora.xtec.cat\/escolacambrils\/wp-json\/wp\/v2\/users\/17"}],"replies":[{"embeddable":true,"href":"https:\/\/agora.xtec.cat\/escolacambrils\/wp-json\/wp\/v2\/comments?post=8952"}],"version-history":[{"count":4,"href":"https:\/\/agora.xtec.cat\/escolacambrils\/wp-json\/wp\/v2\/pages\/8952\/revisions"}],"predecessor-version":[{"id":9282,"href":"https:\/\/agora.xtec.cat\/escolacambrils\/wp-json\/wp\/v2\/pages\/8952\/revisions\/9282"}],"wp:attachment":[{"href":"https:\/\/agora.xtec.cat\/escolacambrils\/wp-json\/wp\/v2\/media?parent=8952"}],"curies":[{"name":"wp","href":"https:\/\/api.w.org\/{rel}","templated":true}]}}