{"id":7137,"date":"2022-06-29T18:56:52","date_gmt":"2022-06-29T16:56:52","guid":{"rendered":"https:\/\/agora.xtec.cat\/escolacambrils\/?page_id=7137"},"modified":"2026-03-10T10:12:08","modified_gmt":"2026-03-10T09:12:08","slug":"nofc","status":"publish","type":"page","link":"https:\/\/agora.xtec.cat\/escolacambrils\/nofc\/","title":{"rendered":"NOFC"},"content":{"rendered":"<p class=\"entry-title\" style=\"text-align: justify;\"><span style=\"font-family: inherit; font-size: 1em;\">Les Normes d\u2019Organitzaci\u00f3 i Funcionament (NOFC) \u00e9s un conjunt de normes i preceptes que regeixen l\u2019organitzaci\u00f3 i les interrelacions de la vida escolar per garantir el correcte desenvolupament de les activitats educatives, el respecte entre tots els membres de la comunitat educativa i l\u2019\u00fas adequat de les depend\u00e8ncies i instal\u00b7lacions del centre.<\/span><\/p>\n<div class=\"entry-content\">\n<p style=\"text-align: justify;\">Les NOFC \u00e9s una eina la finalitat de la qual \u00e9s aconseguir el bon funcionament del centre i, per tant, el seu coneixement i la seva aplicaci\u00f3 ser\u00e0 dif\u00f3s entre els diferents estaments de la Comunitat Educativa.<\/p>\n<p style=\"text-align: justify;\">Les disposicions normatives, la pr\u00e0ctica quotidiana, l\u2019esperit cr\u00edtic i constructiu i l\u2019afany de superaci\u00f3 comportaran la revisi\u00f3 i actualitzaci\u00f3 dels diferents apartats que conformen les Normes per part dels membres integrants de la Comunitat Educativa de l\u2019 Escola Cambrils, els quals podran aportar els suggeriments que creguin oportuns i, un cop valorats, podran introduir-se en aquest Reglament quan aix\u00ed ho aprovi el Consell Escolar del centre.<\/p>\n<p style=\"text-align: justify;\">Les nostres NOFC reflecteix la LOE 2\/2006, de 3 de maig, que modifica la LODE en l\u2019article 6 sobre drets i deures dels alumnes i l\u2019article 8 sobre l\u2019assist\u00e8ncia a classe de l\u2019alumnat i el Decret 279\/2006 de 4 de juliol sobre els drets i deures de l\u2019alumnat i regulaci\u00f3 de la conviv\u00e8ncia en els centres educatius no universitaris de Catalunya. Aix\u00ed mateix regula els \u00f2rgans de govern, coordinaci\u00f3 i direcci\u00f3 dels centres educatius i les seves compet\u00e8ncies en el marc del r\u00e8gim disciplinari. Tamb\u00e9 recull la voluntat de potenciar la resoluci\u00f3 pac\u00edfica de conflictes mitjan\u00e7ant els processos de mediaci\u00f3.<\/p>\n<p style=\"text-align: justify;\">La Llei d\u2019Educaci\u00f3 de Catalunya (LEC) de 8 de juliol de 2009 estableix que l\u2019exercici d\u2019autonomia dels centres educatius es desenvolupa entorn del seu projecte educatiu i s\u2019articula a trav\u00e9s de les concrecions curriculars i de les normes d\u2019organitzaci\u00f3 i de funcionament del centre, i d\u2019acord amb la llei, el Decret 102\/2010 d\u2019autonomia de centres educatius estableix i sistematitza que com a centre hem elaborat i aprovat aquestes NOFC.<\/p>\n<p style=\"text-align: justify;\">La necessitat d\u2019adaptar la regulaci\u00f3 actual a la nova normativa implica la revisi\u00f3 de les nostres NOFC.<\/p>\n<p style=\"text-align: justify;\">Les NOFC s\u2019estructuren en els t\u00edtols seg\u00fcents:<\/p>\n<p style=\"text-align: justify;\">\u2013 T\u00edtol Preliminar<\/p>\n<p style=\"text-align: justify;\">\u2013 T\u00edtol I Concreci\u00f3 de les previsions del Projecte Educatiu.<\/p>\n<p style=\"text-align: justify;\">\u2013 T\u00edtol II Estructura organitzativa de govern i de coordinaci\u00f3 del centre.<\/p>\n<p style=\"text-align: justify;\">\u2013 T\u00edtol III Organitzaci\u00f3 pedag\u00f2gica del centre.<\/p>\n<p style=\"text-align: justify;\">\u2013 T\u00edtol IV De la conviv\u00e8ncia del centre.<\/p>\n<p style=\"text-align: justify;\">\u2013 T\u00edtol V De l\u2019alumnat i del professorat.<\/p>\n<p style=\"text-align: justify;\">\u2013 T\u00edtol VI Col\u00b7laboraci\u00f3 i participaci\u00f3 dels sectors de la comunitat escolar.<\/p>\n<p style=\"text-align: justify;\">\u2013 T\u00edtol VII Funcionament del centre.<\/p>\n<p style=\"text-align: justify;\">\u2013 T\u00edtol VIII Del rendiment de comptes, l\u2019aprovaci\u00f3, revisi\u00f3 i actualitzaci\u00f3 del projecte educatiu i de les reformes de les normes d\u2019organitzaci\u00f3.<\/p>\n<p><a href=\"https:\/\/agora.xtec.cat\/escolacambrils\/wp-content\/uploads\/usu2662\/2026\/03\/NOFC-ESCOLA-CAMBRILS-2025_26.pdf\">NOFC ESCOLA CAMBRILS 2025_26<\/a><\/p>\n<\/div>\n","protected":false},"excerpt":{"rendered":"<p>Les Normes d\u2019Organitzaci\u00f3 i Funcionament (NOFC) \u00e9s un conjunt de normes i preceptes que regeixen l\u2019organitzaci\u00f3 i les interrelacions de la vida escolar per garantir el correcte desenvolupament de les activitats educatives, el respecte entre tots els membres de la comunitat educativa i l\u2019\u00fas adequat&hellip;  <a href=\"https:\/\/agora.xtec.cat\/escolacambrils\/nofc\/\" title=\"Read NOFC\">Llegeix m\u00e9s\u00bb<\/a><\/p>\n","protected":false},"author":15,"featured_media":0,"parent":0,"menu_order":0,"comment_status":"closed","ping_status":"closed","template":"","meta":{"_bbp_topic_count":0,"_bbp_reply_count":0,"_bbp_total_topic_count":0,"_bbp_total_reply_count":0,"_bbp_voice_count":0,"_bbp_anonymous_reply_count":0,"_bbp_topic_count_hidden":0,"_bbp_reply_count_hidden":0,"_bbp_forum_subforum_count":0,"footnotes":""},"class_list":["post-7137","page","type-page","status-publish","hentry"],"post_mailing_queue_ids":[],"_links":{"self":[{"href":"https:\/\/agora.xtec.cat\/escolacambrils\/wp-json\/wp\/v2\/pages\/7137","targetHints":{"allow":["GET"]}}],"collection":[{"href":"https:\/\/agora.xtec.cat\/escolacambrils\/wp-json\/wp\/v2\/pages"}],"about":[{"href":"https:\/\/agora.xtec.cat\/escolacambrils\/wp-json\/wp\/v2\/types\/page"}],"author":[{"embeddable":true,"href":"https:\/\/agora.xtec.cat\/escolacambrils\/wp-json\/wp\/v2\/users\/15"}],"replies":[{"embeddable":true,"href":"https:\/\/agora.xtec.cat\/escolacambrils\/wp-json\/wp\/v2\/comments?post=7137"}],"version-history":[{"count":8,"href":"https:\/\/agora.xtec.cat\/escolacambrils\/wp-json\/wp\/v2\/pages\/7137\/revisions"}],"predecessor-version":[{"id":14318,"href":"https:\/\/agora.xtec.cat\/escolacambrils\/wp-json\/wp\/v2\/pages\/7137\/revisions\/14318"}],"wp:attachment":[{"href":"https:\/\/agora.xtec.cat\/escolacambrils\/wp-json\/wp\/v2\/media?parent=7137"}],"curies":[{"name":"wp","href":"https:\/\/api.w.org\/{rel}","templated":true}]}}