{"id":7126,"date":"2022-06-29T18:00:14","date_gmt":"2022-06-29T16:00:14","guid":{"rendered":"https:\/\/agora.xtec.cat\/escolacambrils\/?page_id=7126"},"modified":"2026-02-02T11:54:16","modified_gmt":"2026-02-02T10:54:16","slug":"transparencia","status":"publish","type":"page","link":"https:\/\/agora.xtec.cat\/escolacambrils\/transparencia\/","title":{"rendered":"Transpar\u00e8ncia"},"content":{"rendered":"<p class=\"entry-title\" style=\"text-align: justify;\"><span style=\"font-family: inherit; font-size: 1em;\">Atenent la instrucci\u00f3 2\/2019, de 25 de febrer, per a la tramitaci\u00f3 de les sol\u00b7licituds de dret d\u2019acc\u00e9s a la informaci\u00f3 p\u00fablica i al compliment de les obligacions de publicitat activa, obertura de dades p\u00fabliques, bon govern i participaci\u00f3 ciutadana, que es regulen a la Llei 19\/2014, de 29 de desembre, de transpar\u00e8ncia, acc\u00e9s a la informaci\u00f3 p\u00fablica i bon govern, l\u2019Escola Cambrils fa p\u00fablics els seg\u00fcents documents:<\/span><\/p>\n<div class=\"entry-content\">\n<ul>\n<li><a href=\"https:\/\/agora.xtec.cat\/escolacambrils\/projecte-educatiu-de-centre-pec\/\">El Projecte Educatiu (PEC)<\/a><\/li>\n<li><a href=\"https:\/\/agora.xtec.cat\/escolacambrils\/projecte-linguistic-de-centre-plc\/\">El Projecte Ling\u00fc\u00edstic (PLC)<\/a><\/li>\n<li><a href=\"https:\/\/agora.xtec.cat\/escolacambrils\/nofc\/\">Les normes d\u2019organitzaci\u00f3 i funcionament del centre (NOFC)<\/a><\/li>\n<li><a href=\"https:\/\/agora.xtec.cat\/escolacambrils\/convivencia-i-coeducacio\/\">El Projecte de Conviv\u00e8ncia (PdC)<\/a><\/li>\n<li><a href=\"https:\/\/agora.xtec.cat\/escolacambrils\/carta-de-compromis-educatiu\/\">La carta de comprom\u00eds educatiu<\/a><\/li>\n<li>Els acords del Consell Escolar curs 2025-2026: <a href=\"https:\/\/agora.xtec.cat\/escolacambrils\/wp-content\/uploads\/usu2662\/2025\/11\/Acords-consell-29-10-2025.pdf\">29\/10\/2025;<\/a> <a href=\"https:\/\/agora.xtec.cat\/escolacambrils\/wp-content\/uploads\/usu2662\/2026\/02\/Acords-consell-Escolar-28-01-2026.pdf\">28\/01\/2026<\/a><\/li>\n<li><a href=\"https:\/\/agora.xtec.cat\/escolacambrils\/llibres-i-material-2023-2024\/\">Les aportacions de les fam\u00edlies<\/a><\/li>\n<li><a href=\"https:\/\/agora.xtec.cat\/escolacambrils\/wp-content\/uploads\/usu2662\/2024\/02\/Equip-directiu_Escola-Cambrils.pdf\">Equip directiu: perfil i traject\u00f2ria professional<\/a><\/li>\n<li><a href=\"https:\/\/agora.xtec.cat\/escolacambrils\/wp-content\/uploads\/usu2662\/2023\/05\/POCAT_Escola-Cambrils.pdf\">Pla d&#8217;organitzaci\u00f3 de centre per altes temperatures (POCAT)<\/a><\/li>\n<\/ul>\n<\/div>\n","protected":false},"excerpt":{"rendered":"<p>Atenent la instrucci\u00f3 2\/2019, de 25 de febrer, per a la tramitaci\u00f3 de les sol\u00b7licituds de dret d\u2019acc\u00e9s a la informaci\u00f3 p\u00fablica i al compliment de les obligacions de publicitat activa, obertura de dades p\u00fabliques, bon govern i participaci\u00f3 ciutadana, que es regulen a la&hellip;  <a href=\"https:\/\/agora.xtec.cat\/escolacambrils\/transparencia\/\" title=\"Read Transpar\u00e8ncia\">Llegeix m\u00e9s\u00bb<\/a><\/p>\n","protected":false},"author":15,"featured_media":0,"parent":0,"menu_order":0,"comment_status":"closed","ping_status":"closed","template":"","meta":{"_bbp_topic_count":0,"_bbp_reply_count":0,"_bbp_total_topic_count":0,"_bbp_total_reply_count":0,"_bbp_voice_count":0,"_bbp_anonymous_reply_count":0,"_bbp_topic_count_hidden":0,"_bbp_reply_count_hidden":0,"_bbp_forum_subforum_count":0,"footnotes":""},"class_list":["post-7126","page","type-page","status-publish","hentry"],"post_mailing_queue_ids":[],"_links":{"self":[{"href":"https:\/\/agora.xtec.cat\/escolacambrils\/wp-json\/wp\/v2\/pages\/7126","targetHints":{"allow":["GET"]}}],"collection":[{"href":"https:\/\/agora.xtec.cat\/escolacambrils\/wp-json\/wp\/v2\/pages"}],"about":[{"href":"https:\/\/agora.xtec.cat\/escolacambrils\/wp-json\/wp\/v2\/types\/page"}],"author":[{"embeddable":true,"href":"https:\/\/agora.xtec.cat\/escolacambrils\/wp-json\/wp\/v2\/users\/15"}],"replies":[{"embeddable":true,"href":"https:\/\/agora.xtec.cat\/escolacambrils\/wp-json\/wp\/v2\/comments?post=7126"}],"version-history":[{"count":8,"href":"https:\/\/agora.xtec.cat\/escolacambrils\/wp-json\/wp\/v2\/pages\/7126\/revisions"}],"predecessor-version":[{"id":14131,"href":"https:\/\/agora.xtec.cat\/escolacambrils\/wp-json\/wp\/v2\/pages\/7126\/revisions\/14131"}],"wp:attachment":[{"href":"https:\/\/agora.xtec.cat\/escolacambrils\/wp-json\/wp\/v2\/media?parent=7126"}],"curies":[{"name":"wp","href":"https:\/\/api.w.org\/{rel}","templated":true}]}}