{"id":7122,"date":"2022-06-29T17:53:42","date_gmt":"2022-06-29T15:53:42","guid":{"rendered":"https:\/\/agora.xtec.cat\/escolacambrils\/?page_id=7122"},"modified":"2024-11-27T11:01:10","modified_gmt":"2024-11-27T10:01:10","slug":"projecte-educatiu-de-centre-pec","status":"publish","type":"page","link":"https:\/\/agora.xtec.cat\/escolacambrils\/projecte-educatiu-de-centre-pec\/","title":{"rendered":"Projecte Educatiu de Centre (PEC)"},"content":{"rendered":"<p class=\"entry-title\" style=\"text-align: justify;\"><strong style=\"font-family: inherit; font-size: 1em;\">El PEC<\/strong><span style=\"font-family: inherit; font-size: 1em;\">, Projecte Educatiu de Centre \u00e9s el document on s\u2019explica la identitat de la nostra escola, els seus objectius i \u00e9s el marc de refer\u00e8ncia que serveix per\u00a0<\/span><strong style=\"font-family: inherit; font-size: 1em;\">orientar l\u2019activitat educativa del centre<\/strong><span style=\"font-family: inherit; font-size: 1em;\">\u00a0i\u00a0<\/span><strong style=\"font-family: inherit; font-size: 1em;\">per impulsar la col\u00b7laboraci\u00f3<\/strong><span style=\"font-family: inherit; font-size: 1em;\">\u00a0entre els diferents membres de la comunitat educativa i la relaci\u00f3 amb l\u2019entorn.<\/span><\/p>\n<div class=\"entry-content\">\n<p style=\"text-align: justify;\">A trav\u00e9s del PEC la nostra escola ha d\u2019aconseguir ser un referent de qualitat educativa i d\u2019assoliment dels objectius d\u2019excel\u00b7l\u00e8ncia i d\u2019equitat tal i com determina la Llei Catalana d\u2019Educaci\u00f3 (LEC).<\/p>\n<p style=\"text-align: justify;\">El PEC orientat a la\u00a0<strong>millora dels resultats educatius<\/strong>, de la\u00a0<strong>cohesi\u00f3 social<\/strong>\u00a0i de la\u00a0<strong>prevenci\u00f3 de l\u2019abandonament escolar.<\/strong><\/p>\n<p style=\"text-align: justify;\">Entre d\u2019altres q\u00fcestions, el PEC ha d\u2019incloure els criteris, prioritats, plantejaments educatius i metodol\u00f2gics i ha d\u2019explicitar com s\u2019avaluar\u00e0 i qualificar\u00e0 el progr\u00e9s de l\u2019alumnat.<\/p>\n<p style=\"text-align: justify;\">La nostra missi\u00f3 \u00e9s aconseguir l\u2019\u00e8xit escolar de l\u2019alumnat, en un marc d\u2019equitat i cohesi\u00f3 social, amb l\u2019assoliment de les compet\u00e8ncies b\u00e0siques i el m\u00e0xim aprofitament educatiu.<\/p>\n<p style=\"text-align: justify;\">El PEC ha de ser un document viu, flexible, susceptible de modificacions. Tenir un car\u00e0cter prospectiu, partint de l\u2019an\u00e0lisi de la realitat i funcionant sempre com a instrument de millora del centre.<\/p>\n<p style=\"text-align: justify;\">Implica el comprom\u00eds de tots els sectors de la Comunitat Educativa en el seu desenvolupament, i respondre sempre a les necessitats i interessos del centre de manera realista.<\/p>\n<p style=\"text-align: center;\"><a href=\"https:\/\/agora.xtec.cat\/escolacambrils\/wp-content\/uploads\/usu2662\/2024\/11\/PEC-ESCOLA-CAMBRILS-2024-2028.pdf\">PEC ESCOLA CAMBRILS 2024-28<\/a><\/p>\n<\/div>\n","protected":false},"excerpt":{"rendered":"<p>El PEC, Projecte Educatiu de Centre \u00e9s el document on s\u2019explica la identitat de la nostra escola, els seus objectius i \u00e9s el marc de refer\u00e8ncia que serveix per\u00a0orientar l\u2019activitat educativa del centre\u00a0i\u00a0per impulsar la col\u00b7laboraci\u00f3\u00a0entre els diferents membres de la comunitat educativa i la&hellip;  <a href=\"https:\/\/agora.xtec.cat\/escolacambrils\/projecte-educatiu-de-centre-pec\/\" title=\"Read Projecte Educatiu de Centre (PEC)\">Llegeix m\u00e9s\u00bb<\/a><\/p>\n","protected":false},"author":15,"featured_media":0,"parent":0,"menu_order":0,"comment_status":"closed","ping_status":"closed","template":"","meta":{"_bbp_topic_count":0,"_bbp_reply_count":0,"_bbp_total_topic_count":0,"_bbp_total_reply_count":0,"_bbp_voice_count":0,"_bbp_anonymous_reply_count":0,"_bbp_topic_count_hidden":0,"_bbp_reply_count_hidden":0,"_bbp_forum_subforum_count":0,"footnotes":""},"class_list":["post-7122","page","type-page","status-publish","hentry"],"post_mailing_queue_ids":[],"_links":{"self":[{"href":"https:\/\/agora.xtec.cat\/escolacambrils\/wp-json\/wp\/v2\/pages\/7122","targetHints":{"allow":["GET"]}}],"collection":[{"href":"https:\/\/agora.xtec.cat\/escolacambrils\/wp-json\/wp\/v2\/pages"}],"about":[{"href":"https:\/\/agora.xtec.cat\/escolacambrils\/wp-json\/wp\/v2\/types\/page"}],"author":[{"embeddable":true,"href":"https:\/\/agora.xtec.cat\/escolacambrils\/wp-json\/wp\/v2\/users\/15"}],"replies":[{"embeddable":true,"href":"https:\/\/agora.xtec.cat\/escolacambrils\/wp-json\/wp\/v2\/comments?post=7122"}],"version-history":[{"count":3,"href":"https:\/\/agora.xtec.cat\/escolacambrils\/wp-json\/wp\/v2\/pages\/7122\/revisions"}],"predecessor-version":[{"id":12517,"href":"https:\/\/agora.xtec.cat\/escolacambrils\/wp-json\/wp\/v2\/pages\/7122\/revisions\/12517"}],"wp:attachment":[{"href":"https:\/\/agora.xtec.cat\/escolacambrils\/wp-json\/wp\/v2\/media?parent=7122"}],"curies":[{"name":"wp","href":"https:\/\/api.w.org\/{rel}","templated":true}]}}