{"id":7116,"date":"2022-06-29T17:43:49","date_gmt":"2022-06-29T15:43:49","guid":{"rendered":"https:\/\/agora.xtec.cat\/escolacambrils\/?page_id=7116"},"modified":"2025-09-10T10:57:07","modified_gmt":"2025-09-10T08:57:07","slug":"dossier-informatiu","status":"publish","type":"page","link":"https:\/\/agora.xtec.cat\/escolacambrils\/dossier-informatiu\/","title":{"rendered":"DOSSIER INFORMATIU 25-26"},"content":{"rendered":"<p class=\"entry-title\" style=\"text-align: justify;\"><span style=\"font-family: inherit; font-size: 1em;\">Benvolgudes fam\u00edlies,<\/span><\/p>\n<div class=\"entry-content\">\n<p class=\"has-text-align-justify\" style=\"text-align: justify;\">Aquest petit dossier completa la informaci\u00f3 general sobre els aspectes normatius d\u2019organitzaci\u00f3 i funcionament del nostre centre recollits ja dins l\u2019agenda escolar i del Pla Anual de Centre.<\/p>\n<p class=\"has-text-align-justify\" style=\"text-align: justify;\">\u00c9s aconsellable que el llegiu i el guardeu b\u00e9 ja que segur que en el transcurs del curs escolar us podr\u00e0 ser \u00fatil per a qualsevol consulta r\u00e0pida relacionada amb l\u2019escola. Recordar que aquesta informaci\u00f3 tamb\u00e9 est\u00e0 disponible al blog de l\u2019escola.<\/p>\n<p class=\"has-text-align-justify\" style=\"text-align: justify;\">Us animem a que visiteu regularment el blog de l\u2019escola. All\u00e0 trobareu tota la informaci\u00f3 oficial que necessiteu saber relacionada amb l\u2019escola i, a m\u00e9s, teniu acc\u00e9s als blogs dels diferents cicles per veure quines activitats i experi\u00e8ncies viuen els vostres fills i filles durant el curs.<\/p>\n<p class=\"has-text-align-justify\" style=\"text-align: justify;\">No deixeu de seguir tamb\u00e9 els nostres comptes oficials a les xarxes socials d\u2019Instagram, Twitter (X) i el canal de YouTube per estar sempre ben informats de tot all\u00f2 que passa a la nostra escola.<\/p>\n<p class=\"has-text-align-justify\" style=\"text-align: justify;\">Com sempre, per qualsevol suggeriment o dubte restem a la vostra disposici\u00f3 amb el desig que enguany sigui un gran any escolar per tothom.<\/p>\n<p class=\"has-text-align-justify\" style=\"text-align: justify;\">Recordeu que, per qualsevol canvi de dades (adre\u00e7a de correu electr\u00f2nic i\/o n\u00famero de tel\u00e8fon) o incid\u00e8ncia que tingueu, passeu a comunicar-ho per la Secretaria del centre per actualitzar la base de dades.<\/p>\n<p><a href=\"https:\/\/agora.xtec.cat\/escolacambrils\/wp-content\/uploads\/usu2662\/2025\/09\/dossier-informatiu-families-2025-26.pdf\">BAIXAR EL DOSSIER 2025-2026 EN PDF<\/a><\/p>\n<\/div>\n","protected":false},"excerpt":{"rendered":"<p>Benvolgudes fam\u00edlies,<\/p>\n<p>Aquest petit dossier completa la informaci\u00f3 general sobre els aspectes normatius d\u2019organitzaci\u00f3 i funcionament del nostre centre recollits ja dins l\u2019agenda escolar i del Pla Anual de Centre.<br \/>\n\u00c9s aconsellable que el llegiu i el guardeu b\u00e9 ja que segur que en el transcurs del&hellip;  <a href=\"https:\/\/agora.xtec.cat\/escolacambrils\/dossier-informatiu\/\" title=\"Read DOSSIER INFORMATIU 25-26\">Llegeix m\u00e9s\u00bb<\/a><\/p>\n","protected":false},"author":15,"featured_media":0,"parent":0,"menu_order":0,"comment_status":"closed","ping_status":"closed","template":"","meta":{"_bbp_topic_count":0,"_bbp_reply_count":0,"_bbp_total_topic_count":0,"_bbp_total_reply_count":0,"_bbp_voice_count":0,"_bbp_anonymous_reply_count":0,"_bbp_topic_count_hidden":0,"_bbp_reply_count_hidden":0,"_bbp_forum_subforum_count":0,"footnotes":""},"class_list":["post-7116","page","type-page","status-publish","hentry"],"post_mailing_queue_ids":[],"_links":{"self":[{"href":"https:\/\/agora.xtec.cat\/escolacambrils\/wp-json\/wp\/v2\/pages\/7116","targetHints":{"allow":["GET"]}}],"collection":[{"href":"https:\/\/agora.xtec.cat\/escolacambrils\/wp-json\/wp\/v2\/pages"}],"about":[{"href":"https:\/\/agora.xtec.cat\/escolacambrils\/wp-json\/wp\/v2\/types\/page"}],"author":[{"embeddable":true,"href":"https:\/\/agora.xtec.cat\/escolacambrils\/wp-json\/wp\/v2\/users\/15"}],"replies":[{"embeddable":true,"href":"https:\/\/agora.xtec.cat\/escolacambrils\/wp-json\/wp\/v2\/comments?post=7116"}],"version-history":[{"count":6,"href":"https:\/\/agora.xtec.cat\/escolacambrils\/wp-json\/wp\/v2\/pages\/7116\/revisions"}],"predecessor-version":[{"id":13757,"href":"https:\/\/agora.xtec.cat\/escolacambrils\/wp-json\/wp\/v2\/pages\/7116\/revisions\/13757"}],"wp:attachment":[{"href":"https:\/\/agora.xtec.cat\/escolacambrils\/wp-json\/wp\/v2\/media?parent=7116"}],"curies":[{"name":"wp","href":"https:\/\/api.w.org\/{rel}","templated":true}]}}