{"id":7112,"date":"2022-06-29T17:41:03","date_gmt":"2022-06-29T15:41:03","guid":{"rendered":"https:\/\/agora.xtec.cat\/escolacambrils\/?page_id=7112"},"modified":"2024-01-16T12:37:21","modified_gmt":"2024-01-16T11:37:21","slug":"programa-padrins-de-lectura","status":"publish","type":"page","link":"https:\/\/agora.xtec.cat\/escolacambrils\/programa-padrins-de-lectura\/","title":{"rendered":"Programa PADRINS DE LECTURA"},"content":{"rendered":"<p class=\"entry-title\" style=\"text-align: justify;\"><span style=\"font-family: inherit; font-size: 1em;\">L&#8217;alumnat d&#8217;i5 d\u2019Infantil i 5\u00e8 de Prim\u00e0ria realitzen cada curs l\u2019activitat <\/span><strong style=\"font-family: inherit; font-size: 1em;\">\u201cPADRINS DE LECTURA\u201c<\/strong><span style=\"font-family: inherit; font-size: 1em;\">\u00a0 a fi i efecte de fomentar el gust per la lectura i potenciar la interrelaci\u00f3 entre l&#8217;alumnat de diferents nivells.<\/span><\/p>\n<div class=\"entry-content\">\n<p style=\"text-align: justify;\">L\u2019objectiu que perseguim \u00e9s ajudar els nens i nenes tant d&#8217;i5 com de 5\u00e8 a millorar les seves habilitats socials i ling\u00fc\u00edstiques. L\u2019alumnat d&#8217;i5 esdev\u00e9 \u201cfillol o fillola\u201c d\u2019un alumne de 5\u00e8 i junts comparteixen unes estones per gaudir de la lectura de contes i per a dur a terme activitats que poden esdevenir molt enriquidores per a tots dos.<\/p>\n<div class=\"tiled-gallery type-circle\" data-original-width=\"640\" data-carousel-extra=\"{&quot;blog_id&quot;:14572253,&quot;permalink&quot;:&quot;https:\\\/\\\/escolacambrils.wordpress.com\\\/padrins-de-lectura\\\/&quot;,&quot;likes_blog_id&quot;:14572253}\">\n<div class=\"gallery-row\" data-original-width=\"640\" data-original-height=\"213\">\n<div class=\"gallery-group\" data-original-width=\"213\" data-original-height=\"213\">\n<div class=\"tiled-gallery-item \"><\/div>\n<\/div>\n<div class=\"gallery-group\" data-original-width=\"213\" data-original-height=\"213\">\n<div class=\"tiled-gallery-item \">\n<div class=\"gallery-group\" data-original-width=\"213\" data-original-height=\"213\">\n<div class=\"tiled-gallery-item \"><a href=\"https:\/\/agora.xtec.cat\/escolacambrils\/wp-content\/uploads\/usu2662\/2024\/01\/Padrins-de-lectura_Escola-Cambrils-1.jpeg\"><img loading=\"lazy\" decoding=\"async\" class=\"aligncenter wp-image-10484\" src=\"https:\/\/agora.xtec.cat\/escolacambrils\/wp-content\/uploads\/usu2662\/2024\/01\/Padrins-de-lectura_Escola-Cambrils-1-150x150.jpeg\" alt=\"\" width=\"225\" height=\"225\" \/><\/a><\/div>\n<div class=\"tiled-gallery-item \"><a href=\"https:\/\/agora.xtec.cat\/escolacambrils\/wp-content\/uploads\/usu2662\/2024\/01\/Padrins-de-lectura_Escola-Cambrils-2.jpeg\"><img loading=\"lazy\" decoding=\"async\" class=\"aligncenter size-medium wp-image-10485\" src=\"https:\/\/agora.xtec.cat\/escolacambrils\/wp-content\/uploads\/usu2662\/2024\/01\/Padrins-de-lectura_Escola-Cambrils-2-225x300.jpeg\" alt=\"\" width=\"225\" height=\"300\" srcset=\"https:\/\/agora.xtec.cat\/escolacambrils\/wp-content\/uploads\/usu2662\/2024\/01\/Padrins-de-lectura_Escola-Cambrils-2-225x300.jpeg 225w, https:\/\/agora.xtec.cat\/escolacambrils\/wp-content\/uploads\/usu2662\/2024\/01\/Padrins-de-lectura_Escola-Cambrils-2-768x1024.jpeg 768w, https:\/\/agora.xtec.cat\/escolacambrils\/wp-content\/uploads\/usu2662\/2024\/01\/Padrins-de-lectura_Escola-Cambrils-2-1152x1536.jpeg 1152w, https:\/\/agora.xtec.cat\/escolacambrils\/wp-content\/uploads\/usu2662\/2024\/01\/Padrins-de-lectura_Escola-Cambrils-2.jpeg 1536w\" sizes=\"auto, (max-width: 225px) 100vw, 225px\" \/><\/a><\/div>\n<div class=\"tiled-gallery-item \"><a href=\"https:\/\/agora.xtec.cat\/escolacambrils\/wp-content\/uploads\/usu2662\/2024\/01\/Padrins-de-lectura_Escola-Cambrils-3.jpeg\"><img loading=\"lazy\" decoding=\"async\" class=\"aligncenter size-medium wp-image-10486\" src=\"https:\/\/agora.xtec.cat\/escolacambrils\/wp-content\/uploads\/usu2662\/2024\/01\/Padrins-de-lectura_Escola-Cambrils-3-225x300.jpeg\" alt=\"\" width=\"225\" height=\"300\" srcset=\"https:\/\/agora.xtec.cat\/escolacambrils\/wp-content\/uploads\/usu2662\/2024\/01\/Padrins-de-lectura_Escola-Cambrils-3-225x300.jpeg 225w, https:\/\/agora.xtec.cat\/escolacambrils\/wp-content\/uploads\/usu2662\/2024\/01\/Padrins-de-lectura_Escola-Cambrils-3-768x1024.jpeg 768w, https:\/\/agora.xtec.cat\/escolacambrils\/wp-content\/uploads\/usu2662\/2024\/01\/Padrins-de-lectura_Escola-Cambrils-3-1152x1536.jpeg 1152w, https:\/\/agora.xtec.cat\/escolacambrils\/wp-content\/uploads\/usu2662\/2024\/01\/Padrins-de-lectura_Escola-Cambrils-3.jpeg 1536w\" sizes=\"auto, (max-width: 225px) 100vw, 225px\" \/><\/a><\/div>\n<div class=\"tiled-gallery-item \"><a href=\"https:\/\/agora.xtec.cat\/escolacambrils\/wp-content\/uploads\/usu2662\/2024\/01\/Padrins-de-lectura_Escola-Cambrils-4.jpeg\"><img loading=\"lazy\" decoding=\"async\" class=\"aligncenter size-medium wp-image-10487\" src=\"https:\/\/agora.xtec.cat\/escolacambrils\/wp-content\/uploads\/usu2662\/2024\/01\/Padrins-de-lectura_Escola-Cambrils-4-225x300.jpeg\" alt=\"\" width=\"225\" height=\"300\" srcset=\"https:\/\/agora.xtec.cat\/escolacambrils\/wp-content\/uploads\/usu2662\/2024\/01\/Padrins-de-lectura_Escola-Cambrils-4-225x300.jpeg 225w, https:\/\/agora.xtec.cat\/escolacambrils\/wp-content\/uploads\/usu2662\/2024\/01\/Padrins-de-lectura_Escola-Cambrils-4-768x1024.jpeg 768w, https:\/\/agora.xtec.cat\/escolacambrils\/wp-content\/uploads\/usu2662\/2024\/01\/Padrins-de-lectura_Escola-Cambrils-4-1152x1536.jpeg 1152w, https:\/\/agora.xtec.cat\/escolacambrils\/wp-content\/uploads\/usu2662\/2024\/01\/Padrins-de-lectura_Escola-Cambrils-4.jpeg 1536w\" sizes=\"auto, (max-width: 225px) 100vw, 225px\" \/><\/a> <a href=\"https:\/\/agora.xtec.cat\/escolacambrils\/wp-content\/uploads\/usu2662\/2024\/01\/Padrins-de-lectura_Escola-Cambrils-5.jpeg\"><img loading=\"lazy\" decoding=\"async\" class=\"aligncenter size-medium wp-image-10488\" src=\"https:\/\/agora.xtec.cat\/escolacambrils\/wp-content\/uploads\/usu2662\/2024\/01\/Padrins-de-lectura_Escola-Cambrils-5-225x300.jpeg\" alt=\"\" width=\"225\" height=\"300\" srcset=\"https:\/\/agora.xtec.cat\/escolacambrils\/wp-content\/uploads\/usu2662\/2024\/01\/Padrins-de-lectura_Escola-Cambrils-5-225x300.jpeg 225w, https:\/\/agora.xtec.cat\/escolacambrils\/wp-content\/uploads\/usu2662\/2024\/01\/Padrins-de-lectura_Escola-Cambrils-5-768x1024.jpeg 768w, https:\/\/agora.xtec.cat\/escolacambrils\/wp-content\/uploads\/usu2662\/2024\/01\/Padrins-de-lectura_Escola-Cambrils-5-1152x1536.jpeg 1152w, https:\/\/agora.xtec.cat\/escolacambrils\/wp-content\/uploads\/usu2662\/2024\/01\/Padrins-de-lectura_Escola-Cambrils-5.jpeg 1536w\" sizes=\"auto, (max-width: 225px) 100vw, 225px\" \/><\/a><\/div>\n<\/div>\n<\/div>\n<\/div>\n<\/div>\n<\/div>\n<\/div>\n","protected":false},"excerpt":{"rendered":"<p>L&#8217;alumnat d&#8217;i5 d\u2019Infantil i 5\u00e8 de Prim\u00e0ria realitzen cada curs l\u2019activitat \u201cPADRINS DE LECTURA\u201c\u00a0 a fi i efecte de fomentar el gust per la lectura i potenciar la interrelaci\u00f3 entre l&#8217;alumnat de diferents nivells.<\/p>\n<p>L\u2019objectiu que perseguim \u00e9s ajudar els nens i nenes tant d&#8217;i5 com&hellip;  <a href=\"https:\/\/agora.xtec.cat\/escolacambrils\/programa-padrins-de-lectura\/\" title=\"Read Programa PADRINS DE LECTURA\">Llegeix m\u00e9s\u00bb<\/a><\/p>\n","protected":false},"author":15,"featured_media":0,"parent":0,"menu_order":0,"comment_status":"closed","ping_status":"closed","template":"","meta":{"_bbp_topic_count":0,"_bbp_reply_count":0,"_bbp_total_topic_count":0,"_bbp_total_reply_count":0,"_bbp_voice_count":0,"_bbp_anonymous_reply_count":0,"_bbp_topic_count_hidden":0,"_bbp_reply_count_hidden":0,"_bbp_forum_subforum_count":0,"footnotes":""},"class_list":["post-7112","page","type-page","status-publish","hentry"],"post_mailing_queue_ids":[],"_links":{"self":[{"href":"https:\/\/agora.xtec.cat\/escolacambrils\/wp-json\/wp\/v2\/pages\/7112","targetHints":{"allow":["GET"]}}],"collection":[{"href":"https:\/\/agora.xtec.cat\/escolacambrils\/wp-json\/wp\/v2\/pages"}],"about":[{"href":"https:\/\/agora.xtec.cat\/escolacambrils\/wp-json\/wp\/v2\/types\/page"}],"author":[{"embeddable":true,"href":"https:\/\/agora.xtec.cat\/escolacambrils\/wp-json\/wp\/v2\/users\/15"}],"replies":[{"embeddable":true,"href":"https:\/\/agora.xtec.cat\/escolacambrils\/wp-json\/wp\/v2\/comments?post=7112"}],"version-history":[{"count":4,"href":"https:\/\/agora.xtec.cat\/escolacambrils\/wp-json\/wp\/v2\/pages\/7112\/revisions"}],"predecessor-version":[{"id":10491,"href":"https:\/\/agora.xtec.cat\/escolacambrils\/wp-json\/wp\/v2\/pages\/7112\/revisions\/10491"}],"wp:attachment":[{"href":"https:\/\/agora.xtec.cat\/escolacambrils\/wp-json\/wp\/v2\/media?parent=7112"}],"curies":[{"name":"wp","href":"https:\/\/api.w.org\/{rel}","templated":true}]}}