{"id":7096,"date":"2022-06-29T17:28:52","date_gmt":"2022-06-29T15:28:52","guid":{"rendered":"https:\/\/agora.xtec.cat\/escolacambrils\/?page_id=7096"},"modified":"2025-06-26T10:31:50","modified_gmt":"2025-06-26T08:31:50","slug":"carta-de-compromis-educatiu","status":"publish","type":"page","link":"https:\/\/agora.xtec.cat\/escolacambrils\/carta-de-compromis-educatiu\/","title":{"rendered":"Carta de comprom\u00eds educatiu"},"content":{"rendered":"<p class=\"entry-title\"><strong style=\"font-family: inherit; font-size: 1em;\">Participaci\u00f3, comprom\u00eds i confian\u00e7a<\/strong><\/p>\n<div class=\"entry-content\">\n<p>Els pares i les mares us dediqueu a l\u2019educaci\u00f3 dels vostres fills al llarg de tota la seva infantesa i fins que s\u00f3n adults. Durant l\u2019escolaritzaci\u00f3 dels nois i noies, la fam\u00edlia i el centre compartiu el dret i el deure de l\u2019educaci\u00f3; aix\u00f2 fa que el comprom\u00eds entre les dues parts sigui fonamental per a l\u2019\u00e8xit escolar.<\/p>\n<p>Destaquem tres \u00e0mbits principals de participaci\u00f3 i comprom\u00eds educatiu:<\/p>\n<ul>\n<li>Participaci\u00f3 de les fam\u00edlies en el seguiment i proc\u00e9s escolar i educatiu dels fills.<\/li>\n<li>Participaci\u00f3 en el funcionament del centre com a membres de la comunitat educativa.<\/li>\n<li>Carta de comprom\u00eds educatiu.<\/li>\n<\/ul>\n<p>L\u2019objectiu de la\u00a0<strong>carta de comprom\u00eds<\/strong>\u00a0\u00e9s expressar els objectius necessaris per assolir un entorn de conviv\u00e8ncia i respecte pel desenvolupament de les activitats educatives. Centre i fam\u00edlia s\u2019han d\u2019avenir a compartir els principis que inspiren la carta, i que han de respectar els drets i les llibertats de les fam\u00edlies, aix\u00ed com el projecte educatiu del centre.<\/p>\n<p><strong>Al mateix moment de la 1a matr\u00edcula de l&#8217;alumne\/a al centre es formalitza la carta de comprom\u00eds educatiu<\/strong>, que t\u00e9 per finalitat facilitar la cooperaci\u00f3 entre les accions educatives de les fam\u00edlies i les del centre educatiu. En concret:<\/p>\n<ul>\n<li>Que la fam\u00edlia conegui el projecte educatiu del centre i s\u2019hi comprometi.<\/li>\n<li>Millorar la informaci\u00f3 i comunicaci\u00f3 entre el centre educatiu i les fam\u00edlies.<\/li>\n<li>Facilitar el compliment dels drets i deures de la comunitat educativa.<\/li>\n<li>Fomentar la conviv\u00e8ncia i el bon clima escolar.<\/li>\n<li>Corresponsabilitzar el centre i la fam\u00edlia en les diferents mesures educatives que puguin rebre els vostres fills.<\/li>\n<\/ul>\n<p><strong>Si voleu llegir-la amb detall seguiu aquest enlla\u00e7<\/strong>\u2013&gt;\u00a0<a href=\"https:\/\/agora.xtec.cat\/escolacambrils\/wp-content\/uploads\/usu2662\/2022\/06\/carta-compromc3ads-educatiu-1.pdf\">Carta Comprom\u00eds Educatiu<\/a><\/p>\n<p>Us animem a consultar la p\u00e0gina web,\u00a0<strong>Fam\u00edlia i Escola,<\/strong>\u00a0del Departament d\u2019Ensenyament de la Generalitat de Catalunya per saber-ne m\u00e9s.<\/p>\n<p><a href=\"http:\/\/www20.gencat.cat\/portal\/site\/familiaescola\">http:\/\/www20.gencat.cat\/portal\/site\/familiaescola<\/a><\/p>\n<\/div>\n","protected":false},"excerpt":{"rendered":"<p>Participaci\u00f3, comprom\u00eds i confian\u00e7a<\/p>\n<p>Els pares i les mares us dediqueu a l\u2019educaci\u00f3 dels vostres fills al llarg de tota la seva infantesa i fins que s\u00f3n adults. Durant l\u2019escolaritzaci\u00f3 dels nois i noies, la fam\u00edlia i el centre compartiu el dret i el deure de&hellip;  <a href=\"https:\/\/agora.xtec.cat\/escolacambrils\/carta-de-compromis-educatiu\/\" title=\"Read Carta de comprom\u00eds educatiu\">Llegeix m\u00e9s\u00bb<\/a><\/p>\n","protected":false},"author":15,"featured_media":0,"parent":0,"menu_order":0,"comment_status":"closed","ping_status":"closed","template":"","meta":{"_bbp_topic_count":0,"_bbp_reply_count":0,"_bbp_total_topic_count":0,"_bbp_total_reply_count":0,"_bbp_voice_count":0,"_bbp_anonymous_reply_count":0,"_bbp_topic_count_hidden":0,"_bbp_reply_count_hidden":0,"_bbp_forum_subforum_count":0,"footnotes":""},"class_list":["post-7096","page","type-page","status-publish","hentry"],"post_mailing_queue_ids":[],"_links":{"self":[{"href":"https:\/\/agora.xtec.cat\/escolacambrils\/wp-json\/wp\/v2\/pages\/7096","targetHints":{"allow":["GET"]}}],"collection":[{"href":"https:\/\/agora.xtec.cat\/escolacambrils\/wp-json\/wp\/v2\/pages"}],"about":[{"href":"https:\/\/agora.xtec.cat\/escolacambrils\/wp-json\/wp\/v2\/types\/page"}],"author":[{"embeddable":true,"href":"https:\/\/agora.xtec.cat\/escolacambrils\/wp-json\/wp\/v2\/users\/15"}],"replies":[{"embeddable":true,"href":"https:\/\/agora.xtec.cat\/escolacambrils\/wp-json\/wp\/v2\/comments?post=7096"}],"version-history":[{"count":2,"href":"https:\/\/agora.xtec.cat\/escolacambrils\/wp-json\/wp\/v2\/pages\/7096\/revisions"}],"predecessor-version":[{"id":13711,"href":"https:\/\/agora.xtec.cat\/escolacambrils\/wp-json\/wp\/v2\/pages\/7096\/revisions\/13711"}],"wp:attachment":[{"href":"https:\/\/agora.xtec.cat\/escolacambrils\/wp-json\/wp\/v2\/media?parent=7096"}],"curies":[{"name":"wp","href":"https:\/\/api.w.org\/{rel}","templated":true}]}}