{"id":7088,"date":"2022-06-29T17:02:21","date_gmt":"2022-06-29T15:02:21","guid":{"rendered":"https:\/\/agora.xtec.cat\/escolacambrils\/?page_id=7088"},"modified":"2022-06-29T17:38:32","modified_gmt":"2022-06-29T15:38:32","slug":"programa-descoberta-ciencies-3-6-anys","status":"publish","type":"page","link":"https:\/\/agora.xtec.cat\/escolacambrils\/programa-descoberta-ciencies-3-6-anys\/","title":{"rendered":"Programa DESCOBERTA (ci\u00e8ncies 3-6 anys)"},"content":{"rendered":"<p class=\"entry-title\" style=\"text-align: justify;\"><span style=\"font-family: inherit; font-size: 1em;\">Un projecte molt consolidat a Educaci\u00f3 Infantil, amb el qual donem\u00a0 resposta a la necessitat de prendre contacte amb les ci\u00e8ncies, d\u2019una manera innovadora, ja des de l\u2019entrada dels infants a l\u2019escola.<\/span><\/p>\n<div class=\"entry-content\">\n<p style=\"text-align: justify;\">El projecte es composa, fonamentalment, d\u2019un paquet curricular que parteix de l\u2019\u00e0rea de \u201cDescoberta de l\u2019entorn\u201d i globalitza amb les \u00e0rees de \u201cDescoberta d\u2019un mateix\u201d i \u201cIntercomunicaci\u00f3 i llenguatges\u201d.<\/p>\n<div class=\"tiled-gallery type-rectangular\" data-original-width=\"640\" data-carousel-extra=\"{&quot;blog_id&quot;:14572253,&quot;permalink&quot;:&quot;https:\\\/\\\/escolacambrils.wordpress.com\\\/projecte-descoberta\\\/&quot;,&quot;likes_blog_id&quot;:14572253}\">\n<div class=\"gallery-row\" data-original-width=\"640\" data-original-height=\"188\">\n<div class=\"gallery-group images-1\" data-original-width=\"249\" data-original-height=\"188\">\n<div class=\"tiled-gallery-item tiled-gallery-item-small\"><\/div>\n<\/div>\n<div class=\"gallery-group images-1\" data-original-width=\"142\" data-original-height=\"188\">\n<div class=\"tiled-gallery-item tiled-gallery-item-small\">\n\n\t\t<style type=\"text\/css\">\n\t\t\t#gallery-1 {\n\t\t\t\tmargin: auto;\n\t\t\t}\n\t\t\t#gallery-1 .gallery-item {\n\t\t\t\tfloat: left;\n\t\t\t\tmargin-top: 10px;\n\t\t\t\ttext-align: center;\n\t\t\t\twidth: 25%;\n\t\t\t}\n\t\t\t#gallery-1 img {\n\t\t\t\tborder: 2px solid #cfcfcf;\n\t\t\t}\n\t\t\t#gallery-1 .gallery-caption {\n\t\t\t\tmargin-left: 0;\n\t\t\t}\n\t\t\t\/* see gallery_shortcode() in wp-includes\/media.php *\/\n\t\t<\/style>\n\t\t<div id='gallery-1' class='gallery galleryid-7088 gallery-columns-4 gallery-size-medium'><dl class='gallery-item'>\n\t\t\t<dt class='gallery-icon landscape'>\n\t\t\t\t<a href='https:\/\/agora.xtec.cat\/escolacambrils\/programa-descoberta-ciencies-3-6-anys\/attachment\/img_1275\/'><img loading=\"lazy\" decoding=\"async\" width=\"300\" height=\"225\" src=\"https:\/\/agora.xtec.cat\/escolacambrils\/wp-content\/uploads\/usu2662\/2022\/06\/img_1275-300x225.jpg\" class=\"attachment-medium size-medium\" alt=\"\" srcset=\"https:\/\/agora.xtec.cat\/escolacambrils\/wp-content\/uploads\/usu2662\/2022\/06\/img_1275-300x225.jpg 300w, https:\/\/agora.xtec.cat\/escolacambrils\/wp-content\/uploads\/usu2662\/2022\/06\/img_1275-200x150.jpg 200w, https:\/\/agora.xtec.cat\/escolacambrils\/wp-content\/uploads\/usu2662\/2022\/06\/img_1275.jpg 640w\" sizes=\"auto, (max-width: 300px) 100vw, 300px\" \/><\/a>\n\t\t\t<\/dt><\/dl><dl class='gallery-item'>\n\t\t\t<dt class='gallery-icon landscape'>\n\t\t\t\t<a href='https:\/\/agora.xtec.cat\/escolacambrils\/programa-descoberta-ciencies-3-6-anys\/attachment\/img_1277\/'><img loading=\"lazy\" decoding=\"async\" width=\"300\" height=\"225\" src=\"https:\/\/agora.xtec.cat\/escolacambrils\/wp-content\/uploads\/usu2662\/2022\/06\/img_1277-300x225.jpg\" class=\"attachment-medium size-medium\" alt=\"\" srcset=\"https:\/\/agora.xtec.cat\/escolacambrils\/wp-content\/uploads\/usu2662\/2022\/06\/img_1277-300x225.jpg 300w, https:\/\/agora.xtec.cat\/escolacambrils\/wp-content\/uploads\/usu2662\/2022\/06\/img_1277-200x150.jpg 200w, https:\/\/agora.xtec.cat\/escolacambrils\/wp-content\/uploads\/usu2662\/2022\/06\/img_1277.jpg 640w\" sizes=\"auto, (max-width: 300px) 100vw, 300px\" \/><\/a>\n\t\t\t<\/dt><\/dl><dl class='gallery-item'>\n\t\t\t<dt class='gallery-icon landscape'>\n\t\t\t\t<a href='https:\/\/agora.xtec.cat\/escolacambrils\/programa-descoberta-ciencies-3-6-anys\/attachment\/img_1346\/'><img loading=\"lazy\" decoding=\"async\" width=\"300\" height=\"225\" src=\"https:\/\/agora.xtec.cat\/escolacambrils\/wp-content\/uploads\/usu2662\/2022\/06\/img_1346-300x225.jpg\" class=\"attachment-medium size-medium\" alt=\"\" srcset=\"https:\/\/agora.xtec.cat\/escolacambrils\/wp-content\/uploads\/usu2662\/2022\/06\/img_1346-300x225.jpg 300w, https:\/\/agora.xtec.cat\/escolacambrils\/wp-content\/uploads\/usu2662\/2022\/06\/img_1346-200x150.jpg 200w, https:\/\/agora.xtec.cat\/escolacambrils\/wp-content\/uploads\/usu2662\/2022\/06\/img_1346.jpg 640w\" sizes=\"auto, (max-width: 300px) 100vw, 300px\" \/><\/a>\n\t\t\t<\/dt><\/dl><dl class='gallery-item'>\n\t\t\t<dt class='gallery-icon landscape'>\n\t\t\t\t<a href='https:\/\/agora.xtec.cat\/escolacambrils\/programa-descoberta-ciencies-3-6-anys\/attachment\/img_1349\/'><img loading=\"lazy\" decoding=\"async\" width=\"300\" height=\"225\" src=\"https:\/\/agora.xtec.cat\/escolacambrils\/wp-content\/uploads\/usu2662\/2022\/06\/img_1349-300x225.jpg\" class=\"attachment-medium size-medium\" alt=\"\" srcset=\"https:\/\/agora.xtec.cat\/escolacambrils\/wp-content\/uploads\/usu2662\/2022\/06\/img_1349-300x225.jpg 300w, https:\/\/agora.xtec.cat\/escolacambrils\/wp-content\/uploads\/usu2662\/2022\/06\/img_1349-200x150.jpg 200w, https:\/\/agora.xtec.cat\/escolacambrils\/wp-content\/uploads\/usu2662\/2022\/06\/img_1349.jpg 640w\" sizes=\"auto, (max-width: 300px) 100vw, 300px\" \/><\/a>\n\t\t\t<\/dt><\/dl><br style=\"clear: both\" \/><dl class='gallery-item'>\n\t\t\t<dt class='gallery-icon landscape'>\n\t\t\t\t<a href='https:\/\/agora.xtec.cat\/escolacambrils\/programa-descoberta-ciencies-3-6-anys\/attachment\/img_1168\/'><img loading=\"lazy\" decoding=\"async\" width=\"300\" height=\"225\" src=\"https:\/\/agora.xtec.cat\/escolacambrils\/wp-content\/uploads\/usu2662\/2022\/06\/img_1168-300x225.png\" class=\"attachment-medium size-medium\" alt=\"\" srcset=\"https:\/\/agora.xtec.cat\/escolacambrils\/wp-content\/uploads\/usu2662\/2022\/06\/img_1168-300x225.png 300w, https:\/\/agora.xtec.cat\/escolacambrils\/wp-content\/uploads\/usu2662\/2022\/06\/img_1168-200x150.png 200w, https:\/\/agora.xtec.cat\/escolacambrils\/wp-content\/uploads\/usu2662\/2022\/06\/img_1168.png 640w\" sizes=\"auto, (max-width: 300px) 100vw, 300px\" \/><\/a>\n\t\t\t<\/dt><\/dl><dl class='gallery-item'>\n\t\t\t<dt class='gallery-icon landscape'>\n\t\t\t\t<a href='https:\/\/agora.xtec.cat\/escolacambrils\/programa-descoberta-ciencies-3-6-anys\/attachment\/img_1206\/'><img loading=\"lazy\" decoding=\"async\" width=\"300\" height=\"225\" src=\"https:\/\/agora.xtec.cat\/escolacambrils\/wp-content\/uploads\/usu2662\/2022\/06\/img_1206-300x225.png\" class=\"attachment-medium size-medium\" alt=\"\" srcset=\"https:\/\/agora.xtec.cat\/escolacambrils\/wp-content\/uploads\/usu2662\/2022\/06\/img_1206-300x225.png 300w, https:\/\/agora.xtec.cat\/escolacambrils\/wp-content\/uploads\/usu2662\/2022\/06\/img_1206-200x150.png 200w, https:\/\/agora.xtec.cat\/escolacambrils\/wp-content\/uploads\/usu2662\/2022\/06\/img_1206.png 640w\" sizes=\"auto, (max-width: 300px) 100vw, 300px\" \/><\/a>\n\t\t\t<\/dt><\/dl><dl class='gallery-item'>\n\t\t\t<dt class='gallery-icon landscape'>\n\t\t\t\t<a href='https:\/\/agora.xtec.cat\/escolacambrils\/programa-descoberta-ciencies-3-6-anys\/attachment\/img_1254\/'><img loading=\"lazy\" decoding=\"async\" width=\"300\" height=\"225\" src=\"https:\/\/agora.xtec.cat\/escolacambrils\/wp-content\/uploads\/usu2662\/2022\/06\/img_1254-300x225.png\" class=\"attachment-medium size-medium\" alt=\"\" srcset=\"https:\/\/agora.xtec.cat\/escolacambrils\/wp-content\/uploads\/usu2662\/2022\/06\/img_1254-300x225.png 300w, https:\/\/agora.xtec.cat\/escolacambrils\/wp-content\/uploads\/usu2662\/2022\/06\/img_1254-200x150.png 200w, https:\/\/agora.xtec.cat\/escolacambrils\/wp-content\/uploads\/usu2662\/2022\/06\/img_1254.png 640w\" sizes=\"auto, (max-width: 300px) 100vw, 300px\" \/><\/a>\n\t\t\t<\/dt><\/dl><dl class='gallery-item'>\n\t\t\t<dt class='gallery-icon landscape'>\n\t\t\t\t<a href='https:\/\/agora.xtec.cat\/escolacambrils\/programa-descoberta-ciencies-3-6-anys\/attachment\/img_1258\/'><img loading=\"lazy\" decoding=\"async\" width=\"300\" height=\"225\" src=\"https:\/\/agora.xtec.cat\/escolacambrils\/wp-content\/uploads\/usu2662\/2022\/06\/img_1258-300x225.png\" class=\"attachment-medium size-medium\" alt=\"\" srcset=\"https:\/\/agora.xtec.cat\/escolacambrils\/wp-content\/uploads\/usu2662\/2022\/06\/img_1258-300x225.png 300w, https:\/\/agora.xtec.cat\/escolacambrils\/wp-content\/uploads\/usu2662\/2022\/06\/img_1258-200x150.png 200w, https:\/\/agora.xtec.cat\/escolacambrils\/wp-content\/uploads\/usu2662\/2022\/06\/img_1258.png 640w\" sizes=\"auto, (max-width: 300px) 100vw, 300px\" \/><\/a>\n\t\t\t<\/dt><\/dl><br style=\"clear: both\" \/><dl class='gallery-item'>\n\t\t\t<dt class='gallery-icon portrait'>\n\t\t\t\t<a href='https:\/\/agora.xtec.cat\/escolacambrils\/programa-descoberta-ciencies-3-6-anys\/attachment\/img_1271\/'><img loading=\"lazy\" decoding=\"async\" width=\"225\" height=\"300\" src=\"https:\/\/agora.xtec.cat\/escolacambrils\/wp-content\/uploads\/usu2662\/2022\/06\/img_1271-225x300.png\" class=\"attachment-medium size-medium\" alt=\"\" srcset=\"https:\/\/agora.xtec.cat\/escolacambrils\/wp-content\/uploads\/usu2662\/2022\/06\/img_1271-225x300.png 225w, https:\/\/agora.xtec.cat\/escolacambrils\/wp-content\/uploads\/usu2662\/2022\/06\/img_1271.png 640w\" sizes=\"auto, (max-width: 225px) 100vw, 225px\" \/><\/a>\n\t\t\t<\/dt><\/dl><dl class='gallery-item'>\n\t\t\t<dt class='gallery-icon portrait'>\n\t\t\t\t<a href='https:\/\/agora.xtec.cat\/escolacambrils\/programa-descoberta-ciencies-3-6-anys\/attachment\/img_1281\/'><img loading=\"lazy\" decoding=\"async\" width=\"225\" height=\"300\" src=\"https:\/\/agora.xtec.cat\/escolacambrils\/wp-content\/uploads\/usu2662\/2022\/06\/img_1281-225x300.jpg\" class=\"attachment-medium size-medium\" alt=\"\" srcset=\"https:\/\/agora.xtec.cat\/escolacambrils\/wp-content\/uploads\/usu2662\/2022\/06\/img_1281-225x300.jpg 225w, https:\/\/agora.xtec.cat\/escolacambrils\/wp-content\/uploads\/usu2662\/2022\/06\/img_1281.jpg 640w\" sizes=\"auto, (max-width: 225px) 100vw, 225px\" \/><\/a>\n\t\t\t<\/dt><\/dl><dl class='gallery-item'>\n\t\t\t<dt class='gallery-icon portrait'>\n\t\t\t\t<a href='https:\/\/agora.xtec.cat\/escolacambrils\/programa-descoberta-ciencies-3-6-anys\/attachment\/img_1191\/'><img loading=\"lazy\" decoding=\"async\" width=\"225\" height=\"300\" src=\"https:\/\/agora.xtec.cat\/escolacambrils\/wp-content\/uploads\/usu2662\/2022\/06\/img_1191-225x300.png\" class=\"attachment-medium size-medium\" alt=\"\" srcset=\"https:\/\/agora.xtec.cat\/escolacambrils\/wp-content\/uploads\/usu2662\/2022\/06\/img_1191-225x300.png 225w, https:\/\/agora.xtec.cat\/escolacambrils\/wp-content\/uploads\/usu2662\/2022\/06\/img_1191.png 640w\" sizes=\"auto, (max-width: 225px) 100vw, 225px\" \/><\/a>\n\t\t\t<\/dt><\/dl>\n\t\t\t<br style='clear: both' \/>\n\t\t<\/div>\n\n<\/div>\n<\/div>\n<div class=\"gallery-group images-1\" data-original-width=\"249\" data-original-height=\"188\">\n<p class=\"tiled-gallery-item tiled-gallery-item-small\"><span style=\"font-family: inherit; font-size: 1em; text-align: justify;\">El material del projecte proporciona tot un seguit d\u2019activitats i d\u2019experi\u00e8ncies per al nen\/a, esdevenint una font inexhaurible de descobertes, alhora que desvetlla la seva curiositat, la seva imaginaci\u00f3 i el seu esperit cr\u00edtic, avan\u00e7ant en els coneixements f\u00edsics i l\u00f2gics.<\/span><\/p>\n<\/div>\n<\/div>\n<\/div>\n<\/div>\n<div class=\"entry-content\">\n<h4><\/h4>\n<h4 style=\"text-align: justify;\">Objectius<\/h4>\n<ul style=\"text-align: justify;\">\n<li>Desenvolupar capacitats (cognitives, motrius, d\u2019equilibri personal, de relaci\u00f3 i d\u2019inserci\u00f3 social) tenint en compte els coneixements previs i el nivell de desenvolupament de cadasc\u00fa.<\/li>\n<\/ul>\n<ul style=\"text-align: justify;\">\n<li>Estimular l\u2019activitat, tant f\u00edsica com mental, desvetllant al mateix temps la curiositat, la imaginaci\u00f3 i l\u2019esperit cr\u00edtic afavorint la consecuci\u00f3 de la pr\u00f2pia autonomia.<\/li>\n<\/ul>\n<ul style=\"text-align: justify;\">\n<li>Adquirir procediments que facilitin l\u2019obtenci\u00f3 d\u2019informaci\u00f3, el seu processament i la seva interioritzaci\u00f3.<\/li>\n<\/ul>\n<ul style=\"text-align: justify;\">\n<li>Habituar-se a treballar experimentalment, de manera que s\u2019afavoreixi l\u2019activitat dels infants com a investigadors (observant, descrivint, anticipant, comprovant, etc.).<\/li>\n<\/ul>\n<ul style=\"text-align: justify;\">\n<li>Utilitzar la imaginaci\u00f3 per tal de descobrir i indagar els fen\u00f2mens f\u00edsics i naturals que es desenvolupen al seu voltant.<\/li>\n<\/ul>\n<ul style=\"text-align: justify;\">\n<li>Habituar-se a pensar i crear per compte propi, relacionant alguns fen\u00f2mens de la ci\u00e8ncia i donant explicacions cient\u00edfiques o simb\u00f2liques.<\/li>\n<\/ul>\n<ul style=\"text-align: justify;\">\n<li>Interessar-se en con\u00e8ixer i intercanviar viv\u00e8ncies i opinions amb els companys.<\/li>\n<\/ul>\n<ul style=\"text-align: justify;\">\n<li>Adonar-se del propi progr\u00e9s.<\/li>\n<\/ul>\n<ul style=\"text-align: justify;\">\n<li>Extreure algunes conclusions com a resultat de les experi\u00e8ncies.<\/li>\n<\/ul>\n<ul>\n<li style=\"text-align: justify;\">Aplicar a noves situacions els conceptes i estrat\u00e8gies apreses anteriorment.<\/li>\n<\/ul>\n<\/div>\n","protected":false},"excerpt":{"rendered":"<p>Un projecte molt consolidat a Educaci\u00f3 Infantil, amb el qual donem\u00a0 resposta a la necessitat de prendre contacte amb les ci\u00e8ncies, d\u2019una manera innovadora, ja des de l\u2019entrada dels infants a l\u2019escola.<\/p>\n<p>El projecte es composa, fonamentalment, d\u2019un paquet curricular que parteix de l\u2019\u00e0rea de \u201cDescoberta&hellip;  <a href=\"https:\/\/agora.xtec.cat\/escolacambrils\/programa-descoberta-ciencies-3-6-anys\/\" title=\"Read Programa DESCOBERTA (ci\u00e8ncies 3-6 anys)\">Llegeix m\u00e9s\u00bb<\/a><\/p>\n","protected":false},"author":15,"featured_media":0,"parent":0,"menu_order":0,"comment_status":"closed","ping_status":"closed","template":"","meta":{"_bbp_topic_count":0,"_bbp_reply_count":0,"_bbp_total_topic_count":0,"_bbp_total_reply_count":0,"_bbp_voice_count":0,"_bbp_anonymous_reply_count":0,"_bbp_topic_count_hidden":0,"_bbp_reply_count_hidden":0,"_bbp_forum_subforum_count":0,"footnotes":""},"class_list":["post-7088","page","type-page","status-publish","hentry"],"post_mailing_queue_ids":[],"_links":{"self":[{"href":"https:\/\/agora.xtec.cat\/escolacambrils\/wp-json\/wp\/v2\/pages\/7088","targetHints":{"allow":["GET"]}}],"collection":[{"href":"https:\/\/agora.xtec.cat\/escolacambrils\/wp-json\/wp\/v2\/pages"}],"about":[{"href":"https:\/\/agora.xtec.cat\/escolacambrils\/wp-json\/wp\/v2\/types\/page"}],"author":[{"embeddable":true,"href":"https:\/\/agora.xtec.cat\/escolacambrils\/wp-json\/wp\/v2\/users\/15"}],"replies":[{"embeddable":true,"href":"https:\/\/agora.xtec.cat\/escolacambrils\/wp-json\/wp\/v2\/comments?post=7088"}],"version-history":[{"count":3,"href":"https:\/\/agora.xtec.cat\/escolacambrils\/wp-json\/wp\/v2\/pages\/7088\/revisions"}],"predecessor-version":[{"id":7111,"href":"https:\/\/agora.xtec.cat\/escolacambrils\/wp-json\/wp\/v2\/pages\/7088\/revisions\/7111"}],"wp:attachment":[{"href":"https:\/\/agora.xtec.cat\/escolacambrils\/wp-json\/wp\/v2\/media?parent=7088"}],"curies":[{"name":"wp","href":"https:\/\/api.w.org\/{rel}","templated":true}]}}