{"id":7079,"date":"2022-06-29T16:44:19","date_gmt":"2022-06-29T14:44:19","guid":{"rendered":"https:\/\/agora.xtec.cat\/escolacambrils\/?page_id=7079"},"modified":"2022-06-29T16:44:19","modified_gmt":"2022-06-29T14:44:19","slug":"convivencia-i-coeducacio","status":"publish","type":"page","link":"https:\/\/agora.xtec.cat\/escolacambrils\/convivencia-i-coeducacio\/","title":{"rendered":"Conviv\u00e8ncia i Coeducaci\u00f3"},"content":{"rendered":"<p class=\"entry-title\" style=\"text-align: justify;\"><span style=\"font-family: inherit; font-size: 1em;\">El Projecte de Conviv\u00e8ncia (PdD) \u00e9s el document que engloba el conjunt d\u2019accions encaminades a la millora de la conviv\u00e8ncia en el centre educatiu i, per tant, recull les intervencions que el centre desenvolupa per tal de capacitar tot l\u2019alumnat i la resta de la comunitat educativa per a la conviv\u00e8ncia i la gesti\u00f3 positiva de conflictes.<\/span><\/p>\n<div class=\"entry-content\">\n<p class=\"has-text-align-justify\" style=\"text-align: justify;\">Aquestes accions poden anar adre\u00e7ades a la millora de la conviv\u00e8ncia a l\u2019aula, al centre o a l\u2019entorn, en el benent\u00e8s que la permeabilitat entre aquests tres \u00e0mbits d\u2019intervenci\u00f3 afavoreix la transfer\u00e8ncia d\u2019aprenentatges, valors, creences, actituds i h\u00e0bits relacionals.<\/p>\n<p class=\"has-text-align-justify\" style=\"text-align: justify;\">L\u2019escola \u00e9s el reflex de la societat i, alhora, \u00e9s un espai privilegiat on tots els ciutadans i ciutadanes adquireixen uns coneixements i uns h\u00e0bits de socialitzaci\u00f3 i de relaci\u00f3 amb els altres. Un dels seus objectius b\u00e0sics ha de ser ensenyar i aprendre a viure i conviure; ha de fomentar i liderar la conviv\u00e8ncia, tant a l\u2019interior del centre educatiu com al seu entorn immediat.<\/p>\n<p style=\"text-align: justify;\"><u>OBJECTIUS GENERALS<\/u><\/p>\n<ol style=\"text-align: justify;\" type=\"1\">\n<li>Assegurar i garantir la participaci\u00f3, la implicaci\u00f3 i el comprom\u00eds de tota la comunitat escolar.<\/li>\n<li>Ajudar a cada alumne\/a a relacionar-se amb ell\/a mateix\/a, amb les altres persones i amb el m\u00f3n.<\/li>\n<li>Potenciar l\u2019equitat i el respecte a la diversitat de l\u2019alumnat en un marc de valors compartits.<\/li>\n<li>Fomentar la cultura del di\u00e0leg com a eina b\u00e0sica en la gesti\u00f3 del conflicte.<\/li>\n<li>Fomentar una cultura de la pau i la no-viol\u00e8ncia, juntament amb els valors que fan possible preservar i enriquir la vida de totes les persones.<\/li>\n<li>Desenvolupar totes les capacitats individuals amb independ\u00e8ncia del g\u00e8nere de l\u2019alumnat.<\/li>\n<\/ol>\n<p style=\"text-align: justify;\"><strong>COEDUCACI\u00d3<\/strong><\/p>\n<p class=\"has-text-align-justify\" style=\"text-align: justify;\">La coeducaci\u00f3\u00a0<em>\u00e9s l\u2019acci\u00f3 educativa fonamentada en el reconeixement de les potencialitats i individualitats de tot l\u2019alumnat, independentment del seu sexe potenciant aix\u00ed la igualtat real d\u2019oportunitats.\u00a0<\/em>Proporciona tant a l\u2019alumnat, com al professorat i a tota la comunitat educativa, estrat\u00e8gies que poden modificar les relacions de poder, d\u2019ab\u00fas i de respostes estereotipades per a cada g\u00e8nere.<\/p>\n<p style=\"text-align: justify;\"><strong><em><u>Objectius\/estrat\u00e8gies del Projecte de Coeducaci\u00f3 del centre<\/u><\/em><\/strong><\/p>\n<ul>\n<li style=\"text-align: justify;\">La promoci\u00f3 d\u2019un llenguatge verbal i gr\u00e0fic inclusiu.<\/li>\n<li style=\"text-align: justify;\">L\u2019\u00fas no sexista dels espais educatius del centre.<\/li>\n<li style=\"text-align: justify;\">La utilitzaci\u00f3 de llibres de text i materials did\u00e0ctics i curriculars que promoguin un tracte no sexista.<\/li>\n<li style=\"text-align: justify;\">La incorporaci\u00f3 als continguts curriculars de la perspectiva de g\u00e8nere, dels sabers de les dones al llarg de la hist\u00f2ria i de les tasques de cura envers les persones i els espais indistintament per part d\u2019ambd\u00f3s sexes.<\/li>\n<li style=\"text-align: justify;\">L\u2019orientaci\u00f3 acad\u00e8mica no estereotipada i la diversitat familiar.<\/li>\n<li style=\"text-align: justify;\">La constituci\u00f3 d\u2019un entorn amable i segur perqu\u00e8 tant alumnat com professorat puguin viure de manera natural la seva orientaci\u00f3 sexual, identitat i expressi\u00f3 de g\u00e8nere.<\/li>\n<li style=\"text-align: justify;\">La potenciaci\u00f3 d\u2019una educaci\u00f3 afectiva i sexual que afavoreixi la construcci\u00f3 d\u2019una sexualitat saludable.<\/li>\n<li style=\"text-align: justify;\">La gesti\u00f3 positiva (comunicaci\u00f3 no violenta) de situacions de conflicte vinculades a comportaments i actituds de car\u00e0cter sexista o per motiu d\u2019identitat de g\u00e8nere o d\u2019orientaci\u00f3 afectivosexual.<\/li>\n<\/ul>\n<figure class=\"wp-block-image size-large\"><a href=\"https:\/\/escolacambrils.files.wordpress.com\/2021\/07\/coeducacio.jpg\"><img decoding=\"async\" class=\"wp-image-4161 aligncenter\" src=\"https:\/\/escolacambrils.files.wordpress.com\/2021\/07\/coeducacio.jpg?w=850\" sizes=\"(max-width: 850px) 100vw, 850px\" srcset=\"https:\/\/escolacambrils.files.wordpress.com\/2021\/07\/coeducacio.jpg 850w, https:\/\/escolacambrils.files.wordpress.com\/2021\/07\/coeducacio.jpg?w=150 150w, https:\/\/escolacambrils.files.wordpress.com\/2021\/07\/coeducacio.jpg?w=300 300w, https:\/\/escolacambrils.files.wordpress.com\/2021\/07\/coeducacio.jpg?w=768 768w\" alt=\"\" data-attachment-id=\"4161\" data-permalink=\"https:\/\/escolacambrils.wordpress.com\/convivencia-i-coeducacio\/coeducacio\/\" data-orig-file=\"https:\/\/escolacambrils.files.wordpress.com\/2021\/07\/coeducacio.jpg\" data-orig-size=\"850,300\" data-comments-opened=\"1\" data-image-meta=\"{&quot;aperture&quot;:&quot;0&quot;,&quot;credit&quot;:&quot;&quot;,&quot;camera&quot;:&quot;&quot;,&quot;caption&quot;:&quot;&quot;,&quot;created_timestamp&quot;:&quot;0&quot;,&quot;copyright&quot;:&quot;&quot;,&quot;focal_length&quot;:&quot;0&quot;,&quot;iso&quot;:&quot;0&quot;,&quot;shutter_speed&quot;:&quot;0&quot;,&quot;title&quot;:&quot;&quot;,&quot;orientation&quot;:&quot;0&quot;}\" data-image-title=\"coeducacio\" data-image-description=\"\" data-image-caption=\"\" data-medium-file=\"https:\/\/escolacambrils.files.wordpress.com\/2021\/07\/coeducacio.jpg?w=300\" data-large-file=\"https:\/\/escolacambrils.files.wordpress.com\/2021\/07\/coeducacio.jpg?w=640\" \/><\/a><\/figure>\n<\/div>\n","protected":false},"excerpt":{"rendered":"<p>El Projecte de Conviv\u00e8ncia (PdD) \u00e9s el document que engloba el conjunt d\u2019accions encaminades a la millora de la conviv\u00e8ncia en el centre educatiu i, per tant, recull les intervencions que el centre desenvolupa per tal de capacitar tot l\u2019alumnat i la resta de la&hellip;  <a href=\"https:\/\/agora.xtec.cat\/escolacambrils\/convivencia-i-coeducacio\/\" title=\"Read Conviv\u00e8ncia i Coeducaci\u00f3\">Llegeix m\u00e9s\u00bb<\/a><\/p>\n","protected":false},"author":15,"featured_media":0,"parent":0,"menu_order":0,"comment_status":"closed","ping_status":"closed","template":"","meta":{"_bbp_topic_count":0,"_bbp_reply_count":0,"_bbp_total_topic_count":0,"_bbp_total_reply_count":0,"_bbp_voice_count":0,"_bbp_anonymous_reply_count":0,"_bbp_topic_count_hidden":0,"_bbp_reply_count_hidden":0,"_bbp_forum_subforum_count":0,"footnotes":""},"class_list":["post-7079","page","type-page","status-publish","hentry"],"post_mailing_queue_ids":[],"_links":{"self":[{"href":"https:\/\/agora.xtec.cat\/escolacambrils\/wp-json\/wp\/v2\/pages\/7079","targetHints":{"allow":["GET"]}}],"collection":[{"href":"https:\/\/agora.xtec.cat\/escolacambrils\/wp-json\/wp\/v2\/pages"}],"about":[{"href":"https:\/\/agora.xtec.cat\/escolacambrils\/wp-json\/wp\/v2\/types\/page"}],"author":[{"embeddable":true,"href":"https:\/\/agora.xtec.cat\/escolacambrils\/wp-json\/wp\/v2\/users\/15"}],"replies":[{"embeddable":true,"href":"https:\/\/agora.xtec.cat\/escolacambrils\/wp-json\/wp\/v2\/comments?post=7079"}],"version-history":[{"count":1,"href":"https:\/\/agora.xtec.cat\/escolacambrils\/wp-json\/wp\/v2\/pages\/7079\/revisions"}],"predecessor-version":[{"id":7080,"href":"https:\/\/agora.xtec.cat\/escolacambrils\/wp-json\/wp\/v2\/pages\/7079\/revisions\/7080"}],"wp:attachment":[{"href":"https:\/\/agora.xtec.cat\/escolacambrils\/wp-json\/wp\/v2\/media?parent=7079"}],"curies":[{"name":"wp","href":"https:\/\/api.w.org\/{rel}","templated":true}]}}