{"id":6776,"date":"2022-01-10T08:55:34","date_gmt":"2022-01-10T07:55:34","guid":{"rendered":"https:\/\/agora.xtec.cat\/escolacambrils\/?page_id=6776"},"modified":"2022-01-20T09:49:12","modified_gmt":"2022-01-20T08:49:12","slug":"families-i-serveis","status":"publish","type":"page","link":"https:\/\/agora.xtec.cat\/escolacambrils\/families-i-serveis\/","title":{"rendered":"Fam\u00edlies i serveis"},"content":{"rendered":"<p>Consulteu el men\u00fa de l&#8217;esquerra i seleccioneu qu\u00e8 voleu visualitzar.<\/p>\n","protected":false},"excerpt":{"rendered":"<p>Consulteu el men\u00fa de l&#8217;esquerra i seleccioneu qu\u00e8 voleu visualitzar.<\/p>\n","protected":false},"author":1,"featured_media":0,"parent":0,"menu_order":0,"comment_status":"closed","ping_status":"closed","template":"page-templates\/side-menu.php","meta":{"_bbp_topic_count":0,"_bbp_reply_count":0,"_bbp_total_topic_count":0,"_bbp_total_reply_count":0,"_bbp_voice_count":0,"_bbp_anonymous_reply_count":0,"_bbp_topic_count_hidden":0,"_bbp_reply_count_hidden":0,"_bbp_forum_subforum_count":0,"footnotes":""},"class_list":["post-6776","page","type-page","status-publish","hentry"],"post_mailing_queue_ids":[],"_links":{"self":[{"href":"https:\/\/agora.xtec.cat\/escolacambrils\/wp-json\/wp\/v2\/pages\/6776","targetHints":{"allow":["GET"]}}],"collection":[{"href":"https:\/\/agora.xtec.cat\/escolacambrils\/wp-json\/wp\/v2\/pages"}],"about":[{"href":"https:\/\/agora.xtec.cat\/escolacambrils\/wp-json\/wp\/v2\/types\/page"}],"author":[{"embeddable":true,"href":"https:\/\/agora.xtec.cat\/escolacambrils\/wp-json\/wp\/v2\/users\/1"}],"replies":[{"embeddable":true,"href":"https:\/\/agora.xtec.cat\/escolacambrils\/wp-json\/wp\/v2\/comments?post=6776"}],"version-history":[{"count":1,"href":"https:\/\/agora.xtec.cat\/escolacambrils\/wp-json\/wp\/v2\/pages\/6776\/revisions"}],"predecessor-version":[{"id":6777,"href":"https:\/\/agora.xtec.cat\/escolacambrils\/wp-json\/wp\/v2\/pages\/6776\/revisions\/6777"}],"wp:attachment":[{"href":"https:\/\/agora.xtec.cat\/escolacambrils\/wp-json\/wp\/v2\/media?parent=6776"}],"curies":[{"name":"wp","href":"https:\/\/api.w.org\/{rel}","templated":true}]}}