{"id":38,"date":"2014-09-18T12:34:08","date_gmt":"2014-09-18T10:34:08","guid":{"rendered":"http:\/\/agora.xtec.cat\/escolabrasil\/?page_id=38"},"modified":"2022-08-31T17:14:29","modified_gmt":"2022-08-31T15:14:29","slug":"salut","status":"publish","type":"page","link":"https:\/\/agora.xtec.cat\/escolabrasil\/lescola\/salut\/","title":{"rendered":"Salut"},"content":{"rendered":"<h4><span style=\"color: #f03a3a;\">MEDICACI\u00d3<\/span><\/h4>\n<p><strong>A l&#8217;escola no es pot subministrar cap medicaci\u00f3 als alumnes sense consentiment escrit del responsable familiar del nen o nena.<\/strong><\/p>\n<p><strong>Cal aportar la recepta i omplir un full de consentiment per part dels pares,\u00a0mares o\u00a0tutors a consergeria\u00a0amb el nom del medicament, de l&#8217;alumne o alumna, dosi i hores en que s&#8217;ha de subministrar.<\/strong><\/p>\n<h4><span style=\"color: #f03a3a;\">ACCIDENTS I\u00a0MALALTIES<\/span><\/h4>\n<p><strong>En cas d&#8217;accident o malaltia d&#8217;un nen o nena dins de l&#8217;escola, el centre es posar\u00e0 en contacte amb la fam\u00edlia per tal que aquesta decideixi si cal emportar-se el nen o nena i a on. En cas de no poder contactar amb cap responsable de l&#8217;alumne, la direcci\u00f3 prendr\u00e0 les mesures que cregui convenients.<\/strong><\/p>\n<h4><span style=\"color: #f03a3a;\">ABS\u00c8NCIES PER\u00a0MALALTIA<\/span><\/h4>\n<p><strong>Els mestres porten registre de les abs\u00e8ncies i retards dels alumnes.<\/strong><\/p>\n<p><strong>Quan un alumne arriba tard al Centre cal portar-lo a consergeria on s&#8217;ha d&#8217;omplir un full de registre. L&#8217;alumne no pot accedir pel seu compte a les aules. El Conserge o un altre membre del personal del Centre s&#8217;encarregar\u00e0 de portar l&#8217;alumne a la seva classe si cal.<\/strong><\/p>\n<p><strong>En cas de retard o abs\u00e8ncia per visita m\u00e8dica o malaltia cal portar justificant del metge.<\/strong><\/p>\n<h4><span style=\"color: #f03a3a;\">POLLS. PAR\u00c0SITS<\/span><\/h4>\n<p><strong>La infestaci\u00f3 per polls \u00e9s molt habitual a tots els \u00e0mbits on es reuneixen moltes criatures especialment a la primavera i tardor.<\/strong><\/p>\n<p><strong>\u00c9s responsabilitat de les fam\u00edlies vigilar i revisar els cabells dels seus fills i filles i aplicar el procediment adequat si \u00e9s el cas.<\/strong><\/p>\n<h4><span style=\"color: #f03a3a;\">AL\u00b7L\u00c8RGIES<\/span><\/h4>\n<p><strong>\u00c9s molt important i obligatori comunicar a la direcci\u00f3 del centre tota mena d&#8217;al\u00b7l\u00e8rgies que puguin patir els alumnes: aliments, medicaments, productes, teixits, etc.<\/strong><\/p>\n<h4><span style=\"color: #f03a3a;\">MOCADORS<\/span><\/h4>\n<p><strong>Els alumnes i les alumnes han de portar mocadors de paper d&#8217;\u00fas particular seguint les recomanacions higi\u00e8nico-sanit\u00e0ries<\/strong><\/p>\n<p>&nbsp;<\/p>\n<p>&nbsp;<\/p>\n","protected":false},"excerpt":{"rendered":"<p>MEDICACI\u00d3 A l&#8217;escola no es pot subministrar cap medicaci\u00f3 als alumnes sense consentiment escrit del responsable familiar del nen o nena. Cal aportar la recepta i omplir un full de consentiment per part dels pares,\u00a0mares o\u00a0tutors a consergeria\u00a0amb el nom del medicament, de l&#8217;alumne o alumna, dosi i hores en que s&#8217;ha de subministrar. ACCIDENTS [&hellip;]<\/p>\n","protected":false},"author":1,"featured_media":0,"parent":22,"menu_order":8,"comment_status":"closed","ping_status":"closed","template":"page-templates\/side-menu.php","meta":{"_bbp_topic_count":0,"_bbp_reply_count":0,"_bbp_total_topic_count":0,"_bbp_total_reply_count":0,"_bbp_voice_count":0,"_bbp_anonymous_reply_count":0,"_bbp_topic_count_hidden":0,"_bbp_reply_count_hidden":0,"_bbp_forum_subforum_count":0,"site-sidebar-layout":"default","site-content-layout":"","ast-site-content-layout":"","site-content-style":"default","site-sidebar-style":"default","ast-global-header-display":"","ast-banner-title-visibility":"","ast-main-header-display":"","ast-hfb-above-header-display":"","ast-hfb-below-header-display":"","ast-hfb-mobile-header-display":"","site-post-title":"","ast-breadcrumbs-content":"","ast-featured-img":"","footer-sml-layout":"","theme-transparent-header-meta":"","adv-header-id-meta":"","stick-header-meta":"","header-above-stick-meta":"","header-main-stick-meta":"","header-below-stick-meta":"","astra-migrate-meta-layouts":"default","ast-page-background-enabled":"default","ast-page-background-meta":{"desktop":{"background-color":"var(--ast-global-color-4)","background-image":"","background-repeat":"repeat","background-position":"center center","background-size":"auto","background-attachment":"scroll","background-type":"","background-media":"","overlay-type":"","overlay-color":"","overlay-opacity":"","overlay-gradient":""},"tablet":{"background-color":"","background-image":"","background-repeat":"repeat","background-position":"center center","background-size":"auto","background-attachment":"scroll","background-type":"","background-media":"","overlay-type":"","overlay-color":"","overlay-opacity":"","overlay-gradient":""},"mobile":{"background-color":"","background-image":"","background-repeat":"repeat","background-position":"center center","background-size":"auto","background-attachment":"scroll","background-type":"","background-media":"","overlay-type":"","overlay-color":"","overlay-opacity":"","overlay-gradient":""}},"ast-content-background-meta":{"desktop":{"background-color":"var(--ast-global-color-5)","background-image":"","background-repeat":"repeat","background-position":"center center","background-size":"auto","background-attachment":"scroll","background-type":"","background-media":"","overlay-type":"","overlay-color":"","overlay-opacity":"","overlay-gradient":""},"tablet":{"background-color":"var(--ast-global-color-5)","background-image":"","background-repeat":"repeat","background-position":"center center","background-size":"auto","background-attachment":"scroll","background-type":"","background-media":"","overlay-type":"","overlay-color":"","overlay-opacity":"","overlay-gradient":""},"mobile":{"background-color":"var(--ast-global-color-5)","background-image":"","background-repeat":"repeat","background-position":"center center","background-size":"auto","background-attachment":"scroll","background-type":"","background-media":"","overlay-type":"","overlay-color":"","overlay-opacity":"","overlay-gradient":""}},"footnotes":""},"class_list":["post-38","page","type-page","status-publish","hentry"],"post_mailing_queue_ids":[],"_links":{"self":[{"href":"https:\/\/agora.xtec.cat\/escolabrasil\/wp-json\/wp\/v2\/pages\/38","targetHints":{"allow":["GET"]}}],"collection":[{"href":"https:\/\/agora.xtec.cat\/escolabrasil\/wp-json\/wp\/v2\/pages"}],"about":[{"href":"https:\/\/agora.xtec.cat\/escolabrasil\/wp-json\/wp\/v2\/types\/page"}],"author":[{"embeddable":true,"href":"https:\/\/agora.xtec.cat\/escolabrasil\/wp-json\/wp\/v2\/users\/1"}],"replies":[{"embeddable":true,"href":"https:\/\/agora.xtec.cat\/escolabrasil\/wp-json\/wp\/v2\/comments?post=38"}],"version-history":[{"count":4,"href":"https:\/\/agora.xtec.cat\/escolabrasil\/wp-json\/wp\/v2\/pages\/38\/revisions"}],"predecessor-version":[{"id":686,"href":"https:\/\/agora.xtec.cat\/escolabrasil\/wp-json\/wp\/v2\/pages\/38\/revisions\/686"}],"up":[{"embeddable":true,"href":"https:\/\/agora.xtec.cat\/escolabrasil\/wp-json\/wp\/v2\/pages\/22"}],"wp:attachment":[{"href":"https:\/\/agora.xtec.cat\/escolabrasil\/wp-json\/wp\/v2\/media?parent=38"}],"curies":[{"name":"wp","href":"https:\/\/api.w.org\/{rel}","templated":true}]}}