{"id":1786,"date":"2018-06-02T01:17:05","date_gmt":"2018-06-01T23:17:05","guid":{"rendered":"http:\/\/agora.xtec.cat\/escolabrasil\/?page_id=1786"},"modified":"2024-12-26T19:40:59","modified_gmt":"2024-12-26T18:40:59","slug":"menjador-escolar-empreses","status":"publish","type":"page","link":"https:\/\/agora.xtec.cat\/escolabrasil\/menjador-escolar-empreses\/","title":{"rendered":"Transpar\u00e8ncia"},"content":{"rendered":"<h3 style=\"text-align: left;\"><strong>CONCURS PER LICITAR EL CONTRACTE DE MENJADOR DEL CURS 2019-20<\/strong><\/h3>\n<p style=\"text-align: left;\">S\u2019obre el concurs per licitar el contracte de servei de menjador escolar del curs 2019\/20 a l\u2019Escola Brasil de Barcelona.<\/p>\n<p><strong>Presentaci\u00f3 de proposicions: <\/strong>fins el dia 26 de juny de 2019, a les 14:00 hores<\/p>\n<p><strong>Horari<\/strong>: L&#8217;horari de presentaci\u00f3 de proposicions \u00e9s de dilluns a divendres de 9 a 12,30 h. S&#8217;haur\u00e0 de lliurar la documentaci\u00f3 al despatx de direcci\u00f3.<\/p>\n<p>Les empreses que estiguin interessades en veure les instal\u00b7lacions del menjador ens poden visitar el divendres 7 de juny de 2019 a les 15,30 h.<\/p>\n<h3 style=\"text-align: left;\"><strong>DOCUMENTS<\/strong><\/h3>\n<p style=\"text-align: left;\"><em>Per descarregar els documents, cliqueu la fletxa que es mostra a la cantonada superior dreta del document i posteriorment la fletxa de baixada o impressi\u00f3.<\/em><\/p>\n<ul>\n<li><strong>PPT <\/strong><strong style=\"font-family: inherit; font-size: 1em;\">(Plec de Prescripcions T\u00e8cniques) <\/strong><span style=\"font-family: inherit; font-size: 1em; font-weight: normal;\">que regiran el contracte de gesti\u00f3 del servei de menjador escolar de l\u2019Escola Brasil.<\/span><\/li>\n<\/ul>\n<p style=\"text-align: center;\"><code><\/code><\/p>\n<p style=\"text-align: center;\"><iframe loading=\"lazy\" src=\"https:\/\/drive.google.com\/file\/d\/1vmYDE5SFFfIYwpJTs7-fSAjUwAXgeofw\/preview\" width=\"640\" height=\"800\"><\/iframe><\/p>\n<ul>\n<li><strong>PCAP <\/strong><strong style=\"font-family: inherit; font-size: 1em;\">(plec de cl\u00e0usules administratives particulars)<\/strong><\/li>\n<\/ul>\n<p><em>ACLARIMENT DE LA P\u00c0G. 9 DEL PLEC DE CL\u00c0USULES ADMINISTRATIVES PARTICULARS:<\/em><\/p>\n<p>K.2) CRITERIS D\u2019ADJUDICACI\u00d3 QUANTIFICABLES MITJAN\u00c7ANT L\u2019APLICACI\u00d3 DE F\u00d3RMULES AUTOM\u00c0TIQUES (SOBRE C):\u00a0 fins a 55 punts<\/p>\n<p style=\"text-align: center;\"><a href=\"https:\/\/photos.google.com\/share\/AF1QipP_jYz3wKKw-5dWtvUCg6xuSBphgub1NUNWkn9Eu--jgjih_oDqwCnpcEtSPIdWYg?key=QnJKSm5va0RxSFRCYlZ2MjEyaEhSemlBcEN0MHBB&amp;source=ctrlq.org\"><img loading=\"lazy\" decoding=\"async\" class=\"\" src=\"https:\/\/lh3.googleusercontent.com\/B6ArtAPKcR02xIUqatFGRqLnIE_FJacp272eqcmfrXVRe9GRbzHeWmlZXoW3LY7eUEeA9W3YQnpiS59qGVtbXibgPSepPEjXiS6xxZRpInIMMdwBgsaoqNlnXQk87dGGNe_1WnwtNQ=w2400\" width=\"405\" height=\"145\" \/><\/a><\/p>\n<p style=\"text-align: center;\"><iframe loading=\"lazy\" src=\"https:\/\/drive.google.com\/file\/d\/1yIF4XFkf5QR3AEpW4bPgz9NSubG7uMAl\/preview\" width=\"640\" height=\"800\"><span data-mce-type=\"bookmark\" style=\"display: inline-block; width: 0px; overflow: hidden; line-height: 0;\" class=\"mce_SELRES_start\">\ufeff<\/span><\/iframe><\/p>\n<ul>\n<li><strong>MEM\u00d2RIA JUSTIFICATIVA<\/strong><\/li>\n<\/ul>\n<p style=\"text-align: center;\"><iframe loading=\"lazy\" src=\"https:\/\/drive.google.com\/file\/d\/1eR_5nTdf1_1iGhFB5CrPV1axKk9uTLtI\/preview\" width=\"640\" height=\"800\"><\/iframe><\/p>\n<h3><strong>LLISTAT D&#8217;EMPRESES PRESENTADES<\/strong><\/h3>\n<ol>\n<li>Teno menjadors<\/li>\n<li>Associaci\u00f3 Diverjoc Font d\u2019en Fargas<\/li>\n<li>Paideia Serveis de Menjador<\/li>\n<li>Valors Projectes Educatius<\/li>\n<li>Serhs Food<\/li>\n<li>Educaci\u00f3 i Temps lliure Zigazaga<\/li>\n<li>Xino-Xano Associaci\u00f3 de Lleure<\/li>\n<li>Barcilleure S.L<\/li>\n<li>Eurest Catalunya SL<\/li>\n<\/ol>\n<h3><strong>LLISTAT D&#8217;EMPRESES ADMESES<\/strong><\/h3>\n<ol>\n<li>Teno menjadors<\/li>\n<li>Associaci\u00f3 Diverjoc Font d\u2019en Fargas<\/li>\n<li>Paideia Serveis de Menjador<\/li>\n<li>Valors Projectes Educatius<\/li>\n<li>Serhs Food<\/li>\n<li>Educaci\u00f3 i Temps lliure Zigazaga<\/li>\n<li>Xino-Xano Associaci\u00f3 de Lleure<\/li>\n<li>Barcilleure S.L<\/li>\n<li>Eurest Catalunya SL<\/li>\n<\/ol>\n<h3><strong>LECTURA DE PUNTUACIONS<\/strong><\/h3>\n<p><strong>Dilluns dia 8 de juliol de 2019, a les 12:30 hores, a la Sala de Juntes de la 5a. planta del Consorci d\u2019Educaci\u00f3 de Barcelona<\/strong>, pl. Urquinaona, n\u00fam. 6, tindr\u00e0 lloc la lectura de les puntuacions dels sobres B i l\u2019obertura dels sobres C.<\/p>\n<h3><strong>INFORME DE VALORACI\u00d3<\/strong><\/h3>\n<p><iframe loading=\"lazy\" src=\"https:\/\/drive.google.com\/file\/d\/1GaPRiFSG7oLBNT5AFZqm60P1dXd45KKB\/preview\" width=\"640\" height=\"880\"><\/iframe><\/p>\n<h3><strong>PUNTUACI\u00d3 FINAL<\/strong><\/h3>\n<p><iframe loading=\"lazy\" src=\"https:\/\/drive.google.com\/file\/d\/1iiPsk312OXeWJUaMrb0QEFHuRdKeqcb4\/preview\" width=\"640\" height=\"480\"><\/iframe><\/p>\n<h3><strong>RESOLUCI\u00d3<\/strong><\/h3>\n<p><iframe loading=\"lazy\" src=\"https:\/\/drive.google.com\/file\/d\/1DIAyqn5EBUDctuj2WN18zJvcB51yLzFg\/preview\" width=\"640\" height=\"880\"><\/iframe><\/p>\n<p>&nbsp;<\/p>\n","protected":false},"excerpt":{"rendered":"<p>CONCURS PER LICITAR EL CONTRACTE DE MENJADOR DEL CURS 2019-20 S\u2019obre el concurs per licitar el contracte de servei de menjador escolar del curs 2019\/20 a l\u2019Escola Brasil de Barcelona. Presentaci\u00f3 de proposicions: fins el dia 26 de juny de 2019, a les 14:00 hores Horari: L&#8217;horari de presentaci\u00f3 de proposicions \u00e9s de dilluns a [&hellip;]<\/p>\n","protected":false},"author":1,"featured_media":0,"parent":0,"menu_order":0,"comment_status":"closed","ping_status":"closed","template":"","meta":{"_bbp_topic_count":0,"_bbp_reply_count":0,"_bbp_total_topic_count":0,"_bbp_total_reply_count":0,"_bbp_voice_count":0,"_bbp_anonymous_reply_count":0,"_bbp_topic_count_hidden":0,"_bbp_reply_count_hidden":0,"_bbp_forum_subforum_count":0,"site-sidebar-layout":"default","site-content-layout":"","ast-site-content-layout":"","site-content-style":"default","site-sidebar-style":"default","ast-global-header-display":"","ast-banner-title-visibility":"","ast-main-header-display":"","ast-hfb-above-header-display":"","ast-hfb-below-header-display":"","ast-hfb-mobile-header-display":"","site-post-title":"","ast-breadcrumbs-content":"","ast-featured-img":"","footer-sml-layout":"","theme-transparent-header-meta":"","adv-header-id-meta":"","stick-header-meta":"","header-above-stick-meta":"","header-main-stick-meta":"","header-below-stick-meta":"","astra-migrate-meta-layouts":"default","ast-page-background-enabled":"default","ast-page-background-meta":{"desktop":{"background-color":"var(--ast-global-color-4)","background-image":"","background-repeat":"repeat","background-position":"center center","background-size":"auto","background-attachment":"scroll","background-type":"","background-media":"","overlay-type":"","overlay-color":"","overlay-opacity":"","overlay-gradient":""},"tablet":{"background-color":"","background-image":"","background-repeat":"repeat","background-position":"center center","background-size":"auto","background-attachment":"scroll","background-type":"","background-media":"","overlay-type":"","overlay-color":"","overlay-opacity":"","overlay-gradient":""},"mobile":{"background-color":"","background-image":"","background-repeat":"repeat","background-position":"center center","background-size":"auto","background-attachment":"scroll","background-type":"","background-media":"","overlay-type":"","overlay-color":"","overlay-opacity":"","overlay-gradient":""}},"ast-content-background-meta":{"desktop":{"background-color":"var(--ast-global-color-5)","background-image":"","background-repeat":"repeat","background-position":"center center","background-size":"auto","background-attachment":"scroll","background-type":"","background-media":"","overlay-type":"","overlay-color":"","overlay-opacity":"","overlay-gradient":""},"tablet":{"background-color":"var(--ast-global-color-5)","background-image":"","background-repeat":"repeat","background-position":"center center","background-size":"auto","background-attachment":"scroll","background-type":"","background-media":"","overlay-type":"","overlay-color":"","overlay-opacity":"","overlay-gradient":""},"mobile":{"background-color":"var(--ast-global-color-5)","background-image":"","background-repeat":"repeat","background-position":"center center","background-size":"auto","background-attachment":"scroll","background-type":"","background-media":"","overlay-type":"","overlay-color":"","overlay-opacity":"","overlay-gradient":""}},"footnotes":""},"class_list":["post-1786","page","type-page","status-publish","hentry"],"post_mailing_queue_ids":[],"_links":{"self":[{"href":"https:\/\/agora.xtec.cat\/escolabrasil\/wp-json\/wp\/v2\/pages\/1786","targetHints":{"allow":["GET"]}}],"collection":[{"href":"https:\/\/agora.xtec.cat\/escolabrasil\/wp-json\/wp\/v2\/pages"}],"about":[{"href":"https:\/\/agora.xtec.cat\/escolabrasil\/wp-json\/wp\/v2\/types\/page"}],"author":[{"embeddable":true,"href":"https:\/\/agora.xtec.cat\/escolabrasil\/wp-json\/wp\/v2\/users\/1"}],"replies":[{"embeddable":true,"href":"https:\/\/agora.xtec.cat\/escolabrasil\/wp-json\/wp\/v2\/comments?post=1786"}],"version-history":[{"count":5,"href":"https:\/\/agora.xtec.cat\/escolabrasil\/wp-json\/wp\/v2\/pages\/1786\/revisions"}],"predecessor-version":[{"id":14064,"href":"https:\/\/agora.xtec.cat\/escolabrasil\/wp-json\/wp\/v2\/pages\/1786\/revisions\/14064"}],"wp:attachment":[{"href":"https:\/\/agora.xtec.cat\/escolabrasil\/wp-json\/wp\/v2\/media?parent=1786"}],"curies":[{"name":"wp","href":"https:\/\/api.w.org\/{rel}","templated":true}]}}