{"id":15115,"date":"2026-03-03T10:20:20","date_gmt":"2026-03-03T09:20:20","guid":{"rendered":"https:\/\/agora.xtec.cat\/escolabrasil\/?page_id=15115"},"modified":"2026-04-29T10:23:12","modified_gmt":"2026-04-29T08:23:12","slug":"preinscripcio-i-matricula-curs-2026-2027","status":"publish","type":"page","link":"https:\/\/agora.xtec.cat\/escolabrasil\/lescola\/preinscripcio-i-matricula-curs-2026-2027\/","title":{"rendered":"Preinscripci\u00f3 i matr\u00edcula 2026-2027"},"content":{"rendered":"<p>En aquest apartat podeu consultar la informaci\u00f3 necess\u00e0ria referent als tr\u00e0mits del proc\u00e9s de preinscripci\u00f3 i matr\u00edcula pel curs 2026-2027.<\/p>\n<h5><span style=\"color: #e0543f;\">PROC\u00c9S DE PREINSCRIPCI\u00d3<\/span><\/h5>\n<div id=\"comp-kkccxbst\" class=\"ku3DBC zQ9jDz qvSjx3 Vq6kJx comp-kkccxbst wixui-rich-text\" data-testid=\"richTextElement\"><\/div>\n<div id=\"comp-lesae8fd\" class=\"ku3DBC zQ9jDz qvSjx3 Vq6kJx comp-lesae8fd wixui-rich-text\" data-testid=\"richTextElement\">\n<p data-start=\"81\" data-end=\"166\">Del\u00a0<strong data-start=\"85\" data-end=\"104\">4 al 18 de mar\u00e7<\/strong>\u00a0s\u2019obre el per\u00edode de\u00a0<strong data-start=\"126\" data-end=\"165\">preinscripci\u00f3 als centres educatius<\/strong>.<\/p>\n<p data-start=\"168\" data-end=\"195\">Us recomanem que consulteu:<\/p>\n<ul>\n<li data-start=\"199\" data-end=\"311\"><strong data-start=\"202\" data-end=\"264\">L\u2019\u00e0rea d\u2019influ\u00e8ncia i la proximitat dels centres educatius<\/strong>\u00a0segons el vostre domicili.<br data-start=\"291\" data-end=\"294\" \/>\ud83d\udc49\u00a0<em data-start=\"299\" data-end=\"311\">Clica\u00a0<a href=\"https:\/\/www.edubcn.cat\/ca\/alumnat_i_familia\/informacio_general_matriculacio\/arees_influencia\/consulta_de_centres_educatius#\/cerca\">aqu\u00ed<\/a><\/em><\/li>\n<li data-start=\"315\" data-end=\"412\"><strong data-start=\"318\" data-end=\"366\">L\u2019oferta inicial de places del nostre centre<\/strong>\u00a0per al proper curs.<br data-start=\"386\" data-end=\"389\" \/>\ud83d\udc49\u00a0<em data-start=\"394\" data-end=\"412\">Consulta-la\u00a0<a href=\"https:\/\/drive.google.com\/file\/d\/17TKRD9iI1uxJnupJE383o_irUvrtLDLq\/view?usp=sharing\">aqu\u00ed<\/a><\/em><\/li>\n<li><strong data-start=\"318\" data-end=\"366\">Llista de sol\u00b7licituds amb la puntuaci\u00f3 provisional<\/strong> per al proper curs.<br data-start=\"386\" data-end=\"389\" \/>\ud83d\udc49 <em data-start=\"394\" data-end=\"412\">Consulta-la <a href=\"https:\/\/drive.google.com\/file\/d\/1B7Efx0eKUodYeCuFTjEERjZFSYOZCLgt\/view?usp=sharing\">aqu\u00ed<\/a><\/em><\/li>\n<li><strong data-start=\"318\" data-end=\"366\">Llista de sol\u00b7licituds resoltes les reclamacions <\/strong>per al proper curs.<br data-start=\"386\" data-end=\"389\" \/>\ud83d\udc49 <em data-start=\"394\" data-end=\"412\">Consulta-la <a href=\"https:\/\/drive.google.com\/file\/d\/16I2q5xjE19yD8V_ykB-bMeO4i73z5Shn\/view?usp=sharing\">aqu\u00ed<\/a><\/em><\/li>\n<li><strong data-start=\"318\" data-end=\"366\">El n\u00famero de desempat per a la preinscripci\u00f3 escolar 2026-2027 \u00e9s 42.129.<\/strong><\/li>\n<li><strong>Llista ordenada definitiva.\u00a0<\/strong><\/li>\n<li>\ud83d\udc49\u00a0<em data-start=\"394\" data-end=\"412\">Consulta-la\u00a0<a href=\"https:\/\/drive.google.com\/file\/d\/1kw7TvuS1-o7PcaFmbe-ej_sqCsSpb6sH\/view?usp=sharing\">aqu\u00ed<\/a><\/em><\/li>\n<\/ul>\n<p><a href=\"https:\/\/agora.xtec.cat\/escolabrasil\/wp-content\/uploads\/usu1218\/2026\/03\/baner-web-preinscripcio.webp\"><img loading=\"lazy\" decoding=\"async\" class=\"size-full wp-image-15135 aligncenter\" src=\"https:\/\/agora.xtec.cat\/escolabrasil\/wp-content\/uploads\/usu1218\/2026\/03\/baner-web-preinscripcio.webp\" alt=\"\" width=\"572\" height=\"448\" srcset=\"https:\/\/agora.xtec.cat\/escolabrasil\/wp-content\/uploads\/usu1218\/2026\/03\/baner-web-preinscripcio.webp 572w, https:\/\/agora.xtec.cat\/escolabrasil\/wp-content\/uploads\/usu1218\/2026\/03\/baner-web-preinscripcio-300x235.webp 300w\" sizes=\"auto, (max-width: 572px) 100vw, 572px\" \/><\/a><\/p>\n<\/div>\n","protected":false},"excerpt":{"rendered":"<p>En aquest apartat podeu consultar la informaci\u00f3 necess\u00e0ria referent als tr\u00e0mits del proc\u00e9s de preinscripci\u00f3 i matr\u00edcula pel curs 2026-2027. PROC\u00c9S DE PREINSCRIPCI\u00d3 Del\u00a04 al 18 de mar\u00e7\u00a0s\u2019obre el per\u00edode de\u00a0preinscripci\u00f3 als centres educatius. Us recomanem que consulteu: L\u2019\u00e0rea d\u2019influ\u00e8ncia i la proximitat dels centres educatius\u00a0segons el vostre domicili.\ud83d\udc49\u00a0Clica\u00a0aqu\u00ed L\u2019oferta inicial de places del nostre [&hellip;]<\/p>\n","protected":false},"author":13,"featured_media":0,"parent":22,"menu_order":10,"comment_status":"closed","ping_status":"closed","template":"","meta":{"_bbp_topic_count":0,"_bbp_reply_count":0,"_bbp_total_topic_count":0,"_bbp_total_reply_count":0,"_bbp_voice_count":0,"_bbp_anonymous_reply_count":0,"_bbp_topic_count_hidden":0,"_bbp_reply_count_hidden":0,"_bbp_forum_subforum_count":0,"site-sidebar-layout":"default","site-content-layout":"","ast-site-content-layout":"default","site-content-style":"default","site-sidebar-style":"default","ast-global-header-display":"","ast-banner-title-visibility":"","ast-main-header-display":"","ast-hfb-above-header-display":"","ast-hfb-below-header-display":"","ast-hfb-mobile-header-display":"","site-post-title":"","ast-breadcrumbs-content":"","ast-featured-img":"","footer-sml-layout":"","theme-transparent-header-meta":"default","adv-header-id-meta":"","stick-header-meta":"","header-above-stick-meta":"","header-main-stick-meta":"","header-below-stick-meta":"","astra-migrate-meta-layouts":"set","ast-page-background-enabled":"default","ast-page-background-meta":{"desktop":{"background-color":"var(--ast-global-color-4)","background-image":"","background-repeat":"repeat","background-position":"center center","background-size":"auto","background-attachment":"scroll","background-type":"","background-media":"","overlay-type":"","overlay-color":"","overlay-opacity":"","overlay-gradient":""},"tablet":{"background-color":"","background-image":"","background-repeat":"repeat","background-position":"center center","background-size":"auto","background-attachment":"scroll","background-type":"","background-media":"","overlay-type":"","overlay-color":"","overlay-opacity":"","overlay-gradient":""},"mobile":{"background-color":"","background-image":"","background-repeat":"repeat","background-position":"center center","background-size":"auto","background-attachment":"scroll","background-type":"","background-media":"","overlay-type":"","overlay-color":"","overlay-opacity":"","overlay-gradient":""}},"ast-content-background-meta":{"desktop":{"background-color":"var(--ast-global-color-5)","background-image":"","background-repeat":"repeat","background-position":"center center","background-size":"auto","background-attachment":"scroll","background-type":"","background-media":"","overlay-type":"","overlay-color":"","overlay-opacity":"","overlay-gradient":""},"tablet":{"background-color":"var(--ast-global-color-5)","background-image":"","background-repeat":"repeat","background-position":"center center","background-size":"auto","background-attachment":"scroll","background-type":"","background-media":"","overlay-type":"","overlay-color":"","overlay-opacity":"","overlay-gradient":""},"mobile":{"background-color":"var(--ast-global-color-5)","background-image":"","background-repeat":"repeat","background-position":"center center","background-size":"auto","background-attachment":"scroll","background-type":"","background-media":"","overlay-type":"","overlay-color":"","overlay-opacity":"","overlay-gradient":""}},"footnotes":""},"class_list":["post-15115","page","type-page","status-publish","hentry"],"post_mailing_queue_ids":[],"_links":{"self":[{"href":"https:\/\/agora.xtec.cat\/escolabrasil\/wp-json\/wp\/v2\/pages\/15115","targetHints":{"allow":["GET"]}}],"collection":[{"href":"https:\/\/agora.xtec.cat\/escolabrasil\/wp-json\/wp\/v2\/pages"}],"about":[{"href":"https:\/\/agora.xtec.cat\/escolabrasil\/wp-json\/wp\/v2\/types\/page"}],"author":[{"embeddable":true,"href":"https:\/\/agora.xtec.cat\/escolabrasil\/wp-json\/wp\/v2\/users\/13"}],"replies":[{"embeddable":true,"href":"https:\/\/agora.xtec.cat\/escolabrasil\/wp-json\/wp\/v2\/comments?post=15115"}],"version-history":[{"count":6,"href":"https:\/\/agora.xtec.cat\/escolabrasil\/wp-json\/wp\/v2\/pages\/15115\/revisions"}],"predecessor-version":[{"id":15152,"href":"https:\/\/agora.xtec.cat\/escolabrasil\/wp-json\/wp\/v2\/pages\/15115\/revisions\/15152"}],"up":[{"embeddable":true,"href":"https:\/\/agora.xtec.cat\/escolabrasil\/wp-json\/wp\/v2\/pages\/22"}],"wp:attachment":[{"href":"https:\/\/agora.xtec.cat\/escolabrasil\/wp-json\/wp\/v2\/media?parent=15115"}],"curies":[{"name":"wp","href":"https:\/\/api.w.org\/{rel}","templated":true}]}}