{"id":14342,"date":"2025-01-27T21:01:45","date_gmt":"2025-01-27T20:01:45","guid":{"rendered":"https:\/\/agora.xtec.cat\/escolabrasil\/?page_id=14342"},"modified":"2025-01-27T21:16:37","modified_gmt":"2025-01-27T20:16:37","slug":"participacio-de-les-families","status":"publish","type":"page","link":"https:\/\/agora.xtec.cat\/escolabrasil\/projectes-descola\/participacio-de-les-families\/","title":{"rendered":"Participaci\u00f3 de les fam\u00edlies"},"content":{"rendered":"<p>Creiem fermament que l\u2019educaci\u00f3 \u00e9s un projecte compartit. Les fam\u00edlies s\u00f3n una pe\u00e7a clau en el proc\u00e9s d\u2019ensenyament-aprenentatge i tenen un paper fonamental en la construcci\u00f3 d\u2019una comunitat educativa rica i participativa.<\/p>\n<h3><strong>Una escola oberta a les fam\u00edlies<\/strong><\/h3>\n<p>Entenem l\u2019escola com un espai d\u2019intercanvi on la col\u00b7laboraci\u00f3 entre mestres, infants i fam\u00edlies enriqueix el proc\u00e9s educatiu i crea vincles que potencien el creixement personal i col\u00b7lectiu. Per aix\u00f2, oferim diferents maneres perqu\u00e8 les fam\u00edlies puguin formar part activa de la vida escolar.<\/p>\n<h3><strong>Formes de participaci\u00f3 de les fam\u00edlies<\/strong><\/h3>\n<p>Les fam\u00edlies poden implicar-se de diverses maneres, segons els seus interessos i disponibilitat:<\/p>\n<ul>\n<li><strong>Projectes d\u2019aula:<\/strong> Animem les fam\u00edlies a col\u00b7laborar en projectes educatius, compartint els seus coneixements, experi\u00e8ncies o materials per donar un valor afegit al que treballem a classe.<\/li>\n<li><strong>Tardes de jocs en fam\u00edlia:<\/strong> Organitzem espais perqu\u00e8 les fam\u00edlies comparteixin estones de joc i diversi\u00f3 amb els seus fills i filles i altres infants, valorant el joc com una eina educativa i social.<\/li>\n<li><strong>Crides a les fam\u00edlies:<\/strong> De manera regular, convidem les fam\u00edlies a implicar-se en activitats clau com:\n<ul>\n<li><strong>Celebraci\u00f3 i organitzaci\u00f3 de festes escolars<\/strong>, com la Castanyada, Nadal o Carnestoltes, aportant la seva creativitat en decoracions, preparaci\u00f3 de les consignes del Carnestoltes o actuacions.<\/li>\n<li><strong>Millores a l\u2019escola<\/strong>, participant en jornades col\u00b7laboratives per embellir espais, pintar desperfectes, etc.<\/li>\n<li><strong>Activitats conjuntes<\/strong>, com excursions, tallers, jornades culturals o trobades l\u00fadiques que reforcin el sentiment de comunitat.<\/li>\n<\/ul>\n<\/li>\n<\/ul>\n<h3><strong>Un v\u00edncle fonamental<\/strong><\/h3>\n<p>La col\u00b7laboraci\u00f3 de les fam\u00edlies amb l\u2019escola \u00e9s un aspecte clau per al desenvolupament integral dels infants. Mitjan\u00e7ant la participaci\u00f3 activa, es crea un ambient de confian\u00e7a i treball en equip que fomenta valors com el respecte, la responsabilitat i el comprom\u00eds.<\/p>\n<p>Al Brasil, volem que cada fam\u00edlia se senti part d\u2019aquest projecte educatiu.\u00a0Gr\u00e0cies per ser part del nostre cam\u00ed i per ajudar-nos a fer cr\u00e9ixer una comunitat educativa forta, unida i plena de valors!<\/p>\n<table style=\"width: 100%; border-collapse: collapse; border-style: hidden;\">\n<tbody>\n<tr>\n<td style=\"width: 50%;\"><a href=\"https:\/\/agora.xtec.cat\/escolabrasil\/wp-content\/uploads\/usu1218\/2024\/11\/IMG20241115151030-1-scaled.jpg\"><img loading=\"lazy\" decoding=\"async\" class=\"alignnone size-large wp-image-13929\" src=\"https:\/\/agora.xtec.cat\/escolabrasil\/wp-content\/uploads\/usu1218\/2024\/11\/IMG20241115151030-1-1024x771.jpg\" alt=\"\" width=\"1024\" height=\"771\" srcset=\"https:\/\/agora.xtec.cat\/escolabrasil\/wp-content\/uploads\/usu1218\/2024\/11\/IMG20241115151030-1-1024x771.jpg 1024w, https:\/\/agora.xtec.cat\/escolabrasil\/wp-content\/uploads\/usu1218\/2024\/11\/IMG20241115151030-1-300x226.jpg 300w, https:\/\/agora.xtec.cat\/escolabrasil\/wp-content\/uploads\/usu1218\/2024\/11\/IMG20241115151030-1-768x578.jpg 768w, https:\/\/agora.xtec.cat\/escolabrasil\/wp-content\/uploads\/usu1218\/2024\/11\/IMG20241115151030-1-1536x1157.jpg 1536w, https:\/\/agora.xtec.cat\/escolabrasil\/wp-content\/uploads\/usu1218\/2024\/11\/IMG20241115151030-1-2048x1542.jpg 2048w, https:\/\/agora.xtec.cat\/escolabrasil\/wp-content\/uploads\/usu1218\/2024\/11\/IMG20241115151030-1-200x150.jpg 200w\" sizes=\"auto, (max-width: 1024px) 100vw, 1024px\" \/><\/a><\/td>\n<td style=\"width: 50%;\"><a href=\"https:\/\/agora.xtec.cat\/escolabrasil\/wp-content\/uploads\/usu1218\/2025\/01\/IMG20240530152119-2-scaled.jpg\"><img loading=\"lazy\" decoding=\"async\" class=\"alignnone size-large wp-image-14350\" src=\"https:\/\/agora.xtec.cat\/escolabrasil\/wp-content\/uploads\/usu1218\/2025\/01\/IMG20240530152119-2-1024x768.jpg\" alt=\"\" width=\"1024\" height=\"768\" srcset=\"https:\/\/agora.xtec.cat\/escolabrasil\/wp-content\/uploads\/usu1218\/2025\/01\/IMG20240530152119-2-1024x768.jpg 1024w, https:\/\/agora.xtec.cat\/escolabrasil\/wp-content\/uploads\/usu1218\/2025\/01\/IMG20240530152119-2-300x225.jpg 300w, https:\/\/agora.xtec.cat\/escolabrasil\/wp-content\/uploads\/usu1218\/2025\/01\/IMG20240530152119-2-768x576.jpg 768w, https:\/\/agora.xtec.cat\/escolabrasil\/wp-content\/uploads\/usu1218\/2025\/01\/IMG20240530152119-2-1536x1152.jpg 1536w, https:\/\/agora.xtec.cat\/escolabrasil\/wp-content\/uploads\/usu1218\/2025\/01\/IMG20240530152119-2-2048x1536.jpg 2048w, https:\/\/agora.xtec.cat\/escolabrasil\/wp-content\/uploads\/usu1218\/2025\/01\/IMG20240530152119-2-200x150.jpg 200w\" sizes=\"auto, (max-width: 1024px) 100vw, 1024px\" \/><\/a><\/td>\n<\/tr>\n<tr>\n<td style=\"width: 50%;\"><a href=\"https:\/\/agora.xtec.cat\/escolabrasil\/wp-content\/uploads\/usu1218\/2025\/01\/IMG_0317-scaled.jpg\"><img loading=\"lazy\" decoding=\"async\" class=\"alignnone size-large wp-image-14348\" src=\"https:\/\/agora.xtec.cat\/escolabrasil\/wp-content\/uploads\/usu1218\/2025\/01\/IMG_0317-1024x768.jpg\" alt=\"\" width=\"1024\" height=\"768\" srcset=\"https:\/\/agora.xtec.cat\/escolabrasil\/wp-content\/uploads\/usu1218\/2025\/01\/IMG_0317-1024x768.jpg 1024w, https:\/\/agora.xtec.cat\/escolabrasil\/wp-content\/uploads\/usu1218\/2025\/01\/IMG_0317-300x225.jpg 300w, https:\/\/agora.xtec.cat\/escolabrasil\/wp-content\/uploads\/usu1218\/2025\/01\/IMG_0317-768x576.jpg 768w, https:\/\/agora.xtec.cat\/escolabrasil\/wp-content\/uploads\/usu1218\/2025\/01\/IMG_0317-1536x1152.jpg 1536w, https:\/\/agora.xtec.cat\/escolabrasil\/wp-content\/uploads\/usu1218\/2025\/01\/IMG_0317-2048x1536.jpg 2048w, https:\/\/agora.xtec.cat\/escolabrasil\/wp-content\/uploads\/usu1218\/2025\/01\/IMG_0317-200x150.jpg 200w\" sizes=\"auto, (max-width: 1024px) 100vw, 1024px\" \/><\/a><\/td>\n<td style=\"width: 50%;\"><a href=\"https:\/\/agora.xtec.cat\/escolabrasil\/wp-content\/uploads\/usu1218\/2025\/01\/IMG_8481-scaled.jpg\"><img loading=\"lazy\" decoding=\"async\" class=\"alignnone size-large wp-image-14349\" src=\"https:\/\/agora.xtec.cat\/escolabrasil\/wp-content\/uploads\/usu1218\/2025\/01\/IMG_8481-1024x768.jpg\" alt=\"\" width=\"1024\" height=\"768\" srcset=\"https:\/\/agora.xtec.cat\/escolabrasil\/wp-content\/uploads\/usu1218\/2025\/01\/IMG_8481-1024x768.jpg 1024w, https:\/\/agora.xtec.cat\/escolabrasil\/wp-content\/uploads\/usu1218\/2025\/01\/IMG_8481-300x225.jpg 300w, https:\/\/agora.xtec.cat\/escolabrasil\/wp-content\/uploads\/usu1218\/2025\/01\/IMG_8481-768x576.jpg 768w, https:\/\/agora.xtec.cat\/escolabrasil\/wp-content\/uploads\/usu1218\/2025\/01\/IMG_8481-1536x1152.jpg 1536w, https:\/\/agora.xtec.cat\/escolabrasil\/wp-content\/uploads\/usu1218\/2025\/01\/IMG_8481-2048x1536.jpg 2048w, https:\/\/agora.xtec.cat\/escolabrasil\/wp-content\/uploads\/usu1218\/2025\/01\/IMG_8481-200x150.jpg 200w\" sizes=\"auto, (max-width: 1024px) 100vw, 1024px\" \/><\/a><\/td>\n<\/tr>\n<\/tbody>\n<\/table>\n<p><a href=\"https:\/\/agora.xtec.cat\/escolabrasil\/wp-content\/uploads\/usu1218\/2025\/01\/IMG_4442-scaled.jpg\"><img loading=\"lazy\" decoding=\"async\" class=\"size-large wp-image-14346 aligncenter\" src=\"https:\/\/agora.xtec.cat\/escolabrasil\/wp-content\/uploads\/usu1218\/2025\/01\/IMG_4442-1024x576.jpg\" alt=\"\" width=\"1024\" height=\"576\" srcset=\"https:\/\/agora.xtec.cat\/escolabrasil\/wp-content\/uploads\/usu1218\/2025\/01\/IMG_4442-1024x576.jpg 1024w, https:\/\/agora.xtec.cat\/escolabrasil\/wp-content\/uploads\/usu1218\/2025\/01\/IMG_4442-300x169.jpg 300w, https:\/\/agora.xtec.cat\/escolabrasil\/wp-content\/uploads\/usu1218\/2025\/01\/IMG_4442-768x432.jpg 768w, https:\/\/agora.xtec.cat\/escolabrasil\/wp-content\/uploads\/usu1218\/2025\/01\/IMG_4442-1536x864.jpg 1536w, https:\/\/agora.xtec.cat\/escolabrasil\/wp-content\/uploads\/usu1218\/2025\/01\/IMG_4442-2048x1152.jpg 2048w\" sizes=\"auto, (max-width: 1024px) 100vw, 1024px\" \/><\/a><\/p>\n","protected":false},"excerpt":{"rendered":"<p>Creiem fermament que l\u2019educaci\u00f3 \u00e9s un projecte compartit. Les fam\u00edlies s\u00f3n una pe\u00e7a clau en el proc\u00e9s d\u2019ensenyament-aprenentatge i tenen un paper fonamental en la construcci\u00f3 d\u2019una comunitat educativa rica i participativa. Una escola oberta a les fam\u00edlies Entenem l\u2019escola com un espai d\u2019intercanvi on la col\u00b7laboraci\u00f3 entre mestres, infants i fam\u00edlies enriqueix el proc\u00e9s [&hellip;]<\/p>\n","protected":false},"author":1,"featured_media":0,"parent":14094,"menu_order":0,"comment_status":"closed","ping_status":"closed","template":"","meta":{"_bbp_topic_count":0,"_bbp_reply_count":0,"_bbp_total_topic_count":0,"_bbp_total_reply_count":0,"_bbp_voice_count":0,"_bbp_anonymous_reply_count":0,"_bbp_topic_count_hidden":0,"_bbp_reply_count_hidden":0,"_bbp_forum_subforum_count":0,"site-sidebar-layout":"default","site-content-layout":"","ast-site-content-layout":"","site-content-style":"default","site-sidebar-style":"default","ast-global-header-display":"","ast-banner-title-visibility":"","ast-main-header-display":"","ast-hfb-above-header-display":"","ast-hfb-below-header-display":"","ast-hfb-mobile-header-display":"","site-post-title":"","ast-breadcrumbs-content":"","ast-featured-img":"","footer-sml-layout":"","theme-transparent-header-meta":"","adv-header-id-meta":"","stick-header-meta":"","header-above-stick-meta":"","header-main-stick-meta":"","header-below-stick-meta":"","astra-migrate-meta-layouts":"default","ast-page-background-enabled":"default","ast-page-background-meta":{"desktop":{"background-color":"var(--ast-global-color-4)","background-image":"","background-repeat":"repeat","background-position":"center center","background-size":"auto","background-attachment":"scroll","background-type":"","background-media":"","overlay-type":"","overlay-color":"","overlay-opacity":"","overlay-gradient":""},"tablet":{"background-color":"","background-image":"","background-repeat":"repeat","background-position":"center center","background-size":"auto","background-attachment":"scroll","background-type":"","background-media":"","overlay-type":"","overlay-color":"","overlay-opacity":"","overlay-gradient":""},"mobile":{"background-color":"","background-image":"","background-repeat":"repeat","background-position":"center center","background-size":"auto","background-attachment":"scroll","background-type":"","background-media":"","overlay-type":"","overlay-color":"","overlay-opacity":"","overlay-gradient":""}},"ast-content-background-meta":{"desktop":{"background-color":"var(--ast-global-color-5)","background-image":"","background-repeat":"repeat","background-position":"center center","background-size":"auto","background-attachment":"scroll","background-type":"","background-media":"","overlay-type":"","overlay-color":"","overlay-opacity":"","overlay-gradient":""},"tablet":{"background-color":"var(--ast-global-color-5)","background-image":"","background-repeat":"repeat","background-position":"center center","background-size":"auto","background-attachment":"scroll","background-type":"","background-media":"","overlay-type":"","overlay-color":"","overlay-opacity":"","overlay-gradient":""},"mobile":{"background-color":"var(--ast-global-color-5)","background-image":"","background-repeat":"repeat","background-position":"center center","background-size":"auto","background-attachment":"scroll","background-type":"","background-media":"","overlay-type":"","overlay-color":"","overlay-opacity":"","overlay-gradient":""}},"footnotes":""},"class_list":["post-14342","page","type-page","status-publish","hentry"],"post_mailing_queue_ids":[],"_links":{"self":[{"href":"https:\/\/agora.xtec.cat\/escolabrasil\/wp-json\/wp\/v2\/pages\/14342","targetHints":{"allow":["GET"]}}],"collection":[{"href":"https:\/\/agora.xtec.cat\/escolabrasil\/wp-json\/wp\/v2\/pages"}],"about":[{"href":"https:\/\/agora.xtec.cat\/escolabrasil\/wp-json\/wp\/v2\/types\/page"}],"author":[{"embeddable":true,"href":"https:\/\/agora.xtec.cat\/escolabrasil\/wp-json\/wp\/v2\/users\/1"}],"replies":[{"embeddable":true,"href":"https:\/\/agora.xtec.cat\/escolabrasil\/wp-json\/wp\/v2\/comments?post=14342"}],"version-history":[{"count":4,"href":"https:\/\/agora.xtec.cat\/escolabrasil\/wp-json\/wp\/v2\/pages\/14342\/revisions"}],"predecessor-version":[{"id":14353,"href":"https:\/\/agora.xtec.cat\/escolabrasil\/wp-json\/wp\/v2\/pages\/14342\/revisions\/14353"}],"up":[{"embeddable":true,"href":"https:\/\/agora.xtec.cat\/escolabrasil\/wp-json\/wp\/v2\/pages\/14094"}],"wp:attachment":[{"href":"https:\/\/agora.xtec.cat\/escolabrasil\/wp-json\/wp\/v2\/media?parent=14342"}],"curies":[{"name":"wp","href":"https:\/\/api.w.org\/{rel}","templated":true}]}}