{"id":14327,"date":"2025-01-26T21:22:02","date_gmt":"2025-01-26T20:22:02","guid":{"rendered":"https:\/\/agora.xtec.cat\/escolabrasil\/?page_id=14327"},"modified":"2025-01-26T21:27:23","modified_gmt":"2025-01-26T20:27:23","slug":"ambients-tallers-i-racons","status":"publish","type":"page","link":"https:\/\/agora.xtec.cat\/escolabrasil\/projectes-descola\/ambients-tallers-i-racons\/","title":{"rendered":"Ambients, tallers i racons"},"content":{"rendered":"<p>A la nostra escola, apostem per una metodologia centrada en l\u2019infant, que comen\u00e7a des del moment en qu\u00e8 els i les alumnes arriben a I3. Els <strong>ambients<\/strong>, <strong>tallers<\/strong> i <strong>racons<\/strong> s\u00f3n una part essencial del nostre projecte educatiu a la primera etapa educativa, ja que ens permeten treballar els diferents \u00e0mbits i continguts d\u2019una manera m\u00e9s <strong>manipulativa<\/strong>, <strong>vivencial<\/strong> i <strong>propera a les necessitats<\/strong> dels infants.<\/p>\n<h4>Qu\u00e8 s\u00f3n els ambients, tallers i racons?<\/h4>\n<ul>\n<li><strong>Ambients<\/strong>: Espais pensats perqu\u00e8 els infants explorin i aprenguin mitjan\u00e7ant el joc, la investigaci\u00f3 i l&#8217;experimentaci\u00f3. Cada ambient est\u00e0 dedicat a una tem\u00e0tica o \u00e0mbit concret, com ara la ci\u00e8ncia, les arts o el moviment.<\/li>\n<li><strong>Tallers<\/strong>: Activitats estructurades on es treballen habilitats i continguts espec\u00edfics, sovint vinculats a un projecte o a una disciplina concreta.<\/li>\n<li><strong>Racons<\/strong>: Propostes m\u00e9s petites i focalitzades que els infants poden triar lliurement, afavorint l\u2019autonomia i l\u2019atenci\u00f3 personalitzada.<\/li>\n<\/ul>\n<h4>Per qu\u00e8 aquesta metodologia?<\/h4>\n<p style=\"text-align: center;\">Les experi\u00e8ncies pr\u00e0ctiques i vivencials permeten que els infants integrin millor els continguts i gaudeixin del proc\u00e9s d\u2019aprenentatge.<\/p>\n<p><a href=\"https:\/\/agora.xtec.cat\/escolabrasil\/wp-content\/uploads\/usu1218\/2025\/01\/IMG20241015153734-2-scaled.jpg\"><img loading=\"lazy\" decoding=\"async\" class=\"wp-image-14331 aligncenter\" src=\"https:\/\/agora.xtec.cat\/escolabrasil\/wp-content\/uploads\/usu1218\/2025\/01\/IMG20241015153734-2-1024x768.jpg\" alt=\"\" width=\"414\" height=\"310\" srcset=\"https:\/\/agora.xtec.cat\/escolabrasil\/wp-content\/uploads\/usu1218\/2025\/01\/IMG20241015153734-2-1024x768.jpg 1024w, https:\/\/agora.xtec.cat\/escolabrasil\/wp-content\/uploads\/usu1218\/2025\/01\/IMG20241015153734-2-300x225.jpg 300w, https:\/\/agora.xtec.cat\/escolabrasil\/wp-content\/uploads\/usu1218\/2025\/01\/IMG20241015153734-2-768x576.jpg 768w, https:\/\/agora.xtec.cat\/escolabrasil\/wp-content\/uploads\/usu1218\/2025\/01\/IMG20241015153734-2-1536x1152.jpg 1536w, https:\/\/agora.xtec.cat\/escolabrasil\/wp-content\/uploads\/usu1218\/2025\/01\/IMG20241015153734-2-2048x1536.jpg 2048w, https:\/\/agora.xtec.cat\/escolabrasil\/wp-content\/uploads\/usu1218\/2025\/01\/IMG20241015153734-2-200x150.jpg 200w\" sizes=\"auto, (max-width: 414px) 100vw, 414px\" \/><\/a><\/p>\n<p style=\"text-align: center;\">Els infants s\u00f3n els protagonistes del seu aprenentatge, explorant i descobrint al seu ritme.<\/p>\n<p><a href=\"https:\/\/agora.xtec.cat\/escolabrasil\/wp-content\/uploads\/usu1218\/2025\/01\/IMG_9796.heic\"><br \/>\n<\/a> <a href=\"https:\/\/agora.xtec.cat\/escolabrasil\/wp-content\/uploads\/usu1218\/2025\/01\/IMG_9796-scaled-e1737922616573.jpg\"><img loading=\"lazy\" decoding=\"async\" class=\"wp-image-14329 aligncenter\" src=\"https:\/\/agora.xtec.cat\/escolabrasil\/wp-content\/uploads\/usu1218\/2025\/01\/IMG_9796-scaled-e1737922616573-1024x768.jpg\" alt=\"\" width=\"420\" height=\"315\" srcset=\"https:\/\/agora.xtec.cat\/escolabrasil\/wp-content\/uploads\/usu1218\/2025\/01\/IMG_9796-scaled-e1737922616573-1024x768.jpg 1024w, https:\/\/agora.xtec.cat\/escolabrasil\/wp-content\/uploads\/usu1218\/2025\/01\/IMG_9796-scaled-e1737922616573-300x225.jpg 300w, https:\/\/agora.xtec.cat\/escolabrasil\/wp-content\/uploads\/usu1218\/2025\/01\/IMG_9796-scaled-e1737922616573-768x576.jpg 768w, https:\/\/agora.xtec.cat\/escolabrasil\/wp-content\/uploads\/usu1218\/2025\/01\/IMG_9796-scaled-e1737922616573-1536x1152.jpg 1536w, https:\/\/agora.xtec.cat\/escolabrasil\/wp-content\/uploads\/usu1218\/2025\/01\/IMG_9796-scaled-e1737922616573-2048x1536.jpg 2048w, https:\/\/agora.xtec.cat\/escolabrasil\/wp-content\/uploads\/usu1218\/2025\/01\/IMG_9796-scaled-e1737922616573-200x150.jpg 200w\" sizes=\"auto, (max-width: 420px) 100vw, 420px\" \/><\/a><\/p>\n<p style=\"text-align: center;\">Treballem diferents \u00e0mbits del curr\u00edculum de forma integrada, connectant els continguts amb la vida real.<\/p>\n<p><a href=\"https:\/\/agora.xtec.cat\/escolabrasil\/wp-content\/uploads\/usu1218\/2025\/01\/IMG_3306-2-scaled.jpg\"><img loading=\"lazy\" decoding=\"async\" class=\"wp-image-14330 aligncenter\" src=\"https:\/\/agora.xtec.cat\/escolabrasil\/wp-content\/uploads\/usu1218\/2025\/01\/IMG_3306-2-1024x768.jpg\" alt=\"\" width=\"419\" height=\"314\" srcset=\"https:\/\/agora.xtec.cat\/escolabrasil\/wp-content\/uploads\/usu1218\/2025\/01\/IMG_3306-2-1024x768.jpg 1024w, https:\/\/agora.xtec.cat\/escolabrasil\/wp-content\/uploads\/usu1218\/2025\/01\/IMG_3306-2-300x225.jpg 300w, https:\/\/agora.xtec.cat\/escolabrasil\/wp-content\/uploads\/usu1218\/2025\/01\/IMG_3306-2-768x576.jpg 768w, https:\/\/agora.xtec.cat\/escolabrasil\/wp-content\/uploads\/usu1218\/2025\/01\/IMG_3306-2-1536x1152.jpg 1536w, https:\/\/agora.xtec.cat\/escolabrasil\/wp-content\/uploads\/usu1218\/2025\/01\/IMG_3306-2-2048x1536.jpg 2048w, https:\/\/agora.xtec.cat\/escolabrasil\/wp-content\/uploads\/usu1218\/2025\/01\/IMG_3306-2-200x150.jpg 200w\" sizes=\"auto, (max-width: 419px) 100vw, 419px\" \/><\/a><\/p>\n<p>A m\u00e9s d\u2019aprendre continguts acad\u00e8mics, els ambients, tallers i racons d&#8217;Infantil permeten desenvolupar habilitats personals i socials, com ara el treball en equip, la resoluci\u00f3 de problemes, l\u2019autonomia i la capacitat de decisi\u00f3.<\/p>\n<p><strong>A l\u2019escola, treballem perqu\u00e8 cada experi\u00e8ncia sigui una oportunitat d\u2019aprendre vivint!<\/strong><\/p>\n","protected":false},"excerpt":{"rendered":"<p>A la nostra escola, apostem per una metodologia centrada en l\u2019infant, que comen\u00e7a des del moment en qu\u00e8 els i les alumnes arriben a I3. Els ambients, tallers i racons s\u00f3n una part essencial del nostre projecte educatiu a la primera etapa educativa, ja que ens permeten treballar els diferents \u00e0mbits i continguts d\u2019una manera [&hellip;]<\/p>\n","protected":false},"author":1,"featured_media":0,"parent":14094,"menu_order":0,"comment_status":"closed","ping_status":"closed","template":"","meta":{"_bbp_topic_count":0,"_bbp_reply_count":0,"_bbp_total_topic_count":0,"_bbp_total_reply_count":0,"_bbp_voice_count":0,"_bbp_anonymous_reply_count":0,"_bbp_topic_count_hidden":0,"_bbp_reply_count_hidden":0,"_bbp_forum_subforum_count":0,"site-sidebar-layout":"default","site-content-layout":"","ast-site-content-layout":"","site-content-style":"default","site-sidebar-style":"default","ast-global-header-display":"","ast-banner-title-visibility":"","ast-main-header-display":"","ast-hfb-above-header-display":"","ast-hfb-below-header-display":"","ast-hfb-mobile-header-display":"","site-post-title":"","ast-breadcrumbs-content":"","ast-featured-img":"","footer-sml-layout":"","theme-transparent-header-meta":"","adv-header-id-meta":"","stick-header-meta":"","header-above-stick-meta":"","header-main-stick-meta":"","header-below-stick-meta":"","astra-migrate-meta-layouts":"default","ast-page-background-enabled":"default","ast-page-background-meta":{"desktop":{"background-color":"var(--ast-global-color-4)","background-image":"","background-repeat":"repeat","background-position":"center center","background-size":"auto","background-attachment":"scroll","background-type":"","background-media":"","overlay-type":"","overlay-color":"","overlay-opacity":"","overlay-gradient":""},"tablet":{"background-color":"","background-image":"","background-repeat":"repeat","background-position":"center center","background-size":"auto","background-attachment":"scroll","background-type":"","background-media":"","overlay-type":"","overlay-color":"","overlay-opacity":"","overlay-gradient":""},"mobile":{"background-color":"","background-image":"","background-repeat":"repeat","background-position":"center center","background-size":"auto","background-attachment":"scroll","background-type":"","background-media":"","overlay-type":"","overlay-color":"","overlay-opacity":"","overlay-gradient":""}},"ast-content-background-meta":{"desktop":{"background-color":"var(--ast-global-color-5)","background-image":"","background-repeat":"repeat","background-position":"center center","background-size":"auto","background-attachment":"scroll","background-type":"","background-media":"","overlay-type":"","overlay-color":"","overlay-opacity":"","overlay-gradient":""},"tablet":{"background-color":"var(--ast-global-color-5)","background-image":"","background-repeat":"repeat","background-position":"center center","background-size":"auto","background-attachment":"scroll","background-type":"","background-media":"","overlay-type":"","overlay-color":"","overlay-opacity":"","overlay-gradient":""},"mobile":{"background-color":"var(--ast-global-color-5)","background-image":"","background-repeat":"repeat","background-position":"center center","background-size":"auto","background-attachment":"scroll","background-type":"","background-media":"","overlay-type":"","overlay-color":"","overlay-opacity":"","overlay-gradient":""}},"footnotes":""},"class_list":["post-14327","page","type-page","status-publish","hentry"],"post_mailing_queue_ids":[],"_links":{"self":[{"href":"https:\/\/agora.xtec.cat\/escolabrasil\/wp-json\/wp\/v2\/pages\/14327","targetHints":{"allow":["GET"]}}],"collection":[{"href":"https:\/\/agora.xtec.cat\/escolabrasil\/wp-json\/wp\/v2\/pages"}],"about":[{"href":"https:\/\/agora.xtec.cat\/escolabrasil\/wp-json\/wp\/v2\/types\/page"}],"author":[{"embeddable":true,"href":"https:\/\/agora.xtec.cat\/escolabrasil\/wp-json\/wp\/v2\/users\/1"}],"replies":[{"embeddable":true,"href":"https:\/\/agora.xtec.cat\/escolabrasil\/wp-json\/wp\/v2\/comments?post=14327"}],"version-history":[{"count":1,"href":"https:\/\/agora.xtec.cat\/escolabrasil\/wp-json\/wp\/v2\/pages\/14327\/revisions"}],"predecessor-version":[{"id":14332,"href":"https:\/\/agora.xtec.cat\/escolabrasil\/wp-json\/wp\/v2\/pages\/14327\/revisions\/14332"}],"up":[{"embeddable":true,"href":"https:\/\/agora.xtec.cat\/escolabrasil\/wp-json\/wp\/v2\/pages\/14094"}],"wp:attachment":[{"href":"https:\/\/agora.xtec.cat\/escolabrasil\/wp-json\/wp\/v2\/media?parent=14327"}],"curies":[{"name":"wp","href":"https:\/\/api.w.org\/{rel}","templated":true}]}}