{"id":14320,"date":"2025-01-26T20:52:00","date_gmt":"2025-01-26T19:52:00","guid":{"rendered":"https:\/\/agora.xtec.cat\/escolabrasil\/?page_id=14320"},"modified":"2025-01-26T20:54:33","modified_gmt":"2025-01-26T19:54:33","slug":"la-radio","status":"publish","type":"page","link":"https:\/\/agora.xtec.cat\/escolabrasil\/projectes-descola\/la-radio\/","title":{"rendered":"La R\u00e0dio"},"content":{"rendered":"<p>A l\u2019escola, l\u2019alumnat de 4t de prim\u00e0ria participa en un projecte fascinant: la creaci\u00f3 d\u2019un programa de r\u00e0dio en col\u00b7laboraci\u00f3 amb el casal <strong>Ca l\u2019Isidret<\/strong> i la seva emissora comunit\u00e0ria, <strong>La Isidreta R\u00e0dio<\/strong>.<\/p>\n<p><a href=\"https:\/\/agora.xtec.cat\/escolabrasil\/wp-content\/uploads\/usu1218\/2025\/01\/web2llarg-1-e1737921260961.png\"><img loading=\"lazy\" decoding=\"async\" class=\"wp-image-14324 aligncenter\" src=\"https:\/\/agora.xtec.cat\/escolabrasil\/wp-content\/uploads\/usu1218\/2025\/01\/web2llarg-1-e1737921260961-1024x602.png\" alt=\"\" width=\"369\" height=\"217\" srcset=\"https:\/\/agora.xtec.cat\/escolabrasil\/wp-content\/uploads\/usu1218\/2025\/01\/web2llarg-1-e1737921260961-1024x602.png 1024w, https:\/\/agora.xtec.cat\/escolabrasil\/wp-content\/uploads\/usu1218\/2025\/01\/web2llarg-1-e1737921260961-300x176.png 300w, https:\/\/agora.xtec.cat\/escolabrasil\/wp-content\/uploads\/usu1218\/2025\/01\/web2llarg-1-e1737921260961-768x452.png 768w, https:\/\/agora.xtec.cat\/escolabrasil\/wp-content\/uploads\/usu1218\/2025\/01\/web2llarg-1-e1737921260961-1536x904.png 1536w, https:\/\/agora.xtec.cat\/escolabrasil\/wp-content\/uploads\/usu1218\/2025\/01\/web2llarg-1-e1737921260961.png 1700w\" sizes=\"auto, (max-width: 369px) 100vw, 369px\" \/><\/a><\/p>\n<p>Aquest projecte no nom\u00e9s \u00e9s una oportunitat per aprendre les bases del m\u00f3n radiof\u00f2nic, sin\u00f3 tamb\u00e9 per treballar habilitats comunicatives, tecnol\u00f2giques i socials d\u2019una manera pr\u00e0ctica i divertida. Cada sessi\u00f3, els infants s\u2019endinsen en les diferents fases d\u2019un programa de r\u00e0dio: des de la creaci\u00f3 dels guions i la preparaci\u00f3 dels continguts fins a la gravaci\u00f3.<\/p>\n<p>A l\u2019escola, tamb\u00e9 disposem d\u2019un espai amb equipament de r\u00e0dio que ens permet fer proves i assajos abans de la gravaci\u00f3 definitiva a l\u2019estudi del Casal. Aquest equipament facilita que els infants guanyin confian\u00e7a amb els micr\u00f2fons i el proc\u00e9s de gravaci\u00f3, assegurant que el programa final sigui tot un \u00e8xit.<\/p>\n<p>A m\u00e9s a m\u00e9s, aquest espai est\u00e0 disponible per a que altres cursos puguin dur a terme les seves pr\u00f2pies creacions. \u00c9s una eina magn\u00edfica perqu\u00e8 m\u00e9s infants puguin experimentar el m\u00f3n de la r\u00e0dio i expressar la seva creativitat.<\/p>\n<p>Els programes finals s\u2019emetren a <strong>R\u00e0dio La Isidreta<\/strong>, i podeu escoltar-los a trav\u00e9s del <a href=\"https:\/\/laisidreta.eixpereiv.org\">web de l\u2019emissora<\/a>.<\/p>\n<p>&nbsp;<\/p>\n<p><iframe loading=\"lazy\" src=\"\/\/www.youtube.com\/embed\/FKNhvGx8hho\" width=\"560\" height=\"314\" allowfullscreen=\"allowfullscreen\"><\/iframe><\/p>\n<p>&nbsp;<\/p>\n","protected":false},"excerpt":{"rendered":"<p>A l\u2019escola, l\u2019alumnat de 4t de prim\u00e0ria participa en un projecte fascinant: la creaci\u00f3 d\u2019un programa de r\u00e0dio en col\u00b7laboraci\u00f3 amb el casal Ca l\u2019Isidret i la seva emissora comunit\u00e0ria, La Isidreta R\u00e0dio. Aquest projecte no nom\u00e9s \u00e9s una oportunitat per aprendre les bases del m\u00f3n radiof\u00f2nic, sin\u00f3 tamb\u00e9 per treballar habilitats comunicatives, tecnol\u00f2giques i [&hellip;]<\/p>\n","protected":false},"author":1,"featured_media":0,"parent":14094,"menu_order":0,"comment_status":"closed","ping_status":"closed","template":"","meta":{"_bbp_topic_count":0,"_bbp_reply_count":0,"_bbp_total_topic_count":0,"_bbp_total_reply_count":0,"_bbp_voice_count":0,"_bbp_anonymous_reply_count":0,"_bbp_topic_count_hidden":0,"_bbp_reply_count_hidden":0,"_bbp_forum_subforum_count":0,"site-sidebar-layout":"default","site-content-layout":"","ast-site-content-layout":"","site-content-style":"default","site-sidebar-style":"default","ast-global-header-display":"","ast-banner-title-visibility":"","ast-main-header-display":"","ast-hfb-above-header-display":"","ast-hfb-below-header-display":"","ast-hfb-mobile-header-display":"","site-post-title":"","ast-breadcrumbs-content":"","ast-featured-img":"","footer-sml-layout":"","theme-transparent-header-meta":"","adv-header-id-meta":"","stick-header-meta":"","header-above-stick-meta":"","header-main-stick-meta":"","header-below-stick-meta":"","astra-migrate-meta-layouts":"default","ast-page-background-enabled":"default","ast-page-background-meta":{"desktop":{"background-color":"var(--ast-global-color-4)","background-image":"","background-repeat":"repeat","background-position":"center center","background-size":"auto","background-attachment":"scroll","background-type":"","background-media":"","overlay-type":"","overlay-color":"","overlay-opacity":"","overlay-gradient":""},"tablet":{"background-color":"","background-image":"","background-repeat":"repeat","background-position":"center center","background-size":"auto","background-attachment":"scroll","background-type":"","background-media":"","overlay-type":"","overlay-color":"","overlay-opacity":"","overlay-gradient":""},"mobile":{"background-color":"","background-image":"","background-repeat":"repeat","background-position":"center center","background-size":"auto","background-attachment":"scroll","background-type":"","background-media":"","overlay-type":"","overlay-color":"","overlay-opacity":"","overlay-gradient":""}},"ast-content-background-meta":{"desktop":{"background-color":"var(--ast-global-color-5)","background-image":"","background-repeat":"repeat","background-position":"center center","background-size":"auto","background-attachment":"scroll","background-type":"","background-media":"","overlay-type":"","overlay-color":"","overlay-opacity":"","overlay-gradient":""},"tablet":{"background-color":"var(--ast-global-color-5)","background-image":"","background-repeat":"repeat","background-position":"center center","background-size":"auto","background-attachment":"scroll","background-type":"","background-media":"","overlay-type":"","overlay-color":"","overlay-opacity":"","overlay-gradient":""},"mobile":{"background-color":"var(--ast-global-color-5)","background-image":"","background-repeat":"repeat","background-position":"center center","background-size":"auto","background-attachment":"scroll","background-type":"","background-media":"","overlay-type":"","overlay-color":"","overlay-opacity":"","overlay-gradient":""}},"footnotes":""},"class_list":["post-14320","page","type-page","status-publish","hentry"],"post_mailing_queue_ids":[],"_links":{"self":[{"href":"https:\/\/agora.xtec.cat\/escolabrasil\/wp-json\/wp\/v2\/pages\/14320","targetHints":{"allow":["GET"]}}],"collection":[{"href":"https:\/\/agora.xtec.cat\/escolabrasil\/wp-json\/wp\/v2\/pages"}],"about":[{"href":"https:\/\/agora.xtec.cat\/escolabrasil\/wp-json\/wp\/v2\/types\/page"}],"author":[{"embeddable":true,"href":"https:\/\/agora.xtec.cat\/escolabrasil\/wp-json\/wp\/v2\/users\/1"}],"replies":[{"embeddable":true,"href":"https:\/\/agora.xtec.cat\/escolabrasil\/wp-json\/wp\/v2\/comments?post=14320"}],"version-history":[{"count":2,"href":"https:\/\/agora.xtec.cat\/escolabrasil\/wp-json\/wp\/v2\/pages\/14320\/revisions"}],"predecessor-version":[{"id":14325,"href":"https:\/\/agora.xtec.cat\/escolabrasil\/wp-json\/wp\/v2\/pages\/14320\/revisions\/14325"}],"up":[{"embeddable":true,"href":"https:\/\/agora.xtec.cat\/escolabrasil\/wp-json\/wp\/v2\/pages\/14094"}],"wp:attachment":[{"href":"https:\/\/agora.xtec.cat\/escolabrasil\/wp-json\/wp\/v2\/media?parent=14320"}],"curies":[{"name":"wp","href":"https:\/\/api.w.org\/{rel}","templated":true}]}}