{"id":14226,"date":"2025-01-05T13:46:28","date_gmt":"2025-01-05T12:46:28","guid":{"rendered":"https:\/\/agora.xtec.cat\/escolabrasil\/?page_id=14226"},"modified":"2025-04-02T19:37:06","modified_gmt":"2025-04-02T17:37:06","slug":"amistats-lectores","status":"publish","type":"page","link":"https:\/\/agora.xtec.cat\/escolabrasil\/projectes-descola\/bibliotech\/amistats-lectores\/","title":{"rendered":"Amistats Lectores"},"content":{"rendered":"<p>A la nostra escola, les <strong>amistats lectores<\/strong> s\u00f3n una iniciativa molt especial que aporta un valor afegit a la lectura, ja que va m\u00e9s enll\u00e0 de la simple activitat lectora i fomenta una relaci\u00f3 personal entre els infants. A trav\u00e9s d\u2019aquest projecte, els nens i nenes de <strong>Educaci\u00f3 Infantil, 1r i 2n<\/strong> tenen la oportunitat de compartir moments de lectura amb companys i companyes m\u00e9s grans de l\u2019escola, creant vincles afectius importants.<\/p>\n<p>Les <strong>amistats lectores<\/strong> es fonamenten en el treball en parelles, on cada infant de les etapes m\u00e9s petites forma una connexi\u00f3 amb un infant de la comunitat dels grans. Junts i juntes, viuen diverses experi\u00e8ncies a l\u2019escola: es coneixen, juguen, llegeixen, realitzen activitats conjuntes, i s\u2019acompanyen quan \u00e9s necessari. Aquesta relaci\u00f3 tamb\u00e9 permet que els m\u00e9s grans exerceixin de models a seguir, donant suport als m\u00e9s petits en la seva pr\u00e0ctica lectora i afavorint la confian\u00e7a i el treball en equip.<\/p>\n<p>A trav\u00e9s de les <strong>amistats lectores<\/strong>, no nom\u00e9s es fomenta l\u2019h\u00e0bit de la lectura, sin\u00f3 tamb\u00e9 el desenvolupament d\u2019habilitats socials i emocionals, ja que els infants poden compartir els seus interessos, explicar-se les seves viv\u00e8ncies i establir relacions d\u2019amistat basades en el respecte i l\u2019empatia.<\/p>\n<p><strong>Les amistats lectores<\/strong> s\u00f3n una eina que ens ajuda a fer que la lectura sigui una experi\u00e8ncia m\u00e9s rica i significativa, amb un profund impacte en el creixement personal dels nostres infants.<\/p>\n<p><a href=\"https:\/\/agora.xtec.cat\/escolabrasil\/categoria\/amistats-lectores\/\">Aqu\u00ed<\/a> podeu veure les activitats que fem!<\/p>\n<p><a href=\"https:\/\/agora.xtec.cat\/escolabrasil\/wp-content\/uploads\/usu1218\/2025\/01\/IMG_5024.jpg\"><img loading=\"lazy\" decoding=\"async\" class=\"alignnone wp-image-14229\" src=\"https:\/\/agora.xtec.cat\/escolabrasil\/wp-content\/uploads\/usu1218\/2025\/01\/IMG_5024-1024x870.jpg\" alt=\"\" width=\"435\" height=\"370\" srcset=\"https:\/\/agora.xtec.cat\/escolabrasil\/wp-content\/uploads\/usu1218\/2025\/01\/IMG_5024-1024x870.jpg 1024w, https:\/\/agora.xtec.cat\/escolabrasil\/wp-content\/uploads\/usu1218\/2025\/01\/IMG_5024-300x255.jpg 300w, https:\/\/agora.xtec.cat\/escolabrasil\/wp-content\/uploads\/usu1218\/2025\/01\/IMG_5024-768x653.jpg 768w, https:\/\/agora.xtec.cat\/escolabrasil\/wp-content\/uploads\/usu1218\/2025\/01\/IMG_5024.jpg 1320w\" sizes=\"auto, (max-width: 435px) 100vw, 435px\" \/> <\/a><a href=\"https:\/\/agora.xtec.cat\/escolabrasil\/wp-content\/uploads\/usu1218\/2024\/04\/PHOTO-2024-04-24-19-20-45-e1713980345112.jpg\"><img loading=\"lazy\" decoding=\"async\" class=\"alignnone wp-image-13049\" src=\"https:\/\/agora.xtec.cat\/escolabrasil\/wp-content\/uploads\/usu1218\/2024\/04\/PHOTO-2024-04-24-19-20-45-768x1024.jpg\" alt=\"\" width=\"330\" height=\"440\" \/><\/a><\/p>\n","protected":false},"excerpt":{"rendered":"<p>A la nostra escola, les amistats lectores s\u00f3n una iniciativa molt especial que aporta un valor afegit a la lectura, ja que va m\u00e9s enll\u00e0 de la simple activitat lectora i fomenta una relaci\u00f3 personal entre els infants. A trav\u00e9s d\u2019aquest projecte, els nens i nenes de Educaci\u00f3 Infantil, 1r i 2n tenen la oportunitat [&hellip;]<\/p>\n","protected":false},"author":1,"featured_media":0,"parent":14132,"menu_order":0,"comment_status":"closed","ping_status":"closed","template":"","meta":{"_bbp_topic_count":0,"_bbp_reply_count":0,"_bbp_total_topic_count":0,"_bbp_total_reply_count":0,"_bbp_voice_count":0,"_bbp_anonymous_reply_count":0,"_bbp_topic_count_hidden":0,"_bbp_reply_count_hidden":0,"_bbp_forum_subforum_count":0,"site-sidebar-layout":"default","site-content-layout":"","ast-site-content-layout":"","site-content-style":"default","site-sidebar-style":"default","ast-global-header-display":"","ast-banner-title-visibility":"","ast-main-header-display":"","ast-hfb-above-header-display":"","ast-hfb-below-header-display":"","ast-hfb-mobile-header-display":"","site-post-title":"","ast-breadcrumbs-content":"","ast-featured-img":"","footer-sml-layout":"","theme-transparent-header-meta":"","adv-header-id-meta":"","stick-header-meta":"","header-above-stick-meta":"","header-main-stick-meta":"","header-below-stick-meta":"","astra-migrate-meta-layouts":"default","ast-page-background-enabled":"default","ast-page-background-meta":{"desktop":{"background-color":"var(--ast-global-color-4)","background-image":"","background-repeat":"repeat","background-position":"center center","background-size":"auto","background-attachment":"scroll","background-type":"","background-media":"","overlay-type":"","overlay-color":"","overlay-opacity":"","overlay-gradient":""},"tablet":{"background-color":"","background-image":"","background-repeat":"repeat","background-position":"center center","background-size":"auto","background-attachment":"scroll","background-type":"","background-media":"","overlay-type":"","overlay-color":"","overlay-opacity":"","overlay-gradient":""},"mobile":{"background-color":"","background-image":"","background-repeat":"repeat","background-position":"center center","background-size":"auto","background-attachment":"scroll","background-type":"","background-media":"","overlay-type":"","overlay-color":"","overlay-opacity":"","overlay-gradient":""}},"ast-content-background-meta":{"desktop":{"background-color":"var(--ast-global-color-5)","background-image":"","background-repeat":"repeat","background-position":"center center","background-size":"auto","background-attachment":"scroll","background-type":"","background-media":"","overlay-type":"","overlay-color":"","overlay-opacity":"","overlay-gradient":""},"tablet":{"background-color":"var(--ast-global-color-5)","background-image":"","background-repeat":"repeat","background-position":"center center","background-size":"auto","background-attachment":"scroll","background-type":"","background-media":"","overlay-type":"","overlay-color":"","overlay-opacity":"","overlay-gradient":""},"mobile":{"background-color":"var(--ast-global-color-5)","background-image":"","background-repeat":"repeat","background-position":"center center","background-size":"auto","background-attachment":"scroll","background-type":"","background-media":"","overlay-type":"","overlay-color":"","overlay-opacity":"","overlay-gradient":""}},"footnotes":""},"class_list":["post-14226","page","type-page","status-publish","hentry"],"post_mailing_queue_ids":[],"_links":{"self":[{"href":"https:\/\/agora.xtec.cat\/escolabrasil\/wp-json\/wp\/v2\/pages\/14226","targetHints":{"allow":["GET"]}}],"collection":[{"href":"https:\/\/agora.xtec.cat\/escolabrasil\/wp-json\/wp\/v2\/pages"}],"about":[{"href":"https:\/\/agora.xtec.cat\/escolabrasil\/wp-json\/wp\/v2\/types\/page"}],"author":[{"embeddable":true,"href":"https:\/\/agora.xtec.cat\/escolabrasil\/wp-json\/wp\/v2\/users\/1"}],"replies":[{"embeddable":true,"href":"https:\/\/agora.xtec.cat\/escolabrasil\/wp-json\/wp\/v2\/comments?post=14226"}],"version-history":[{"count":4,"href":"https:\/\/agora.xtec.cat\/escolabrasil\/wp-json\/wp\/v2\/pages\/14226\/revisions"}],"predecessor-version":[{"id":14652,"href":"https:\/\/agora.xtec.cat\/escolabrasil\/wp-json\/wp\/v2\/pages\/14226\/revisions\/14652"}],"up":[{"embeddable":true,"href":"https:\/\/agora.xtec.cat\/escolabrasil\/wp-json\/wp\/v2\/pages\/14132"}],"wp:attachment":[{"href":"https:\/\/agora.xtec.cat\/escolabrasil\/wp-json\/wp\/v2\/media?parent=14226"}],"curies":[{"name":"wp","href":"https:\/\/api.w.org\/{rel}","templated":true}]}}