{"id":14213,"date":"2025-01-05T13:40:35","date_gmt":"2025-01-05T12:40:35","guid":{"rendered":"https:\/\/agora.xtec.cat\/escolabrasil\/?page_id=14213"},"modified":"2025-01-05T13:43:56","modified_gmt":"2025-01-05T12:43:56","slug":"convivencia-i-emocions","status":"publish","type":"page","link":"https:\/\/agora.xtec.cat\/escolabrasil\/convivencia-i-emocions\/","title":{"rendered":"Conviv\u00e8ncia i emocions"},"content":{"rendered":"<p>A la nostra escola considerem essencial treballar les emocions i fomentar una bona conviv\u00e8ncia. Aspirem a ser una escola inclusiva, que valori la diversitat i ofereixi atenci\u00f3 a les necessitats de cada persona, creant un espai on tothom pugui participar amb respecte mutu i esperit de col\u00b7laboraci\u00f3.<\/p>\n<p>Per assolir aquest objectiu, duem a terme diverses pr\u00e0ctiques que promouen el desenvolupament emocional i la conviv\u00e8ncia positiva:<\/p>\n<h4><strong>Cercles restauratius<\/strong><\/h4>\n<p>Espais de di\u00e0leg on els infants poden expressar-se, resoldre conflictes i refor\u00e7ar els vincles amb els seus companys i companyes.<\/p>\n<p>Treballem les emocions, les necessitats individuals i grupals, aix\u00ed com la presa de decisions, amb l&#8217;objectiu de cuidar les persones i enfortir les relacions.<\/p>\n<p><a href=\"https:\/\/agora.xtec.cat\/escolabrasil\/wp-content\/uploads\/usu1218\/2025\/01\/IMG-20230907-WA0007-1.jpg\"><img loading=\"lazy\" decoding=\"async\" class=\"wp-image-14214 aligncenter\" src=\"https:\/\/agora.xtec.cat\/escolabrasil\/wp-content\/uploads\/usu1218\/2025\/01\/IMG-20230907-WA0007-1-1024x768.jpg\" alt=\"\" width=\"349\" height=\"262\" srcset=\"https:\/\/agora.xtec.cat\/escolabrasil\/wp-content\/uploads\/usu1218\/2025\/01\/IMG-20230907-WA0007-1-1024x768.jpg 1024w, https:\/\/agora.xtec.cat\/escolabrasil\/wp-content\/uploads\/usu1218\/2025\/01\/IMG-20230907-WA0007-1-300x225.jpg 300w, https:\/\/agora.xtec.cat\/escolabrasil\/wp-content\/uploads\/usu1218\/2025\/01\/IMG-20230907-WA0007-1-768x576.jpg 768w, https:\/\/agora.xtec.cat\/escolabrasil\/wp-content\/uploads\/usu1218\/2025\/01\/IMG-20230907-WA0007-1-1536x1152.jpg 1536w, https:\/\/agora.xtec.cat\/escolabrasil\/wp-content\/uploads\/usu1218\/2025\/01\/IMG-20230907-WA0007-1-200x150.jpg 200w, https:\/\/agora.xtec.cat\/escolabrasil\/wp-content\/uploads\/usu1218\/2025\/01\/IMG-20230907-WA0007-1.jpg 1600w\" sizes=\"auto, (max-width: 349px) 100vw, 349px\" \/><\/a><\/p>\n<h4><strong>Tutories individualitzades<\/strong><\/h4>\n<p>Moments personalitzats entre l\u2019infant i el tutor\/a per treballar aspectes emocionals i escoltar les seves necessitats de manera propera.<\/p>\n<h4><\/h4>\n<h4><strong>Activitats familiars<\/strong><\/h4>\n<p>Organitzem activitats conjuntes amb les fam\u00edlies per reflexionar sobre emocions, conviv\u00e8ncia i com construir un entorn m\u00e9s harm\u00f2nic entre tots i totes.<\/p>\n<p><a href=\"https:\/\/agora.xtec.cat\/escolabrasil\/wp-content\/uploads\/usu1218\/2025\/01\/IMG_5023.jpg\"><img loading=\"lazy\" decoding=\"async\" class=\"alignnone wp-image-14218\" src=\"https:\/\/agora.xtec.cat\/escolabrasil\/wp-content\/uploads\/usu1218\/2025\/01\/IMG_5023-1024x1015.jpg\" alt=\"\" width=\"337\" height=\"334\" srcset=\"https:\/\/agora.xtec.cat\/escolabrasil\/wp-content\/uploads\/usu1218\/2025\/01\/IMG_5023-1024x1015.jpg 1024w, https:\/\/agora.xtec.cat\/escolabrasil\/wp-content\/uploads\/usu1218\/2025\/01\/IMG_5023-300x298.jpg 300w, https:\/\/agora.xtec.cat\/escolabrasil\/wp-content\/uploads\/usu1218\/2025\/01\/IMG_5023-150x150.jpg 150w, https:\/\/agora.xtec.cat\/escolabrasil\/wp-content\/uploads\/usu1218\/2025\/01\/IMG_5023-768x762.jpg 768w, https:\/\/agora.xtec.cat\/escolabrasil\/wp-content\/uploads\/usu1218\/2025\/01\/IMG_5023.jpg 1320w\" sizes=\"auto, (max-width: 337px) 100vw, 337px\" \/><\/a> <a href=\"https:\/\/agora.xtec.cat\/escolabrasil\/wp-content\/uploads\/usu1218\/2025\/01\/IMG_5022.jpg\"><img loading=\"lazy\" decoding=\"async\" class=\"alignnone wp-image-14217\" src=\"https:\/\/agora.xtec.cat\/escolabrasil\/wp-content\/uploads\/usu1218\/2025\/01\/IMG_5022-1024x1016.jpg\" alt=\"\" width=\"337\" height=\"334\" srcset=\"https:\/\/agora.xtec.cat\/escolabrasil\/wp-content\/uploads\/usu1218\/2025\/01\/IMG_5022-1024x1016.jpg 1024w, https:\/\/agora.xtec.cat\/escolabrasil\/wp-content\/uploads\/usu1218\/2025\/01\/IMG_5022-300x298.jpg 300w, https:\/\/agora.xtec.cat\/escolabrasil\/wp-content\/uploads\/usu1218\/2025\/01\/IMG_5022-150x150.jpg 150w, https:\/\/agora.xtec.cat\/escolabrasil\/wp-content\/uploads\/usu1218\/2025\/01\/IMG_5022-768x762.jpg 768w, https:\/\/agora.xtec.cat\/escolabrasil\/wp-content\/uploads\/usu1218\/2025\/01\/IMG_5022.jpg 1320w\" sizes=\"auto, (max-width: 337px) 100vw, 337px\" \/> <\/a><a href=\"https:\/\/agora.xtec.cat\/escolabrasil\/wp-content\/uploads\/usu1218\/2025\/01\/IMG_5021.jpg\"><img loading=\"lazy\" decoding=\"async\" class=\"alignnone wp-image-14216\" src=\"https:\/\/agora.xtec.cat\/escolabrasil\/wp-content\/uploads\/usu1218\/2025\/01\/IMG_5021-1024x1015.jpg\" alt=\"\" width=\"336\" height=\"333\" srcset=\"https:\/\/agora.xtec.cat\/escolabrasil\/wp-content\/uploads\/usu1218\/2025\/01\/IMG_5021-1024x1015.jpg 1024w, https:\/\/agora.xtec.cat\/escolabrasil\/wp-content\/uploads\/usu1218\/2025\/01\/IMG_5021-300x298.jpg 300w, https:\/\/agora.xtec.cat\/escolabrasil\/wp-content\/uploads\/usu1218\/2025\/01\/IMG_5021-150x150.jpg 150w, https:\/\/agora.xtec.cat\/escolabrasil\/wp-content\/uploads\/usu1218\/2025\/01\/IMG_5021-768x762.jpg 768w, https:\/\/agora.xtec.cat\/escolabrasil\/wp-content\/uploads\/usu1218\/2025\/01\/IMG_5021.jpg 1320w\" sizes=\"auto, (max-width: 336px) 100vw, 336px\" \/><\/a><\/p>\n<p>Amb aquestes iniciatives, fomentem una comunitat educativa basada en el respecte, la comprensi\u00f3 i el benestar compartit.<\/p>\n","protected":false},"excerpt":{"rendered":"<p>A la nostra escola considerem essencial treballar les emocions i fomentar una bona conviv\u00e8ncia. Aspirem a ser una escola inclusiva, que valori la diversitat i ofereixi atenci\u00f3 a les necessitats de cada persona, creant un espai on tothom pugui participar amb respecte mutu i esperit de col\u00b7laboraci\u00f3. Per assolir aquest objectiu, duem a terme diverses [&hellip;]<\/p>\n","protected":false},"author":1,"featured_media":0,"parent":0,"menu_order":0,"comment_status":"closed","ping_status":"closed","template":"","meta":{"_bbp_topic_count":0,"_bbp_reply_count":0,"_bbp_total_topic_count":0,"_bbp_total_reply_count":0,"_bbp_voice_count":0,"_bbp_anonymous_reply_count":0,"_bbp_topic_count_hidden":0,"_bbp_reply_count_hidden":0,"_bbp_forum_subforum_count":0,"site-sidebar-layout":"default","site-content-layout":"","ast-site-content-layout":"","site-content-style":"default","site-sidebar-style":"default","ast-global-header-display":"","ast-banner-title-visibility":"","ast-main-header-display":"","ast-hfb-above-header-display":"","ast-hfb-below-header-display":"","ast-hfb-mobile-header-display":"","site-post-title":"","ast-breadcrumbs-content":"","ast-featured-img":"","footer-sml-layout":"","theme-transparent-header-meta":"","adv-header-id-meta":"","stick-header-meta":"","header-above-stick-meta":"","header-main-stick-meta":"","header-below-stick-meta":"","astra-migrate-meta-layouts":"default","ast-page-background-enabled":"default","ast-page-background-meta":{"desktop":{"background-color":"var(--ast-global-color-4)","background-image":"","background-repeat":"repeat","background-position":"center center","background-size":"auto","background-attachment":"scroll","background-type":"","background-media":"","overlay-type":"","overlay-color":"","overlay-opacity":"","overlay-gradient":""},"tablet":{"background-color":"","background-image":"","background-repeat":"repeat","background-position":"center center","background-size":"auto","background-attachment":"scroll","background-type":"","background-media":"","overlay-type":"","overlay-color":"","overlay-opacity":"","overlay-gradient":""},"mobile":{"background-color":"","background-image":"","background-repeat":"repeat","background-position":"center center","background-size":"auto","background-attachment":"scroll","background-type":"","background-media":"","overlay-type":"","overlay-color":"","overlay-opacity":"","overlay-gradient":""}},"ast-content-background-meta":{"desktop":{"background-color":"var(--ast-global-color-5)","background-image":"","background-repeat":"repeat","background-position":"center center","background-size":"auto","background-attachment":"scroll","background-type":"","background-media":"","overlay-type":"","overlay-color":"","overlay-opacity":"","overlay-gradient":""},"tablet":{"background-color":"var(--ast-global-color-5)","background-image":"","background-repeat":"repeat","background-position":"center center","background-size":"auto","background-attachment":"scroll","background-type":"","background-media":"","overlay-type":"","overlay-color":"","overlay-opacity":"","overlay-gradient":""},"mobile":{"background-color":"var(--ast-global-color-5)","background-image":"","background-repeat":"repeat","background-position":"center center","background-size":"auto","background-attachment":"scroll","background-type":"","background-media":"","overlay-type":"","overlay-color":"","overlay-opacity":"","overlay-gradient":""}},"footnotes":""},"class_list":["post-14213","page","type-page","status-publish","hentry"],"post_mailing_queue_ids":[],"_links":{"self":[{"href":"https:\/\/agora.xtec.cat\/escolabrasil\/wp-json\/wp\/v2\/pages\/14213","targetHints":{"allow":["GET"]}}],"collection":[{"href":"https:\/\/agora.xtec.cat\/escolabrasil\/wp-json\/wp\/v2\/pages"}],"about":[{"href":"https:\/\/agora.xtec.cat\/escolabrasil\/wp-json\/wp\/v2\/types\/page"}],"author":[{"embeddable":true,"href":"https:\/\/agora.xtec.cat\/escolabrasil\/wp-json\/wp\/v2\/users\/1"}],"replies":[{"embeddable":true,"href":"https:\/\/agora.xtec.cat\/escolabrasil\/wp-json\/wp\/v2\/comments?post=14213"}],"version-history":[{"count":5,"href":"https:\/\/agora.xtec.cat\/escolabrasil\/wp-json\/wp\/v2\/pages\/14213\/revisions"}],"predecessor-version":[{"id":14223,"href":"https:\/\/agora.xtec.cat\/escolabrasil\/wp-json\/wp\/v2\/pages\/14213\/revisions\/14223"}],"wp:attachment":[{"href":"https:\/\/agora.xtec.cat\/escolabrasil\/wp-json\/wp\/v2\/media?parent=14213"}],"curies":[{"name":"wp","href":"https:\/\/api.w.org\/{rel}","templated":true}]}}