{"id":14187,"date":"2025-01-05T12:20:50","date_gmt":"2025-01-05T11:20:50","guid":{"rendered":"https:\/\/agora.xtec.cat\/escolabrasil\/?page_id=14187"},"modified":"2025-01-05T12:23:22","modified_gmt":"2025-01-05T11:23:22","slug":"espai-lecxit","status":"publish","type":"page","link":"https:\/\/agora.xtec.cat\/escolabrasil\/projectes-descola\/bibliotech\/espai-lecxit\/","title":{"rendered":"Espai Lecxit"},"content":{"rendered":"<p>El viatge de transformaci\u00f3 Bibliotech ha estat guiat per un proposit clar i inspirador: fer front a les desigualtats socioecon\u00f2miques i culturals de l\u2019alumnat i les seves fam\u00edlies. Creiem fermament que cada infant ha de tenir l\u2019oportunitat de sentir-se motivat per aprendre i de disposar dels recursos necessaris per fer-ho amb qualitat.<\/p>\n<p>En aquest marc, vam decidir instaurar <strong>l\u2019Espai Lecxit<\/strong> a la nostra biblioteca, un projecte que contribueix directament a impulsar l\u2019\u00e8xit educatiu a trav\u00e9s de la millora de la comprensi\u00f3 lectora. Des del projecte tenim el repte de garantir que tot l\u2019alumnat finalitzi l\u2019etapa de prim\u00e0ria amb un nivell de compet\u00e8ncia lectora que els asseguri el seu desenvolupament educatiu i social.<\/p>\n<p><a href=\"https:\/\/agora.xtec.cat\/escolabrasil\/wp-content\/uploads\/usu1218\/2025\/01\/Grupo-310.png\"><img loading=\"lazy\" decoding=\"async\" class=\"wp-image-14188 aligncenter\" src=\"https:\/\/agora.xtec.cat\/escolabrasil\/wp-content\/uploads\/usu1218\/2025\/01\/Grupo-310.png\" alt=\"\" width=\"340\" height=\"106\" srcset=\"https:\/\/agora.xtec.cat\/escolabrasil\/wp-content\/uploads\/usu1218\/2025\/01\/Grupo-310.png 693w, https:\/\/agora.xtec.cat\/escolabrasil\/wp-content\/uploads\/usu1218\/2025\/01\/Grupo-310-300x94.png 300w\" sizes=\"auto, (max-width: 340px) 100vw, 340px\" \/><\/a><\/p>\n<p>Cada <strong>dimarts a la tarda<\/strong>, en horari extraescolar, la biblioteca es transforma en un espai ple de vida, lectura i aprenentatge compartit. Infants de <strong>4t, 5\u00e8 i 6\u00e8 de prim\u00e0ria<\/strong> es reuneixen amb les nostres dedicades <strong>volunt\u00e0ries<\/strong> per endinsar-se en el m\u00f3n dels llibres. Mitjan\u00e7ant sessions de lectura individualitzades i motivadores, aquest espai fomenta el gust per llegir i ajuda a millorar la comprensi\u00f3 lectora, una compet\u00e8ncia clau per al seu \u00e8xit acad\u00e8mic i personal.<\/p>\n<p>L\u2019Espai Lecxit \u00e9s molt m\u00e9s que un programa de lectura; \u00e9s una oportunitat perqu\u00e8 els infants desenvolupin confian\u00e7a en ells mateixos, cre\u00efn vincles amb les volunt\u00e0ries i descobreixin la m\u00e0gia de les hist\u00f2ries i els coneixements que s\u2019amaguen als llibres.<\/p>\n<p><a href=\"https:\/\/agora.xtec.cat\/escolabrasil\/wp-content\/uploads\/usu1218\/2025\/01\/IMG_5015.jpg\"><img loading=\"lazy\" decoding=\"async\" class=\"alignnone  wp-image-14190\" src=\"https:\/\/agora.xtec.cat\/escolabrasil\/wp-content\/uploads\/usu1218\/2025\/01\/IMG_5015-1024x763.jpg\" alt=\"\" width=\"396\" height=\"295\" srcset=\"https:\/\/agora.xtec.cat\/escolabrasil\/wp-content\/uploads\/usu1218\/2025\/01\/IMG_5015-1024x763.jpg 1024w, https:\/\/agora.xtec.cat\/escolabrasil\/wp-content\/uploads\/usu1218\/2025\/01\/IMG_5015-300x223.jpg 300w, https:\/\/agora.xtec.cat\/escolabrasil\/wp-content\/uploads\/usu1218\/2025\/01\/IMG_5015-768x572.jpg 768w, https:\/\/agora.xtec.cat\/escolabrasil\/wp-content\/uploads\/usu1218\/2025\/01\/IMG_5015-200x150.jpg 200w, https:\/\/agora.xtec.cat\/escolabrasil\/wp-content\/uploads\/usu1218\/2025\/01\/IMG_5015.jpg 1320w\" sizes=\"auto, (max-width: 396px) 100vw, 396px\" \/><\/a> <a href=\"https:\/\/agora.xtec.cat\/escolabrasil\/wp-content\/uploads\/usu1218\/2025\/01\/IMG_5016.jpg\"><img loading=\"lazy\" decoding=\"async\" class=\"alignnone  wp-image-14191\" src=\"https:\/\/agora.xtec.cat\/escolabrasil\/wp-content\/uploads\/usu1218\/2025\/01\/IMG_5016-1024x759.jpg\" alt=\"\" width=\"396\" height=\"294\" srcset=\"https:\/\/agora.xtec.cat\/escolabrasil\/wp-content\/uploads\/usu1218\/2025\/01\/IMG_5016-1024x759.jpg 1024w, https:\/\/agora.xtec.cat\/escolabrasil\/wp-content\/uploads\/usu1218\/2025\/01\/IMG_5016-300x223.jpg 300w, https:\/\/agora.xtec.cat\/escolabrasil\/wp-content\/uploads\/usu1218\/2025\/01\/IMG_5016-768x570.jpg 768w, https:\/\/agora.xtec.cat\/escolabrasil\/wp-content\/uploads\/usu1218\/2025\/01\/IMG_5016.jpg 1320w\" sizes=\"auto, (max-width: 396px) 100vw, 396px\" \/><\/a><\/p>\n<p>Gr\u00e0cies a l\u2019entusiasme i la implicaci\u00f3 de les volunt\u00e0ries, aix\u00ed com a la motivaci\u00f3 dels infants participants, l\u2019Espai Lecxit \u00e9s avui un element essencial en el nostre projecte educatiu i una part fonamental del <strong>viatge de transformaci\u00f3 Bibliotech<\/strong>.<\/p>\n<p><strong>Vols saber m\u00e9s sobre aquest projecte?<\/strong> T\u2019animem a visitar-nos a la biblioteca els dimarts a la tarda per descobrir com fem possible que la lectura esdevingui una eina poderosa d\u2019aprenentatge i igualtat.<\/p>\n<p><iframe loading=\"lazy\" src=\"\/\/www.youtube.com\/embed\/ib8uIRJKYtU\" width=\"560\" height=\"314\" allowfullscreen=\"allowfullscreen\"><\/iframe><\/p>\n","protected":false},"excerpt":{"rendered":"<p>El viatge de transformaci\u00f3 Bibliotech ha estat guiat per un proposit clar i inspirador: fer front a les desigualtats socioecon\u00f2miques i culturals de l\u2019alumnat i les seves fam\u00edlies. Creiem fermament que cada infant ha de tenir l\u2019oportunitat de sentir-se motivat per aprendre i de disposar dels recursos necessaris per fer-ho amb qualitat. En aquest marc, [&hellip;]<\/p>\n","protected":false},"author":1,"featured_media":0,"parent":14132,"menu_order":0,"comment_status":"closed","ping_status":"closed","template":"","meta":{"_bbp_topic_count":0,"_bbp_reply_count":0,"_bbp_total_topic_count":0,"_bbp_total_reply_count":0,"_bbp_voice_count":0,"_bbp_anonymous_reply_count":0,"_bbp_topic_count_hidden":0,"_bbp_reply_count_hidden":0,"_bbp_forum_subforum_count":0,"site-sidebar-layout":"default","site-content-layout":"","ast-site-content-layout":"","site-content-style":"default","site-sidebar-style":"default","ast-global-header-display":"","ast-banner-title-visibility":"","ast-main-header-display":"","ast-hfb-above-header-display":"","ast-hfb-below-header-display":"","ast-hfb-mobile-header-display":"","site-post-title":"","ast-breadcrumbs-content":"","ast-featured-img":"","footer-sml-layout":"","theme-transparent-header-meta":"","adv-header-id-meta":"","stick-header-meta":"","header-above-stick-meta":"","header-main-stick-meta":"","header-below-stick-meta":"","astra-migrate-meta-layouts":"default","ast-page-background-enabled":"default","ast-page-background-meta":{"desktop":{"background-color":"var(--ast-global-color-4)","background-image":"","background-repeat":"repeat","background-position":"center center","background-size":"auto","background-attachment":"scroll","background-type":"","background-media":"","overlay-type":"","overlay-color":"","overlay-opacity":"","overlay-gradient":""},"tablet":{"background-color":"","background-image":"","background-repeat":"repeat","background-position":"center center","background-size":"auto","background-attachment":"scroll","background-type":"","background-media":"","overlay-type":"","overlay-color":"","overlay-opacity":"","overlay-gradient":""},"mobile":{"background-color":"","background-image":"","background-repeat":"repeat","background-position":"center center","background-size":"auto","background-attachment":"scroll","background-type":"","background-media":"","overlay-type":"","overlay-color":"","overlay-opacity":"","overlay-gradient":""}},"ast-content-background-meta":{"desktop":{"background-color":"var(--ast-global-color-5)","background-image":"","background-repeat":"repeat","background-position":"center center","background-size":"auto","background-attachment":"scroll","background-type":"","background-media":"","overlay-type":"","overlay-color":"","overlay-opacity":"","overlay-gradient":""},"tablet":{"background-color":"var(--ast-global-color-5)","background-image":"","background-repeat":"repeat","background-position":"center center","background-size":"auto","background-attachment":"scroll","background-type":"","background-media":"","overlay-type":"","overlay-color":"","overlay-opacity":"","overlay-gradient":""},"mobile":{"background-color":"var(--ast-global-color-5)","background-image":"","background-repeat":"repeat","background-position":"center center","background-size":"auto","background-attachment":"scroll","background-type":"","background-media":"","overlay-type":"","overlay-color":"","overlay-opacity":"","overlay-gradient":""}},"footnotes":""},"class_list":["post-14187","page","type-page","status-publish","hentry"],"post_mailing_queue_ids":[],"_links":{"self":[{"href":"https:\/\/agora.xtec.cat\/escolabrasil\/wp-json\/wp\/v2\/pages\/14187","targetHints":{"allow":["GET"]}}],"collection":[{"href":"https:\/\/agora.xtec.cat\/escolabrasil\/wp-json\/wp\/v2\/pages"}],"about":[{"href":"https:\/\/agora.xtec.cat\/escolabrasil\/wp-json\/wp\/v2\/types\/page"}],"author":[{"embeddable":true,"href":"https:\/\/agora.xtec.cat\/escolabrasil\/wp-json\/wp\/v2\/users\/1"}],"replies":[{"embeddable":true,"href":"https:\/\/agora.xtec.cat\/escolabrasil\/wp-json\/wp\/v2\/comments?post=14187"}],"version-history":[{"count":2,"href":"https:\/\/agora.xtec.cat\/escolabrasil\/wp-json\/wp\/v2\/pages\/14187\/revisions"}],"predecessor-version":[{"id":14192,"href":"https:\/\/agora.xtec.cat\/escolabrasil\/wp-json\/wp\/v2\/pages\/14187\/revisions\/14192"}],"up":[{"embeddable":true,"href":"https:\/\/agora.xtec.cat\/escolabrasil\/wp-json\/wp\/v2\/pages\/14132"}],"wp:attachment":[{"href":"https:\/\/agora.xtec.cat\/escolabrasil\/wp-json\/wp\/v2\/media?parent=14187"}],"curies":[{"name":"wp","href":"https:\/\/api.w.org\/{rel}","templated":true}]}}