{"id":14132,"date":"2024-12-26T21:07:58","date_gmt":"2024-12-26T20:07:58","guid":{"rendered":"https:\/\/agora.xtec.cat\/escolabrasil\/?page_id=14132"},"modified":"2025-01-05T13:59:02","modified_gmt":"2025-01-05T12:59:02","slug":"bibliotech","status":"publish","type":"page","link":"https:\/\/agora.xtec.cat\/escolabrasil\/projectes-descola\/bibliotech\/","title":{"rendered":"Biblioteca"},"content":{"rendered":"<p>La biblioteca del nostre centre necessitava un nou impuls, i no hem deixat escapar l\u2019oportunitat que ens ofereix <em>Bibliotech<\/em>. Aquest projecte t\u00e9 com a objectiu reactivar, enriquir i reimaginar les biblioteques escolars, convertint-les en espais on no nom\u00e9s es cultivi el gust per la lectura, sin\u00f3 tamb\u00e9 on es desenvolupin altres aprenentatges i es treballin les noves alfabetitzacions digitals i medi\u00e0tiques.<\/p>\n<p><a href=\"https:\/\/agora.xtec.cat\/escolabrasil\/wp-content\/uploads\/usu1218\/2024\/09\/Captura-de-pantalla-2023-12-22-a-les-0.23.12-e1725475818284.png\"><img loading=\"lazy\" decoding=\"async\" class=\"wp-image-13691 aligncenter\" src=\"https:\/\/agora.xtec.cat\/escolabrasil\/wp-content\/uploads\/usu1218\/2024\/09\/Captura-de-pantalla-2023-12-22-a-les-0.23.12-e1725475818284.png\" alt=\"\" width=\"438\" height=\"111\" srcset=\"https:\/\/agora.xtec.cat\/escolabrasil\/wp-content\/uploads\/usu1218\/2024\/09\/Captura-de-pantalla-2023-12-22-a-les-0.23.12-e1725475818284.png 947w, https:\/\/agora.xtec.cat\/escolabrasil\/wp-content\/uploads\/usu1218\/2024\/09\/Captura-de-pantalla-2023-12-22-a-les-0.23.12-e1725475818284-300x76.png 300w, https:\/\/agora.xtec.cat\/escolabrasil\/wp-content\/uploads\/usu1218\/2024\/09\/Captura-de-pantalla-2023-12-22-a-les-0.23.12-e1725475818284-768x195.png 768w\" sizes=\"auto, (max-width: 438px) 100vw, 438px\" \/><\/a><\/p>\n<p>A dia d\u2019avui, ens sentim molt orgulloses de ser un dels 15 centres referents a Catalunya que formen part del projecte Bibliotech.<\/p>\n<p>Durant el curs 2023-2024, el grup impulsor del projecte a la nostra escola va dur a terme una formaci\u00f3 espec\u00edfica, combinant sessions presencials i online, amb l\u2019objectiu de fer realitat aquesta transformaci\u00f3.<\/p>\n<p><strong>Les accions en marxa<\/strong><br \/>\nActualment, estem treballant en diverses accions per transformar la nostra biblioteca en un espai vibrant i innovador:<\/p>\n<ul>\n<li>Revisi\u00f3, actualitzaci\u00f3 i renovaci\u00f3 del fons bibliogr\u00e0fic.<\/li>\n<li>Instal\u00b7laci\u00f3 de cartelleria per indicar tem\u00e0tiques i reorganitzar l\u2019espai.<\/li>\n<li>Redistribuci\u00f3 i remodelaci\u00f3 de l\u2019espai f\u00edsic per fer-lo m\u00e9s funcional i atractiu.<\/li>\n<li>Creaci\u00f3 d\u2019un rac\u00f3 de jocs de taula.<\/li>\n<li>Incorporaci\u00f3 d\u2019un rac\u00f3 tecnol\u00f2gic.<\/li>\n<li>Organitzaci\u00f3 d\u2019activitats diverses impulsades des de la biblioteca i obertes a les fam\u00edlies.<\/li>\n<li>Implementaci\u00f3 de l\u2019espai <a href=\"https:\/\/agora.xtec.cat\/escolabrasil\/projectes-descola\/bibliotech\/espai-lecxit\/\"><strong>Lecxit<\/strong><\/a>, per fomentar la comprensi\u00f3 lectora en els infants.<\/li>\n<\/ul>\n<p><strong>Un nou model de biblioteca escolar<\/strong><br \/>\nDes de l\u2019Escola Brasil, apostem per un model de biblioteca obert i din\u00e0mic, amb grans oportunitats per a la lectura, el coneixement, l\u2019art, la tecnologia, la creativitat, l\u2019experimentaci\u00f3 i la socialitzaci\u00f3. En aquest espai tamb\u00e9 donem cabuda a les noves alfabetitzacions que el m\u00f3n actual exigeix.<\/p>\n<p>Aquesta transformaci\u00f3 no seria possible sense la implicaci\u00f3 i l\u2019esfor\u00e7 de tot l\u2019equip docent i professional del centre, aix\u00ed com de les fam\u00edlies, que volem que participin activament en aquest espai.<\/p>\n<p>Aquesta \u00e9s nom\u00e9s la primera etapa del projecte, i us animem a seguir atents i atentes per con\u00e8ixer les novetats i activitats que anirem impulsant des de la nostra biblioteca renovada.<\/p>\n<p>Gr\u00e0cies per formar part d\u2019aquesta il\u00b7lusi\u00f3 compartida!<\/p>\n<p><a href=\"https:\/\/agora.xtec.cat\/escolabrasil\/wp-content\/uploads\/usu1218\/2025\/01\/IMG_6880-2-scaled-e1735982791303.jpg\"><img loading=\"lazy\" decoding=\"async\" class=\"wp-image-14181 aligncenter\" src=\"https:\/\/agora.xtec.cat\/escolabrasil\/wp-content\/uploads\/usu1218\/2025\/01\/IMG_6880-2-scaled-e1735982791303-895x1024.jpg\" alt=\"\" width=\"374\" height=\"428\" srcset=\"https:\/\/agora.xtec.cat\/escolabrasil\/wp-content\/uploads\/usu1218\/2025\/01\/IMG_6880-2-scaled-e1735982791303-895x1024.jpg 895w, https:\/\/agora.xtec.cat\/escolabrasil\/wp-content\/uploads\/usu1218\/2025\/01\/IMG_6880-2-scaled-e1735982791303-262x300.jpg 262w, https:\/\/agora.xtec.cat\/escolabrasil\/wp-content\/uploads\/usu1218\/2025\/01\/IMG_6880-2-scaled-e1735982791303-768x879.jpg 768w, https:\/\/agora.xtec.cat\/escolabrasil\/wp-content\/uploads\/usu1218\/2025\/01\/IMG_6880-2-scaled-e1735982791303-1342x1536.jpg 1342w, https:\/\/agora.xtec.cat\/escolabrasil\/wp-content\/uploads\/usu1218\/2025\/01\/IMG_6880-2-scaled-e1735982791303-1790x2048.jpg 1790w, https:\/\/agora.xtec.cat\/escolabrasil\/wp-content\/uploads\/usu1218\/2025\/01\/IMG_6880-2-scaled-e1735982791303.jpg 1920w\" sizes=\"auto, (max-width: 374px) 100vw, 374px\" \/><\/a><\/p>\n<p>&nbsp;<\/p>\n","protected":false},"excerpt":{"rendered":"<p>La biblioteca del nostre centre necessitava un nou impuls, i no hem deixat escapar l\u2019oportunitat que ens ofereix Bibliotech. Aquest projecte t\u00e9 com a objectiu reactivar, enriquir i reimaginar les biblioteques escolars, convertint-les en espais on no nom\u00e9s es cultivi el gust per la lectura, sin\u00f3 tamb\u00e9 on es desenvolupin altres aprenentatges i es treballin [&hellip;]<\/p>\n","protected":false},"author":1,"featured_media":0,"parent":14094,"menu_order":0,"comment_status":"closed","ping_status":"closed","template":"","meta":{"_bbp_topic_count":0,"_bbp_reply_count":0,"_bbp_total_topic_count":0,"_bbp_total_reply_count":0,"_bbp_voice_count":0,"_bbp_anonymous_reply_count":0,"_bbp_topic_count_hidden":0,"_bbp_reply_count_hidden":0,"_bbp_forum_subforum_count":0,"site-sidebar-layout":"default","site-content-layout":"","ast-site-content-layout":"","site-content-style":"default","site-sidebar-style":"default","ast-global-header-display":"","ast-banner-title-visibility":"","ast-main-header-display":"","ast-hfb-above-header-display":"","ast-hfb-below-header-display":"","ast-hfb-mobile-header-display":"","site-post-title":"","ast-breadcrumbs-content":"","ast-featured-img":"","footer-sml-layout":"","theme-transparent-header-meta":"","adv-header-id-meta":"","stick-header-meta":"","header-above-stick-meta":"","header-main-stick-meta":"","header-below-stick-meta":"","astra-migrate-meta-layouts":"default","ast-page-background-enabled":"default","ast-page-background-meta":{"desktop":{"background-color":"var(--ast-global-color-4)","background-image":"","background-repeat":"repeat","background-position":"center center","background-size":"auto","background-attachment":"scroll","background-type":"","background-media":"","overlay-type":"","overlay-color":"","overlay-opacity":"","overlay-gradient":""},"tablet":{"background-color":"","background-image":"","background-repeat":"repeat","background-position":"center center","background-size":"auto","background-attachment":"scroll","background-type":"","background-media":"","overlay-type":"","overlay-color":"","overlay-opacity":"","overlay-gradient":""},"mobile":{"background-color":"","background-image":"","background-repeat":"repeat","background-position":"center center","background-size":"auto","background-attachment":"scroll","background-type":"","background-media":"","overlay-type":"","overlay-color":"","overlay-opacity":"","overlay-gradient":""}},"ast-content-background-meta":{"desktop":{"background-color":"var(--ast-global-color-5)","background-image":"","background-repeat":"repeat","background-position":"center center","background-size":"auto","background-attachment":"scroll","background-type":"","background-media":"","overlay-type":"","overlay-color":"","overlay-opacity":"","overlay-gradient":""},"tablet":{"background-color":"var(--ast-global-color-5)","background-image":"","background-repeat":"repeat","background-position":"center center","background-size":"auto","background-attachment":"scroll","background-type":"","background-media":"","overlay-type":"","overlay-color":"","overlay-opacity":"","overlay-gradient":""},"mobile":{"background-color":"var(--ast-global-color-5)","background-image":"","background-repeat":"repeat","background-position":"center center","background-size":"auto","background-attachment":"scroll","background-type":"","background-media":"","overlay-type":"","overlay-color":"","overlay-opacity":"","overlay-gradient":""}},"footnotes":""},"class_list":["post-14132","page","type-page","status-publish","hentry"],"post_mailing_queue_ids":[],"_links":{"self":[{"href":"https:\/\/agora.xtec.cat\/escolabrasil\/wp-json\/wp\/v2\/pages\/14132","targetHints":{"allow":["GET"]}}],"collection":[{"href":"https:\/\/agora.xtec.cat\/escolabrasil\/wp-json\/wp\/v2\/pages"}],"about":[{"href":"https:\/\/agora.xtec.cat\/escolabrasil\/wp-json\/wp\/v2\/types\/page"}],"author":[{"embeddable":true,"href":"https:\/\/agora.xtec.cat\/escolabrasil\/wp-json\/wp\/v2\/users\/1"}],"replies":[{"embeddable":true,"href":"https:\/\/agora.xtec.cat\/escolabrasil\/wp-json\/wp\/v2\/comments?post=14132"}],"version-history":[{"count":6,"href":"https:\/\/agora.xtec.cat\/escolabrasil\/wp-json\/wp\/v2\/pages\/14132\/revisions"}],"predecessor-version":[{"id":14233,"href":"https:\/\/agora.xtec.cat\/escolabrasil\/wp-json\/wp\/v2\/pages\/14132\/revisions\/14233"}],"up":[{"embeddable":true,"href":"https:\/\/agora.xtec.cat\/escolabrasil\/wp-json\/wp\/v2\/pages\/14094"}],"wp:attachment":[{"href":"https:\/\/agora.xtec.cat\/escolabrasil\/wp-json\/wp\/v2\/media?parent=14132"}],"curies":[{"name":"wp","href":"https:\/\/api.w.org\/{rel}","templated":true}]}}