{"id":14103,"date":"2024-12-26T20:46:41","date_gmt":"2024-12-26T19:46:41","guid":{"rendered":"https:\/\/agora.xtec.cat\/escolabrasil\/?page_id=14103"},"modified":"2025-01-03T13:50:03","modified_gmt":"2025-01-03T12:50:03","slug":"assemblea-delegades-i-delegats","status":"publish","type":"page","link":"https:\/\/agora.xtec.cat\/escolabrasil\/blocs-de-lescola\/assemblea-delegades-i-delegats\/","title":{"rendered":"Assemblea delegades i delegats"},"content":{"rendered":"<p>A la nostra escola creiem fermament que la veu dels nens i nenes \u00e9s fonamental per construir una comunitat educativa m\u00e9s inclusiva, participativa i justa. Una de les eines clau que utilitzem per garantir aquesta participaci\u00f3 \u00e9s <strong>l\u2019Assemblea de Persones Delegades<\/strong>, un espai on els infants poden aportar idees, expressar opinions i participar activament en el funcionament de l\u2019escola.<\/p>\n<h4>Com Funciona l\u2019Assemblea?<\/h4>\n<p>Cada grup de prim\u00e0ria escull una persona delegada cada trimestre que t\u00e9 el paper de representar la seva classe. Aquesta persona \u00e9s l\u2019encarregada de recollir les inquietuds, propostes i suggeriments del grup i portar-los a l\u2019assemblea, on es reuneixen amb la Cap d\u2019Estudis.<\/p>\n<p>Durant les trobades, es debaten temes importants relacionats amb la vida escolar. Alguns dels temes que es tracten sovint s\u00f3n:<\/p>\n<ul>\n<li><strong>Millores en els espais de l\u2019escola<\/strong><\/li>\n<li><strong>Activitats i projectes<\/strong><\/li>\n<li><strong>Normes de conviv\u00e8ncia<\/strong><\/li>\n<\/ul>\n<h4>Un Espai de Di\u00e0leg i Creixement<\/h4>\n<p>L\u2019assemblea de delegades i delegats no nom\u00e9s \u00e9s una eina per prendre decisions, sin\u00f3 tamb\u00e9 una oportunitat perqu\u00e8 els infants desenvolupin habilitats com l\u2019escolta activa, l\u2019expressi\u00f3 d\u2019opinions, el respecte pels altres i el treball en equip. A trav\u00e9s d\u2019aquest espai, aprenen a gestionar responsabilitats i a entendre que les seves veus tenen un impacte real en la vida de la comunitat escolar.<\/p>\n<h4>Escola Participativa<\/h4>\n<p>L\u2019assemblea \u00e9s una mostra del comprom\u00eds de la nostra escola amb l\u2019educaci\u00f3 en valors i amb el desenvolupament integral dels infants. Creiem que donar-los l\u2019oportunitat de participar activament en el funcionament de l\u2019escola els ajuda a cr\u00e9ixer com a ciutadans i ciutadanes responsables i compromesos amb la societat.<\/p>\n<p>Gr\u00e0cies a iniciatives com aquesta, constru\u00efm una escola on tothom t\u00e9 veu i tothom \u00e9s part activa del canvi.<\/p>\n<p><a href=\"https:\/\/agora.xtec.cat\/escolabrasil\/wp-content\/uploads\/usu1218\/2024\/10\/IMG_2738.heic\"><img loading=\"lazy\" decoding=\"async\" class=\"wp-image-13888 aligncenter\" src=\"https:\/\/agora.xtec.cat\/escolabrasil\/wp-content\/uploads\/usu1218\/2024\/10\/IMG_2738.heic\" alt=\"\" width=\"600\" height=\"450\" \/><\/a><\/p>\n","protected":false},"excerpt":{"rendered":"<p>A la nostra escola creiem fermament que la veu dels nens i nenes \u00e9s fonamental per construir una comunitat educativa m\u00e9s inclusiva, participativa i justa. Una de les eines clau que utilitzem per garantir aquesta participaci\u00f3 \u00e9s l\u2019Assemblea de Persones Delegades, un espai on els infants poden aportar idees, expressar opinions i participar activament en [&hellip;]<\/p>\n","protected":false},"author":1,"featured_media":0,"parent":11255,"menu_order":10,"comment_status":"closed","ping_status":"closed","template":"","meta":{"_bbp_topic_count":0,"_bbp_reply_count":0,"_bbp_total_topic_count":0,"_bbp_total_reply_count":0,"_bbp_voice_count":0,"_bbp_anonymous_reply_count":0,"_bbp_topic_count_hidden":0,"_bbp_reply_count_hidden":0,"_bbp_forum_subforum_count":0,"site-sidebar-layout":"default","site-content-layout":"","ast-site-content-layout":"","site-content-style":"default","site-sidebar-style":"default","ast-global-header-display":"","ast-banner-title-visibility":"","ast-main-header-display":"","ast-hfb-above-header-display":"","ast-hfb-below-header-display":"","ast-hfb-mobile-header-display":"","site-post-title":"","ast-breadcrumbs-content":"","ast-featured-img":"","footer-sml-layout":"","theme-transparent-header-meta":"","adv-header-id-meta":"","stick-header-meta":"","header-above-stick-meta":"","header-main-stick-meta":"","header-below-stick-meta":"","astra-migrate-meta-layouts":"default","ast-page-background-enabled":"default","ast-page-background-meta":{"desktop":{"background-color":"var(--ast-global-color-4)","background-image":"","background-repeat":"repeat","background-position":"center center","background-size":"auto","background-attachment":"scroll","background-type":"","background-media":"","overlay-type":"","overlay-color":"","overlay-opacity":"","overlay-gradient":""},"tablet":{"background-color":"","background-image":"","background-repeat":"repeat","background-position":"center center","background-size":"auto","background-attachment":"scroll","background-type":"","background-media":"","overlay-type":"","overlay-color":"","overlay-opacity":"","overlay-gradient":""},"mobile":{"background-color":"","background-image":"","background-repeat":"repeat","background-position":"center center","background-size":"auto","background-attachment":"scroll","background-type":"","background-media":"","overlay-type":"","overlay-color":"","overlay-opacity":"","overlay-gradient":""}},"ast-content-background-meta":{"desktop":{"background-color":"var(--ast-global-color-5)","background-image":"","background-repeat":"repeat","background-position":"center center","background-size":"auto","background-attachment":"scroll","background-type":"","background-media":"","overlay-type":"","overlay-color":"","overlay-opacity":"","overlay-gradient":""},"tablet":{"background-color":"var(--ast-global-color-5)","background-image":"","background-repeat":"repeat","background-position":"center center","background-size":"auto","background-attachment":"scroll","background-type":"","background-media":"","overlay-type":"","overlay-color":"","overlay-opacity":"","overlay-gradient":""},"mobile":{"background-color":"var(--ast-global-color-5)","background-image":"","background-repeat":"repeat","background-position":"center center","background-size":"auto","background-attachment":"scroll","background-type":"","background-media":"","overlay-type":"","overlay-color":"","overlay-opacity":"","overlay-gradient":""}},"footnotes":""},"class_list":["post-14103","page","type-page","status-publish","hentry"],"post_mailing_queue_ids":[],"_links":{"self":[{"href":"https:\/\/agora.xtec.cat\/escolabrasil\/wp-json\/wp\/v2\/pages\/14103","targetHints":{"allow":["GET"]}}],"collection":[{"href":"https:\/\/agora.xtec.cat\/escolabrasil\/wp-json\/wp\/v2\/pages"}],"about":[{"href":"https:\/\/agora.xtec.cat\/escolabrasil\/wp-json\/wp\/v2\/types\/page"}],"author":[{"embeddable":true,"href":"https:\/\/agora.xtec.cat\/escolabrasil\/wp-json\/wp\/v2\/users\/1"}],"replies":[{"embeddable":true,"href":"https:\/\/agora.xtec.cat\/escolabrasil\/wp-json\/wp\/v2\/comments?post=14103"}],"version-history":[{"count":4,"href":"https:\/\/agora.xtec.cat\/escolabrasil\/wp-json\/wp\/v2\/pages\/14103\/revisions"}],"predecessor-version":[{"id":14163,"href":"https:\/\/agora.xtec.cat\/escolabrasil\/wp-json\/wp\/v2\/pages\/14103\/revisions\/14163"}],"up":[{"embeddable":true,"href":"https:\/\/agora.xtec.cat\/escolabrasil\/wp-json\/wp\/v2\/pages\/11255"}],"wp:attachment":[{"href":"https:\/\/agora.xtec.cat\/escolabrasil\/wp-json\/wp\/v2\/media?parent=14103"}],"curies":[{"name":"wp","href":"https:\/\/api.w.org\/{rel}","templated":true}]}}