{"id":13752,"date":"2024-09-09T22:21:20","date_gmt":"2024-09-09T20:21:20","guid":{"rendered":"https:\/\/agora.xtec.cat\/escolabrasil\/?page_id=13752"},"modified":"2025-09-08T17:10:37","modified_gmt":"2025-09-08T15:10:37","slug":"documents-i-autoritzacions","status":"publish","type":"page","link":"https:\/\/agora.xtec.cat\/escolabrasil\/documents-i-autoritzacions\/","title":{"rendered":"Documents i autoritzacions"},"content":{"rendered":"<p>Aqu\u00ed trobareu els documents i les autoritzacions necess\u00e0ries de l\u2019escola:<\/p>\n<ul>\n<li><a href=\"https:\/\/drive.google.com\/file\/d\/1yAhfTUq3N-q9LATBNjc0thm9JrjJzuWG\/view?usp=share_link\">Autoritzaci\u00f3 sortida d&#8217;escola (4t, 5\u00e8 i 6\u00e8)<\/a><\/li>\n<li><a href=\"https:\/\/drive.google.com\/file\/d\/1cYh1QD4Lymo8kX8aYpR5eN9A-hkhKo_r\/view?usp=share_link\">Autoritzaci\u00f3 per l&#8217;administraci\u00f3 del paracetamol<\/a><\/li>\n<li><a href=\"https:\/\/drive.google.com\/file\/d\/1Ieb8KedpGR7h-Sxwt6V5ZCUBe2O3x6lE\/view?usp=sharing\">Autoritzaci\u00f3 sortides escolars<\/a><\/li>\n<li><a href=\"https:\/\/drive.google.com\/file\/d\/1iHqRnHN7ktW9nYd9HN3VSogZH_NCPMqL\/view?usp=sharing\">Carta de comprom\u00eds educatiu<\/a><\/li>\n<li><a href=\"https:\/\/drive.google.com\/file\/d\/1bXnYp7hk6IEdrfDi_R1uwV-GD5vjTdet\/view?usp=sharing\">Inscripci\u00f3 servei de menjador, acollida i\/o ludoteca<\/a><\/li>\n<\/ul>\n","protected":false},"excerpt":{"rendered":"<p>Aqu\u00ed trobareu els documents i les autoritzacions necess\u00e0ries de l\u2019escola: Autoritzaci\u00f3 sortida d&#8217;escola (4t, 5\u00e8 i 6\u00e8) Autoritzaci\u00f3 per l&#8217;administraci\u00f3 del paracetamol Autoritzaci\u00f3 sortides escolars Carta de comprom\u00eds educatiu Inscripci\u00f3 servei de menjador, acollida i\/o ludoteca<\/p>\n","protected":false},"author":1,"featured_media":0,"parent":0,"menu_order":0,"comment_status":"closed","ping_status":"closed","template":"","meta":{"_bbp_topic_count":0,"_bbp_reply_count":0,"_bbp_total_topic_count":0,"_bbp_total_reply_count":0,"_bbp_voice_count":0,"_bbp_anonymous_reply_count":0,"_bbp_topic_count_hidden":0,"_bbp_reply_count_hidden":0,"_bbp_forum_subforum_count":0,"site-sidebar-layout":"default","site-content-layout":"","ast-site-content-layout":"","site-content-style":"default","site-sidebar-style":"default","ast-global-header-display":"","ast-banner-title-visibility":"","ast-main-header-display":"","ast-hfb-above-header-display":"","ast-hfb-below-header-display":"","ast-hfb-mobile-header-display":"","site-post-title":"","ast-breadcrumbs-content":"","ast-featured-img":"","footer-sml-layout":"","theme-transparent-header-meta":"","adv-header-id-meta":"","stick-header-meta":"","header-above-stick-meta":"","header-main-stick-meta":"","header-below-stick-meta":"","astra-migrate-meta-layouts":"default","ast-page-background-enabled":"default","ast-page-background-meta":{"desktop":{"background-color":"var(--ast-global-color-4)","background-image":"","background-repeat":"repeat","background-position":"center center","background-size":"auto","background-attachment":"scroll","background-type":"","background-media":"","overlay-type":"","overlay-color":"","overlay-opacity":"","overlay-gradient":""},"tablet":{"background-color":"","background-image":"","background-repeat":"repeat","background-position":"center center","background-size":"auto","background-attachment":"scroll","background-type":"","background-media":"","overlay-type":"","overlay-color":"","overlay-opacity":"","overlay-gradient":""},"mobile":{"background-color":"","background-image":"","background-repeat":"repeat","background-position":"center center","background-size":"auto","background-attachment":"scroll","background-type":"","background-media":"","overlay-type":"","overlay-color":"","overlay-opacity":"","overlay-gradient":""}},"ast-content-background-meta":{"desktop":{"background-color":"var(--ast-global-color-5)","background-image":"","background-repeat":"repeat","background-position":"center center","background-size":"auto","background-attachment":"scroll","background-type":"","background-media":"","overlay-type":"","overlay-color":"","overlay-opacity":"","overlay-gradient":""},"tablet":{"background-color":"var(--ast-global-color-5)","background-image":"","background-repeat":"repeat","background-position":"center center","background-size":"auto","background-attachment":"scroll","background-type":"","background-media":"","overlay-type":"","overlay-color":"","overlay-opacity":"","overlay-gradient":""},"mobile":{"background-color":"var(--ast-global-color-5)","background-image":"","background-repeat":"repeat","background-position":"center center","background-size":"auto","background-attachment":"scroll","background-type":"","background-media":"","overlay-type":"","overlay-color":"","overlay-opacity":"","overlay-gradient":""}},"footnotes":""},"class_list":["post-13752","page","type-page","status-publish","hentry"],"post_mailing_queue_ids":[],"_links":{"self":[{"href":"https:\/\/agora.xtec.cat\/escolabrasil\/wp-json\/wp\/v2\/pages\/13752","targetHints":{"allow":["GET"]}}],"collection":[{"href":"https:\/\/agora.xtec.cat\/escolabrasil\/wp-json\/wp\/v2\/pages"}],"about":[{"href":"https:\/\/agora.xtec.cat\/escolabrasil\/wp-json\/wp\/v2\/types\/page"}],"author":[{"embeddable":true,"href":"https:\/\/agora.xtec.cat\/escolabrasil\/wp-json\/wp\/v2\/users\/1"}],"replies":[{"embeddable":true,"href":"https:\/\/agora.xtec.cat\/escolabrasil\/wp-json\/wp\/v2\/comments?post=13752"}],"version-history":[{"count":7,"href":"https:\/\/agora.xtec.cat\/escolabrasil\/wp-json\/wp\/v2\/pages\/13752\/revisions"}],"predecessor-version":[{"id":14978,"href":"https:\/\/agora.xtec.cat\/escolabrasil\/wp-json\/wp\/v2\/pages\/13752\/revisions\/14978"}],"wp:attachment":[{"href":"https:\/\/agora.xtec.cat\/escolabrasil\/wp-json\/wp\/v2\/media?parent=13752"}],"curies":[{"name":"wp","href":"https:\/\/api.w.org\/{rel}","templated":true}]}}