{"id":11102,"date":"2023-05-04T13:10:36","date_gmt":"2023-05-04T11:10:36","guid":{"rendered":"https:\/\/agora.xtec.cat\/escolabrasil\/?page_id=11102"},"modified":"2024-02-14T10:00:35","modified_gmt":"2024-02-14T09:00:35","slug":"recursos-digitals","status":"publish","type":"page","link":"https:\/\/agora.xtec.cat\/escolabrasil\/projecte-educatiu\/cultura-digital-de-centre\/recursos-digitals\/","title":{"rendered":"Recursos digitals i EVA (Entorn Virtual d&#8217;Aprenentage)"},"content":{"rendered":"<p>&nbsp;<\/p>\n<p><span style=\"text-decoration: underline;\"><span style=\"font-weight: 400;\">Google workspace for education<\/span><\/span><\/p>\n<p>Google Workspace \u00e9s un servei de Google que ofereix diversos productes de Google amb un nom de domini personalitzat del centre. Compte amb diverses aplicacions web amb funcions similars a les suites ofim\u00e0tiques tradicionals, com Gmail, Meet, Drive, Docs, entre d&#8217;altres.<\/p>\n<p><a href=\"https:\/\/agora.xtec.cat\/escolabrasil\/wp-content\/uploads\/usu1218\/2024\/02\/descarga.png\"><img loading=\"lazy\" decoding=\"async\" class=\" wp-image-12654 aligncenter\" src=\"https:\/\/agora.xtec.cat\/escolabrasil\/wp-content\/uploads\/usu1218\/2024\/02\/descarga.png\" alt=\"\" width=\"211\" height=\"195\" \/><\/a><\/p>\n<p><span style=\"text-decoration: underline;\"><a href=\"https:\/\/docs.google.com\/document\/d\/1f5C6ieoEPOn3iZsfnS-0ZZ6YEmw2vM43\/edit\"><span style=\"font-weight: 400;\">Classroom<\/span><\/a><\/span><\/p>\n<p>\u00c9s una eina dissenyada per donar suport als docents i estudiants en la realitzaci\u00f3 de les classes de forma virtual.<\/p>\n<p><a href=\"https:\/\/agora.xtec.cat\/escolabrasil\/wp-content\/uploads\/usu1218\/2024\/02\/images-2.jpg\"><img loading=\"lazy\" decoding=\"async\" class=\"size-full wp-image-12655 aligncenter\" src=\"https:\/\/agora.xtec.cat\/escolabrasil\/wp-content\/uploads\/usu1218\/2024\/02\/images-2.jpg\" alt=\"\" width=\"284\" height=\"177\" \/><\/a><\/p>\n<p><span style=\"text-decoration: underline;\"><strong>Innovammat.<\/strong><\/span><\/p>\n<p><span style=\"font-weight: 400;\">Entenem\u00a0 que <\/span><b>aprendre matem\u00e0tiques va m\u00e9s enll\u00e0 de l\u2019aprenentatge de conceptes i procediments<\/b><span style=\"font-weight: 400;\">. Aprendre matem\u00e0tiques tamb\u00e9 va lligat al desenvolupament de processos mentals que estructuren el pensament, donen sentit a aquests conceptes i procediments i ens permeten posar-los en pr\u00e0ctica.<\/span><\/p>\n<p><span style=\"font-weight: 400;\">L\u2019 objectiu \u00e9s ajudar els infants a ser matem\u00e0ticament competents, a prioritzar la comprensi\u00f3 per sobre de la memoritzaci\u00f3, allunyant-nos del model tradicional en qu\u00e8 el docent era un mer transmissor de coneixement, i acostant-nos a una aula on la conversa \u00e9s el nucli de l\u2019aprenentatge, on cada alumne participa en el descobriment, explorant idees i fent les seves pr\u00f2pies conjectures. Aix\u00ed, aconseguim que desenvolupin les habilitats que els permetran afrontar els reptes que els porti el futur.<\/span><\/p>\n<p><a href=\"https:\/\/agora.xtec.cat\/escolabrasil\/wp-content\/uploads\/usu1218\/2024\/02\/images.png\"><img loading=\"lazy\" decoding=\"async\" class=\"size-full wp-image-12656 aligncenter\" src=\"https:\/\/agora.xtec.cat\/escolabrasil\/wp-content\/uploads\/usu1218\/2024\/02\/images.png\" alt=\"\" width=\"300\" height=\"168\" \/><\/a><\/p>\n","protected":false},"excerpt":{"rendered":"<p>&nbsp; Google workspace for education Google Workspace \u00e9s un servei de Google que ofereix diversos productes de Google amb un nom de domini personalitzat del centre. Compte amb diverses aplicacions web amb funcions similars a les suites ofim\u00e0tiques tradicionals, com Gmail, Meet, Drive, Docs, entre d&#8217;altres. Classroom \u00c9s una eina dissenyada per donar suport als [&hellip;]<\/p>\n","protected":false},"author":7,"featured_media":0,"parent":11076,"menu_order":0,"comment_status":"closed","ping_status":"closed","template":"page-templates\/side-menu.php","meta":{"_bbp_topic_count":0,"_bbp_reply_count":0,"_bbp_total_topic_count":0,"_bbp_total_reply_count":0,"_bbp_voice_count":0,"_bbp_anonymous_reply_count":0,"_bbp_topic_count_hidden":0,"_bbp_reply_count_hidden":0,"_bbp_forum_subforum_count":0,"site-sidebar-layout":"default","site-content-layout":"","ast-site-content-layout":"","site-content-style":"default","site-sidebar-style":"default","ast-global-header-display":"","ast-banner-title-visibility":"","ast-main-header-display":"","ast-hfb-above-header-display":"","ast-hfb-below-header-display":"","ast-hfb-mobile-header-display":"","site-post-title":"","ast-breadcrumbs-content":"","ast-featured-img":"","footer-sml-layout":"","theme-transparent-header-meta":"","adv-header-id-meta":"","stick-header-meta":"","header-above-stick-meta":"","header-main-stick-meta":"","header-below-stick-meta":"","astra-migrate-meta-layouts":"default","ast-page-background-enabled":"default","ast-page-background-meta":{"desktop":{"background-color":"var(--ast-global-color-4)","background-image":"","background-repeat":"repeat","background-position":"center center","background-size":"auto","background-attachment":"scroll","background-type":"","background-media":"","overlay-type":"","overlay-color":"","overlay-opacity":"","overlay-gradient":""},"tablet":{"background-color":"","background-image":"","background-repeat":"repeat","background-position":"center center","background-size":"auto","background-attachment":"scroll","background-type":"","background-media":"","overlay-type":"","overlay-color":"","overlay-opacity":"","overlay-gradient":""},"mobile":{"background-color":"","background-image":"","background-repeat":"repeat","background-position":"center center","background-size":"auto","background-attachment":"scroll","background-type":"","background-media":"","overlay-type":"","overlay-color":"","overlay-opacity":"","overlay-gradient":""}},"ast-content-background-meta":{"desktop":{"background-color":"var(--ast-global-color-5)","background-image":"","background-repeat":"repeat","background-position":"center center","background-size":"auto","background-attachment":"scroll","background-type":"","background-media":"","overlay-type":"","overlay-color":"","overlay-opacity":"","overlay-gradient":""},"tablet":{"background-color":"var(--ast-global-color-5)","background-image":"","background-repeat":"repeat","background-position":"center center","background-size":"auto","background-attachment":"scroll","background-type":"","background-media":"","overlay-type":"","overlay-color":"","overlay-opacity":"","overlay-gradient":""},"mobile":{"background-color":"var(--ast-global-color-5)","background-image":"","background-repeat":"repeat","background-position":"center center","background-size":"auto","background-attachment":"scroll","background-type":"","background-media":"","overlay-type":"","overlay-color":"","overlay-opacity":"","overlay-gradient":""}},"footnotes":""},"class_list":["post-11102","page","type-page","status-publish","hentry"],"post_mailing_queue_ids":[],"_links":{"self":[{"href":"https:\/\/agora.xtec.cat\/escolabrasil\/wp-json\/wp\/v2\/pages\/11102","targetHints":{"allow":["GET"]}}],"collection":[{"href":"https:\/\/agora.xtec.cat\/escolabrasil\/wp-json\/wp\/v2\/pages"}],"about":[{"href":"https:\/\/agora.xtec.cat\/escolabrasil\/wp-json\/wp\/v2\/types\/page"}],"author":[{"embeddable":true,"href":"https:\/\/agora.xtec.cat\/escolabrasil\/wp-json\/wp\/v2\/users\/7"}],"replies":[{"embeddable":true,"href":"https:\/\/agora.xtec.cat\/escolabrasil\/wp-json\/wp\/v2\/comments?post=11102"}],"version-history":[{"count":6,"href":"https:\/\/agora.xtec.cat\/escolabrasil\/wp-json\/wp\/v2\/pages\/11102\/revisions"}],"predecessor-version":[{"id":12657,"href":"https:\/\/agora.xtec.cat\/escolabrasil\/wp-json\/wp\/v2\/pages\/11102\/revisions\/12657"}],"up":[{"embeddable":true,"href":"https:\/\/agora.xtec.cat\/escolabrasil\/wp-json\/wp\/v2\/pages\/11076"}],"wp:attachment":[{"href":"https:\/\/agora.xtec.cat\/escolabrasil\/wp-json\/wp\/v2\/media?parent=11102"}],"curies":[{"name":"wp","href":"https:\/\/api.w.org\/{rel}","templated":true}]}}