{"id":11096,"date":"2023-05-04T13:05:28","date_gmt":"2023-05-04T11:05:28","guid":{"rendered":"https:\/\/agora.xtec.cat\/escolabrasil\/?page_id=11096"},"modified":"2024-02-14T09:45:36","modified_gmt":"2024-02-14T08:45:36","slug":"comunicacio","status":"publish","type":"page","link":"https:\/\/agora.xtec.cat\/escolabrasil\/projecte-educatiu\/cultura-digital-de-centre\/comunicacio\/","title":{"rendered":"Comunicaci\u00f3"},"content":{"rendered":"<p><span style=\"font-weight: 400;\">El centre disposa d\u2019una web amb la informaci\u00f3 p\u00fablica i imatges amb acc\u00e9s restringit.<\/span><\/p>\n<p>&nbsp;<\/p>\n<p><span style=\"font-weight: 400;\">S\u2019hi poden trobar informacions est\u00e0tiques que es revisen peri\u00f2dicament (documentaci\u00f3, actes, calendari escolar,\u2026) i articles din\u00e0mics sobre el que va succeint a<\/span><\/p>\n<p><span style=\"font-weight: 400;\">l centre dia a dia.<\/span><\/p>\n<p><a href=\"https:\/\/agora.xtec.cat\/escolabrasil\/\"><span style=\"font-weight: 400;\">https:\/\/agora.xtec.cat\/escolabrasil\u00a0\u00a0<\/span><\/a><\/p>\n<p><img loading=\"lazy\" decoding=\"async\" class=\"wp-image-12647 aligncenter\" style=\"border: none; color: #2795b6;\" src=\"https:\/\/agora.xtec.cat\/escolabrasil\/wp-content\/uploads\/usu1218\/2024\/02\/logo_1-923x1024.png\" alt=\"\" width=\"89\" height=\"99\" srcset=\"https:\/\/agora.xtec.cat\/escolabrasil\/wp-content\/uploads\/usu1218\/2024\/02\/logo_1-923x1024.png 923w, https:\/\/agora.xtec.cat\/escolabrasil\/wp-content\/uploads\/usu1218\/2024\/02\/logo_1-270x300.png 270w, https:\/\/agora.xtec.cat\/escolabrasil\/wp-content\/uploads\/usu1218\/2024\/02\/logo_1-768x852.png 768w, https:\/\/agora.xtec.cat\/escolabrasil\/wp-content\/uploads\/usu1218\/2024\/02\/logo_1-1384x1536.png 1384w, https:\/\/agora.xtec.cat\/escolabrasil\/wp-content\/uploads\/usu1218\/2024\/02\/logo_1.png 1571w\" sizes=\"auto, (max-width: 89px) 100vw, 89px\" \/><\/p>\n<p><span style=\"font-weight: 400;\">L\u2019escola fa \u00fas de les xarxes socials sobretot de l\u2019instagram, on es penja una mostra de les activitats que es realitzen a l\u2019escola.\u00a0<\/span><\/p>\n<h2><a href=\"https:\/\/www.instagram.com\/escolabrasilbcn\/?utm_source=ig_embed&amp;ig_rid=89eca9aa-144d-412d-b9db-3c125826c753#\"><span style=\"font-weight: 400;\">\u00a0 \u00a0 escolabrasilbcn\u00a0\u00a0 <\/span><\/a><a href=\"https:\/\/agora.xtec.cat\/escolabrasil\/wp-content\/uploads\/usu1218\/2024\/02\/descarga-2.jpg\"><img loading=\"lazy\" decoding=\"async\" class=\"alignnone wp-image-12649\" src=\"https:\/\/agora.xtec.cat\/escolabrasil\/wp-content\/uploads\/usu1218\/2024\/02\/descarga-2.jpg\" alt=\"\" width=\"63\" height=\"60\" \/><\/a><\/h2>\n<p>&nbsp;<\/p>\n<p><b>TOKAPP<\/b><\/p>\n<p><span style=\"font-weight: 400;\">\u00c9s una eina de comunicaci\u00f3 Escola \u2013 fam\u00edlia que es fa servir per enviar les comunicacions a les fam\u00edlies.\u00a0<\/span><\/p>\n<p><a href=\"https:\/\/agora.xtec.cat\/escolabrasil\/wp-content\/uploads\/usu1218\/2024\/02\/unnamed.png\"><img loading=\"lazy\" decoding=\"async\" class=\"wp-image-12648 aligncenter\" src=\"https:\/\/agora.xtec.cat\/escolabrasil\/wp-content\/uploads\/usu1218\/2024\/02\/unnamed.png\" alt=\"\" width=\"116\" height=\"116\" srcset=\"https:\/\/agora.xtec.cat\/escolabrasil\/wp-content\/uploads\/usu1218\/2024\/02\/unnamed.png 512w, https:\/\/agora.xtec.cat\/escolabrasil\/wp-content\/uploads\/usu1218\/2024\/02\/unnamed-300x300.png 300w, https:\/\/agora.xtec.cat\/escolabrasil\/wp-content\/uploads\/usu1218\/2024\/02\/unnamed-150x150.png 150w\" sizes=\"auto, (max-width: 116px) 100vw, 116px\" \/><\/a><\/p>\n<p><b>COMUNICACI\u00d3 AMB LES FAM\u00cdLIES<\/b><\/p>\n<p><span style=\"font-weight: 400;\">Totes les informacions amb les fam\u00edlies es poden fer per un dels seg\u00fcents canals:<\/span><\/p>\n<ul>\n<li style=\"font-weight: 400;\" aria-level=\"1\"><span style=\"font-weight: 400;\">Via agenda o mail del docent responsable.<\/span><\/li>\n<li style=\"font-weight: 400;\" aria-level=\"1\"><span style=\"font-weight: 400;\">Per tel\u00e8fon.<\/span><\/li>\n<li style=\"font-weight: 400;\" aria-level=\"1\"><span style=\"font-weight: 400;\">En persona, amb cita pr\u00e8via.<\/span><\/li>\n<li style=\"font-weight: 400;\" aria-level=\"1\"><span style=\"font-weight: 400;\">Per videotrucada.<\/span><\/li>\n<\/ul>\n<p>&nbsp;<\/p>\n","protected":false},"excerpt":{"rendered":"<p>El centre disposa d\u2019una web amb la informaci\u00f3 p\u00fablica i imatges amb acc\u00e9s restringit. &nbsp; S\u2019hi poden trobar informacions est\u00e0tiques que es revisen peri\u00f2dicament (documentaci\u00f3, actes, calendari escolar,\u2026) i articles din\u00e0mics sobre el que va succeint a l centre dia a dia. https:\/\/agora.xtec.cat\/escolabrasil\u00a0\u00a0 L\u2019escola fa \u00fas de les xarxes socials sobretot de l\u2019instagram, on es [&hellip;]<\/p>\n","protected":false},"author":7,"featured_media":0,"parent":11076,"menu_order":0,"comment_status":"closed","ping_status":"closed","template":"page-templates\/side-menu.php","meta":{"_bbp_topic_count":0,"_bbp_reply_count":0,"_bbp_total_topic_count":0,"_bbp_total_reply_count":0,"_bbp_voice_count":0,"_bbp_anonymous_reply_count":0,"_bbp_topic_count_hidden":0,"_bbp_reply_count_hidden":0,"_bbp_forum_subforum_count":0,"site-sidebar-layout":"default","site-content-layout":"","ast-site-content-layout":"","site-content-style":"default","site-sidebar-style":"default","ast-global-header-display":"","ast-banner-title-visibility":"","ast-main-header-display":"","ast-hfb-above-header-display":"","ast-hfb-below-header-display":"","ast-hfb-mobile-header-display":"","site-post-title":"","ast-breadcrumbs-content":"","ast-featured-img":"","footer-sml-layout":"","theme-transparent-header-meta":"","adv-header-id-meta":"","stick-header-meta":"","header-above-stick-meta":"","header-main-stick-meta":"","header-below-stick-meta":"","astra-migrate-meta-layouts":"default","ast-page-background-enabled":"default","ast-page-background-meta":{"desktop":{"background-color":"var(--ast-global-color-4)","background-image":"","background-repeat":"repeat","background-position":"center center","background-size":"auto","background-attachment":"scroll","background-type":"","background-media":"","overlay-type":"","overlay-color":"","overlay-opacity":"","overlay-gradient":""},"tablet":{"background-color":"","background-image":"","background-repeat":"repeat","background-position":"center center","background-size":"auto","background-attachment":"scroll","background-type":"","background-media":"","overlay-type":"","overlay-color":"","overlay-opacity":"","overlay-gradient":""},"mobile":{"background-color":"","background-image":"","background-repeat":"repeat","background-position":"center center","background-size":"auto","background-attachment":"scroll","background-type":"","background-media":"","overlay-type":"","overlay-color":"","overlay-opacity":"","overlay-gradient":""}},"ast-content-background-meta":{"desktop":{"background-color":"var(--ast-global-color-5)","background-image":"","background-repeat":"repeat","background-position":"center center","background-size":"auto","background-attachment":"scroll","background-type":"","background-media":"","overlay-type":"","overlay-color":"","overlay-opacity":"","overlay-gradient":""},"tablet":{"background-color":"var(--ast-global-color-5)","background-image":"","background-repeat":"repeat","background-position":"center center","background-size":"auto","background-attachment":"scroll","background-type":"","background-media":"","overlay-type":"","overlay-color":"","overlay-opacity":"","overlay-gradient":""},"mobile":{"background-color":"var(--ast-global-color-5)","background-image":"","background-repeat":"repeat","background-position":"center center","background-size":"auto","background-attachment":"scroll","background-type":"","background-media":"","overlay-type":"","overlay-color":"","overlay-opacity":"","overlay-gradient":""}},"footnotes":""},"class_list":["post-11096","page","type-page","status-publish","hentry"],"post_mailing_queue_ids":[],"_links":{"self":[{"href":"https:\/\/agora.xtec.cat\/escolabrasil\/wp-json\/wp\/v2\/pages\/11096","targetHints":{"allow":["GET"]}}],"collection":[{"href":"https:\/\/agora.xtec.cat\/escolabrasil\/wp-json\/wp\/v2\/pages"}],"about":[{"href":"https:\/\/agora.xtec.cat\/escolabrasil\/wp-json\/wp\/v2\/types\/page"}],"author":[{"embeddable":true,"href":"https:\/\/agora.xtec.cat\/escolabrasil\/wp-json\/wp\/v2\/users\/7"}],"replies":[{"embeddable":true,"href":"https:\/\/agora.xtec.cat\/escolabrasil\/wp-json\/wp\/v2\/comments?post=11096"}],"version-history":[{"count":2,"href":"https:\/\/agora.xtec.cat\/escolabrasil\/wp-json\/wp\/v2\/pages\/11096\/revisions"}],"predecessor-version":[{"id":12653,"href":"https:\/\/agora.xtec.cat\/escolabrasil\/wp-json\/wp\/v2\/pages\/11096\/revisions\/12653"}],"up":[{"embeddable":true,"href":"https:\/\/agora.xtec.cat\/escolabrasil\/wp-json\/wp\/v2\/pages\/11076"}],"wp:attachment":[{"href":"https:\/\/agora.xtec.cat\/escolabrasil\/wp-json\/wp\/v2\/media?parent=11096"}],"curies":[{"name":"wp","href":"https:\/\/api.w.org\/{rel}","templated":true}]}}