{"id":11088,"date":"2023-05-04T13:03:45","date_gmt":"2023-05-04T11:03:45","guid":{"rendered":"https:\/\/agora.xtec.cat\/escolabrasil\/?page_id=11088"},"modified":"2024-06-12T13:57:18","modified_gmt":"2024-06-12T11:57:18","slug":"acollida-digital","status":"publish","type":"page","link":"https:\/\/agora.xtec.cat\/escolabrasil\/projecte-educatiu\/cultura-digital-de-centre\/acollida-digital\/","title":{"rendered":"Acollida digital"},"content":{"rendered":"<p>DOCENTS<\/p>\n<p><span style=\"font-weight: 400;\">Quan arriba el primer dia el docent a l\u2019escola se li informa de:<\/span><\/p>\n<ul>\n<li><span style=\"font-weight: 400;\">Comprovaci\u00f3 que el docent t\u00e9 el correu <strong>xtec<\/strong> activat, sin\u00f3 se li far\u00e0 la gesti\u00f3\u00a0 a trav\u00e9s de la direcci\u00f3 del centre.<\/span><\/li>\n<li><span style=\"font-weight: 400;\">Creaci\u00f3 del <\/span><b>correu del centre<\/b><span style=\"font-weight: 400;\"> amb domini @ebrasil.cat.<\/span><\/li>\n<li><span style=\"font-weight: 400;\">Amb l\u2019email el docent t\u00e9 acc\u00e9s al drive.<\/span><\/li>\n<li><span style=\"font-weight: 400;\">S\u2019afegeix a<\/span> <b>l\u2019email de l\u2019escola<\/b><span style=\"font-weight: 400;\">, amb el grup de Claustre.<\/span><\/li>\n<li><span style=\"font-weight: 400;\">S\u2019informa de l&#8217;aplicaci\u00f3 <\/span><b>Tokapp<\/b><span style=\"font-weight: 400;\"> de missatgeria instant\u00e0nia que fa servir l&#8217;escola amb les fam\u00edlies. <\/span><\/li>\n<li><span style=\"font-weight: 400;\">\u00c9s fa entrega de\u00a0 l\u2019ordinador<\/span><span style=\"font-weight: 400;\"> en cas de docent amb vacant o substituci\u00f3 llarga.<\/span><\/li>\n<li><span style=\"font-weight: 400;\">L&#8217;equip directiu genera un usuari i contrasenya al nou mestre per accedir a la<strong> web de l\u2019escola<\/strong> i fer \u00fas del bloc per a penjar fotografies i articles.<\/span><\/li>\n<li>Creaci\u00f3 de l&#8217;usuari per poder treballar amb <strong>Google Classroom.<\/strong><\/li>\n<\/ul>\n<p>ALUMNES<\/p>\n<p><span style=\"font-weight: 400;\">Compet\u00e8ncia digital: \u00e9s la capacitat per interactuar amb normalitat en la societat digital en qu\u00e8 es viu. Inclou destreses referides a instruments i aplicacions digitals, al tractament de la informaci\u00f3 i organitzaci\u00f3 dels entorns digitals de treball i d\u2019aprenentatge, a la comunicaci\u00f3 interpersonal i a la col\u00b7laboraci\u00f3 en entorns digitals, i a h\u00e0bits, civisme i identitat digital<\/span><\/p>\n<p><span style=\"font-weight: 400;\">Aplicaci\u00f3 de la seq\u00fcenciaci\u00f3 de la compet\u00e8ncia digital es realitzar\u00e0 al llarg del curs d\u2019una manera transversal, intentant incorporar-lo en les diferents situacions d\u2019aprenentatge elaborades a les aules.<\/span><\/p>\n<p>&nbsp;<\/p>\n<p><span style=\"font-weight: 400;\">At\u00e8s que la compet\u00e8ncia digital \u00e9s una compet\u00e8ncia transversal que pot ser complexa i de dif\u00edcil concreci\u00f3, la seq\u00fcenciaci\u00f3 realitzada al centre es basar\u00e0 en dos instruments de suport per orientar la seva planificaci\u00f3 i desplegament de la CDA al llarg de tota l\u2019etapa d\u2019educaci\u00f3 prim\u00e0ria des de les diferents \u00e0rees del curr\u00edculum<\/span><\/p>\n<p><span style=\"font-weight: 400;\">A final de cada curs es far\u00e0 una revisi\u00f3 de la seq\u00fcenciaci\u00f3 per tal de proposar els canvis oportuns i les actualitzacions necess\u00e0ries a causa de la constant evoluci\u00f3 que pateixen les noves tecnologies.<\/span><\/p>\n<p>FAM\u00cdLIES<\/p>\n<p><span style=\"font-weight: 400;\">En el moment de matriculaci\u00f3 en el centre s&#8217;ha de portar un seguit de tasques:<\/span><\/p>\n<ul>\n<li style=\"font-weight: 400;\" aria-level=\"1\"><span style=\"font-weight: 400;\">\u00a0La secret\u00e0ria i\/o l\u2019administrativa recullen les dades de l\u2019alumnat mitjan\u00e7ant els diversos\u00a0 fulls de matr\u00edcula que les fam\u00edlies poden trobar\u00a0 a la secret\u00e0ria de l\u2019escola en format paper\u00a0 o a la p\u00e0gina web del centre en format PDF amb els camps per omplir directament a l\u2019ordinador. Aquestes dades es recullen en el moment de matr\u00edcula de l\u2019alumnat en format paper i es traspassen a l\u2019aplicatiu d\u2019Esfera mantenint-lo actualitzat.<\/span><\/li>\n<li style=\"font-weight: 400;\" aria-level=\"1\"><span style=\"font-weight: 400;\">Signatura de l&#8217;autoritzaci\u00f3 relativa als drets d&#8217;imatge, veu i comunicaci\u00f3 sobre l&#8217;\u00fas els serveis digitals de l&#8217;escola.<\/span><\/li>\n<\/ul>\n<p><span style=\"font-weight: 400;\">Se&#8217;ls donar\u00e0 informaci\u00f3 dels aspectes seg\u00fcents:<\/span><\/p>\n<ul>\n<li style=\"font-weight: 400;\" aria-level=\"1\"><span style=\"font-weight: 400;\">Sobre l&#8217;EVA (Google Classroom) que s&#8217;utilitza i quin \u00e9s el sistema d&#8217;acc\u00e9s del seu fill\/a .<\/span><\/li>\n<li style=\"font-weight: 400;\" aria-level=\"1\"><span style=\"font-weight: 400;\">\u00a0Tel\u00e8fon i del correu de l&#8217;escola i del mestre per poder comunicar-se amb l&#8217;escola.<\/span><\/li>\n<li style=\"font-weight: 400;\" aria-level=\"1\"><span style=\"font-weight: 400;\">Si L&#8217;alumne es de Cicle superior\u00a0 se li adjudica un Port\u00e0til d\u2019alumne.<\/span><\/li>\n<li style=\"font-weight: 400;\" aria-level=\"1\"><span style=\"font-weight: 400;\">S\u2019informa de la p\u00e0gina web de l\u2019escola i de la informaci\u00f3 que pot trobar en ella.<\/span><\/li>\n<li style=\"font-weight: 400;\" aria-level=\"1\"><span style=\"font-weight: 400;\">Es comparteixen les NOFC d\u2019\u00e0mbit digital.<\/span><\/li>\n<li style=\"font-weight: 400;\" aria-level=\"1\"><span style=\"font-weight: 400;\">Es comunica la import\u00e0ncia de\u00a0 la\u00a0 instal\u00b7laci\u00f3,, utilitzaci\u00f3 i \u00fas del Tokkapp.<\/span><\/li>\n<li style=\"font-weight: 400;\" aria-level=\"1\"><span style=\"font-weight: 400;\">S\u2019informa de les plataformes utilitzades a l\u2019escola.<\/span><\/li>\n<\/ul>\n","protected":false},"excerpt":{"rendered":"<p>DOCENTS Quan arriba el primer dia el docent a l\u2019escola se li informa de: Comprovaci\u00f3 que el docent t\u00e9 el correu xtec activat, sin\u00f3 se li far\u00e0 la gesti\u00f3\u00a0 a trav\u00e9s de la direcci\u00f3 del centre. Creaci\u00f3 del correu del centre amb domini @ebrasil.cat. Amb l\u2019email el docent t\u00e9 acc\u00e9s al drive. S\u2019afegeix a l\u2019email [&hellip;]<\/p>\n","protected":false},"author":7,"featured_media":0,"parent":11076,"menu_order":0,"comment_status":"closed","ping_status":"closed","template":"page-templates\/side-menu.php","meta":{"_bbp_topic_count":0,"_bbp_reply_count":0,"_bbp_total_topic_count":0,"_bbp_total_reply_count":0,"_bbp_voice_count":0,"_bbp_anonymous_reply_count":0,"_bbp_topic_count_hidden":0,"_bbp_reply_count_hidden":0,"_bbp_forum_subforum_count":0,"site-sidebar-layout":"default","site-content-layout":"","ast-site-content-layout":"","site-content-style":"default","site-sidebar-style":"default","ast-global-header-display":"","ast-banner-title-visibility":"","ast-main-header-display":"","ast-hfb-above-header-display":"","ast-hfb-below-header-display":"","ast-hfb-mobile-header-display":"","site-post-title":"","ast-breadcrumbs-content":"","ast-featured-img":"","footer-sml-layout":"","theme-transparent-header-meta":"","adv-header-id-meta":"","stick-header-meta":"","header-above-stick-meta":"","header-main-stick-meta":"","header-below-stick-meta":"","astra-migrate-meta-layouts":"default","ast-page-background-enabled":"default","ast-page-background-meta":{"desktop":{"background-color":"var(--ast-global-color-4)","background-image":"","background-repeat":"repeat","background-position":"center center","background-size":"auto","background-attachment":"scroll","background-type":"","background-media":"","overlay-type":"","overlay-color":"","overlay-opacity":"","overlay-gradient":""},"tablet":{"background-color":"","background-image":"","background-repeat":"repeat","background-position":"center center","background-size":"auto","background-attachment":"scroll","background-type":"","background-media":"","overlay-type":"","overlay-color":"","overlay-opacity":"","overlay-gradient":""},"mobile":{"background-color":"","background-image":"","background-repeat":"repeat","background-position":"center center","background-size":"auto","background-attachment":"scroll","background-type":"","background-media":"","overlay-type":"","overlay-color":"","overlay-opacity":"","overlay-gradient":""}},"ast-content-background-meta":{"desktop":{"background-color":"var(--ast-global-color-5)","background-image":"","background-repeat":"repeat","background-position":"center center","background-size":"auto","background-attachment":"scroll","background-type":"","background-media":"","overlay-type":"","overlay-color":"","overlay-opacity":"","overlay-gradient":""},"tablet":{"background-color":"var(--ast-global-color-5)","background-image":"","background-repeat":"repeat","background-position":"center center","background-size":"auto","background-attachment":"scroll","background-type":"","background-media":"","overlay-type":"","overlay-color":"","overlay-opacity":"","overlay-gradient":""},"mobile":{"background-color":"var(--ast-global-color-5)","background-image":"","background-repeat":"repeat","background-position":"center center","background-size":"auto","background-attachment":"scroll","background-type":"","background-media":"","overlay-type":"","overlay-color":"","overlay-opacity":"","overlay-gradient":""}},"footnotes":""},"class_list":["post-11088","page","type-page","status-publish","hentry"],"post_mailing_queue_ids":[],"_links":{"self":[{"href":"https:\/\/agora.xtec.cat\/escolabrasil\/wp-json\/wp\/v2\/pages\/11088","targetHints":{"allow":["GET"]}}],"collection":[{"href":"https:\/\/agora.xtec.cat\/escolabrasil\/wp-json\/wp\/v2\/pages"}],"about":[{"href":"https:\/\/agora.xtec.cat\/escolabrasil\/wp-json\/wp\/v2\/types\/page"}],"author":[{"embeddable":true,"href":"https:\/\/agora.xtec.cat\/escolabrasil\/wp-json\/wp\/v2\/users\/7"}],"replies":[{"embeddable":true,"href":"https:\/\/agora.xtec.cat\/escolabrasil\/wp-json\/wp\/v2\/comments?post=11088"}],"version-history":[{"count":6,"href":"https:\/\/agora.xtec.cat\/escolabrasil\/wp-json\/wp\/v2\/pages\/11088\/revisions"}],"predecessor-version":[{"id":13417,"href":"https:\/\/agora.xtec.cat\/escolabrasil\/wp-json\/wp\/v2\/pages\/11088\/revisions\/13417"}],"up":[{"embeddable":true,"href":"https:\/\/agora.xtec.cat\/escolabrasil\/wp-json\/wp\/v2\/pages\/11076"}],"wp:attachment":[{"href":"https:\/\/agora.xtec.cat\/escolabrasil\/wp-json\/wp\/v2\/media?parent=11088"}],"curies":[{"name":"wp","href":"https:\/\/api.w.org\/{rel}","templated":true}]}}