{"id":11086,"date":"2023-05-04T13:03:16","date_gmt":"2023-05-04T11:03:16","guid":{"rendered":"https:\/\/agora.xtec.cat\/escolabrasil\/?page_id=11086"},"modified":"2024-11-28T13:52:24","modified_gmt":"2024-11-28T12:52:24","slug":"documentacio-basica","status":"publish","type":"page","link":"https:\/\/agora.xtec.cat\/escolabrasil\/projecte-educatiu\/cultura-digital-de-centre\/documentacio-basica\/","title":{"rendered":"Documentaci\u00f3 b\u00e0sica"},"content":{"rendered":"<h1><b>DOCUMENTACI\u00d3 B\u00c0SICA ESCOLA BRASIL<\/b><\/h1>\n<p><b>PEC: PROJECTE EDUCATIU DE CENTRE:<\/b><\/p>\n<ul>\n<li style=\"font-weight: 400;\" aria-level=\"1\"><span style=\"font-weight: 400;\">Com especifiquem al nostre PEC, som una escola oberta a les tecnologies de la informaci\u00f3 i la comunicaci\u00f3 en tots els tres subapartats del punt 2 <\/span><b><i>\u00abIdentitat i car\u00e0cter propi\u00bb:<\/i><\/b><\/li>\n<\/ul>\n<p><span style=\"font-weight: 400;\">&#8211; Integrar en la seva rutina escolar, la tecnologia com a part inseparable dels seus processos d\u2019aprenentatge.<\/span><\/p>\n<p><span style=\"font-weight: 400;\">&#8211; Ensenyar un \u00fas profit\u00f3s i responsable de les eines inform\u00e0tiques.<\/span><\/p>\n<p><span style=\"font-weight: 400;\">&#8211; Obrir finestres al m\u00f3n tecnol\u00f2gic.<\/span><\/p>\n<ul>\n<li style=\"font-weight: 400;\" aria-level=\"1\"><span style=\"font-weight: 400;\">La nostra <\/span><b>visi\u00f3 del centre <\/b><span style=\"font-weight: 400;\">ens definim com a un centre actiu, emprenedor, amb visi\u00f3 de futur que pret\u00e9n la millora constant del rendiment acad\u00e8mic de l\u2019alumnat mitjan\u00e7ant l\u2019\u00fas habitual de les TAC.<\/span><\/li>\n<li style=\"font-weight: 400;\" aria-level=\"1\"><b>Impulsem <\/b><span style=\"font-weight: 400;\">el desenvolupament de l\u2019\u00e0mbit digital i les seves quatre dimensions mitjan\u00e7ant l\u2019\u00fas dels recursos i eines digitals des de I3 fins a 6\u00e8.<\/span><\/li>\n<\/ul>\n<p><b>\u00a0NOFC: <\/b><b>NORMES D\u2019ORGANITZACI\u00d3 I FUNCIONAMENT DEL CENTRE\u00a0<\/b><\/p>\n<p><span style=\"font-weight: 400;\">A continuaci\u00f3 especifiquem els punts, m\u00e9s destacats,\u00a0 recollits en les NOFC del nostre centre pel que fa a l\u2019\u00e0mbit de l\u2019EDC<\/span><\/p>\n<p><b>DOCENTS:<\/b><\/p>\n<p><span style=\"font-weight: 400;\">Es crear\u00e0 un compte per a tot el professorat assignat al centre durant el curs escolar:<\/span><\/p>\n<ul>\n<li><span style=\"font-weight: 400;\">Aquest compte \u00e9s individual\u00a0 (primera part igual que l\u2019xtec@ ebrasil.cat)<\/span><\/li>\n<li><span style=\"font-weight: 400;\">Nom\u00e9s es pot usar per finalitats educatives del centre.<\/span><\/li>\n<li><span style=\"font-weight: 400;\">Cada usuari \u00e9s responsable del seu compte, i cal que vetlli per mantenir el secret de la seva contrasenya i per sortir del seu perfil una vegada acabada la sessi\u00f3.<\/span><\/li>\n<li><span style=\"font-weight: 400;\">El compte s\u2019utilitzar\u00e0 per a les activitats i comunicacions relacionades amb el centre.<\/span><\/li>\n<li><span style=\"font-weight: 400;\">Des del compte del professorat s\u2019accedeix al Drive del centre.<\/span><\/li>\n<li><span style=\"font-weight: 400;\">El compte ha de ser l\u2019eina de comunicaci\u00f3 preferencial amb els alumnes i les fam\u00edlies.<\/span><\/li>\n<li>Cal comunicar qualsevol incid\u00e8ncia a l\u2019administrador\/a. o coordinador TAC.<\/li>\n<li>No enviar, reenviar o respondre missatges de correu o compartir documents que continguin dades sensibles, sense l\u2019autoritzaci\u00f3 convenient de l\u2019Administrador\u00a0 i, si escau, la Direcci\u00f3 del centre.<\/li>\n<li>El professorat far\u00e0 de pont entre l\u2019alumnat i l\u2019administrador del domini. El recorregut de qualsevol incid\u00e8ncia ha de passar pel tutor\/a abans d\u2019arribar a l\u2019administrador de domini.<\/li>\n<li>El professorat ha de conscienciar a l\u2019alumnat en el bon \u00fas del compte i de les aplicacions associades. Informar\u00e0 l\u2019alumnat del reglament i de les sancions.<\/li>\n<\/ul>\n<p><b>Cessi\u00f3 dispositius mestres<\/b><\/p>\n<ul style=\"list-style-type: disc;\">\n<li><span style=\"font-family: inherit; font-size: 1em;\">El dispositiu \u00e9s propietat del Departament d\u2019Educaci\u00f3, i el professorat es fa responsable de fer un \u00fas professional al llarg de tot el curs escolar.<\/span><\/li>\n<li><span style=\"font-weight: 400;\">\u00a0Per entrar al dispositiu, per primer cop, s\u2019ha de fer servir l\u2019usuari XTEC, seguit de:@edu.gencat.cat.<\/span><\/li>\n<li><span style=\"font-weight: 400;\">A partir del primer acc\u00e9s ja no caldr\u00e0 afegir @edu.gencat.cat, sin\u00f3 que es podr\u00e0 accedir directament fent servir l\u2019usuari XTEC.<\/span><span style=\"font-weight: 400;\"><br \/>\n<\/span><\/li>\n<li><span style=\"font-weight: 400;\">Pel que respecte a la contrasenya, s\u2019ha de fer servir la contrasenya GICAR\/ATRI.<\/span><span style=\"font-weight: 400;\"><br \/>\n<\/span><\/li>\n<li><span style=\"font-weight: 400;\">Si el professorat\u00a0 es desvincula de l\u2019escola haur\u00e0 de tornar el dispositiu en el seu embalatge original i amb el carregador quan correspongui, el 30 de juny com a data l\u00edmit.<\/span><span style=\"font-weight: 400;\"><br \/>\n<\/span><\/li>\n<li><span style=\"font-weight: 400;\">Cada dispositiu i carregador estar\u00e0 etiquetat de manera visible.<\/span><\/li>\n<li><span style=\"font-weight: 400;\">En cas de qualsevol incid\u00e8ncia s\u2019ha de comunicar al coordinador\/a TAC del centre .<\/span><\/li>\n<li><span style=\"font-weight: 400;\">Els emails de direcci\u00f3, TIS, conserge i administrativa son gen\u00e8rics: nomcarrec@ebrasil.cat<\/span><\/li>\n<\/ul>\n<p><b>ALUMNAT (a partir de 3r de prim\u00e0ria)<\/b><\/p>\n<ul style=\"list-style-type: disc;\">\n<li><span style=\"font-family: inherit; font-size: 1em;\">El compte s\u2019utilitzar\u00e0 per a les activitats i comunicacions relacionades amb el centre.<\/span><\/li>\n<li><span style=\"font-weight: 400;\">L\u2019administrador facilitar\u00e0 les contrasenyes, que no es podran canviar, s\u2019informar\u00e0 a l\u2019alumnat que no s\u00f3n comptes privats, s\u00f3n administrats per l\u2019escola.<\/span><span style=\"font-weight: 400;\"><br \/>\n<\/span><\/li>\n<li><span style=\"font-weight: 400;\">Aquest compte \u00e9s individual i intransferible.<\/span><span style=\"font-weight: 400;\"><br \/>\n<\/span><\/li>\n<li><span style=\"font-weight: 400;\">Nom\u00e9s es pot usar amb finalitats educatives.<\/span><span style=\"font-weight: 400;\"><br \/>\n<\/span><\/li>\n<li><span style=\"font-weight: 400;\">Nom\u00e9s es pot interactuar amb altres usuaris del mateix domini.<\/span><\/li>\n<li><span style=\"font-family: inherit; font-size: 1em;\">Cal observar una conducta correcta en l\u2019\u00fas de les aplicacions associades al compte.<\/span><\/li>\n<li><span style=\"font-weight: 400;\">Cada usuari \u00e9s responsable del seu compte, i cal que vetlli per mantenir el secret de la seva contrasenya i per sortir del seu perfil una vegada acabada la sessi\u00f3.<\/span><span style=\"font-weight: 400;\"><br \/>\n<\/span><\/li>\n<li><span style=\"font-weight: 400;\">Cada usuari podr\u00e0 personalitzar amb un avatar la imatge del seu compte. No es permeten imatges poc adequades a l\u2019\u00e0mbit escolar.<\/span><span style=\"font-weight: 400;\"><br \/>\n<\/span><\/li>\n<li><span style=\"font-weight: 400;\">Qualsevol incid\u00e8ncia ocorreguda s\u2019haur\u00e0 de comunicar a l\u2019administrador del domini tant aviat com sigui possible.<\/span><span style=\"font-weight: 400;\"><br \/>\n<\/span><\/li>\n<li><span style=\"font-weight: 400;\">Els comptes s\u2019eliminaran al cap de 4 mesos d\u2019haver deixat el centre, previ av\u00eds.<\/span><\/li>\n<li><span style=\"font-family: inherit; font-size: 1em;\">Es crearan comptes per a l\u2019alumnat sempre i quan hagi portat la corresponent autoritzaci\u00f3 signada per les fam\u00edlies.<\/span><\/li>\n<li><span style=\"font-weight: 400;\">S\u2019informar\u00e0 a les fam\u00edlies que no s\u00f3n comptes privats, sin\u00f3 que s\u00f3n administrats per l\u2019escola.<\/span><span style=\"font-weight: 400;\"><br \/>\n<\/span><\/li>\n<li><span style=\"font-weight: 400;\">Els comptes de l\u2019alumnat tindran el format XXnom.cognom@ebrasil.cat ( XX= any de naixement)<\/span><span style=\"font-weight: 400;\"><br \/>\n<\/span><\/li>\n<li><span style=\"font-weight: 400;\">Es crear\u00e0 un e-mail de cada curs , que tamb\u00e9 servir\u00e0 per donar d\u2019alta altres aplicacions:\u00a0 Innovamat, Canva, Google Workspace, Makecode, Edblock, Scratch, Makeblock, Blocky, Wikispaces, Symbaloo, Quizizz.<\/span><span style=\"font-weight: 400;\"><br \/>\n<\/span><\/li>\n<li><span style=\"font-weight: 400;\">No es crearan comptes per a les fam\u00edlies.<\/span><span style=\"font-weight: 400;\"><br \/>\n<\/span><\/li>\n<li><span style=\"font-weight: 400;\">L\u2019equip directiu \u00e9s responsable de l\u2019administraci\u00f3 del Workspace.<\/span><span style=\"font-weight: 400;\"><br \/>\n<\/span><\/li>\n<li><span style=\"font-weight: 400;\">L\u2019administrador del domini ha de tenir la contrasenya actualitzada de tots els usuaris.<\/span><span style=\"font-weight: 400;\"><br \/>\n<\/span><\/li>\n<li><span style=\"font-weight: 400;\">Es facilitar\u00e0 informaci\u00f3 i consells a les fam\u00edlies sobre l\u2019\u00fas d\u2019e-mail i xarxes socials, amb l\u2019objectiu que ajudin i vetllin per l\u2019\u00fas que en fan els seus fills.<\/span><span style=\"font-weight: 400;\"><br \/>\n<\/span><\/li>\n<li><span style=\"font-weight: 400;\">A principi de cada curs es far\u00e0 una formaci\u00f3 adre\u00e7ada a l\u2019alumnat sobre responsabilitat i privacitat a la xarxa.<\/span><span style=\"font-weight: 400;\">\n<p><\/span><\/li>\n<\/ul>\n<p><b>Normes sobre els dispositius<\/b><\/p>\n<ul>\n<li style=\"font-weight: 400;\" aria-level=\"1\"><span style=\"font-weight: 400;\">L\u2019ha d\u2019utilitzar l\u2019alumne\/a que n\u2019\u00e9s usuari\/\u00e0ria i ha d\u2019estar disponible quan des del centre educatiu se\u2019n requereixi la utilitzaci\u00f3.<\/span><\/li>\n<li style=\"font-weight: 400;\" aria-level=\"1\"><span style=\"font-weight: 400;\">No s\u2019hi pot instal\u00b7lar programari no autoritzat pel centre educatiu, ni accedir a entorns o xarxes socials que puguin representar un risc per a les dades contingudes.<\/span><\/li>\n<li style=\"font-weight: 400;\" aria-level=\"1\"><span style=\"font-weight: 400;\">Tampoc es pot manipular les peces o accessoris f\u00edsics\u00a0 del dispositiu.<\/span><\/li>\n<li style=\"font-weight: 400;\" aria-level=\"1\"><span style=\"font-weight: 400;\">En cas de no retornar l\u2019equipament, la direcci\u00f3 del centre o el coordinador\/a TAC es posar\u00e0 en contacte amb el CEB per trobar la millor soluci\u00f3.<\/span><\/li>\n<li style=\"font-weight: 400;\" aria-level=\"1\"><span style=\"font-weight: 400;\">En cap cas es pot retirar cap dels etiquetatges identificatius del dispositius.<\/span><\/li>\n<\/ul>\n<ul>\n<li style=\"font-weight: 400;\" aria-level=\"1\"><span style=\"font-weight: 400;\">En el cas de la cessi\u00f3 d\u2019un dispositiu s\u2019adjuntar\u00e0 un document on queden recollides les normes d\u2019\u00fas en la cessi\u00f3 dels dispositius (veure annex i al nodes de l\u2019escola a l\u2019apartat de maquinari Chromebooks de cultura digital). La signatura d\u2019aquest document, implicar\u00e0 que la persona signant declara haver llegit i ent\u00e8s les condicions d\u2019\u00fas del dispositiu lliurat.\u00a0<\/span><\/li>\n<\/ul>\n<ul>\n<li><span style=\"font-weight: 400;\"> L\u2019\u00fas indegut del propi ordinador, i per descomptat, la manipulaci\u00f3 dels ordinadors dels altres companys, comporta una falta greu.<\/span><\/li>\n<li><span style=\"font-weight: 400;\">\u00c9s responsabilitat de l\u2019escola el manteniment i la reparaci\u00f3 de l\u2019ordinador en cas que aquest no funcioni correctament , sempre i quan l\u2019alumne no n\u2019hagi fet un mal \u00fas. En aquests cas la reparaci\u00f3 anir\u00e0 a c\u00e0rrec de la fam\u00edlia.<\/span><\/li>\n<li><span style=\"font-weight: 400;\">Cada alumne\/a tindr\u00e0 un usuari i contrasenya per entrar a l\u2019ordinador. Aquestes dades les hi donar\u00e0 el tutor a principi de curs i no es podran modificar.<\/span><\/li>\n<li><span style=\"font-weight: 400;\">Cal que se les anoti b\u00e9 perqu\u00e8 en far\u00e0 \u00fas tot el curs.<\/span><\/li>\n<li><span style=\"font-weight: 400;\">El dispositiu s&#8217;utilitza nom\u00e9s quan el professorat ho autoritzi.<\/span><\/li>\n<li><span style=\"font-weight: 400;\">Al final de cada classe i a l\u2019hora del pati, es guardaran a l\u2019armari. Els carregadors no han de sortir dels armaris.<\/span><\/li>\n<li><span style=\"font-weight: 400;\">L\u2019alumnat haur\u00e0 de portar de casa uns auriculars.<\/span><\/li>\n<li><span style=\"font-weight: 400;\">Es podr\u00e0 sortir de l\u2019aula amb l\u2019ordinador en aquelles ocasions que ho indiqui la mestra.<\/span><\/li>\n<li><span style=\"font-weight: 400;\"> Al final de la jornada, les persones encarregades, guardaran els ordinadors a l\u2019armari corresponent.<\/span><\/li>\n<li><span style=\"font-weight: 400;\">L\u2019alumne\/a \u00e9s l\u2019\u00fanic responsable dels fitxers que t\u00e9 a l\u2019ordinador.<\/span><\/li>\n<li><span style=\"font-weight: 400;\">La p\u00e8rdua de treballs no justifica la no-presentaci\u00f3 dels treballs en el termini fixat.<\/span><\/li>\n<li><span style=\"font-weight: 400;\">Nom\u00e9s podran connectar-se a aquelles webs que el professorat indiqui.<\/span><\/li>\n<li><span style=\"font-weight: 400;\">Qualsevol actuaci\u00f3 contr\u00e0ria a l\u2019establerta en aquestes normes es considerar\u00e0 falta.<\/span><span style=\"font-weight: 400;\">\n<p><\/span><\/li>\n<\/ul>\n<p><b>FAM\u00cdLIES<\/b><\/p>\n<ul>\n<li><span style=\"font-weight: 400;\"> Les fam\u00edlies hauran de firmar una autoritzaci\u00f3 per tal de poder crear un compte.<\/span><\/li>\n<li><span style=\"font-weight: 400;\">Les fam\u00edlies i alumnat signaran un document acceptant les condicions d\u2019\u00fas del compte.<\/span><\/li>\n<li><span style=\"font-weight: 400;\">Han de vetllar per a que els seus fills i filles facin un bon \u00fas del compte.<\/span><\/li>\n<li><span style=\"font-weight: 400;\">Les fam\u00edlies no poden usar el compte dels seus fills i filles.<\/span><\/li>\n<li><span style=\"font-weight: 400;\">Qualsevol incid\u00e8ncia ocorreguda s\u2019haur\u00e0 de comunicar al tutor o tutora de l\u2019aula tan aviat com sigui possible.<\/span><\/li>\n<li><span style=\"font-weight: 400;\">Els infants rebran un compte de l&#8217;escola amb l&#8217;extensi\u00f3 @ebrasil, que utilitzaran per comunicar-se amb el centre i els\/les docents.<\/span><\/li>\n<\/ul>\n<p>&nbsp;<\/p>\n<p><b>\u00daS DE TEL\u00c8FONS M\u00d2BILS AL CENTRE EDUCATIU<\/b><\/p>\n<p><span style=\"font-weight: 400;\">L\u2019\u00fas de tel\u00e8fons m\u00f2bils est\u00e0 prohibit per a l\u2019alumnat en tots els espais del centre educatiu i en totes les activitats educatives que puguin tenir lloc fora del centre. L\u2019alumne que porti un tel\u00e8fon m\u00f2bil l\u2019ha d\u2019apagar en entrar al centre i ha de garantir que resti apagat de manera que no es pugui accedir a les dades personals que el dispositiu emmagatzema. L\u2019escola ha de vetllar per posar a disposici\u00f3 de l\u2019alumnat els dispositius tecnol\u00f2gics que siguin necessaris per a l\u2019assoliment de la compet\u00e8ncia digital en l\u2019aplicaci\u00f3 de les situacions d\u2019aprenentatge que aix\u00ed ho requereixin. Aquestes indicacions tamb\u00e9 s&#8217;han de complir en les activitats efectuades fora del centre que complementen i\/o formen part de la programaci\u00f3 general anual. S\u2019inclouen per tant, sortides, col\u00f2nies, viatges, projectes compartits amb altres centres, activitats amb participaci\u00f3 de les fam\u00edlies o la comunitat educativa, activitats extraescolars, activitats amb entitats de l\u2019entorn, etc.\u00a0<\/span><\/p>\n<p><span style=\"font-weight: 400;\">En cas de sospita que l\u2019alumne hagi realitzat algun tipus\u00a0 d\u2019enregistrament (foto, video, audio\u2026) la direcci\u00f3 del centre demanar\u00e0 a l\u2019alumne que li<\/span> <span style=\"font-weight: 400;\">\u00a0mostri i ho comprovi. Despr\u00e9s se li comunicar\u00e0 a la fam\u00edlia per a que vingui a recollir el m\u00f2bil. Direcci\u00f3 decidir\u00e0 la sanci\u00f3 tenint en compte l\u2019apartat x de les NOFC.<\/span><\/p>\n<p><span style=\"font-weight: 400;\">Les mesures correctores i les sancions\u00a0 per incomplir les normes amb el tel\u00e8fon m\u00f2bil\u00a0 o b\u00e9 amb els port\u00e0tils,\u00a0 estan detallades a l&#8217;apartat 7 de les NOFC.<\/span><\/p>\n","protected":false},"excerpt":{"rendered":"<p>DOCUMENTACI\u00d3 B\u00c0SICA ESCOLA BRASIL PEC: PROJECTE EDUCATIU DE CENTRE: Com especifiquem al nostre PEC, som una escola oberta a les tecnologies de la informaci\u00f3 i la comunicaci\u00f3 en tots els tres subapartats del punt 2 \u00abIdentitat i car\u00e0cter propi\u00bb: &#8211; Integrar en la seva rutina escolar, la tecnologia com a part inseparable dels seus processos [&hellip;]<\/p>\n","protected":false},"author":7,"featured_media":0,"parent":11076,"menu_order":0,"comment_status":"closed","ping_status":"closed","template":"page-templates\/side-menu.php","meta":{"_bbp_topic_count":0,"_bbp_reply_count":0,"_bbp_total_topic_count":0,"_bbp_total_reply_count":0,"_bbp_voice_count":0,"_bbp_anonymous_reply_count":0,"_bbp_topic_count_hidden":0,"_bbp_reply_count_hidden":0,"_bbp_forum_subforum_count":0,"site-sidebar-layout":"default","site-content-layout":"","ast-site-content-layout":"","site-content-style":"default","site-sidebar-style":"default","ast-global-header-display":"","ast-banner-title-visibility":"","ast-main-header-display":"","ast-hfb-above-header-display":"","ast-hfb-below-header-display":"","ast-hfb-mobile-header-display":"","site-post-title":"","ast-breadcrumbs-content":"","ast-featured-img":"","footer-sml-layout":"","theme-transparent-header-meta":"","adv-header-id-meta":"","stick-header-meta":"","header-above-stick-meta":"","header-main-stick-meta":"","header-below-stick-meta":"","astra-migrate-meta-layouts":"default","ast-page-background-enabled":"default","ast-page-background-meta":{"desktop":{"background-color":"var(--ast-global-color-4)","background-image":"","background-repeat":"repeat","background-position":"center center","background-size":"auto","background-attachment":"scroll","background-type":"","background-media":"","overlay-type":"","overlay-color":"","overlay-opacity":"","overlay-gradient":""},"tablet":{"background-color":"","background-image":"","background-repeat":"repeat","background-position":"center center","background-size":"auto","background-attachment":"scroll","background-type":"","background-media":"","overlay-type":"","overlay-color":"","overlay-opacity":"","overlay-gradient":""},"mobile":{"background-color":"","background-image":"","background-repeat":"repeat","background-position":"center center","background-size":"auto","background-attachment":"scroll","background-type":"","background-media":"","overlay-type":"","overlay-color":"","overlay-opacity":"","overlay-gradient":""}},"ast-content-background-meta":{"desktop":{"background-color":"var(--ast-global-color-5)","background-image":"","background-repeat":"repeat","background-position":"center center","background-size":"auto","background-attachment":"scroll","background-type":"","background-media":"","overlay-type":"","overlay-color":"","overlay-opacity":"","overlay-gradient":""},"tablet":{"background-color":"var(--ast-global-color-5)","background-image":"","background-repeat":"repeat","background-position":"center center","background-size":"auto","background-attachment":"scroll","background-type":"","background-media":"","overlay-type":"","overlay-color":"","overlay-opacity":"","overlay-gradient":""},"mobile":{"background-color":"var(--ast-global-color-5)","background-image":"","background-repeat":"repeat","background-position":"center center","background-size":"auto","background-attachment":"scroll","background-type":"","background-media":"","overlay-type":"","overlay-color":"","overlay-opacity":"","overlay-gradient":""}},"footnotes":""},"class_list":["post-11086","page","type-page","status-publish","hentry"],"post_mailing_queue_ids":[],"_links":{"self":[{"href":"https:\/\/agora.xtec.cat\/escolabrasil\/wp-json\/wp\/v2\/pages\/11086","targetHints":{"allow":["GET"]}}],"collection":[{"href":"https:\/\/agora.xtec.cat\/escolabrasil\/wp-json\/wp\/v2\/pages"}],"about":[{"href":"https:\/\/agora.xtec.cat\/escolabrasil\/wp-json\/wp\/v2\/types\/page"}],"author":[{"embeddable":true,"href":"https:\/\/agora.xtec.cat\/escolabrasil\/wp-json\/wp\/v2\/users\/7"}],"replies":[{"embeddable":true,"href":"https:\/\/agora.xtec.cat\/escolabrasil\/wp-json\/wp\/v2\/comments?post=11086"}],"version-history":[{"count":3,"href":"https:\/\/agora.xtec.cat\/escolabrasil\/wp-json\/wp\/v2\/pages\/11086\/revisions"}],"predecessor-version":[{"id":13954,"href":"https:\/\/agora.xtec.cat\/escolabrasil\/wp-json\/wp\/v2\/pages\/11086\/revisions\/13954"}],"up":[{"embeddable":true,"href":"https:\/\/agora.xtec.cat\/escolabrasil\/wp-json\/wp\/v2\/pages\/11076"}],"wp:attachment":[{"href":"https:\/\/agora.xtec.cat\/escolabrasil\/wp-json\/wp\/v2\/media?parent=11086"}],"curies":[{"name":"wp","href":"https:\/\/api.w.org\/{rel}","templated":true}]}}