{"id":11082,"date":"2023-05-04T13:02:06","date_gmt":"2023-05-04T11:02:06","guid":{"rendered":"https:\/\/agora.xtec.cat\/escolabrasil\/?page_id=11082"},"modified":"2023-11-22T13:38:43","modified_gmt":"2023-11-22T12:38:43","slug":"objectius-actuacions-i-planificacio","status":"publish","type":"page","link":"https:\/\/agora.xtec.cat\/escolabrasil\/projecte-educatiu\/estrategia-digital-de-centre\/objectius-actuacions-i-planificacio\/","title":{"rendered":"Objectius, actuacions i planificaci\u00f3"},"content":{"rendered":"<h3>OBJECTIUS<\/h3>\n<ol>\n<li style=\"font-weight: 400;\" aria-level=\"1\"><span style=\"font-weight: 400;\">Desenvolupar la compet\u00e8ncia digital de l\u2019alumnat i les habilitats socials a trav\u00e9s de metodologies actives d\u2019aula i de l\u2019\u00fas habitual de les TIC\/TAC per l\u2019assoliment de la compet\u00e8ncia digital<\/span><\/li>\n<li style=\"font-weight: 400;\" aria-level=\"1\"><span style=\"font-weight: 400;\">Establir orientacions per a la incorporaci\u00f3 de la tecnologia educativa en el suport als diferents estils d\u2019aprenentatge de l\u2019alumnat.<\/span><\/li>\n<li style=\"font-weight: 400;\" aria-level=\"1\"><span style=\"font-weight: 400;\">Assegurar l\u2019assoliment de la compet\u00e8ncia digital de l\u2019alumnat en situaci\u00f3 vulnerable i l\u2019equitat digital.<\/span><\/li>\n<li style=\"font-weight: 400;\" aria-level=\"1\"><span style=\"font-weight: 400;\">Desenvolupar un sistema de seguiment i avaluaci\u00f3 de les compet\u00e8ncies b\u00e0siques.<\/span><\/li>\n<li style=\"font-weight: 400;\" aria-level=\"1\"><span style=\"font-weight: 400;\">Crear i dur a terme proves internes a final cicle de la compet\u00e8ncia digital de l\u2019alumnat per valorar els aprenentatges assolits, en proc\u00e9s o no assolits de l\u2019alumnat.<\/span><\/li>\n<li style=\"font-weight: 400;\" aria-level=\"1\"><span style=\"font-weight: 400;\">Elaborar un document on hi hagi les orientacions i les eines per crear continguts digitals competencials, inclusius i transversals.<\/span><\/li>\n<li style=\"font-weight: 400;\" aria-level=\"1\"><span style=\"font-weight: 400;\">Dissenyar graella de continguts digitals i d&#8217;activitats seq\u00fcenciades per nivells..<\/span><\/li>\n<li style=\"font-weight: 400;\" aria-level=\"1\"><span style=\"font-weight: 400;\">Posar a disposici\u00f3 del professorat una unitat compartida que faciliti crear i compartir continguts digitals.<\/span><\/li>\n<li style=\"font-weight: 400;\" aria-level=\"1\"><span style=\"font-weight: 400;\">Dissenyar estrat\u00e8gies de car\u00e0cter col\u00b7laboratiu per a la concreci\u00f3 de pr\u00e0ctiques d\u2019ensenyament\/aprenentatge.<\/span><\/li>\n<li style=\"font-weight: 400;\" aria-level=\"1\"><span style=\"font-weight: 400;\">Donar visibilitat al repositori creat entre la comunitat educativa per incentivar el seu \u00fas i participaci\u00f3.<\/span><\/li>\n<li style=\"font-weight: 400;\" aria-level=\"1\"><span style=\"font-weight: 400;\">Detectar les necessitats formatives dels docents i establir els itineraris formatius necessaris per assegurar l\u2019assoliment de la compet\u00e8ncia digital docent.<\/span><\/li>\n<li style=\"font-weight: 400;\" aria-level=\"1\"><span style=\"font-weight: 400;\">Promoure el treball en xarxa dels docents i dels centres per compartir les evid\u00e8ncies d\u2019implementaci\u00f3 en centre de la formaci\u00f3 del professorat.<\/span><\/li>\n<li style=\"font-weight: 400;\" aria-level=\"1\"><span style=\"font-weight: 400;\">Assegurar, sempre que sigui adient, la pres\u00e8ncia digital a totes les formacions per millorar la compet\u00e8ncia digital docent.<\/span><\/li>\n<li style=\"font-weight: 400;\" aria-level=\"1\"><span style=\"font-weight: 400;\">Dissenyar accions formatives i d\u2019assessorament del professorat en relaci\u00f3 a la creaci\u00f3 de continguts digitals.<\/span><\/li>\n<li style=\"font-weight: 400;\" aria-level=\"1\"><span style=\"font-weight: 400;\">Elaborar l\u2019Estrat\u00e8gia Digital de Centre assegurant la participaci\u00f3 del claustre, l\u2019alumnat i la comunitat educativa.<\/span><\/li>\n<li style=\"font-weight: 400;\" aria-level=\"1\"><span style=\"font-weight: 400;\">Generar aliances amb agents del territori per impulsar l\u2019assoliment del pla i la seva connexi\u00f3 amb l\u2019entorn i l\u2019ecosistema de la innovaci\u00f3.<\/span><\/li>\n<\/ol>\n<p><strong style=\"font-size: 1.375em; text-align: center;\"><br \/>\n<iframe loading=\"lazy\" src=\"https:\/\/docs.google.com\/spreadsheets\/d\/e\/2PACX-1vStf7IvqnGVZC2HB2zNhgTAQp_FKtXfRlZ8TpOnvGOSVlXrSX2HlJqkueqiyi_8DA\/pubhtml\" width=\"1000\" height=\"800\"><\/iframe><\/p>\n","protected":false},"excerpt":{"rendered":"<p>OBJECTIUS Desenvolupar la compet\u00e8ncia digital de l\u2019alumnat i les habilitats socials a trav\u00e9s de metodologies actives d\u2019aula i de l\u2019\u00fas habitual de les TIC\/TAC per l\u2019assoliment de la compet\u00e8ncia digital Establir orientacions per a la incorporaci\u00f3 de la tecnologia educativa en el suport als diferents estils d\u2019aprenentatge de l\u2019alumnat. Assegurar l\u2019assoliment de la compet\u00e8ncia digital [&hellip;]<\/p>\n","protected":false},"author":7,"featured_media":0,"parent":11071,"menu_order":2,"comment_status":"closed","ping_status":"closed","template":"page-templates\/side-menu.php","meta":{"_bbp_topic_count":0,"_bbp_reply_count":0,"_bbp_total_topic_count":0,"_bbp_total_reply_count":0,"_bbp_voice_count":0,"_bbp_anonymous_reply_count":0,"_bbp_topic_count_hidden":0,"_bbp_reply_count_hidden":0,"_bbp_forum_subforum_count":0,"site-sidebar-layout":"default","site-content-layout":"","ast-site-content-layout":"","site-content-style":"default","site-sidebar-style":"default","ast-global-header-display":"","ast-banner-title-visibility":"","ast-main-header-display":"","ast-hfb-above-header-display":"","ast-hfb-below-header-display":"","ast-hfb-mobile-header-display":"","site-post-title":"","ast-breadcrumbs-content":"","ast-featured-img":"","footer-sml-layout":"","theme-transparent-header-meta":"","adv-header-id-meta":"","stick-header-meta":"","header-above-stick-meta":"","header-main-stick-meta":"","header-below-stick-meta":"","astra-migrate-meta-layouts":"default","ast-page-background-enabled":"default","ast-page-background-meta":{"desktop":{"background-color":"var(--ast-global-color-4)","background-image":"","background-repeat":"repeat","background-position":"center center","background-size":"auto","background-attachment":"scroll","background-type":"","background-media":"","overlay-type":"","overlay-color":"","overlay-opacity":"","overlay-gradient":""},"tablet":{"background-color":"","background-image":"","background-repeat":"repeat","background-position":"center center","background-size":"auto","background-attachment":"scroll","background-type":"","background-media":"","overlay-type":"","overlay-color":"","overlay-opacity":"","overlay-gradient":""},"mobile":{"background-color":"","background-image":"","background-repeat":"repeat","background-position":"center center","background-size":"auto","background-attachment":"scroll","background-type":"","background-media":"","overlay-type":"","overlay-color":"","overlay-opacity":"","overlay-gradient":""}},"ast-content-background-meta":{"desktop":{"background-color":"var(--ast-global-color-5)","background-image":"","background-repeat":"repeat","background-position":"center center","background-size":"auto","background-attachment":"scroll","background-type":"","background-media":"","overlay-type":"","overlay-color":"","overlay-opacity":"","overlay-gradient":""},"tablet":{"background-color":"var(--ast-global-color-5)","background-image":"","background-repeat":"repeat","background-position":"center center","background-size":"auto","background-attachment":"scroll","background-type":"","background-media":"","overlay-type":"","overlay-color":"","overlay-opacity":"","overlay-gradient":""},"mobile":{"background-color":"var(--ast-global-color-5)","background-image":"","background-repeat":"repeat","background-position":"center center","background-size":"auto","background-attachment":"scroll","background-type":"","background-media":"","overlay-type":"","overlay-color":"","overlay-opacity":"","overlay-gradient":""}},"footnotes":""},"class_list":["post-11082","page","type-page","status-publish","hentry"],"post_mailing_queue_ids":[],"_links":{"self":[{"href":"https:\/\/agora.xtec.cat\/escolabrasil\/wp-json\/wp\/v2\/pages\/11082","targetHints":{"allow":["GET"]}}],"collection":[{"href":"https:\/\/agora.xtec.cat\/escolabrasil\/wp-json\/wp\/v2\/pages"}],"about":[{"href":"https:\/\/agora.xtec.cat\/escolabrasil\/wp-json\/wp\/v2\/types\/page"}],"author":[{"embeddable":true,"href":"https:\/\/agora.xtec.cat\/escolabrasil\/wp-json\/wp\/v2\/users\/7"}],"replies":[{"embeddable":true,"href":"https:\/\/agora.xtec.cat\/escolabrasil\/wp-json\/wp\/v2\/comments?post=11082"}],"version-history":[{"count":6,"href":"https:\/\/agora.xtec.cat\/escolabrasil\/wp-json\/wp\/v2\/pages\/11082\/revisions"}],"predecessor-version":[{"id":12121,"href":"https:\/\/agora.xtec.cat\/escolabrasil\/wp-json\/wp\/v2\/pages\/11082\/revisions\/12121"}],"up":[{"embeddable":true,"href":"https:\/\/agora.xtec.cat\/escolabrasil\/wp-json\/wp\/v2\/pages\/11071"}],"wp:attachment":[{"href":"https:\/\/agora.xtec.cat\/escolabrasil\/wp-json\/wp\/v2\/media?parent=11082"}],"curies":[{"name":"wp","href":"https:\/\/api.w.org\/{rel}","templated":true}]}}