{"id":11080,"date":"2023-05-04T13:00:44","date_gmt":"2023-05-04T11:00:44","guid":{"rendered":"https:\/\/agora.xtec.cat\/escolabrasil\/?page_id=11080"},"modified":"2023-11-15T13:36:42","modified_gmt":"2023-11-15T12:36:42","slug":"diagnosi","status":"publish","type":"page","link":"https:\/\/agora.xtec.cat\/escolabrasil\/projecte-educatiu\/estrategia-digital-de-centre\/diagnosi\/","title":{"rendered":"Diagnosi"},"content":{"rendered":"<p><span style=\"font-weight: 400;\">Per realitzar la diagnosi del centre la comissi\u00f3 d\u2019estrat\u00e8gia digital del centre ha utilitzat diferents eines per obtenir informaci\u00f3: Selfie, Selfie for Teachers, Diagnosi Pla TAC 2019 &#8211; 2022\u00a0 i enquestes a les fam\u00edlies.\u00a0<\/span><\/p>\n<p><span style=\"font-weight: 400;\">Un cop fetes i analitzades les diferents enquestes i eines anteriors es realitza una valoraci\u00f3 dels resultats obtinguts ordenats segons interessos, actuacions i compet\u00e8ncies de\u00a0 l&#8217;alumnat, professorat i centre.<\/span><\/p>\n<p>L&#8217;escola per fer una detecci\u00f3 m\u00e9s acurada de les eines digital ha utilitzat l&#8217;eina\u00a0 SELFIE, i un q\u00fcestionari destinat a les fam\u00edlies del centre<\/p>\n<p><span style=\"font-weight: 400;\">El <\/span><a href=\"https:\/\/schools-go-digital.jrc.ec.europa.eu\/about\"><span style=\"font-weight: 400;\">Selfie<\/span><\/a><span style=\"font-weight: 400;\"> \u00e9s una eina en l\u00ednia gratu\u00efta que pret\u00e9n ajudar als centres escolars a plantejar-se com utilitzen les tecnologies digitals per assolir un aprenentatge efectiu i innovador. \u00c9s <\/span><span style=\"font-weight: 400;\">una bona base per identificar i analitzar les fortaleses i les debilitats i crear un pla escolar en relaci\u00f3 amb l&#8217;\u00fas de les tecnologies digitals per donar suport a l&#8217;aprenentatge.<\/span><\/p>\n<p><span style=\"font-weight: 400;\">Finalment la participaci\u00f3 de l\u2019equip directiu ha estat del 100%, del professorat del 92% i la de l\u2019alumnat del 77%.<\/span><\/p>\n<p><span style=\"font-weight: 400;\"><a href=\"https:\/\/agora.xtec.cat\/escolabrasil\/wp-content\/uploads\/usu1218\/2023\/06\/Screenshot_1.png\"><img loading=\"lazy\" decoding=\"async\" class=\"alignnone wp-image-11336\" src=\"https:\/\/agora.xtec.cat\/escolabrasil\/wp-content\/uploads\/usu1218\/2023\/06\/Screenshot_1.png\" alt=\"\" width=\"693\" height=\"66\" srcset=\"https:\/\/agora.xtec.cat\/escolabrasil\/wp-content\/uploads\/usu1218\/2023\/06\/Screenshot_1.png 777w, https:\/\/agora.xtec.cat\/escolabrasil\/wp-content\/uploads\/usu1218\/2023\/06\/Screenshot_1-300x29.png 300w, https:\/\/agora.xtec.cat\/escolabrasil\/wp-content\/uploads\/usu1218\/2023\/06\/Screenshot_1-768x73.png 768w\" sizes=\"auto, (max-width: 693px) 100vw, 693px\" \/><\/a><\/span><\/p>\n<p><span style=\"font-weight: 400;\">Un cop obtinguts els resultats la comissi\u00f3 d\u2019estrat\u00e8gia digital ha marcat en 3-5 (sobre 5) el llindar de positivitat dels diferents \u00edtems ha realitzat un an\u00e0lisis amb el que ha separat els punts molt forts, punts forts i punts fluixos.<\/span><\/p>\n<p><span style=\"font-weight: 400;\">A partir dels resultats obtinguts, els criteris de prioritat en les actuacions seran:\u00a0<\/span><\/p>\n<ul>\n<li style=\"font-weight: 400;\" aria-level=\"1\"><span style=\"font-weight: 400;\">Prioritat alta: puntuaci\u00f3 per sota de 2.5 punts<\/span><\/li>\n<li style=\"font-weight: 400;\" aria-level=\"1\"><span style=\"font-weight: 400;\">Prioritat mitjana: \u00edtems que estiguin entre 2.5 i 3.5 punts<\/span><\/li>\n<li style=\"font-weight: 400;\" aria-level=\"1\"><span style=\"font-weight: 400;\">Prioritat baixa o \u00edtems de continu\u00eftat: apartats amb una puntuaci\u00f3 superior a 3.5 punts<\/span><\/li>\n<\/ul>\n<p>&nbsp;<\/p>\n<p><strong>Enquesta a les fam\u00edlies<\/strong><\/p>\n<p><span style=\"font-weight: 400;\">S&#8217;ha creat un formulari a trav\u00e9s de la comissi\u00f3 digital per enviar a les fam\u00edlies i poder extreure informaci\u00f3 i poder <\/span><span style=\"font-weight: 400;\">detectar els punts forts del centre a mantenir i potenciar, i els punts febles a millorar.\u00a0 <\/span><span style=\"font-weight: 400;\">A l\u2019escola tenim un total de\u00a0 290 fam\u00edlies a l\u2019escola, de les quals han contestat el formulari un 35,86%.<\/span><\/p>\n<p><span style=\"font-weight: 400;\">El formulari estava dividit\u00a0 en tres grans blocs:<\/span><\/p>\n<ol>\n<li><span style=\"font-weight: 400;\"> Comunicaci\u00f3 i informaci\u00f3.<\/span><\/li>\n<\/ol>\n<p><span style=\"font-weight: 400;\">La majoria de les fam\u00edlies que han contestat el formulari\u00a0 reben la informaci\u00f3\u00a0 de l\u2019escola per Tokapp, un total de\u00a0 93.2%, encara que hi ha un nombre redu\u00eft , un 6,8% de fam\u00edlies que reben la informaci\u00f3 en els grups de whatsapp que hi ha a les classes.<\/span><\/p>\n<p><span style=\"font-weight: 400;\">El Gmail \u00e9s la eina utilitzada per les fam\u00edlies per comunicar-se amb els diferents sectors de l\u2019escola, aquest recurs el fan servir per comunicar-se amb el tutor gaireb\u00e9 el 80% , un 50 % per enviar mails a direcci\u00f3 i\u00a0 amb un 40 % per comunicar-se amb el menjador\u00a0 i L\u2019Afa.<\/span><\/p>\n<p><span style=\"font-weight: 400;\">Un 75,7%\u00a0 de les fam\u00edlies visualitzen l\u2019Instagram de l\u2019escola, i un 88, 3% visiten i , i consulten l la informaci\u00f3 de la p\u00e0gina web la qual troben\u00a0 clara , ordenada i actualitzada.Pel que fa a la documentaci\u00f3 que hi ha penjada a la p\u00e0gina web un 63,1% l\u2019han\u00a0 consultat alguna vegada\u00a0 i un 36,9% no l\u2019han consulten o incl\u00fas no saben que hi ha documentaci\u00f3 a la web.\u00a0<\/span><\/p>\n<ol start=\"2\">\n<li><span style=\"font-weight: 400;\"> Eines digitals<\/span><\/li>\n<\/ol>\n<p><span style=\"font-weight: 400;\">Vol\u00edem saber quines eines digitals tenen les fam\u00edlies a casa per poder\u00a0 analitzar i\u00a0 detectar l&#8217;escletxa digital del nostre alumnat i poder intervenir i buscar possibles solucions.<\/span><\/p>\n<p><span style=\"font-weight: 400;\">Obtenint uns resultats for\u00e7a satisfactoris ja que el 82,5% tenen algun dispositiu digital a casa.<\/span><\/p>\n<ol start=\"3\">\n<li><span style=\"font-weight: 400;\"> Formaci\u00f3<\/span><\/li>\n<\/ol>\n<p><span style=\"font-weight: 400;\">Vol\u00edem saber<\/span><span style=\"font-weight: 400;\"> si estarien interessats en que l\u2019escola disseny\u00e9s activitats (sessions de formaci\u00f3 i informaci\u00f3) per acompanyar a les fam\u00edlies a nivell digital, on un tant per cent elevat estaria d\u2019acord en tenir activitats de formaci\u00f3. Per\u00f2 no totes les fam\u00edlies assistirien a aquestes formacions.<\/span><\/p>\n<p>&nbsp;<\/p>\n","protected":false},"excerpt":{"rendered":"<p>Per realitzar la diagnosi del centre la comissi\u00f3 d\u2019estrat\u00e8gia digital del centre ha utilitzat diferents eines per obtenir informaci\u00f3: Selfie, Selfie for Teachers, Diagnosi Pla TAC 2019 &#8211; 2022\u00a0 i enquestes a les fam\u00edlies.\u00a0 Un cop fetes i analitzades les diferents enquestes i eines anteriors es realitza una valoraci\u00f3 dels resultats obtinguts ordenats segons interessos, [&hellip;]<\/p>\n","protected":false},"author":7,"featured_media":0,"parent":11071,"menu_order":1,"comment_status":"closed","ping_status":"closed","template":"page-templates\/side-menu.php","meta":{"_bbp_topic_count":0,"_bbp_reply_count":0,"_bbp_total_topic_count":0,"_bbp_total_reply_count":0,"_bbp_voice_count":0,"_bbp_anonymous_reply_count":0,"_bbp_topic_count_hidden":0,"_bbp_reply_count_hidden":0,"_bbp_forum_subforum_count":0,"site-sidebar-layout":"default","site-content-layout":"","ast-site-content-layout":"","site-content-style":"default","site-sidebar-style":"default","ast-global-header-display":"","ast-banner-title-visibility":"","ast-main-header-display":"","ast-hfb-above-header-display":"","ast-hfb-below-header-display":"","ast-hfb-mobile-header-display":"","site-post-title":"","ast-breadcrumbs-content":"","ast-featured-img":"","footer-sml-layout":"","theme-transparent-header-meta":"","adv-header-id-meta":"","stick-header-meta":"","header-above-stick-meta":"","header-main-stick-meta":"","header-below-stick-meta":"","astra-migrate-meta-layouts":"default","ast-page-background-enabled":"default","ast-page-background-meta":{"desktop":{"background-color":"var(--ast-global-color-4)","background-image":"","background-repeat":"repeat","background-position":"center center","background-size":"auto","background-attachment":"scroll","background-type":"","background-media":"","overlay-type":"","overlay-color":"","overlay-opacity":"","overlay-gradient":""},"tablet":{"background-color":"","background-image":"","background-repeat":"repeat","background-position":"center center","background-size":"auto","background-attachment":"scroll","background-type":"","background-media":"","overlay-type":"","overlay-color":"","overlay-opacity":"","overlay-gradient":""},"mobile":{"background-color":"","background-image":"","background-repeat":"repeat","background-position":"center center","background-size":"auto","background-attachment":"scroll","background-type":"","background-media":"","overlay-type":"","overlay-color":"","overlay-opacity":"","overlay-gradient":""}},"ast-content-background-meta":{"desktop":{"background-color":"var(--ast-global-color-5)","background-image":"","background-repeat":"repeat","background-position":"center center","background-size":"auto","background-attachment":"scroll","background-type":"","background-media":"","overlay-type":"","overlay-color":"","overlay-opacity":"","overlay-gradient":""},"tablet":{"background-color":"var(--ast-global-color-5)","background-image":"","background-repeat":"repeat","background-position":"center center","background-size":"auto","background-attachment":"scroll","background-type":"","background-media":"","overlay-type":"","overlay-color":"","overlay-opacity":"","overlay-gradient":""},"mobile":{"background-color":"var(--ast-global-color-5)","background-image":"","background-repeat":"repeat","background-position":"center center","background-size":"auto","background-attachment":"scroll","background-type":"","background-media":"","overlay-type":"","overlay-color":"","overlay-opacity":"","overlay-gradient":""}},"footnotes":""},"class_list":["post-11080","page","type-page","status-publish","hentry"],"post_mailing_queue_ids":[],"_links":{"self":[{"href":"https:\/\/agora.xtec.cat\/escolabrasil\/wp-json\/wp\/v2\/pages\/11080","targetHints":{"allow":["GET"]}}],"collection":[{"href":"https:\/\/agora.xtec.cat\/escolabrasil\/wp-json\/wp\/v2\/pages"}],"about":[{"href":"https:\/\/agora.xtec.cat\/escolabrasil\/wp-json\/wp\/v2\/types\/page"}],"author":[{"embeddable":true,"href":"https:\/\/agora.xtec.cat\/escolabrasil\/wp-json\/wp\/v2\/users\/7"}],"replies":[{"embeddable":true,"href":"https:\/\/agora.xtec.cat\/escolabrasil\/wp-json\/wp\/v2\/comments?post=11080"}],"version-history":[{"count":4,"href":"https:\/\/agora.xtec.cat\/escolabrasil\/wp-json\/wp\/v2\/pages\/11080\/revisions"}],"predecessor-version":[{"id":11372,"href":"https:\/\/agora.xtec.cat\/escolabrasil\/wp-json\/wp\/v2\/pages\/11080\/revisions\/11372"}],"up":[{"embeddable":true,"href":"https:\/\/agora.xtec.cat\/escolabrasil\/wp-json\/wp\/v2\/pages\/11071"}],"wp:attachment":[{"href":"https:\/\/agora.xtec.cat\/escolabrasil\/wp-json\/wp\/v2\/media?parent=11080"}],"curies":[{"name":"wp","href":"https:\/\/api.w.org\/{rel}","templated":true}]}}