{"id":2021,"date":"2018-06-18T12:14:12","date_gmt":"2018-06-18T10:14:12","guid":{"rendered":"http:\/\/agora.xtec.cat\/escolaboragran\/?page_id=2021"},"modified":"2026-01-29T21:42:57","modified_gmt":"2026-01-29T20:42:57","slug":"coeducacio-convivencia-i-benestar","status":"publish","type":"page","link":"https:\/\/agora.xtec.cat\/escolaboragran\/lescola\/coeducacio-convivencia-i-benestar\/","title":{"rendered":"Coeducaci\u00f3, conviv\u00e8ncia i benestar"},"content":{"rendered":"<h1>Alumnat i fam\u00edlies<\/h1>\n<p>&nbsp;<\/p>\n<h3>Figura COCOBE<\/h3>\n<p>&nbsp;<\/p>\n<p>&nbsp;<\/p>\n<h3>Eines i recursos<\/h3>\n<p>&nbsp;<\/p>\n<p>Article: <a href=\"https:\/\/criatures.ara.cat\/infancia\/Nens-poden-jugar-nines-acabar-sexisme-joguines_0_2559344048.html%3Futm_campaign%3Dstories%26utm_medium%3Dechobox%26utm_source%3DInstagram%2523Echobox%253D1604909709\" target=\"_blank\" rel=\"noopener noreferrer\">Nens que juguen a nines<\/a><\/p>\n<p>&nbsp;<\/p>\n<table style=\"background-color: transparent; height: 222px;\">\n<tbody>\n<tr style=\"height: 189px;\">\n<td style=\"border-color: transparent; height: 189px; width: 325.5px;\"><iframe loading=\"lazy\" src=\"\/\/www.youtube.com\/embed\/KWjbVJv7Dpw\" width=\"300\" height=\"168\"><\/iframe><\/td>\n<td style=\"border-color: transparent; height: 189px; width: 19.5167px;\"><\/td>\n<td style=\"border-color: transparent; height: 189px; width: 325.5px;\"><iframe loading=\"lazy\" src=\"\/\/www.youtube.com\/embed\/G_HHSrX5TQw\" width=\"300\" height=\"168\"><\/iframe><\/td>\n<td style=\"border-color: transparent; height: 189px; width: 19.5167px;\"><\/td>\n<td style=\"border-color: transparent; height: 189px; width: 325.5px;\"><iframe loading=\"lazy\" src=\"\/\/www.youtube.com\/embed\/PxdWfXisCIU\" width=\"300\" height=\"168\"><\/iframe><\/td>\n<\/tr>\n<tr style=\"height: 33px;\">\n<td style=\"height: 33px; width: 325.5px; border-color: transparent; background-color: transparent; text-align: center;\"><a href=\"https:\/\/www.youtube.com\/watch?v=KWjbVJv7Dpw\" target=\"_blank\" rel=\"noopener noreferrer\">La revoluci\u00f3 de les joguines (v\u00eddeo 1)<\/a><\/td>\n<td style=\"border-color: transparent; height: 33px; width: 19.5167px; background-color: #ffffff;\"><\/td>\n<td style=\"height: 33px; width: 325.5px; border-color: transparent; background-color: transparent; text-align: center;\"><a href=\"https:\/\/www.youtube.com\/watch?v=G_HHSrX5TQw\" target=\"_blank\" rel=\"noopener noreferrer\">La revoluci\u00f3 de les joguines (v\u00eddeo 2)<\/a><\/td>\n<td style=\"border-color: transparent; height: 33px; width: 19.5167px; background-color: #ffffff;\"><\/td>\n<td style=\"height: 33px; width: 325.5px; border-color: transparent; background-color: transparent; text-align: center;\"><a href=\"https:\/\/www.youtube.com\/watch?v=PxdWfXisCIU\" target=\"_blank\" rel=\"noopener noreferrer\">La revoluci\u00f3 de les joguines (v\u00eddeo 3)<\/a><\/td>\n<\/tr>\n<\/tbody>\n<\/table>\n<p>&nbsp;<\/p>\n<p>&nbsp;<\/p>\n<h3>Activitats per a les fam\u00edlies<\/h3>\n<p>&nbsp;<\/p>\n<h4><a href=\"https:\/\/agora.xtec.cat\/escolaboragran\/wp-content\/uploads\/usu747\/2023\/10\/InfoTallersAlumFam_Nov23.jpg\" target=\"_blank\" rel=\"noopener\"><img loading=\"lazy\" decoding=\"async\" class=\"size-large wp-image-6300 aligncenter\" src=\"https:\/\/agora.xtec.cat\/escolaboragran\/wp-content\/uploads\/usu747\/2023\/10\/CartellFormacioPrevencioViolenMasc01-1024x215.jpg\" alt=\"\" width=\"1024\" height=\"215\" srcset=\"https:\/\/agora.xtec.cat\/escolaboragran\/wp-content\/uploads\/usu747\/2023\/10\/CartellFormacioPrevencioViolenMasc01-1024x215.jpg 1024w, https:\/\/agora.xtec.cat\/escolaboragran\/wp-content\/uploads\/usu747\/2023\/10\/CartellFormacioPrevencioViolenMasc01-300x63.jpg 300w, https:\/\/agora.xtec.cat\/escolaboragran\/wp-content\/uploads\/usu747\/2023\/10\/CartellFormacioPrevencioViolenMasc01-768x162.jpg 768w, https:\/\/agora.xtec.cat\/escolaboragran\/wp-content\/uploads\/usu747\/2023\/10\/CartellFormacioPrevencioViolenMasc01-1536x323.jpg 1536w, https:\/\/agora.xtec.cat\/escolaboragran\/wp-content\/uploads\/usu747\/2023\/10\/CartellFormacioPrevencioViolenMasc01-2048x431.jpg 2048w\" sizes=\"auto, (max-width: 1024px) 100vw, 1024px\" \/><\/a><\/h4>\n","protected":false},"excerpt":{"rendered":"<p>Alumnat i fam\u00edlies &nbsp; Figura COCOBE &nbsp; &nbsp; Eines i recursos &nbsp; Article: Nens que juguen a nines &nbsp; La revoluci\u00f3 de les joguines (v\u00eddeo 1) La revoluci\u00f3 de les joguines (v\u00eddeo 2) La revoluci\u00f3 de les joguines (v\u00eddeo 3) &nbsp; &nbsp; Activitats per a les fam\u00edlies &nbsp;<\/p>\n","protected":false},"author":1,"featured_media":0,"parent":22,"menu_order":50,"comment_status":"closed","ping_status":"closed","template":"page-templates\/side-menu.php","meta":{"_bbp_topic_count":0,"_bbp_reply_count":0,"_bbp_total_topic_count":0,"_bbp_total_reply_count":0,"_bbp_voice_count":0,"_bbp_anonymous_reply_count":0,"_bbp_topic_count_hidden":0,"_bbp_reply_count_hidden":0,"_bbp_forum_subforum_count":0,"site-sidebar-layout":"default","site-content-layout":"","ast-site-content-layout":"","site-content-style":"default","site-sidebar-style":"default","ast-global-header-display":"","ast-banner-title-visibility":"","ast-main-header-display":"","ast-hfb-above-header-display":"","ast-hfb-below-header-display":"","ast-hfb-mobile-header-display":"","site-post-title":"","ast-breadcrumbs-content":"","ast-featured-img":"","footer-sml-layout":"","theme-transparent-header-meta":"","adv-header-id-meta":"","stick-header-meta":"","header-above-stick-meta":"","header-main-stick-meta":"","header-below-stick-meta":"","astra-migrate-meta-layouts":"default","ast-page-background-enabled":"default","ast-page-background-meta":{"desktop":{"background-color":"var(--ast-global-color-4)","background-image":"","background-repeat":"repeat","background-position":"center center","background-size":"auto","background-attachment":"scroll","background-type":"","background-media":"","overlay-type":"","overlay-color":"","overlay-opacity":"","overlay-gradient":""},"tablet":{"background-color":"","background-image":"","background-repeat":"repeat","background-position":"center center","background-size":"auto","background-attachment":"scroll","background-type":"","background-media":"","overlay-type":"","overlay-color":"","overlay-opacity":"","overlay-gradient":""},"mobile":{"background-color":"","background-image":"","background-repeat":"repeat","background-position":"center center","background-size":"auto","background-attachment":"scroll","background-type":"","background-media":"","overlay-type":"","overlay-color":"","overlay-opacity":"","overlay-gradient":""}},"ast-content-background-meta":{"desktop":{"background-color":"var(--ast-global-color-5)","background-image":"","background-repeat":"repeat","background-position":"center center","background-size":"auto","background-attachment":"scroll","background-type":"","background-media":"","overlay-type":"","overlay-color":"","overlay-opacity":"","overlay-gradient":""},"tablet":{"background-color":"var(--ast-global-color-5)","background-image":"","background-repeat":"repeat","background-position":"center center","background-size":"auto","background-attachment":"scroll","background-type":"","background-media":"","overlay-type":"","overlay-color":"","overlay-opacity":"","overlay-gradient":""},"mobile":{"background-color":"var(--ast-global-color-5)","background-image":"","background-repeat":"repeat","background-position":"center center","background-size":"auto","background-attachment":"scroll","background-type":"","background-media":"","overlay-type":"","overlay-color":"","overlay-opacity":"","overlay-gradient":""}},"footnotes":""},"class_list":["post-2021","page","type-page","status-publish","hentry"],"post_mailing_queue_ids":[],"_links":{"self":[{"href":"https:\/\/agora.xtec.cat\/escolaboragran\/wp-json\/wp\/v2\/pages\/2021","targetHints":{"allow":["GET"]}}],"collection":[{"href":"https:\/\/agora.xtec.cat\/escolaboragran\/wp-json\/wp\/v2\/pages"}],"about":[{"href":"https:\/\/agora.xtec.cat\/escolaboragran\/wp-json\/wp\/v2\/types\/page"}],"author":[{"embeddable":true,"href":"https:\/\/agora.xtec.cat\/escolaboragran\/wp-json\/wp\/v2\/users\/1"}],"replies":[{"embeddable":true,"href":"https:\/\/agora.xtec.cat\/escolaboragran\/wp-json\/wp\/v2\/comments?post=2021"}],"version-history":[{"count":6,"href":"https:\/\/agora.xtec.cat\/escolaboragran\/wp-json\/wp\/v2\/pages\/2021\/revisions"}],"predecessor-version":[{"id":6317,"href":"https:\/\/agora.xtec.cat\/escolaboragran\/wp-json\/wp\/v2\/pages\/2021\/revisions\/6317"}],"up":[{"embeddable":true,"href":"https:\/\/agora.xtec.cat\/escolaboragran\/wp-json\/wp\/v2\/pages\/22"}],"wp:attachment":[{"href":"https:\/\/agora.xtec.cat\/escolaboragran\/wp-json\/wp\/v2\/media?parent=2021"}],"curies":[{"name":"wp","href":"https:\/\/api.w.org\/{rel}","templated":true}]}}