{"id":64,"date":"2014-09-18T12:39:08","date_gmt":"2014-09-18T11:39:08","guid":{"rendered":"http:\/\/agora.xtec.cat\/escolabonavista\/?page_id=64"},"modified":"2025-07-07T08:57:35","modified_gmt":"2025-07-07T06:57:35","slug":"projecte-educatiu","status":"publish","type":"page","link":"https:\/\/agora.xtec.cat\/escolabonavista\/projecte-educatiu\/","title":{"rendered":"Plantejament educatiu"},"content":{"rendered":"<p>En aquesta secci\u00f3 podreu trobar els documents per con\u00e8ixer el plantejament educatiu del nostre centre.<\/p>\n<p>&nbsp;<\/p>\n<table class=\"doctable ui-droppable\" style=\"width: 98.9123%; height: 649px;\" data-folder-id=\"0\">\n<tbody>\n<tr style=\"height: 53px;\" valign=\"bottom\">\n<th class=\"title-cell\" style=\"width: 53.6657%; height: 53px;\" scope=\"column\">T\u00edtol<\/th>\n<th class=\"created-date-cell\" style=\"width: 9.45748%; height: 53px;\" scope=\"column\">Creat<\/th>\n<th class=\"edited-date-cell current-orderby asc\" style=\"width: 9.45748%; height: 53px;\" scope=\"column\">Editat<\/th>\n<\/tr>\n<tr style=\"height: 338px;\" data-doc-id=\"1739\">\n<td class=\"title-cell\" style=\"width: 53.6657%; height: 338px;\"><i class=\"genericon genericon-document\"><\/i><a href=\"https:\/\/agora.xtec.cat\/escolabonavista\/wp-content\/uploads\/usu1811\/2024\/02\/PEC2018-1.pdf\">PEC<\/a><\/p>\n<div class=\"doc-excerpt\">\n<p>Els documents que formen el PEC, redactats i utilitzats de manera conscient i participativa, esdevenen eines eficaces per permetre als centres un exercici responsable de l\u2019autonomia reconeguda en el Decret 102\/2010, de 3 d\u2019agost, d\u2019autonomia dels centres educatius.<\/p>\n<p>El PEC recull la identitat del centre tenint en compte les caracteri\u0301stiques socials i culturals del context escolar, n\u2019explicita els objectius, n\u2019orienta l\u2019activitat i hi do\u0301na sentit amb la finalitat que els alumnes assoleixin les compete\u0300ncies ba\u0300siques i el ma\u0300xim aprofitament educatiu, assegurant la participacio\u0301 de tots els alumnes en els entorns escolars, independentment de llurs condicions i capacitats. M\u00e9s informaci\u00f3 a:\u00a0<a href=\"http:\/\/xtec.gencat.cat\/ca\/centres\/projeducatiu\/\">http:\/\/xtec.gencat.cat\/ca\/centres\/projeducatiu\/<\/a><\/p>\n<\/div>\n<div>PROJECTE EDUCATIU DE CENTRE:\u00a0<a style=\"color: #2795b6;\" href=\"https:\/\/agora.xtec.cat\/escolabonavista\/wp-content\/uploads\/usu1811\/2019\/12\/PEC17-18.pdf\">PEC17-18<\/a><\/div>\n<\/td>\n<td class=\"date-cell created-date-cell\" style=\"width: 9.45748%; height: 338px;\"><\/td>\n<td class=\"date-cell edited-date-cell\" style=\"width: 9.45748%; text-align: center; height: 338px;\">22 de febrer de 2019<\/td>\n<\/tr>\n<tr style=\"height: 144px;\" data-doc-id=\"9799\">\n<td class=\"title-cell\" style=\"width: 53.6657%; height: 144px;\"><i class=\"genericon genericon-document\"><\/i><a href=\"https:\/\/drive.google.com\/file\/d\/1TnqwE5rzim6DyUX4eh6TQRlaFKkValTq\/view?usp=sharing\">NOFC <\/a><\/p>\n<div class=\"doc-excerpt\">\n<p>Correspon al centre educatiu determinar l\u2019estructura organitzativa pr\u00f2pia d\u2019acord amb els objectius i criteris del projecte educatiu de centre. En aquest document hi trobareu les normes d\u2019organitzaci\u00f3 i gesti\u00f3 de l\u2019Escola Bonavista.<\/p>\n<\/div>\n<\/td>\n<td class=\"date-cell created-date-cell\" style=\"width: 9.45748%; height: 144px;\">17 de novembre de 2023<\/td>\n<td class=\"date-cell edited-date-cell\" style=\"width: 9.45748%; height: 144px;\">26 de juny de 2025<\/td>\n<\/tr>\n<tr style=\"height: 114px;\">\n<td style=\"width: 53.6657%; height: 114px;\"><a href=\"https:\/\/agora.xtec.cat\/escolabonavista\/wp-content\/uploads\/usu1811\/2024\/02\/PLC-18-19.pdf\">PROJECTE LING\u00dc\u00cdSTIC (En revisi\u00f3)<\/a><\/p>\n<p>PROJECTE LING\u00dc\u00cdSTIC DE CENTRE: <a href=\"https:\/\/agora.xtec.cat\/escolabonavista\/wp-content\/uploads\/usu1811\/2023\/03\/PLC-18-19.pdf\">PLC-18-19<\/a><\/td>\n<td style=\"width: 9.45748%; height: 114px;\"><\/td>\n<td style=\"width: 9.45748%; height: 114px;\"><\/td>\n<\/tr>\n<\/tbody>\n<\/table>\n<table style=\"border-collapse: collapse; width: 99.0264%;\">\n<tbody>\n<tr>\n<td style=\"width: 73.2134%;\"><a href=\"https:\/\/agora.xtec.cat\/escolabonavista\/wp-content\/uploads\/usu1811\/2025\/03\/PCONV-1.pdf\">PROJECTE DE CONVIV\u00c8NCIA CURS 2024-2027 PCONV <\/a><\/td>\n<td style=\"width: 12.9436%;\">25 de febrer de 2025<\/td>\n<td style=\"width: 12.8693%;\"><\/td>\n<\/tr>\n<tr>\n<td style=\"width: 73.2134%;\"><\/td>\n<td style=\"width: 12.9436%;\"><\/td>\n<td style=\"width: 12.8693%;\"><\/td>\n<\/tr>\n<tr>\n<td style=\"width: 73.2134%;\"><\/td>\n<td style=\"width: 12.9436%;\"><\/td>\n<td style=\"width: 12.8693%;\"><\/td>\n<\/tr>\n<tr>\n<td style=\"width: 73.2134%;\"><\/td>\n<td style=\"width: 12.9436%;\"><\/td>\n<td style=\"width: 12.8693%;\"><\/td>\n<\/tr>\n<\/tbody>\n<\/table>\n<p>&nbsp;<\/p>\n<p>&nbsp;<\/p>\n<p>&nbsp;<\/p>\n<p>&nbsp;<\/p>\n<p>&nbsp;<\/p>\n<p>&nbsp;<\/p>\n","protected":false},"excerpt":{"rendered":"<p>En aquesta secci\u00f3 podreu trobar els documents per con\u00e8ixer el plantejament educatiu del nostre centre. &nbsp; T\u00edtol Creat Editat PEC Els documents que formen el PEC, redactats i utilitzats de manera conscient i participativa, esdevenen eines eficaces per permetre als centres un exercici responsable de l\u2019autonomia reconeguda en el Decret 102\/2010, de 3 d\u2019agost, d\u2019autonomia [&hellip;]<\/p>\n","protected":false},"author":1,"featured_media":0,"parent":0,"menu_order":0,"comment_status":"closed","ping_status":"closed","template":"","meta":{"_bbp_topic_count":0,"_bbp_reply_count":0,"_bbp_total_topic_count":0,"_bbp_total_reply_count":0,"_bbp_voice_count":0,"_bbp_anonymous_reply_count":0,"_bbp_topic_count_hidden":0,"_bbp_reply_count_hidden":0,"_bbp_forum_subforum_count":0,"site-sidebar-layout":"default","site-content-layout":"","ast-site-content-layout":"default","site-content-style":"default","site-sidebar-style":"default","ast-global-header-display":"","ast-banner-title-visibility":"","ast-main-header-display":"","ast-hfb-above-header-display":"","ast-hfb-below-header-display":"","ast-hfb-mobile-header-display":"","site-post-title":"","ast-breadcrumbs-content":"","ast-featured-img":"","footer-sml-layout":"","theme-transparent-header-meta":"default","adv-header-id-meta":"","stick-header-meta":"","header-above-stick-meta":"","header-main-stick-meta":"","header-below-stick-meta":"","astra-migrate-meta-layouts":"set","ast-page-background-enabled":"default","ast-page-background-meta":{"desktop":{"background-color":"var(--ast-global-color-4)","background-image":"","background-repeat":"repeat","background-position":"center center","background-size":"auto","background-attachment":"scroll","background-type":"","background-media":"","overlay-type":"","overlay-color":"","overlay-opacity":"","overlay-gradient":""},"tablet":{"background-color":"","background-image":"","background-repeat":"repeat","background-position":"center center","background-size":"auto","background-attachment":"scroll","background-type":"","background-media":"","overlay-type":"","overlay-color":"","overlay-opacity":"","overlay-gradient":""},"mobile":{"background-color":"","background-image":"","background-repeat":"repeat","background-position":"center center","background-size":"auto","background-attachment":"scroll","background-type":"","background-media":"","overlay-type":"","overlay-color":"","overlay-opacity":"","overlay-gradient":""}},"ast-content-background-meta":{"desktop":{"background-color":"var(--ast-global-color-5)","background-image":"","background-repeat":"repeat","background-position":"center center","background-size":"auto","background-attachment":"scroll","background-type":"","background-media":"","overlay-type":"","overlay-color":"","overlay-opacity":"","overlay-gradient":""},"tablet":{"background-color":"var(--ast-global-color-5)","background-image":"","background-repeat":"repeat","background-position":"center center","background-size":"auto","background-attachment":"scroll","background-type":"","background-media":"","overlay-type":"","overlay-color":"","overlay-opacity":"","overlay-gradient":""},"mobile":{"background-color":"var(--ast-global-color-5)","background-image":"","background-repeat":"repeat","background-position":"center center","background-size":"auto","background-attachment":"scroll","background-type":"","background-media":"","overlay-type":"","overlay-color":"","overlay-opacity":"","overlay-gradient":""}},"footnotes":""},"class_list":["post-64","page","type-page","status-publish","hentry"],"post_mailing_queue_ids":[],"_links":{"self":[{"href":"https:\/\/agora.xtec.cat\/escolabonavista\/wp-json\/wp\/v2\/pages\/64","targetHints":{"allow":["GET"]}}],"collection":[{"href":"https:\/\/agora.xtec.cat\/escolabonavista\/wp-json\/wp\/v2\/pages"}],"about":[{"href":"https:\/\/agora.xtec.cat\/escolabonavista\/wp-json\/wp\/v2\/types\/page"}],"author":[{"embeddable":true,"href":"https:\/\/agora.xtec.cat\/escolabonavista\/wp-json\/wp\/v2\/users\/1"}],"replies":[{"embeddable":true,"href":"https:\/\/agora.xtec.cat\/escolabonavista\/wp-json\/wp\/v2\/comments?post=64"}],"version-history":[{"count":6,"href":"https:\/\/agora.xtec.cat\/escolabonavista\/wp-json\/wp\/v2\/pages\/64\/revisions"}],"predecessor-version":[{"id":18393,"href":"https:\/\/agora.xtec.cat\/escolabonavista\/wp-json\/wp\/v2\/pages\/64\/revisions\/18393"}],"wp:attachment":[{"href":"https:\/\/agora.xtec.cat\/escolabonavista\/wp-json\/wp\/v2\/media?parent=64"}],"curies":[{"name":"wp","href":"https:\/\/api.w.org\/{rel}","templated":true}]}}