{"id":28,"date":"2014-09-18T12:29:35","date_gmt":"2014-09-18T11:29:35","guid":{"rendered":"http:\/\/agora.xtec.cat\/escolabonavista\/?page_id=28"},"modified":"2025-01-29T12:48:36","modified_gmt":"2025-01-29T11:48:36","slug":"consell-escolar","status":"publish","type":"page","link":"https:\/\/agora.xtec.cat\/escolabonavista\/lescola\/consell-escolar\/","title":{"rendered":"Consell escolar"},"content":{"rendered":"<table style=\"width: 410px;\">\n<tbody>\n<tr>\n<td style=\"width: 212px;\">Directora<\/td>\n<td style=\"width: 198px;\"><a href=\"https:\/\/agora.xtec.cat\/escolabonavista\/wp-content\/uploads\/usu1811\/2023\/04\/DOC210423-21042023101835.pdf\">Anna Marca Cort\u00e9s<\/a><\/td>\n<\/tr>\n<tr>\n<td style=\"width: 212px;\">Cap d&#8217;Estudis<\/td>\n<td style=\"width: 198px;\"><a href=\"https:\/\/agora.xtec.cat\/escolabonavista\/wp-content\/uploads\/usu1811\/2023\/04\/DOC210423-21042023102926.pdf\">Rosaura Gonz\u00e1lez<\/a><\/td>\n<\/tr>\n<tr>\n<td style=\"width: 212px;\">Secret\u00e0ria<\/td>\n<td style=\"width: 198px;\">Thais Mart\u00edn Af\u00e1n<\/td>\n<\/tr>\n<tr>\n<td style=\"width: 212px;\" rowspan=\"6\">Representant de pares i mares<\/td>\n<td style=\"width: 198px;\">Bouchra Akrad<\/td>\n<\/tr>\n<tr>\n<td style=\"width: 198px;\">Bahija Assad<\/td>\n<\/tr>\n<tr>\n<td style=\"width: 198px;\">Sheila Ferreres<\/td>\n<\/tr>\n<tr>\n<td style=\"width: 198px;\">Sandra Ruiz<\/td>\n<\/tr>\n<tr>\n<td style=\"width: 198px;\">Ainhoa S\u00e0nchez<\/td>\n<\/tr>\n<tr>\n<td style=\"width: 198px;\">Jessica Trujillo<\/td>\n<\/tr>\n<tr>\n<td style=\"width: 212px; background-color: #fcfcfc;\" rowspan=\"6\">Representant del professorat<\/td>\n<td style=\"width: 198px;\">Gumersindo Ortega Justicia<\/td>\n<\/tr>\n<tr>\n<td style=\"width: 198px;\">Marta Canet<\/td>\n<\/tr>\n<tr>\n<td style=\"width: 198px;\">Pasqual Martin<\/td>\n<\/tr>\n<tr>\n<td style=\"width: 198px;\">Montserrat Veses<\/td>\n<\/tr>\n<tr>\n<td style=\"width: 198px;\">Enrique Saragoss\u00e0<\/td>\n<\/tr>\n<tr>\n<td style=\"width: 198px;\">Irene Mu\u00f1oz Marzo<\/td>\n<\/tr>\n<tr>\n<td style=\"width: 212px;\">Representant del PAS<\/td>\n<td style=\"width: 198px;\">Xavier Valderrama<\/p>\n<p>Iluminada Jim\u00e9nez<\/td>\n<\/tr>\n<tr>\n<td style=\"width: 212px;\">Representant de l&#8217;AFA<\/td>\n<td style=\"width: 198px;\">Lidia Moreno Bujet<\/td>\n<\/tr>\n<tr>\n<td style=\"width: 212px;\">Representant de l&#8217;Ajuntament<\/td>\n<td style=\"width: 198px;\">Eloi Menasanch<\/td>\n<\/tr>\n<\/tbody>\n<\/table>\n<p>&nbsp;<\/p>\n","protected":false},"excerpt":{"rendered":"<p>Directora Anna Marca Cort\u00e9s Cap d&#8217;Estudis Rosaura Gonz\u00e1lez Secret\u00e0ria Thais Mart\u00edn Af\u00e1n Representant de pares i mares Bouchra Akrad Bahija Assad Sheila Ferreres Sandra Ruiz Ainhoa S\u00e0nchez Jessica Trujillo Representant del professorat Gumersindo Ortega Justicia Marta Canet Pasqual Martin Montserrat Veses Enrique Saragoss\u00e0 Irene Mu\u00f1oz Marzo Representant del PAS Xavier Valderrama Iluminada Jim\u00e9nez Representant de [&hellip;]<\/p>\n","protected":false},"author":1,"featured_media":0,"parent":22,"menu_order":30,"comment_status":"closed","ping_status":"closed","template":"page-templates\/side-menu.php","meta":{"_bbp_topic_count":0,"_bbp_reply_count":0,"_bbp_total_topic_count":0,"_bbp_total_reply_count":0,"_bbp_voice_count":0,"_bbp_anonymous_reply_count":0,"_bbp_topic_count_hidden":0,"_bbp_reply_count_hidden":0,"_bbp_forum_subforum_count":0,"site-sidebar-layout":"default","site-content-layout":"","ast-site-content-layout":"","site-content-style":"default","site-sidebar-style":"default","ast-global-header-display":"","ast-banner-title-visibility":"","ast-main-header-display":"","ast-hfb-above-header-display":"","ast-hfb-below-header-display":"","ast-hfb-mobile-header-display":"","site-post-title":"","ast-breadcrumbs-content":"","ast-featured-img":"","footer-sml-layout":"","theme-transparent-header-meta":"","adv-header-id-meta":"","stick-header-meta":"","header-above-stick-meta":"","header-main-stick-meta":"","header-below-stick-meta":"","astra-migrate-meta-layouts":"default","ast-page-background-enabled":"default","ast-page-background-meta":{"desktop":{"background-color":"var(--ast-global-color-4)","background-image":"","background-repeat":"repeat","background-position":"center center","background-size":"auto","background-attachment":"scroll","background-type":"","background-media":"","overlay-type":"","overlay-color":"","overlay-opacity":"","overlay-gradient":""},"tablet":{"background-color":"","background-image":"","background-repeat":"repeat","background-position":"center center","background-size":"auto","background-attachment":"scroll","background-type":"","background-media":"","overlay-type":"","overlay-color":"","overlay-opacity":"","overlay-gradient":""},"mobile":{"background-color":"","background-image":"","background-repeat":"repeat","background-position":"center center","background-size":"auto","background-attachment":"scroll","background-type":"","background-media":"","overlay-type":"","overlay-color":"","overlay-opacity":"","overlay-gradient":""}},"ast-content-background-meta":{"desktop":{"background-color":"var(--ast-global-color-5)","background-image":"","background-repeat":"repeat","background-position":"center center","background-size":"auto","background-attachment":"scroll","background-type":"","background-media":"","overlay-type":"","overlay-color":"","overlay-opacity":"","overlay-gradient":""},"tablet":{"background-color":"var(--ast-global-color-5)","background-image":"","background-repeat":"repeat","background-position":"center center","background-size":"auto","background-attachment":"scroll","background-type":"","background-media":"","overlay-type":"","overlay-color":"","overlay-opacity":"","overlay-gradient":""},"mobile":{"background-color":"var(--ast-global-color-5)","background-image":"","background-repeat":"repeat","background-position":"center center","background-size":"auto","background-attachment":"scroll","background-type":"","background-media":"","overlay-type":"","overlay-color":"","overlay-opacity":"","overlay-gradient":""}},"footnotes":""},"class_list":["post-28","page","type-page","status-publish","hentry"],"post_mailing_queue_ids":[],"_links":{"self":[{"href":"https:\/\/agora.xtec.cat\/escolabonavista\/wp-json\/wp\/v2\/pages\/28","targetHints":{"allow":["GET"]}}],"collection":[{"href":"https:\/\/agora.xtec.cat\/escolabonavista\/wp-json\/wp\/v2\/pages"}],"about":[{"href":"https:\/\/agora.xtec.cat\/escolabonavista\/wp-json\/wp\/v2\/types\/page"}],"author":[{"embeddable":true,"href":"https:\/\/agora.xtec.cat\/escolabonavista\/wp-json\/wp\/v2\/users\/1"}],"replies":[{"embeddable":true,"href":"https:\/\/agora.xtec.cat\/escolabonavista\/wp-json\/wp\/v2\/comments?post=28"}],"version-history":[{"count":5,"href":"https:\/\/agora.xtec.cat\/escolabonavista\/wp-json\/wp\/v2\/pages\/28\/revisions"}],"predecessor-version":[{"id":18205,"href":"https:\/\/agora.xtec.cat\/escolabonavista\/wp-json\/wp\/v2\/pages\/28\/revisions\/18205"}],"up":[{"embeddable":true,"href":"https:\/\/agora.xtec.cat\/escolabonavista\/wp-json\/wp\/v2\/pages\/22"}],"wp:attachment":[{"href":"https:\/\/agora.xtec.cat\/escolabonavista\/wp-json\/wp\/v2\/media?parent=28"}],"curies":[{"name":"wp","href":"https:\/\/api.w.org\/{rel}","templated":true}]}}