{"id":17891,"date":"2023-11-06T13:40:39","date_gmt":"2023-11-06T12:40:39","guid":{"rendered":"https:\/\/agora.xtec.cat\/escolabonavista\/?page_id=17891"},"modified":"2024-04-08T13:41:26","modified_gmt":"2024-04-08T11:41:26","slug":"fotos","status":"publish","type":"page","link":"https:\/\/agora.xtec.cat\/escolabonavista\/fotos\/","title":{"rendered":"FOTOS"},"content":{"rendered":"<p><span style=\"font-family: arial, helvetica, sans-serif;\">En els seg\u00fcents enlla\u00e7os podr\u00e0s accedir a les fotos dels diferents nivells del <strong>curs 23-24<\/strong>.<\/span><\/p>\n<p>&nbsp;<\/p>\n<table style=\"border-collapse: collapse; width: 100%;\">\n<tbody>\n<tr>\n<td style=\"width: 33.3333%;\"><a href=\"https:\/\/agora.xtec.cat\/escolabonavista\/protegit-fotos-i3\/\"><span style=\"font-family: arial, helvetica, sans-serif;\">FOTOS I3<\/span><\/a><\/td>\n<td style=\"width: 33.3333%;\"><a href=\"https:\/\/agora.xtec.cat\/escolabonavista\/protegit-fotos-i4\/\"><span style=\"font-family: arial, helvetica, sans-serif;\">FOTOS I4<\/span><\/a><\/td>\n<td style=\"width: 33.3333%;\"><a href=\"https:\/\/agora.xtec.cat\/escolabonavista\/protegit-fotos-i5\/\"><span style=\"font-family: arial, helvetica, sans-serif;\">FOTOS I5<\/span><\/a><\/td>\n<\/tr>\n<tr>\n<td style=\"width: 33.3333%;\"><a href=\"https:\/\/agora.xtec.cat\/escolabonavista\/fotos-1r\/\"><span style=\"font-family: arial, helvetica, sans-serif;\">FOTOS 1r<\/span><\/a><\/td>\n<td style=\"width: 33.3333%;\"><span style=\"font-family: arial, helvetica, sans-serif;\">FOTOS 2n<\/span><\/td>\n<td style=\"width: 33.3333%;\"><span style=\"font-family: arial, helvetica, sans-serif;\">FOTOS 3r<\/span><\/td>\n<\/tr>\n<tr>\n<td style=\"width: 33.3333%;\"><span style=\"font-family: arial, helvetica, sans-serif;\">FOTOS 4t<\/span><\/td>\n<td style=\"width: 33.3333%;\"><span style=\"font-family: arial, helvetica, sans-serif;\">FOTOS 5\u00e8<\/span><\/td>\n<td style=\"width: 33.3333%;\"><a href=\"https:\/\/agora.xtec.cat\/escolabonavista\/protegit-fotos6e\/\"><span style=\"font-family: arial, helvetica, sans-serif;\">FOTOS 6\u00e8<\/span><\/a><\/td>\n<\/tr>\n<\/tbody>\n<\/table>\n","protected":false},"excerpt":{"rendered":"<p>En els seg\u00fcents enlla\u00e7os podr\u00e0s accedir a les fotos dels diferents nivells del curs 23-24. &nbsp; FOTOS I3 FOTOS I4 FOTOS I5 FOTOS 1r FOTOS 2n FOTOS 3r FOTOS 4t FOTOS 5\u00e8 FOTOS 6\u00e8<\/p>\n","protected":false},"author":1,"featured_media":0,"parent":0,"menu_order":0,"comment_status":"closed","ping_status":"closed","template":"","meta":{"_bbp_topic_count":0,"_bbp_reply_count":0,"_bbp_total_topic_count":0,"_bbp_total_reply_count":0,"_bbp_voice_count":0,"_bbp_anonymous_reply_count":0,"_bbp_topic_count_hidden":0,"_bbp_reply_count_hidden":0,"_bbp_forum_subforum_count":0,"site-sidebar-layout":"default","site-content-layout":"","ast-site-content-layout":"","site-content-style":"default","site-sidebar-style":"default","ast-global-header-display":"","ast-banner-title-visibility":"","ast-main-header-display":"","ast-hfb-above-header-display":"","ast-hfb-below-header-display":"","ast-hfb-mobile-header-display":"","site-post-title":"","ast-breadcrumbs-content":"","ast-featured-img":"","footer-sml-layout":"","theme-transparent-header-meta":"","adv-header-id-meta":"","stick-header-meta":"","header-above-stick-meta":"","header-main-stick-meta":"","header-below-stick-meta":"","astra-migrate-meta-layouts":"default","ast-page-background-enabled":"default","ast-page-background-meta":{"desktop":{"background-color":"var(--ast-global-color-4)","background-image":"","background-repeat":"repeat","background-position":"center center","background-size":"auto","background-attachment":"scroll","background-type":"","background-media":"","overlay-type":"","overlay-color":"","overlay-opacity":"","overlay-gradient":""},"tablet":{"background-color":"","background-image":"","background-repeat":"repeat","background-position":"center center","background-size":"auto","background-attachment":"scroll","background-type":"","background-media":"","overlay-type":"","overlay-color":"","overlay-opacity":"","overlay-gradient":""},"mobile":{"background-color":"","background-image":"","background-repeat":"repeat","background-position":"center center","background-size":"auto","background-attachment":"scroll","background-type":"","background-media":"","overlay-type":"","overlay-color":"","overlay-opacity":"","overlay-gradient":""}},"ast-content-background-meta":{"desktop":{"background-color":"var(--ast-global-color-5)","background-image":"","background-repeat":"repeat","background-position":"center center","background-size":"auto","background-attachment":"scroll","background-type":"","background-media":"","overlay-type":"","overlay-color":"","overlay-opacity":"","overlay-gradient":""},"tablet":{"background-color":"var(--ast-global-color-5)","background-image":"","background-repeat":"repeat","background-position":"center center","background-size":"auto","background-attachment":"scroll","background-type":"","background-media":"","overlay-type":"","overlay-color":"","overlay-opacity":"","overlay-gradient":""},"mobile":{"background-color":"var(--ast-global-color-5)","background-image":"","background-repeat":"repeat","background-position":"center center","background-size":"auto","background-attachment":"scroll","background-type":"","background-media":"","overlay-type":"","overlay-color":"","overlay-opacity":"","overlay-gradient":""}},"footnotes":""},"class_list":["post-17891","page","type-page","status-publish","hentry"],"post_mailing_queue_ids":[],"_links":{"self":[{"href":"https:\/\/agora.xtec.cat\/escolabonavista\/wp-json\/wp\/v2\/pages\/17891","targetHints":{"allow":["GET"]}}],"collection":[{"href":"https:\/\/agora.xtec.cat\/escolabonavista\/wp-json\/wp\/v2\/pages"}],"about":[{"href":"https:\/\/agora.xtec.cat\/escolabonavista\/wp-json\/wp\/v2\/types\/page"}],"author":[{"embeddable":true,"href":"https:\/\/agora.xtec.cat\/escolabonavista\/wp-json\/wp\/v2\/users\/1"}],"replies":[{"embeddable":true,"href":"https:\/\/agora.xtec.cat\/escolabonavista\/wp-json\/wp\/v2\/comments?post=17891"}],"version-history":[{"count":6,"href":"https:\/\/agora.xtec.cat\/escolabonavista\/wp-json\/wp\/v2\/pages\/17891\/revisions"}],"predecessor-version":[{"id":17981,"href":"https:\/\/agora.xtec.cat\/escolabonavista\/wp-json\/wp\/v2\/pages\/17891\/revisions\/17981"}],"wp:attachment":[{"href":"https:\/\/agora.xtec.cat\/escolabonavista\/wp-json\/wp\/v2\/media?parent=17891"}],"curies":[{"name":"wp","href":"https:\/\/api.w.org\/{rel}","templated":true}]}}